{"id":1630,"date":"2026-03-14T23:35:12","date_gmt":"2026-03-14T22:35:12","guid":{"rendered":"https:\/\/craftjw.com\/producto\/iman-de-nevera-de-madera-con-el-texto-del-ano-2026-a-color\/"},"modified":"2026-03-19T07:37:16","modified_gmt":"2026-03-19T06:37:16","slug":"kylskapsmagnet-i-tra-med-aret-2026-i-farg","status":"publish","type":"product","link":"https:\/\/craftjw.com\/sv\/shop\/imanes-de-nevera\/iman-de-nevera-de-madera-con-el-texto-del-ano-2026-a-color\/","title":{"rendered":"Kylsk\u00e5psmagnet i tr\u00e4 med \u00e5ret 2026 i f\u00e4rg"},"content":{"rendered":"<p>Tr\u00e4magneten med ett fullf\u00e4rgstryck av bibelversen f\u00f6r \u00e5r 2026 \u00e4r ett dekorativt f\u00f6rem\u00e5l som kombinerar sk\u00f6nhet, andlighet och hantverksskicklighet. Varje magnet \u00e4r tillverkad av naturligt tr\u00e4 och dekorerad med ett h\u00f6guppl\u00f6st direkttryck som framh\u00e4ver materialets varma, naturliga toner och ger en elegant och h\u00e5llbar finish.<\/p>\n<p>Denna design f\u00f6rmedlar lugn och tro, perfekt f\u00f6r dem som vill ha en inspirerande p\u00e5minnelse synlig i sitt hem eller p\u00e5 sin arbetsplats.<\/p>\n<p><em><strong>\ud83d\udcd6 Bibeltext f\u00f6r \u00e5r 2026:<\/strong><\/em><\/p>\n<p style=\"text-align: center;\">\ud83d\udc49 \u201cSaliga \u00e4r de som \u00e4r fattiga i anden, ty himmelriket \u00e4r deras.\u201d \u2014 Matteus 5:3<\/p>\n<p>Ett positivt budskap som inbjuder till reflektion och ett liv centrerat kring andliga v\u00e4rden.<\/p>\n<p><em><strong>\u2728 En detalj full av mening<\/strong><\/em><\/p>\n<p>Dess praktiska storlek g\u00f6r att den enkelt kan placeras p\u00e5 kylsk\u00e5pet, en metalltavla eller vilken magnetisk yta som helst, och blir en daglig touch av f\u00e4rg och hopp.<br \/>\nVarje produkt \u00e4r noggrant tryckt f\u00f6r att bevara designdetaljerna och erbjuda en unik visuell upplevelse, perfekt f\u00f6r b\u00e5de personligt bruk och som present.<\/p>\n<p><em><strong>\ud83c\udf81 Viktiga funktioner:<\/strong><\/em><\/p>\n<ul>\n<li>\ud83c\udf08 Tryck i fullf\u00e4rg p\u00e5 h\u00f6gkvalitativt naturligt tr\u00e4.<\/li>\n<li>\ud83e\udeb5 Sl\u00e4t yta med en konstn\u00e4rlig och h\u00e5llbar finish.<\/li>\n<li>\ud83d\udcd6 Inneh\u00e5ller bibeltexten f\u00f6r \u00e5r 2026 (Matteus 5:3).<\/li>\n<li>\ud83e\uddf2 Kompakt storlek, perfekt f\u00f6r kylsk\u00e5p eller metallskivor.<\/li>\n<li>\ud83c\udf81 En inspirerande present till syskon, v\u00e4nner eller familj.<\/li>\n<li>\ud83d\udca1 Exklusiv design som f\u00f6renar andlighet och dekoration.<\/li>\n<\/ul>\n<p><em><strong>\ud83d\udccf M\u00e5tt:<\/strong><\/em><\/p>\n<ul>\n<li>Bredd: 6,7 cm<\/li>\n<li>H\u00f6jd: 6,4 cm<\/li>\n<li>Tjocklek: 0,3 cm<\/li>\n<\/ul>\n<p>Denna dekorativa tr\u00e4magnet i fullf\u00e4rgstryck \u00e4r mycket mer \u00e4n bara ett tillbeh\u00f6r: det \u00e4r ett litet handgjort konstverk med ett djupt andligt budskap. En daglig p\u00e5minnelse om \u00e5rets text som fyller vilket utrymme som helst med tro och optimism.<\/p>","protected":false},"excerpt":{"rendered":"<p>Han <strong data-start=\"3\" data-end=\"74\">Tr\u00e4magnet med f\u00e4rgtryck av bibeltexten f\u00f6r \u00e5r 2026<\/strong> Den kombinerar elegans och andlig mening i ett enda stycke. Handgjord av naturligt tr\u00e4 har den ett h\u00f6guppl\u00f6st tryck som framh\u00e4ver f\u00e4rgerna och detaljerna i designen. Dess kompakta storlek g\u00f6r den perfekt f\u00f6r att dekorera kylsk\u00e5pet eller vilken metallyta som helst. En inspirerande p\u00e5minnelse, perfekt som en liten present eller ett minnesm\u00e4rke med ett budskap om tro.<\/p>","protected":false},"featured_media":1629,"template":"","meta":{"_seopress_robots_primary_cat":"none","_seopress_titles_title":"%%post_title%%","_seopress_titles_desc":"Im\u00e1n de madera artesanal con texto b\u00edblico 2026. Un recordatorio espiritual perfecto y decorativo para regalar o inspirar tu d\u00eda a d\u00eda.","_seopress_robots_index":"","site-sidebar-layout":"default","site-content-layout":"","ast-site-content-layout":"default","site-content-style":"default","site-sidebar-style":"default","ast-global-header-display":"","ast-banner-title-visibility":"","ast-main-header-display":"","ast-hfb-above-header-display":"","ast-hfb-below-header-display":"","ast-hfb-mobile-header-display":"","site-post-title":"","ast-breadcrumbs-content":"","ast-featured-img":"","footer-sml-layout":"","ast-disable-related-posts":"","theme-transparent-header-meta":"default","adv-header-id-meta":"","stick-header-meta":"default","header-above-stick-meta":"","header-main-stick-meta":"","header-below-stick-meta":"","astra-migrate-meta-layouts":"set","ast-page-background-enabled":"default","ast-page-background-meta":{"desktop":{"background-color":"var(--ast-global-color-5)","background-image":"","background-repeat":"repeat","background-position":"center center","background-size":"auto","background-attachment":"scroll","background-type":"","background-media":"","overlay-type":"","overlay-color":"","overlay-opacity":"","overlay-gradient":""},"tablet":{"background-color":"","background-image":"","background-repeat":"repeat","background-position":"center center","background-size":"auto","background-attachment":"scroll","background-type":"","background-media":"","overlay-type":"","overlay-color":"","overlay-opacity":"","overlay-gradient":""},"mobile":{"background-color":"","background-image":"","background-repeat":"repeat","background-position":"center center","background-size":"auto","background-attachment":"scroll","background-type":"","background-media":"","overlay-type":"","overlay-color":"","overlay-opacity":"","overlay-gradient":""}},"ast-content-background-meta":{"desktop":{"background-color":"var(--ast-global-color-4)","background-image":"","background-repeat":"repeat","background-position":"center center","background-size":"auto","background-attachment":"scroll","background-type":"","background-media":"","overlay-type":"","overlay-color":"","overlay-opacity":"","overlay-gradient":""},"tablet":{"background-color":"var(--ast-global-color-4)","background-image":"","background-repeat":"repeat","background-position":"center center","background-size":"auto","background-attachment":"scroll","background-type":"","background-media":"","overlay-type":"","overlay-color":"","overlay-opacity":"","overlay-gradient":""},"mobile":{"background-color":"var(--ast-global-color-4)","background-image":"","background-repeat":"repeat","background-position":"center center","background-size":"auto","background-attachment":"scroll","background-type":"","background-media":"","overlay-type":"","overlay-color":"","overlay-opacity":"","overlay-gradient":""}}},"product_brand":[46],"product_cat":[47],"product_tag":[],"class_list":{"0":"post-1630","1":"product","2":"type-product","3":"status-publish","4":"has-post-thumbnail","6":"product_brand-craft-jw","7":"product_cat-imanes-de-nevera","8":"desktop-align-center","9":"tablet-align-left","10":"mobile-align-left","11":"ast-product-gallery-layout-horizontal-slider","12":"ast-product-tabs-layout-horizontal","13":"tm-has-options","15":"first","16":"instock","17":"taxable","18":"shipping-taxable","19":"purchasable","20":"product-type-simple"},"_links":{"self":[{"href":"https:\/\/craftjw.com\/sv\/wp-json\/wp\/v2\/product\/1630","targetHints":{"allow":["GET"]}}],"collection":[{"href":"https:\/\/craftjw.com\/sv\/wp-json\/wp\/v2\/product"}],"about":[{"href":"https:\/\/craftjw.com\/sv\/wp-json\/wp\/v2\/types\/product"}],"version-history":[{"count":0,"href":"https:\/\/craftjw.com\/sv\/wp-json\/wp\/v2\/product\/1630\/revisions"}],"wp:featuredmedia":[{"embeddable":true,"href":"https:\/\/craftjw.com\/sv\/wp-json\/wp\/v2\/media\/1629"}],"wp:attachment":[{"href":"https:\/\/craftjw.com\/sv\/wp-json\/wp\/v2\/media?parent=1630"}],"wp:term":[{"taxonomy":"product_brand","embeddable":true,"href":"https:\/\/craftjw.com\/sv\/wp-json\/wp\/v2\/product_brand?post=1630"},{"taxonomy":"product_cat","embeddable":true,"href":"https:\/\/craftjw.com\/sv\/wp-json\/wp\/v2\/product_cat?post=1630"},{"taxonomy":"product_tag","embeddable":true,"href":"https:\/\/craftjw.com\/sv\/wp-json\/wp\/v2\/product_tag?post=1630"}],"curies":[{"name":"wp","href":"https:\/\/api.w.org\/{rel}","templated":true}]}}