{"id":1624,"date":"2026-03-14T23:35:05","date_gmt":"2026-03-14T22:35:05","guid":{"rendered":"https:\/\/craftjw.com\/producto\/pins-asambleas-internacionales-2026-felices-para-siempre-jw\/"},"modified":"2026-03-19T07:38:23","modified_gmt":"2026-03-19T06:38:23","slug":"pins-internationella-sammankomster-2026-lyckliga-i-alla-sina-dagar-jw","status":"publish","type":"product","link":"https:\/\/craftjw.com\/sv\/shop\/asambleas-internacionales-2026\/pins-asambleas-internacionales-2026-felices-para-siempre-jw\/","title":{"rendered":"Pins f\u00f6r internationella sammankomster 2026 \u201cLyckliga i alla sina dagar\u201d \u2013 JW"},"content":{"rendered":"<p>Fira Jehovas vittnens internationella sammankomster 2026 med dessa vackra tr\u00e4n\u00e5lar! \ud83c\udf0d\u2728<br \/>\nVarje \u00e4r handgjord med engagemang och k\u00e4rlek, utformad f\u00f6r att \u00e5terspegla den gl\u00e4dje och gemenskap som kommer att upplevas vid den 19:e <strong>Internationella sammankomster 2026 \u2013 \u201cLyckliga i alla sina dagar\u201d<\/strong>. De \u00e4r det perfekta minnet f\u00f6r att minnas denna speciella h\u00e4ndelse eller att dela med br\u00f6der och systrar runt om i v\u00e4rlden.<\/p>\n<p>Dessa n\u00e5lar kombinerar v\u00e4rmen hos naturligt tr\u00e4 med ett fullf\u00e4rgstryck av f\u00f6rsamlingens officiella logotyp, vilket skapar ett elegant och h\u00e5llbart f\u00f6rem\u00e5l fullt av andlig betydelse.<\/p>\n<p><strong>Egenskaper:<\/strong><\/p>\n<ul>\n<li>\ud83c\udf3f <strong>Naturmaterial:<\/strong> Tillverkad av milj\u00f6v\u00e4nligt och h\u00e5llbart tr\u00e4, med en sl\u00e4t, h\u00f6gkvalitativ finish<\/li>\n<li>\ud83c\udfa8 <strong>Fullf\u00e4rgstryck:<\/strong> Logotypen &quot;Happily Ever After&quot; ser livfull och full av liv ut, med en h\u00f6g detaljniv\u00e5.<\/li>\n<li>\ud83e\udd32 <strong>Handgjort:<\/strong> Varje f\u00f6rem\u00e5l \u00e4r handgjort, vilket g\u00f6r det till en unik och speciell souvenir.<\/li>\n<li>\ud83d\udccf <strong>Bekv\u00e4m storlek:<\/strong> Perfekt att b\u00e4ra i kl\u00e4derna, i en ryggs\u00e4ck eller i en halsduk utan att vara tung.<\/li>\n<li>\ud83d\udd12 <strong>S\u00e4ker st\u00e4ngning:<\/strong> De har ett s\u00e4kert metallsp\u00e4nne s\u00e5 att du kan anv\u00e4nda dem med fullst\u00e4ndigt f\u00f6rtroende.<\/li>\n<li>\ud83c\udf81 <strong>En g\u00e5va med mening:<\/strong> Perfekt att ge till v\u00e4nner och br\u00f6der under sammankomster, som en symbol f\u00f6r enhet och andlig gl\u00e4dje<\/li>\n<\/ul>\n<p>B\u00e4r med dig ett minne fyllt av tro och gl\u00e4dje fr\u00e5n 2026 \u00e5rs internationella sammankomster &quot;Lyckliga i alla sina dagar&quot;, och v\u00e5rda alltid k\u00e4nslorna av dessa of\u00f6rgl\u00f6mliga dagar i ditt hj\u00e4rta. \ud83d\udc9b<\/p>","protected":false},"excerpt":{"rendered":"<p>Fira de internationella sammankomsterna 2026\u201c<strong>Lyckligtvis i alla sina dagar<\/strong>\u201d&quot;Med dessa vackra handgjorda n\u00e5lar. Var och en har den officiella logotypen tryckt i fullf\u00e4rg, vilket symboliserar gl\u00e4dje och andlig enhet. Ett speciellt och meningsfullt minne att dela bland br\u00f6der och systrar runt om i v\u00e4rlden.&quot;.<\/p>","protected":false},"featured_media":1623,"template":"","meta":{"_seopress_robots_primary_cat":"none","_seopress_titles_title":"Pins Asambleas Internacionales 2026 \"Felices para siempre\" - JW","_seopress_titles_desc":"Descubre nuestros pins artesanales para las Asambleas Internacionales 2026 \"Felices para siempre\". Con logo a todo color y cierre seguro. \u00a1El regalo perfecto!","_seopress_robots_index":"","site-sidebar-layout":"default","site-content-layout":"","ast-site-content-layout":"default","site-content-style":"default","site-sidebar-style":"default","ast-global-header-display":"","ast-banner-title-visibility":"","ast-main-header-display":"","ast-hfb-above-header-display":"","ast-hfb-below-header-display":"","ast-hfb-mobile-header-display":"","site-post-title":"","ast-breadcrumbs-content":"","ast-featured-img":"","footer-sml-layout":"","ast-disable-related-posts":"","theme-transparent-header-meta":"default","adv-header-id-meta":"","stick-header-meta":"default","header-above-stick-meta":"","header-main-stick-meta":"","header-below-stick-meta":"","astra-migrate-meta-layouts":"set","ast-page-background-enabled":"default","ast-page-background-meta":{"desktop":{"background-color":"var(--ast-global-color-5)","background-image":"","background-repeat":"repeat","background-position":"center center","background-size":"auto","background-attachment":"scroll","background-type":"","background-media":"","overlay-type":"","overlay-color":"","overlay-opacity":"","overlay-gradient":""},"tablet":{"background-color":"","background-image":"","background-repeat":"repeat","background-position":"center center","background-size":"auto","background-attachment":"scroll","background-type":"","background-media":"","overlay-type":"","overlay-color":"","overlay-opacity":"","overlay-gradient":""},"mobile":{"background-color":"","background-image":"","background-repeat":"repeat","background-position":"center center","background-size":"auto","background-attachment":"scroll","background-type":"","background-media":"","overlay-type":"","overlay-color":"","overlay-opacity":"","overlay-gradient":""}},"ast-content-background-meta":{"desktop":{"background-color":"var(--ast-global-color-4)","background-image":"","background-repeat":"repeat","background-position":"center center","background-size":"auto","background-attachment":"scroll","background-type":"","background-media":"","overlay-type":"","overlay-color":"","overlay-opacity":"","overlay-gradient":""},"tablet":{"background-color":"var(--ast-global-color-4)","background-image":"","background-repeat":"repeat","background-position":"center center","background-size":"auto","background-attachment":"scroll","background-type":"","background-media":"","overlay-type":"","overlay-color":"","overlay-opacity":"","overlay-gradient":""},"mobile":{"background-color":"var(--ast-global-color-4)","background-image":"","background-repeat":"repeat","background-position":"center center","background-size":"auto","background-attachment":"scroll","background-type":"","background-media":"","overlay-type":"","overlay-color":"","overlay-opacity":"","overlay-gradient":""}}},"product_brand":[46],"product_cat":[48,45],"product_tag":[],"class_list":{"0":"post-1624","1":"product","2":"type-product","3":"status-publish","4":"has-post-thumbnail","6":"product_brand-craft-jw","7":"product_cat-asambleas-internacionales-2026","8":"product_cat-llaveros","9":"desktop-align-center","10":"tablet-align-left","11":"mobile-align-left","12":"ast-product-gallery-layout-horizontal-slider","13":"ast-product-tabs-layout-horizontal","14":"tm-has-options","16":"first","17":"instock","18":"taxable","19":"shipping-taxable","20":"purchasable","21":"product-type-simple"},"_links":{"self":[{"href":"https:\/\/craftjw.com\/sv\/wp-json\/wp\/v2\/product\/1624","targetHints":{"allow":["GET"]}}],"collection":[{"href":"https:\/\/craftjw.com\/sv\/wp-json\/wp\/v2\/product"}],"about":[{"href":"https:\/\/craftjw.com\/sv\/wp-json\/wp\/v2\/types\/product"}],"version-history":[{"count":0,"href":"https:\/\/craftjw.com\/sv\/wp-json\/wp\/v2\/product\/1624\/revisions"}],"wp:featuredmedia":[{"embeddable":true,"href":"https:\/\/craftjw.com\/sv\/wp-json\/wp\/v2\/media\/1623"}],"wp:attachment":[{"href":"https:\/\/craftjw.com\/sv\/wp-json\/wp\/v2\/media?parent=1624"}],"wp:term":[{"taxonomy":"product_brand","embeddable":true,"href":"https:\/\/craftjw.com\/sv\/wp-json\/wp\/v2\/product_brand?post=1624"},{"taxonomy":"product_cat","embeddable":true,"href":"https:\/\/craftjw.com\/sv\/wp-json\/wp\/v2\/product_cat?post=1624"},{"taxonomy":"product_tag","embeddable":true,"href":"https:\/\/craftjw.com\/sv\/wp-json\/wp\/v2\/product_tag?post=1624"}],"curies":[{"name":"wp","href":"https:\/\/api.w.org\/{rel}","templated":true}]}}