{"id":1617,"date":"2026-03-14T23:34:42","date_gmt":"2026-03-14T22:34:42","guid":{"rendered":"https:\/\/craftjw.com\/producto\/iman-de-nevera-de-madera-con-el-texto-del-ano-2026-jw\/"},"modified":"2026-03-19T07:40:34","modified_gmt":"2026-03-19T06:40:34","slug":"kylmagnet-i-tra-med-texten-2026-jw","status":"publish","type":"product","link":"https:\/\/craftjw.com\/sv\/shop\/imanes-de-nevera\/iman-de-nevera-de-madera-con-el-texto-del-ano-2026-jw\/","title":{"rendered":"Kylmagnet i tr\u00e4 med texten &quot;2026 JW&quot;"},"content":{"rendered":"<p>Han <strong>Kylsk\u00e5psmagnet i tr\u00e4 med bibeltext f\u00f6r \u00e5r 2026<\/strong> Det \u00e4r ett dekorativt tillbeh\u00f6r med djupt andligt v\u00e4rde. Handgjort med engagemang och precision kombinerar det v\u00e4rmen hos naturligt tr\u00e4 med en mycket detaljerad lasergravyr som garanterar elegans och h\u00e5llbarhet.<\/p>\n<p>Med dimensioner av <strong>6,7 cm x 6,4 cm x 0,3 cm<\/strong>, Denna magnet har den perfekta storleken att placera p\u00e5 kylsk\u00e5pet, en metalltavla eller n\u00e5gon annan magnetisk yta i ditt hem, och blir en inspirerande p\u00e5minnelse som du kommer att se varje dag.<\/p>\n<p>Huvudelementet i denna design \u00e4r texten f\u00f6r \u00e5r 2026:<\/p>\n<p>\ud83d\udc49 \u201cSaliga \u00e4r de som \u00e4r fattiga i anden, ty himmelriket \u00e4r deras.\u201d (Matteus 5:3).<\/p>\n<p>Ett budskap som st\u00e4rker tron och p\u00e5minner oss om vikten av att s\u00e4tta v\u00e5ra andliga behov f\u00f6rst.<\/p>\n<p>Denna magnet \u00e4r inte bara en personlig touch, den \u00e4r ocks\u00e5 en <strong>En perfekt present till br\u00f6der och systrar i f\u00f6rsamlingen, regulj\u00e4ra pionj\u00e4rer, v\u00e4nner eller familjemedlemmar<\/strong> De kommer att uppskatta en praktisk och dekorativ andlig p\u00e5minnelse. Dess handgjorda finish g\u00f6r den till ett unikt och meningsfullt f\u00f6rem\u00e5l som alltid kommer att v\u00e4rderas.<\/p>\n<p><strong>\ud83c\udf81 Viktiga funktioner:<\/strong><\/p>\n<ul>\n<li>\u2728 Tillverkad av h\u00f6gkvalitativt naturligt tr\u00e4.<\/li>\n<li>\ud83e\udeb5 Lasergraverad, med eleganta och exakta ytor.<\/li>\n<li>\ud83d\udcd6 Inkluderar bibeltexten f\u00f6r \u00e5r 2026 (Matteus 5:3).<\/li>\n<li>\ud83e\uddf2 Kompakt och praktisk storlek f\u00f6r kylsk\u00e5p eller andra magnetiska ytor.<\/li>\n<li>\ud83c\udf81 Perfekt som en andlig g\u00e5va till f\u00f6rsamlingen eller n\u00e4ra och k\u00e4ra.<\/li>\n<\/ul>\n<p>Han <strong>tr\u00e4magnet med texten 2026<\/strong> Den kombinerar funktionalitet, sk\u00f6nhet och andlighet i ett enda stycke. Ett enkelt men \u00e4nd\u00e5 v\u00e4ldigt speciellt s\u00e4tt att alltid h\u00e5lla denna motiverande bibliska tanke n\u00e4rvarande.<\/p>\n<p><strong>\ud83d\udccf M\u00e5tt:<\/strong><\/p>\n<ul>\n<li>Bredd: 6,7 cm<\/li>\n<li>H\u00f6jd: 6,4 cm<\/li>\n<li>Tjocklek: 0,3 cm<\/li>\n<\/ul>","protected":false},"excerpt":{"rendered":"<p>Han <strong>tr\u00e4magnet med texten \u00e5r 2026<\/strong> Den lasergraverade versionen inneh\u00e5ller den bibliska texten: \u201cSaliga \u00e4r de som \u00e4r fattiga i anden, ty himmelriket \u00e4r deras.\u201d (Matteus 5:3).<br \/>\nEn unik andlig p\u00e5minnelse, perfekt f\u00f6r kylsk\u00e5p och magnetiska ytor.<br \/>\nHandgjord av kvalitetstr\u00e4 \u00e4r det ocks\u00e5 en speciell g\u00e5va f\u00f6r br\u00f6der och v\u00e4nner i f\u00f6rsamlingen.<\/p>","protected":false},"featured_media":1616,"template":"","meta":{"_seopress_robots_primary_cat":"none","_seopress_titles_title":"%%post_title%%","_seopress_titles_desc":"Im\u00e1n de madera artesanal con texto b\u00edblico 2026. Un recordatorio espiritual perfecto y decorativo para regalar o inspirar tu d\u00eda a d\u00eda.","_seopress_robots_index":"","site-sidebar-layout":"default","site-content-layout":"","ast-site-content-layout":"default","site-content-style":"default","site-sidebar-style":"default","ast-global-header-display":"","ast-banner-title-visibility":"","ast-main-header-display":"","ast-hfb-above-header-display":"","ast-hfb-below-header-display":"","ast-hfb-mobile-header-display":"","site-post-title":"","ast-breadcrumbs-content":"","ast-featured-img":"","footer-sml-layout":"","ast-disable-related-posts":"","theme-transparent-header-meta":"default","adv-header-id-meta":"","stick-header-meta":"default","header-above-stick-meta":"","header-main-stick-meta":"","header-below-stick-meta":"","astra-migrate-meta-layouts":"set","ast-page-background-enabled":"default","ast-page-background-meta":{"desktop":{"background-color":"var(--ast-global-color-5)","background-image":"","background-repeat":"repeat","background-position":"center center","background-size":"auto","background-attachment":"scroll","background-type":"","background-media":"","overlay-type":"","overlay-color":"","overlay-opacity":"","overlay-gradient":""},"tablet":{"background-color":"","background-image":"","background-repeat":"repeat","background-position":"center center","background-size":"auto","background-attachment":"scroll","background-type":"","background-media":"","overlay-type":"","overlay-color":"","overlay-opacity":"","overlay-gradient":""},"mobile":{"background-color":"","background-image":"","background-repeat":"repeat","background-position":"center center","background-size":"auto","background-attachment":"scroll","background-type":"","background-media":"","overlay-type":"","overlay-color":"","overlay-opacity":"","overlay-gradient":""}},"ast-content-background-meta":{"desktop":{"background-color":"var(--ast-global-color-4)","background-image":"","background-repeat":"repeat","background-position":"center center","background-size":"auto","background-attachment":"scroll","background-type":"","background-media":"","overlay-type":"","overlay-color":"","overlay-opacity":"","overlay-gradient":""},"tablet":{"background-color":"var(--ast-global-color-4)","background-image":"","background-repeat":"repeat","background-position":"center center","background-size":"auto","background-attachment":"scroll","background-type":"","background-media":"","overlay-type":"","overlay-color":"","overlay-opacity":"","overlay-gradient":""},"mobile":{"background-color":"var(--ast-global-color-4)","background-image":"","background-repeat":"repeat","background-position":"center center","background-size":"auto","background-attachment":"scroll","background-type":"","background-media":"","overlay-type":"","overlay-color":"","overlay-opacity":"","overlay-gradient":""}}},"product_brand":[46],"product_cat":[47],"product_tag":[],"class_list":{"0":"post-1617","1":"product","2":"type-product","3":"status-publish","4":"has-post-thumbnail","6":"product_brand-craft-jw","7":"product_cat-imanes-de-nevera","8":"desktop-align-center","9":"tablet-align-left","10":"mobile-align-left","11":"ast-product-gallery-layout-horizontal-slider","12":"ast-product-tabs-layout-horizontal","13":"tm-has-options","15":"first","16":"instock","17":"taxable","18":"shipping-taxable","19":"purchasable","20":"product-type-simple"},"_links":{"self":[{"href":"https:\/\/craftjw.com\/sv\/wp-json\/wp\/v2\/product\/1617","targetHints":{"allow":["GET"]}}],"collection":[{"href":"https:\/\/craftjw.com\/sv\/wp-json\/wp\/v2\/product"}],"about":[{"href":"https:\/\/craftjw.com\/sv\/wp-json\/wp\/v2\/types\/product"}],"version-history":[{"count":0,"href":"https:\/\/craftjw.com\/sv\/wp-json\/wp\/v2\/product\/1617\/revisions"}],"wp:featuredmedia":[{"embeddable":true,"href":"https:\/\/craftjw.com\/sv\/wp-json\/wp\/v2\/media\/1616"}],"wp:attachment":[{"href":"https:\/\/craftjw.com\/sv\/wp-json\/wp\/v2\/media?parent=1617"}],"wp:term":[{"taxonomy":"product_brand","embeddable":true,"href":"https:\/\/craftjw.com\/sv\/wp-json\/wp\/v2\/product_brand?post=1617"},{"taxonomy":"product_cat","embeddable":true,"href":"https:\/\/craftjw.com\/sv\/wp-json\/wp\/v2\/product_cat?post=1617"},{"taxonomy":"product_tag","embeddable":true,"href":"https:\/\/craftjw.com\/sv\/wp-json\/wp\/v2\/product_tag?post=1617"}],"curies":[{"name":"wp","href":"https:\/\/api.w.org\/{rel}","templated":true}]}}