{"id":1607,"date":"2026-03-14T23:34:05","date_gmt":"2026-03-14T22:34:05","guid":{"rendered":"https:\/\/craftjw.com\/producto\/porta-tarjetas-de-contacto-jw-personalizable-con-llavero\/"},"modified":"2026-03-19T07:41:54","modified_gmt":"2026-03-19T06:41:54","slug":"anpassningsbar-jw-kontaktkortshallare-med-nyckelring","status":"publish","type":"product","link":"https:\/\/craftjw.com\/sv\/shop\/llaveros\/porta-tarjetas-de-contacto-jw-personalizable-con-llavero\/","title":{"rendered":"Anpassningsbar JW-kontaktkortsh\u00e5llare med nyckelring"},"content":{"rendered":"<p>Denna JW-nyckelring med visitkort \u00e4r utformad f\u00f6r att h\u00e5lla dina visitkort n\u00e4ra till hands, organiserade och snygga. Dess kompakta storlek g\u00f6r den till ett perfekt tillbeh\u00f6r f\u00f6r tj\u00e4nst, m\u00f6ten och som present till medtroende, pionj\u00e4rer, deltagare i pionj\u00e4rskolor, speciella sammankomster eller internationella sammankomster.<\/p>\n<p>Tillverkad av h\u00f6gkvalitativt veganskt syntetiskt l\u00e4der kombinerar den h\u00e5llbarhet och elegans. Du kan ocks\u00e5 anpassa den med ditt namn, ett speciellt meddelande eller v\u00e4lja bland olika f\u00f6rdesignade alternativ. Ett av de mest popul\u00e4ra valen \u00e4r gravyren med frasen &quot;Det finns inget b\u00e4ttre liv&quot;, vilket g\u00f6r den till en unik och meningsfull present.<\/p>\n<p><strong>Huvudfunktioner<\/strong><\/p>\n<ul>\n<li>Tv\u00e5 inv\u00e4ndiga fack f\u00f6r JW-kontaktkort<\/li>\n<li>Slitstark nyckelring i metall att alltid ha med sig<\/li>\n<li>Finns i olika f\u00e4rger (nyanserna kan variera beroende p\u00e5 ljus och sk\u00e4rm)<\/li>\n<li>Anpassningsalternativ med text eller f\u00f6rdesignade layouter<\/li>\n<li>Ungef\u00e4rlig storlek: 11 cm bred x 8 cm h\u00f6g.<\/li>\n<li>Material: Premium veganskt syntetiskt l\u00e4der.<\/li>\n<\/ul>\n<p>Denna korth\u00e5llare med nyckelring \u00e4r mer \u00e4n bara ett tillbeh\u00f6r; det \u00e4r ett praktiskt och elegant s\u00e4tt att h\u00e5lla dina JW-kontaktkort n\u00e4ra till hands och en perfekt present f\u00f6r alla speciella tillf\u00e4llen i f\u00f6rsamlingen.<\/p>","protected":false},"excerpt":{"rendered":"<p>JW-korth\u00e5llare med nyckelring, tillverkad av h\u00f6gkvalitativt veganskt l\u00e4der. Kompakt, h\u00e5llbar och anpassningsbar, perfekt f\u00f6r vardagsbruk eller som present.<\/p>","protected":false},"featured_media":1606,"template":"","meta":{"_seopress_robots_primary_cat":"none","_seopress_titles_title":"Llavero Porta Tarjetas de contacto JW: Elegancia y Funcionalidad","_seopress_titles_desc":"Porta tarjetas de contacto JW con llavero en piel vegana. Compacto, resistente y personalizable. Ideal para regalar o llevar en el ministerio.","_seopress_robots_index":"","site-sidebar-layout":"default","site-content-layout":"","ast-site-content-layout":"default","site-content-style":"default","site-sidebar-style":"default","ast-global-header-display":"","ast-banner-title-visibility":"","ast-main-header-display":"","ast-hfb-above-header-display":"","ast-hfb-below-header-display":"","ast-hfb-mobile-header-display":"","site-post-title":"","ast-breadcrumbs-content":"","ast-featured-img":"","footer-sml-layout":"","ast-disable-related-posts":"","theme-transparent-header-meta":"default","adv-header-id-meta":"","stick-header-meta":"default","header-above-stick-meta":"","header-main-stick-meta":"","header-below-stick-meta":"","astra-migrate-meta-layouts":"set","ast-page-background-enabled":"default","ast-page-background-meta":{"desktop":{"background-color":"var(--ast-global-color-5)","background-image":"","background-repeat":"repeat","background-position":"center center","background-size":"auto","background-attachment":"scroll","background-type":"","background-media":"","overlay-type":"","overlay-color":"","overlay-opacity":"","overlay-gradient":""},"tablet":{"background-color":"","background-image":"","background-repeat":"repeat","background-position":"center center","background-size":"auto","background-attachment":"scroll","background-type":"","background-media":"","overlay-type":"","overlay-color":"","overlay-opacity":"","overlay-gradient":""},"mobile":{"background-color":"","background-image":"","background-repeat":"repeat","background-position":"center center","background-size":"auto","background-attachment":"scroll","background-type":"","background-media":"","overlay-type":"","overlay-color":"","overlay-opacity":"","overlay-gradient":""}},"ast-content-background-meta":{"desktop":{"background-color":"var(--ast-global-color-4)","background-image":"","background-repeat":"repeat","background-position":"center center","background-size":"auto","background-attachment":"scroll","background-type":"","background-media":"","overlay-type":"","overlay-color":"","overlay-opacity":"","overlay-gradient":""},"tablet":{"background-color":"var(--ast-global-color-4)","background-image":"","background-repeat":"repeat","background-position":"center center","background-size":"auto","background-attachment":"scroll","background-type":"","background-media":"","overlay-type":"","overlay-color":"","overlay-opacity":"","overlay-gradient":""},"mobile":{"background-color":"var(--ast-global-color-4)","background-image":"","background-repeat":"repeat","background-position":"center center","background-size":"auto","background-attachment":"scroll","background-type":"","background-media":"","overlay-type":"","overlay-color":"","overlay-opacity":"","overlay-gradient":""}}},"product_brand":[46],"product_cat":[45,44],"product_tag":[],"class_list":{"0":"post-1607","1":"product","2":"type-product","3":"status-publish","4":"has-post-thumbnail","6":"product_brand-craft-jw","7":"product_cat-llaveros","8":"product_cat-portatarjetas","9":"desktop-align-center","10":"tablet-align-left","11":"mobile-align-left","12":"ast-product-gallery-layout-horizontal-slider","13":"ast-product-tabs-layout-horizontal","14":"tm-has-options","16":"first","17":"instock","18":"taxable","19":"shipping-taxable","20":"purchasable","21":"product-type-simple"},"_links":{"self":[{"href":"https:\/\/craftjw.com\/sv\/wp-json\/wp\/v2\/product\/1607","targetHints":{"allow":["GET"]}}],"collection":[{"href":"https:\/\/craftjw.com\/sv\/wp-json\/wp\/v2\/product"}],"about":[{"href":"https:\/\/craftjw.com\/sv\/wp-json\/wp\/v2\/types\/product"}],"version-history":[{"count":0,"href":"https:\/\/craftjw.com\/sv\/wp-json\/wp\/v2\/product\/1607\/revisions"}],"wp:featuredmedia":[{"embeddable":true,"href":"https:\/\/craftjw.com\/sv\/wp-json\/wp\/v2\/media\/1606"}],"wp:attachment":[{"href":"https:\/\/craftjw.com\/sv\/wp-json\/wp\/v2\/media?parent=1607"}],"wp:term":[{"taxonomy":"product_brand","embeddable":true,"href":"https:\/\/craftjw.com\/sv\/wp-json\/wp\/v2\/product_brand?post=1607"},{"taxonomy":"product_cat","embeddable":true,"href":"https:\/\/craftjw.com\/sv\/wp-json\/wp\/v2\/product_cat?post=1607"},{"taxonomy":"product_tag","embeddable":true,"href":"https:\/\/craftjw.com\/sv\/wp-json\/wp\/v2\/product_tag?post=1607"}],"curies":[{"name":"wp","href":"https:\/\/api.w.org\/{rel}","templated":true}]}}