{"id":1598,"date":"2026-03-14T23:33:56","date_gmt":"2026-03-14T22:33:56","guid":{"rendered":"https:\/\/craftjw.com\/producto\/llavero-de-madera-personalizado-en-forma-de-pieza-de-puzzle-eres-una-pieza-importante-de-la-congregacion\/"},"modified":"2026-04-02T10:41:20","modified_gmt":"2026-04-02T08:41:20","slug":"personlig-tranyckelring-i-form-av-en-pusselbit-du-ar-en-viktig-del-av-forsamlingen","status":"publish","type":"product","link":"https:\/\/craftjw.com\/sv\/shop\/llaveros\/llavero-de-madera-personalizado-en-forma-de-pieza-de-puzzle-eres-una-pieza-importante-de-la-congregacion\/","title":{"rendered":"Personlig tr\u00e4nyckelring med pusselbitar \u2013 \u201cDu \u00e4r en viktig del av f\u00f6rsamlingen\u201d"},"content":{"rendered":"<p>Visa din uppskattning och tillgivenhet med denna vackra laserskurna, graverade tr\u00e4nyckelring i form av en pusselbit. Budskapet &quot;Du \u00e4r en viktig del av f\u00f6rsamlingen&quot; belyser v\u00e4rdet och vikten av varje person i detta stora br\u00f6draskap.<\/p>\n<p><strong>Viktiga funktioner:<\/strong><br \/>\n\u2714 <strong>Meningsfull design:<\/strong> Dess pusselbitsform symboliserar enighet och \u00f6msesidigt st\u00f6d. Perfekt som present till pionj\u00e4rer, \u00e4ldste, f\u00f6rkunnare, v\u00e4nner eller n\u00e5gon annan broder eller syster i f\u00f6rsamlingen.<br \/>\n\u2714 <strong>Total anpassning:<\/strong> Anpassa b\u00e5de fram- och baksidan med namn, datum eller speciella meddelanden f\u00f6r att g\u00f6ra det unikt.<br \/>\n\u2714 <strong>\u00d6verl\u00e4gsen kvalitet:<\/strong> Tillverkad av h\u00f6gkvalitativt tr\u00e4, med exakt gravyr och en naturlig finish.<br \/>\n\u2714 <strong>Alternativ f\u00f6r par:<\/strong> Perfekt f\u00f6r br\u00f6llop eller speciella v\u00e4nner, f\u00f6r att skapa set med delar som passar ihop.<\/p>\n<p><strong>En g\u00e5va med mening och v\u00e4rde<\/strong><br \/>\n\u00d6verraska dina n\u00e4ra och k\u00e4ra med en g\u00e5va full av symbolik och uppskattning. Denna nyckelring \u00e4r mer \u00e4n bara ett tillbeh\u00f6r: den \u00e4r en st\u00e4ndig p\u00e5minnelse om det v\u00e4rde varje person tillf\u00f6r ditt liv.<\/p>\n<p><strong>Anpassa den nu och skapa ett of\u00f6rgl\u00f6mligt minne. Best\u00e4ll din idag!<\/strong><\/p>","protected":false},"excerpt":{"rendered":"<p>Denna laserskurna, graverade tr\u00e4nyckelring med pusselbitar symboliserar enighet och individuellt v\u00e4rde inom en andlig gemenskap. Personifiera den p\u00e5 b\u00e5da sidor med namn, datum eller speciella meddelanden. Dess unika design g\u00f6r den idealisk att ge bort till pionj\u00e4rer, \u00e4ldste, br\u00f6der och systrar samt gifta par, och skapa bitar som passar perfekt ihop. Tillverkad av h\u00f6gkvalitativt tr\u00e4, har den exakt gravyr och en naturlig finish. Det \u00e4r en meningsfull g\u00e5va som uttrycker uppskattning och skapar best\u00e5ende minnen.<\/p>","protected":false},"featured_media":1597,"template":"","meta":{"_seopress_robots_primary_cat":"none","_seopress_titles_title":"","_seopress_titles_desc":"Llavero puzzle de madera grabado. Regalo ideal para los hermanos de la congregaci\u00f3n. Personal\u00edzalo y crea un recuerdo inolvidable.","_seopress_robots_index":"","site-sidebar-layout":"default","site-content-layout":"","ast-site-content-layout":"default","site-content-style":"default","site-sidebar-style":"default","ast-global-header-display":"","ast-banner-title-visibility":"","ast-main-header-display":"","ast-hfb-above-header-display":"","ast-hfb-below-header-display":"","ast-hfb-mobile-header-display":"","site-post-title":"","ast-breadcrumbs-content":"","ast-featured-img":"","footer-sml-layout":"","ast-disable-related-posts":"","theme-transparent-header-meta":"default","adv-header-id-meta":"","stick-header-meta":"default","header-above-stick-meta":"","header-main-stick-meta":"","header-below-stick-meta":"","astra-migrate-meta-layouts":"set","ast-page-background-enabled":"default","ast-page-background-meta":{"desktop":{"background-color":"var(--ast-global-color-5)","background-image":"","background-repeat":"repeat","background-position":"center center","background-size":"auto","background-attachment":"scroll","background-type":"","background-media":"","overlay-type":"","overlay-color":"","overlay-opacity":"","overlay-gradient":""},"tablet":{"background-color":"","background-image":"","background-repeat":"repeat","background-position":"center center","background-size":"auto","background-attachment":"scroll","background-type":"","background-media":"","overlay-type":"","overlay-color":"","overlay-opacity":"","overlay-gradient":""},"mobile":{"background-color":"","background-image":"","background-repeat":"repeat","background-position":"center center","background-size":"auto","background-attachment":"scroll","background-type":"","background-media":"","overlay-type":"","overlay-color":"","overlay-opacity":"","overlay-gradient":""}},"ast-content-background-meta":{"desktop":{"background-color":"var(--ast-global-color-4)","background-image":"","background-repeat":"repeat","background-position":"center center","background-size":"auto","background-attachment":"scroll","background-type":"","background-media":"","overlay-type":"","overlay-color":"","overlay-opacity":"","overlay-gradient":""},"tablet":{"background-color":"var(--ast-global-color-4)","background-image":"","background-repeat":"repeat","background-position":"center center","background-size":"auto","background-attachment":"scroll","background-type":"","background-media":"","overlay-type":"","overlay-color":"","overlay-opacity":"","overlay-gradient":""},"mobile":{"background-color":"var(--ast-global-color-4)","background-image":"","background-repeat":"repeat","background-position":"center center","background-size":"auto","background-attachment":"scroll","background-type":"","background-media":"","overlay-type":"","overlay-color":"","overlay-opacity":"","overlay-gradient":""}}},"product_brand":[],"product_cat":[45],"product_tag":[],"class_list":{"0":"post-1598","1":"product","2":"type-product","3":"status-publish","4":"has-post-thumbnail","6":"product_cat-llaveros","7":"desktop-align-center","8":"tablet-align-left","9":"mobile-align-left","10":"ast-product-gallery-layout-horizontal-slider","11":"ast-product-tabs-layout-horizontal","12":"tm-has-options","14":"first","15":"instock","16":"taxable","17":"shipping-taxable","18":"purchasable","19":"product-type-simple"},"_links":{"self":[{"href":"https:\/\/craftjw.com\/sv\/wp-json\/wp\/v2\/product\/1598","targetHints":{"allow":["GET"]}}],"collection":[{"href":"https:\/\/craftjw.com\/sv\/wp-json\/wp\/v2\/product"}],"about":[{"href":"https:\/\/craftjw.com\/sv\/wp-json\/wp\/v2\/types\/product"}],"version-history":[{"count":1,"href":"https:\/\/craftjw.com\/sv\/wp-json\/wp\/v2\/product\/1598\/revisions"}],"predecessor-version":[{"id":53085,"href":"https:\/\/craftjw.com\/sv\/wp-json\/wp\/v2\/product\/1598\/revisions\/53085"}],"wp:featuredmedia":[{"embeddable":true,"href":"https:\/\/craftjw.com\/sv\/wp-json\/wp\/v2\/media\/1597"}],"wp:attachment":[{"href":"https:\/\/craftjw.com\/sv\/wp-json\/wp\/v2\/media?parent=1598"}],"wp:term":[{"taxonomy":"product_brand","embeddable":true,"href":"https:\/\/craftjw.com\/sv\/wp-json\/wp\/v2\/product_brand?post=1598"},{"taxonomy":"product_cat","embeddable":true,"href":"https:\/\/craftjw.com\/sv\/wp-json\/wp\/v2\/product_cat?post=1598"},{"taxonomy":"product_tag","embeddable":true,"href":"https:\/\/craftjw.com\/sv\/wp-json\/wp\/v2\/product_tag?post=1598"}],"curies":[{"name":"wp","href":"https:\/\/api.w.org\/{rel}","templated":true}]}}