{"id":1592,"date":"2026-03-14T23:33:50","date_gmt":"2026-03-14T22:33:50","guid":{"rendered":"https:\/\/craftjw.com\/producto\/llavero-3d-en-forma-de-cono-de-senalisacion-de-construccion-ldc-ldc-gift\/"},"modified":"2026-04-02T10:43:17","modified_gmt":"2026-04-02T08:43:17","slug":"3d-nyckelring-i-form-av-en-byggkon-ldc-ldc-present","status":"publish","type":"product","link":"https:\/\/craftjw.com\/sv\/shop\/llaveros\/llavero-3d-en-forma-de-cono-de-senalisacion-de-construccion-ldc-ldc-gift\/","title":{"rendered":"3D-nyckelring i form av en byggkon LDC \u2013 LDC-present"},"content":{"rendered":"<p>Denna unika 3D-konformade nyckelring \u00e4r perfekt f\u00f6r alla som \u00e4r involverade i bygg- eller renoveringsprojekt, s\u00e4rskilt de som r\u00f6r lokal utveckling. Tack vare m\u00f6jligheten att anpassa texten med mottagarens initial blir den en unik och meningsfull g\u00e5va f\u00f6r volont\u00e4rer som \u00e4gnar sin tid och anstr\u00e4ngning.<\/p>\n<p>Denna nyckelring, tillverkad i Spanien med 3D-utskrift, \u00e4r ett utm\u00e4rkt s\u00e4tt att minnas och tacka m\u00e4nniskor f\u00f6r deras deltagande i ett projekt. \u00d6verraska dina kollegor och v\u00e4nner med en praktisk och speciell present!<\/p>\n<p><em><strong>Egenskaper:<\/strong><\/em><\/p>\n<ul>\n<li>\ud83d\udd28 <strong>Unik anpassning<\/strong>Du kan l\u00e4gga till personens initial, vilket g\u00f6r denna nyckelring till en personlig present som kommer att gl\u00e4dja den som f\u00e5r den.<\/li>\n<li>\ud83c\udfd7\ufe0f <strong>Konformad skyltdesign<\/strong>En ikonisk symbol f\u00f6r de som arbetar med byggnation eller renoveringar, perfekt f\u00f6r att minnas stunderna av gemensam anstr\u00e4ngning.<\/li>\n<li>\ud83d\udda8\ufe0f <strong>Tillverkad i Spanien med 3D-utskrift<\/strong>Produkten tillverkas lokalt med avancerad teknik, vilket garanterar kvalitet och precision in i minsta detalj.<\/li>\n<li>\ud83c\udf81 <strong>Perfekt f\u00f6r en present<\/strong>Perfekt som present till kollegor och volont\u00e4rer p\u00e5 byggprojekt, s\u00e4rskilt i samband med stora renoveringar.<\/li>\n<\/ul>\n<p>Denna nyckelring \u00e4r inte bara ett praktiskt tillbeh\u00f6r, utan ocks\u00e5 ett speciellt s\u00e4tt att tacka m\u00e4nniskor f\u00f6r deras insatser i bygg- och renoveringsprojekt.<\/p>","protected":false},"excerpt":{"rendered":"<p>Denna 3D-printade nyckelring med trafikkon \u00e4r en perfekt present till volont\u00e4rer p\u00e5 bygg- eller renoveringsprojekt i LDC, eftersom den kan anpassas med deras initialer. Tillverkad i Spanien med 3D-printning, utm\u00e4rker den sig genom sin unika och h\u00f6gkvalitativa design. Dess symbolik g\u00f6r den till en speciell och praktisk present till de som \u00e4r involverade i dessa projekt. Den \u00e4r perfekt f\u00f6r att \u00f6verraska och tacka kollegor och v\u00e4nner f\u00f6r deras insatser.<\/p>","protected":false},"featured_media":1591,"template":"","meta":{"_seopress_robots_primary_cat":"none","_seopress_titles_title":"","_seopress_titles_desc":"","_seopress_robots_index":"","site-sidebar-layout":"default","site-content-layout":"","ast-site-content-layout":"default","site-content-style":"default","site-sidebar-style":"default","ast-global-header-display":"","ast-banner-title-visibility":"","ast-main-header-display":"","ast-hfb-above-header-display":"","ast-hfb-below-header-display":"","ast-hfb-mobile-header-display":"","site-post-title":"","ast-breadcrumbs-content":"","ast-featured-img":"","footer-sml-layout":"","ast-disable-related-posts":"","theme-transparent-header-meta":"default","adv-header-id-meta":"","stick-header-meta":"default","header-above-stick-meta":"","header-main-stick-meta":"","header-below-stick-meta":"","astra-migrate-meta-layouts":"set","ast-page-background-enabled":"default","ast-page-background-meta":{"desktop":{"background-color":"var(--ast-global-color-5)","background-image":"","background-repeat":"repeat","background-position":"center center","background-size":"auto","background-attachment":"scroll","background-type":"","background-media":"","overlay-type":"","overlay-color":"","overlay-opacity":"","overlay-gradient":""},"tablet":{"background-color":"","background-image":"","background-repeat":"repeat","background-position":"center center","background-size":"auto","background-attachment":"scroll","background-type":"","background-media":"","overlay-type":"","overlay-color":"","overlay-opacity":"","overlay-gradient":""},"mobile":{"background-color":"","background-image":"","background-repeat":"repeat","background-position":"center center","background-size":"auto","background-attachment":"scroll","background-type":"","background-media":"","overlay-type":"","overlay-color":"","overlay-opacity":"","overlay-gradient":""}},"ast-content-background-meta":{"desktop":{"background-color":"var(--ast-global-color-4)","background-image":"","background-repeat":"repeat","background-position":"center center","background-size":"auto","background-attachment":"scroll","background-type":"","background-media":"","overlay-type":"","overlay-color":"","overlay-opacity":"","overlay-gradient":""},"tablet":{"background-color":"var(--ast-global-color-4)","background-image":"","background-repeat":"repeat","background-position":"center center","background-size":"auto","background-attachment":"scroll","background-type":"","background-media":"","overlay-type":"","overlay-color":"","overlay-opacity":"","overlay-gradient":""},"mobile":{"background-color":"var(--ast-global-color-4)","background-image":"","background-repeat":"repeat","background-position":"center center","background-size":"auto","background-attachment":"scroll","background-type":"","background-media":"","overlay-type":"","overlay-color":"","overlay-opacity":"","overlay-gradient":""}}},"product_brand":[],"product_cat":[45],"product_tag":[],"class_list":{"0":"post-1592","1":"product","2":"type-product","3":"status-publish","4":"has-post-thumbnail","6":"product_cat-llaveros","7":"desktop-align-center","8":"tablet-align-left","9":"mobile-align-left","10":"ast-product-gallery-layout-horizontal-slider","11":"ast-product-tabs-layout-horizontal","12":"tm-has-options","14":"first","15":"instock","16":"taxable","17":"shipping-taxable","18":"purchasable","19":"product-type-simple"},"_links":{"self":[{"href":"https:\/\/craftjw.com\/sv\/wp-json\/wp\/v2\/product\/1592","targetHints":{"allow":["GET"]}}],"collection":[{"href":"https:\/\/craftjw.com\/sv\/wp-json\/wp\/v2\/product"}],"about":[{"href":"https:\/\/craftjw.com\/sv\/wp-json\/wp\/v2\/types\/product"}],"version-history":[{"count":1,"href":"https:\/\/craftjw.com\/sv\/wp-json\/wp\/v2\/product\/1592\/revisions"}],"predecessor-version":[{"id":53086,"href":"https:\/\/craftjw.com\/sv\/wp-json\/wp\/v2\/product\/1592\/revisions\/53086"}],"wp:featuredmedia":[{"embeddable":true,"href":"https:\/\/craftjw.com\/sv\/wp-json\/wp\/v2\/media\/1591"}],"wp:attachment":[{"href":"https:\/\/craftjw.com\/sv\/wp-json\/wp\/v2\/media?parent=1592"}],"wp:term":[{"taxonomy":"product_brand","embeddable":true,"href":"https:\/\/craftjw.com\/sv\/wp-json\/wp\/v2\/product_brand?post=1592"},{"taxonomy":"product_cat","embeddable":true,"href":"https:\/\/craftjw.com\/sv\/wp-json\/wp\/v2\/product_cat?post=1592"},{"taxonomy":"product_tag","embeddable":true,"href":"https:\/\/craftjw.com\/sv\/wp-json\/wp\/v2\/product_tag?post=1592"}],"curies":[{"name":"wp","href":"https:\/\/api.w.org\/{rel}","templated":true}]}}