{"id":1583,"date":"2026-03-14T23:33:43","date_gmt":"2026-03-14T22:33:43","guid":{"rendered":"https:\/\/craftjw.com\/producto\/llavero-3d-en-forma-de-casco-de-construccion-ldc-ldc-gift\/"},"modified":"2026-04-02T11:37:35","modified_gmt":"2026-04-02T09:37:35","slug":"3d-nyckelring-i-form-av-en-bygghjalm-ldc-ldc-present","status":"publish","type":"product","link":"https:\/\/craftjw.com\/sv\/shop\/llaveros\/llavero-3d-en-forma-de-casco-de-construccion-ldc-ldc-gift\/","title":{"rendered":"LDC 3D Bygghj\u00e4lm Nyckelring \u2013 LDC G\u00e5va"},"content":{"rendered":"<p>Denna unika nyckelring med bygghj\u00e4lm \u00e4r speciellt utformad f\u00f6r de som \u00e4r involverade i viktiga bygg- eller renoveringsprojekt. Med m\u00f6jligheten att anpassa b\u00e5de hj\u00e4lmf\u00e4rgerna och texten \u00e4r det den perfekta presenten f\u00f6r de som \u00e4r en del av ett betydande projekt. Du kan ocks\u00e5 l\u00e4gga till mottagarens initial, vilket g\u00f6r det till en speciell och personlig touch.<\/p>\n<p>V\u00e4lj mellan tre hj\u00e4lmdesigner och skapa ett unikt stycke som symboliserar engagemanget och anstr\u00e4ngningen hos alla dina teammedlemmar. 3D-printad i Spanien, en perfekt present f\u00f6r firanden och stunder av tacksamhet i samband med bygg- och renoveringsprojekt.<\/p>\n<p><em><strong>Egenskaper:<\/strong><\/em><\/p>\n<ul>\n<li>\ud83d\udee0 <strong>Anpassningsbar:<\/strong> Du kan v\u00e4lja mellan flera f\u00e4rger f\u00f6r hj\u00e4lmen och texten, samt l\u00e4gga till initialen i ditt namn, vilket skapar en unik och personlig nyckelring.<\/li>\n<li>\u2699\ufe0f <strong style=\"font-family: -apple-system, BlinkMacSystemFont, 'Segoe UI', Roboto, 'Helvetica Neue', Arial, sans-serif, 'Apple Color Emoji', 'Segoe UI Emoji', 'Segoe UI Symbol'; font-size: 1rem;\">Tre modeller tillg\u00e4ngliga:<\/strong><span style=\"font-family: -apple-system, BlinkMacSystemFont, 'Segoe UI', Roboto, 'Helvetica Neue', Arial, sans-serif, 'Apple Color Emoji', 'Segoe UI Emoji', 'Segoe UI Symbol'; font-size: 1rem;\"> V\u00e4lj den hj\u00e4lm som b\u00e4st passar din smak eller tillf\u00e4llet, med tre olika alternativ som symboliserar lagarbete och samarbete.<\/span><\/li>\n<li>\ud83d\udda8\ufe0f <strong style=\"font-family: -apple-system, BlinkMacSystemFont, 'Segoe UI', Roboto, 'Helvetica Neue', Arial, sans-serif, 'Apple Color Emoji', 'Segoe UI Emoji', 'Segoe UI Symbol'; font-size: 1rem;\">Tillverkad i Spanien med 3D-utskrift:<\/strong><span style=\"font-family: -apple-system, BlinkMacSystemFont, 'Segoe UI', Roboto, 'Helvetica Neue', Arial, sans-serif, 'Apple Color Emoji', 'Segoe UI Emoji', 'Segoe UI Symbol'; font-size: 1rem;\"> Kvaliteten och precisionen hos denna nyckelring garanteras tack vare lokal tillverkning med 3D-utskrift.<\/span><\/li>\n<li>\ud83c\udf81 <strong style=\"font-family: -apple-system, BlinkMacSystemFont, 'Segoe UI', Roboto, 'Helvetica Neue', Arial, sans-serif, 'Apple Color Emoji', 'Segoe UI Emoji', 'Segoe UI Symbol'; font-size: 1rem;\">Perfekt present till LDC-byggprojekt:<\/strong><span style=\"font-family: -apple-system, BlinkMacSystemFont, 'Segoe UI', Roboto, 'Helvetica Neue', Arial, sans-serif, 'Apple Color Emoji', 'Segoe UI Emoji', 'Segoe UI Symbol'; font-size: 1rem;\"> Perfekt som present till frivilliga br\u00f6der och systrar som har bidragit till bygg- eller renoveringsprojekt, vilket symboliserar deras engagemang och anstr\u00e4ngning.<\/span><\/li>\n<li>\ud83c\udf3f <strong style=\"font-family: -apple-system, BlinkMacSystemFont, 'Segoe UI', Roboto, 'Helvetica Neue', Arial, sans-serif, 'Apple Color Emoji', 'Segoe UI Emoji', 'Segoe UI Symbol'; font-size: 1rem;\">Milj\u00f6v\u00e4nlig:<\/strong><span style=\"font-family: -apple-system, BlinkMacSystemFont, 'Segoe UI', Roboto, 'Helvetica Neue', Arial, sans-serif, 'Apple Color Emoji', 'Segoe UI Emoji', 'Segoe UI Symbol'; font-size: 1rem;\"> Tillverkad av h\u00e5llbara material \u00e4r denna nyckelring inte bara en personlig present, utan ocks\u00e5 ett ansvarsfullt val f\u00f6r planeten.<\/span><\/li>\n<\/ul>\n<p>Denna nyckelring \u00e4r ett utm\u00e4rkt s\u00e4tt att tacka och uppm\u00e4rksamma de som \u00e4r en del av viktiga projekt, vilket ger en personlig och unik touch.<\/p>","protected":false},"excerpt":{"rendered":"<p>Denna 3D-printade nyckelring med bygghj\u00e4lm kan anpassas med f\u00e4rger och initialen i ett namn, vilket g\u00f6r den till en unik present. Den finns i tre olika modeller, perfekt f\u00f6r bygg- eller renoveringsprojekt. Tillverkad i Spanien med 3D-printning garanterar den kvalitet och precision i varje del. Den \u00e4r perfekt f\u00f6r att tacka dem som arbetar med viktiga projekt och ger en personlig och speciell touch.<\/p>","protected":false},"featured_media":1582,"template":"","meta":{"_seopress_robots_primary_cat":"none","_seopress_titles_title":"Llavero casco 3D: regalo personal para proyectos LDC - JW","_seopress_titles_desc":"Regala un llavero \u00fanico, personalizable y hecho en Espa\u00f1a. Perfecto para reconocimientos en proyectos de construcci\u00f3n para los voluntarios de proyectos LDC.","_seopress_robots_index":"","site-sidebar-layout":"default","site-content-layout":"","ast-site-content-layout":"default","site-content-style":"default","site-sidebar-style":"default","ast-global-header-display":"","ast-banner-title-visibility":"","ast-main-header-display":"","ast-hfb-above-header-display":"","ast-hfb-below-header-display":"","ast-hfb-mobile-header-display":"","site-post-title":"","ast-breadcrumbs-content":"","ast-featured-img":"","footer-sml-layout":"","ast-disable-related-posts":"","theme-transparent-header-meta":"default","adv-header-id-meta":"","stick-header-meta":"default","header-above-stick-meta":"","header-main-stick-meta":"","header-below-stick-meta":"","astra-migrate-meta-layouts":"set","ast-page-background-enabled":"default","ast-page-background-meta":{"desktop":{"background-color":"var(--ast-global-color-5)","background-image":"","background-repeat":"repeat","background-position":"center center","background-size":"auto","background-attachment":"scroll","background-type":"","background-media":"","overlay-type":"","overlay-color":"","overlay-opacity":"","overlay-gradient":""},"tablet":{"background-color":"","background-image":"","background-repeat":"repeat","background-position":"center center","background-size":"auto","background-attachment":"scroll","background-type":"","background-media":"","overlay-type":"","overlay-color":"","overlay-opacity":"","overlay-gradient":""},"mobile":{"background-color":"","background-image":"","background-repeat":"repeat","background-position":"center center","background-size":"auto","background-attachment":"scroll","background-type":"","background-media":"","overlay-type":"","overlay-color":"","overlay-opacity":"","overlay-gradient":""}},"ast-content-background-meta":{"desktop":{"background-color":"var(--ast-global-color-4)","background-image":"","background-repeat":"repeat","background-position":"center center","background-size":"auto","background-attachment":"scroll","background-type":"","background-media":"","overlay-type":"","overlay-color":"","overlay-opacity":"","overlay-gradient":""},"tablet":{"background-color":"var(--ast-global-color-4)","background-image":"","background-repeat":"repeat","background-position":"center center","background-size":"auto","background-attachment":"scroll","background-type":"","background-media":"","overlay-type":"","overlay-color":"","overlay-opacity":"","overlay-gradient":""},"mobile":{"background-color":"var(--ast-global-color-4)","background-image":"","background-repeat":"repeat","background-position":"center center","background-size":"auto","background-attachment":"scroll","background-type":"","background-media":"","overlay-type":"","overlay-color":"","overlay-opacity":"","overlay-gradient":""}}},"product_brand":[46],"product_cat":[45],"product_tag":[],"class_list":{"0":"post-1583","1":"product","2":"type-product","3":"status-publish","4":"has-post-thumbnail","6":"product_brand-craft-jw","7":"product_cat-llaveros","8":"desktop-align-center","9":"tablet-align-left","10":"mobile-align-left","11":"ast-product-gallery-layout-horizontal-slider","12":"ast-product-tabs-layout-horizontal","13":"tm-has-options","15":"first","16":"instock","17":"taxable","18":"shipping-taxable","19":"purchasable","20":"product-type-simple"},"_links":{"self":[{"href":"https:\/\/craftjw.com\/sv\/wp-json\/wp\/v2\/product\/1583","targetHints":{"allow":["GET"]}}],"collection":[{"href":"https:\/\/craftjw.com\/sv\/wp-json\/wp\/v2\/product"}],"about":[{"href":"https:\/\/craftjw.com\/sv\/wp-json\/wp\/v2\/types\/product"}],"version-history":[{"count":1,"href":"https:\/\/craftjw.com\/sv\/wp-json\/wp\/v2\/product\/1583\/revisions"}],"predecessor-version":[{"id":53087,"href":"https:\/\/craftjw.com\/sv\/wp-json\/wp\/v2\/product\/1583\/revisions\/53087"}],"wp:featuredmedia":[{"embeddable":true,"href":"https:\/\/craftjw.com\/sv\/wp-json\/wp\/v2\/media\/1582"}],"wp:attachment":[{"href":"https:\/\/craftjw.com\/sv\/wp-json\/wp\/v2\/media?parent=1583"}],"wp:term":[{"taxonomy":"product_brand","embeddable":true,"href":"https:\/\/craftjw.com\/sv\/wp-json\/wp\/v2\/product_brand?post=1583"},{"taxonomy":"product_cat","embeddable":true,"href":"https:\/\/craftjw.com\/sv\/wp-json\/wp\/v2\/product_cat?post=1583"},{"taxonomy":"product_tag","embeddable":true,"href":"https:\/\/craftjw.com\/sv\/wp-json\/wp\/v2\/product_tag?post=1583"}],"curies":[{"name":"wp","href":"https:\/\/api.w.org\/{rel}","templated":true}]}}