{"id":1576,"date":"2026-03-14T23:33:38","date_gmt":"2026-03-14T22:33:38","guid":{"rendered":"https:\/\/craftjw.com\/producto\/caja-organizadora-kit-de-ensenanza-jw\/"},"modified":"2026-04-01T08:18:52","modified_gmt":"2026-04-01T06:18:52","slug":"jw-undervisningskit-organiseringslada","status":"publish","type":"product","link":"https:\/\/craftjw.com\/sv\/shop\/varios-regalos\/caja-organizadora-kit-de-ensenanza-jw\/","title":{"rendered":"JW Undervisningskit Organisationsl\u00e5da"},"content":{"rendered":"<p>F\u00f6rvandla ditt skrivbord eller bord med detta <strong>organiseringsl\u00e5da<\/strong> av <strong>JW Undervisningskit<\/strong>. Perfekt f\u00f6r att h\u00e5lla dina personliga tillh\u00f6righeter organiserade, denna l\u00e5da kombinerar funktionalitet med en unik dekorativ design. Tillverkad med 3D-utskrift \u00e4r den idealisk f\u00f6r f\u00f6rvaring av kontorsmaterial, nycklar och sm\u00e5 tillbeh\u00f6r, samtidigt som den ger en touch av stil till vilket utrymme som helst.<\/p>\n<p><em><strong>Egenskaper:<\/strong><\/em><\/p>\n<ul>\n<li>\ud83d\udd35\ud83d\udd34 <strong>Tillg\u00e4ngliga f\u00e4rger<\/strong>Bl\u00e5 och r\u00f6d<\/li>\n<li><strong>\ud83d\udda8\ufe0f Material<\/strong>H\u00f6gkvalitativ 3D-printad plast<\/li>\n<li><strong>\ud83c\udf81 M\u00e5ngsidig anv\u00e4ndning<\/strong>Perfekt f\u00f6r kontoret, hemmet eller som present<\/li>\n<li><strong>\ud83d\udda5\ufe0f Kompakt storlek<\/strong>Perfekt f\u00f6r alla skrivbord eller bord<\/li>\n<li><strong>\ud83d\udcd0 M\u00e5tt<\/strong>120 mm l\u00e5ng, 50 mm bred, 78,5 mm h\u00f6g<\/li>\n<\/ul>\n<p>Missa inte chansen att f\u00f6rb\u00e4ttra din organisation med stil. Best\u00e4ll din JW Teaching Kit-organiseringsl\u00e5da idag och f\u00f6rvandla ditt utrymme!<\/p>","protected":false},"excerpt":{"rendered":"<p>Denna 3D-utskrivna JW Teaching Kit-organiseringsl\u00e5da \u00e4r perfekt f\u00f6r att h\u00e5lla ditt skrivbord snyggt och snyggt. Finns i bl\u00e5tt och r\u00f6tt och \u00e4r tillverkad av h\u00f6gkvalitativ plast. Med kompakta m\u00e5tt p\u00e5 120 mm l\u00e4ngd, 50 mm bredd och 78,5 mm h\u00f6jd \u00e4r den perfekt f\u00f6r f\u00f6rvaring av sm\u00e5 tillbeh\u00f6r. Dess dekorativa design g\u00f6r den ocks\u00e5 till en utm\u00e4rkt present eller dekorativ detalj f\u00f6r alla utrymmen.<\/p>","protected":false},"featured_media":1575,"template":"","meta":{"_seopress_robots_primary_cat":"","_seopress_titles_title":"","_seopress_titles_desc":"","_seopress_robots_index":"","site-sidebar-layout":"default","site-content-layout":"","ast-site-content-layout":"default","site-content-style":"default","site-sidebar-style":"default","ast-global-header-display":"","ast-banner-title-visibility":"","ast-main-header-display":"","ast-hfb-above-header-display":"","ast-hfb-below-header-display":"","ast-hfb-mobile-header-display":"","site-post-title":"","ast-breadcrumbs-content":"","ast-featured-img":"","footer-sml-layout":"","ast-disable-related-posts":"","theme-transparent-header-meta":"default","adv-header-id-meta":"","stick-header-meta":"default","header-above-stick-meta":"","header-main-stick-meta":"","header-below-stick-meta":"","astra-migrate-meta-layouts":"set","ast-page-background-enabled":"default","ast-page-background-meta":{"desktop":{"background-color":"var(--ast-global-color-5)","background-image":"","background-repeat":"repeat","background-position":"center center","background-size":"auto","background-attachment":"scroll","background-type":"","background-media":"","overlay-type":"","overlay-color":"","overlay-opacity":"","overlay-gradient":""},"tablet":{"background-color":"","background-image":"","background-repeat":"repeat","background-position":"center center","background-size":"auto","background-attachment":"scroll","background-type":"","background-media":"","overlay-type":"","overlay-color":"","overlay-opacity":"","overlay-gradient":""},"mobile":{"background-color":"","background-image":"","background-repeat":"repeat","background-position":"center center","background-size":"auto","background-attachment":"scroll","background-type":"","background-media":"","overlay-type":"","overlay-color":"","overlay-opacity":"","overlay-gradient":""}},"ast-content-background-meta":{"desktop":{"background-color":"var(--ast-global-color-4)","background-image":"","background-repeat":"repeat","background-position":"center center","background-size":"auto","background-attachment":"scroll","background-type":"","background-media":"","overlay-type":"","overlay-color":"","overlay-opacity":"","overlay-gradient":""},"tablet":{"background-color":"var(--ast-global-color-4)","background-image":"","background-repeat":"repeat","background-position":"center center","background-size":"auto","background-attachment":"scroll","background-type":"","background-media":"","overlay-type":"","overlay-color":"","overlay-opacity":"","overlay-gradient":""},"mobile":{"background-color":"var(--ast-global-color-4)","background-image":"","background-repeat":"repeat","background-position":"center center","background-size":"auto","background-attachment":"scroll","background-type":"","background-media":"","overlay-type":"","overlay-color":"","overlay-opacity":"","overlay-gradient":""}}},"product_brand":[46],"product_cat":[50],"product_tag":[],"class_list":{"0":"post-1576","1":"product","2":"type-product","3":"status-publish","4":"has-post-thumbnail","6":"product_brand-craft-jw","7":"product_cat-varios-regalos","8":"desktop-align-center","9":"tablet-align-left","10":"mobile-align-left","11":"ast-product-gallery-layout-horizontal-slider","12":"ast-product-tabs-layout-horizontal","13":"tm-has-options","15":"first","16":"instock","17":"taxable","18":"shipping-taxable","19":"purchasable","20":"product-type-simple"},"_links":{"self":[{"href":"https:\/\/craftjw.com\/sv\/wp-json\/wp\/v2\/product\/1576","targetHints":{"allow":["GET"]}}],"collection":[{"href":"https:\/\/craftjw.com\/sv\/wp-json\/wp\/v2\/product"}],"about":[{"href":"https:\/\/craftjw.com\/sv\/wp-json\/wp\/v2\/types\/product"}],"version-history":[{"count":1,"href":"https:\/\/craftjw.com\/sv\/wp-json\/wp\/v2\/product\/1576\/revisions"}],"predecessor-version":[{"id":53007,"href":"https:\/\/craftjw.com\/sv\/wp-json\/wp\/v2\/product\/1576\/revisions\/53007"}],"wp:featuredmedia":[{"embeddable":true,"href":"https:\/\/craftjw.com\/sv\/wp-json\/wp\/v2\/media\/1575"}],"wp:attachment":[{"href":"https:\/\/craftjw.com\/sv\/wp-json\/wp\/v2\/media?parent=1576"}],"wp:term":[{"taxonomy":"product_brand","embeddable":true,"href":"https:\/\/craftjw.com\/sv\/wp-json\/wp\/v2\/product_brand?post=1576"},{"taxonomy":"product_cat","embeddable":true,"href":"https:\/\/craftjw.com\/sv\/wp-json\/wp\/v2\/product_cat?post=1576"},{"taxonomy":"product_tag","embeddable":true,"href":"https:\/\/craftjw.com\/sv\/wp-json\/wp\/v2\/product_tag?post=1576"}],"curies":[{"name":"wp","href":"https:\/\/api.w.org\/{rel}","templated":true}]}}