{"id":1570,"date":"2026-03-14T23:33:33","date_gmt":"2026-03-14T22:33:33","guid":{"rendered":"https:\/\/craftjw.com\/producto\/libreta-personalizada-para-precursores-ancianos\/"},"modified":"2026-04-02T10:53:14","modified_gmt":"2026-04-02T08:53:14","slug":"personlig-anteckningsbok-for-aldre-pionjarer","status":"publish","type":"product","link":"https:\/\/craftjw.com\/sv\/shop\/libretas\/libreta-personalizada-para-precursores-ancianos\/","title":{"rendered":"Personlig anteckningsbok f\u00f6r pionj\u00e4rer\/\u00e4ldste"},"content":{"rendered":"<p>Uppt\u00e4ck v\u00e5r personliga anteckningsbok f\u00f6r pionj\u00e4rer eller f\u00f6rsamlings\u00e4ldste!<\/p>\n<p>F\u00f6rdjupa dig i distinkt och autenticitet med v\u00e5r uts\u00f6kta 80-sidiga anteckningsbok med lasergraverade tr\u00e4omslag. Denna skatt av elegans \u00e4r speciellt utformad f\u00f6r regulj\u00e4ra pionj\u00e4rer och \u00e4ldste i f\u00f6rsamlingen.<\/p>\n<p><strong>Viktiga funktioner:<\/strong><\/p>\n<ul>\n<li><em>Anpassning efter dina \u00f6nskem\u00e5l:<\/em> Omslaget \u00e4r som en blank duk som v\u00e4ntar p\u00e5 din personliga touch. Du kan lasergravera ett speciellt meddelande. Dessutom ger varje sida dig friheten att l\u00e4gga till egna rubriker, vilket g\u00f6r din anteckningsbok verkligt unik.<\/li>\n<li><em>80 sidor med inspiration:<\/em> Med totalt 80 sidor \u00e4r denna anteckningsbok din heliga plats f\u00f6r reflektion, bibelstudier eller helt enkelt dagliga tankar. L\u00e5t varje sida ber\u00e4tta en historia om ditt engagemang och din h\u00e4ngivenhet.<\/li>\n<li><em>Meningsfull g\u00e5va:<\/em> Perfekt f\u00f6r speciella tillf\u00e4llen som pionj\u00e4rskolor, \u00e4ldstescholor eller skolor f\u00f6r f\u00f6rkunnare av Guds rike. Det \u00e4r en g\u00e5va som \u00f6verg\u00e5r papper och blir ett p\u00e5tagligt vittnesb\u00f6rd.<span style=\"font-size: 1rem;\">ge honom uppskattning och erk\u00e4nnande.<\/span><\/li>\n<li><em>Tr\u00e4lock med lasergravyr:<\/em> Hantverket kommer till liv i tr\u00e4p\u00e4rmarna, d\u00e4r varje detalj \u00e4r minuti\u00f6st lasergraverad. Detta \u00e4r inte bara en anteckningsbok; det \u00e4r ett konstverk som \u00e5terspeglar ditt engagemang.<\/li>\n<li><em>Tidl\u00f6s elegans:<\/em> Anteckningsbokens diskreta och tidl\u00f6sa design frammanar allvaret och vikten av din tj\u00e4nst. Oavsett om du anv\u00e4nder den f\u00f6r att anteckna upplevelser, tankar eller reflektioner, finner varje ord ett hem i dessa sidors tidl\u00f6sa elegans.<\/li>\n<li><em>M\u00e5tt:<\/em>\n<ul>\n<li><em>Tapas:<\/em> 15,2 cm (bredd) x 21,5 cm (h\u00f6jd) x 2,5 cm (tjocklek)<\/li>\n<li><em>L\u00f6v:<\/em> Din A5 (14,8 cm bred x 21 cm h\u00f6g)<\/li>\n<\/ul>\n<\/li>\n<\/ul>\n<p>Oavsett om det \u00e4r till dig sj\u00e4lv eller som en speciell g\u00e5va, f\u00f6rmedlar den h\u00e4r anteckningsboken sj\u00e4lva essensen av vad det inneb\u00e4r att vara en del av f\u00f6rsamlingen.<\/p>","protected":false},"excerpt":{"rendered":"<p>F\u00f6rdjupa dig i den tidl\u00f6sa elegansen hos v\u00e5r personliga anteckningsbok med lasergraverade tr\u00e4omslag, designad f\u00f6r regulj\u00e4ra pionj\u00e4rer och \u00e4ldste i f\u00f6rsamlingen. Med 80 tomma sidor erbjuder denna anteckningsbok ett unikt utrymme f\u00f6r att dokumentera tankar och reflektioner, vilket m\u00f6jligg\u00f6r fullst\u00e4ndig personalisering fr\u00e5n omslag till sidhuvud. Den \u00e4r en meningsfull present till speciella f\u00f6rsamlingsevenemang, s\u00e5som pionj\u00e4rskolor, \u00e4ldstescholor eller evangelistutbildning. De lasergraverade tr\u00e4omslagen \u00e5terspeglar det h\u00f6gkvalitativa hantverket och f\u00f6rvandlar denna anteckningsbok till ett konstverk som \u00f6verskrider dess praktiska funktion. Dess diskreta och tidl\u00f6sa design \u00e5terspeglar allvaret och vikten av engagemang, vilket g\u00f6r denna anteckningsbok till ett p\u00e5tagligt bevis p\u00e5 h\u00e4ngivenhet och tj\u00e4nande.<\/p>","protected":false},"featured_media":1569,"template":"","meta":{"_seopress_robots_primary_cat":"none","_seopress_titles_title":"Libreta personalizable de madera: Regalo ideal para precursores","_seopress_titles_desc":"Descubre una libreta \u00fanica con tapas de madera grabadas a l\u00e1ser, ideal para precursores y ancianos. Personaliza cada p\u00e1gina con tu estilo.","_seopress_robots_index":"","site-sidebar-layout":"default","site-content-layout":"","ast-site-content-layout":"default","site-content-style":"default","site-sidebar-style":"default","ast-global-header-display":"","ast-banner-title-visibility":"","ast-main-header-display":"","ast-hfb-above-header-display":"","ast-hfb-below-header-display":"","ast-hfb-mobile-header-display":"","site-post-title":"","ast-breadcrumbs-content":"","ast-featured-img":"","footer-sml-layout":"","ast-disable-related-posts":"","theme-transparent-header-meta":"default","adv-header-id-meta":"","stick-header-meta":"default","header-above-stick-meta":"","header-main-stick-meta":"","header-below-stick-meta":"","astra-migrate-meta-layouts":"set","ast-page-background-enabled":"default","ast-page-background-meta":{"desktop":{"background-color":"var(--ast-global-color-5)","background-image":"","background-repeat":"repeat","background-position":"center center","background-size":"auto","background-attachment":"scroll","background-type":"","background-media":"","overlay-type":"","overlay-color":"","overlay-opacity":"","overlay-gradient":""},"tablet":{"background-color":"","background-image":"","background-repeat":"repeat","background-position":"center center","background-size":"auto","background-attachment":"scroll","background-type":"","background-media":"","overlay-type":"","overlay-color":"","overlay-opacity":"","overlay-gradient":""},"mobile":{"background-color":"","background-image":"","background-repeat":"repeat","background-position":"center center","background-size":"auto","background-attachment":"scroll","background-type":"","background-media":"","overlay-type":"","overlay-color":"","overlay-opacity":"","overlay-gradient":""}},"ast-content-background-meta":{"desktop":{"background-color":"var(--ast-global-color-4)","background-image":"","background-repeat":"repeat","background-position":"center center","background-size":"auto","background-attachment":"scroll","background-type":"","background-media":"","overlay-type":"","overlay-color":"","overlay-opacity":"","overlay-gradient":""},"tablet":{"background-color":"var(--ast-global-color-4)","background-image":"","background-repeat":"repeat","background-position":"center center","background-size":"auto","background-attachment":"scroll","background-type":"","background-media":"","overlay-type":"","overlay-color":"","overlay-opacity":"","overlay-gradient":""},"mobile":{"background-color":"var(--ast-global-color-4)","background-image":"","background-repeat":"repeat","background-position":"center center","background-size":"auto","background-attachment":"scroll","background-type":"","background-media":"","overlay-type":"","overlay-color":"","overlay-opacity":"","overlay-gradient":""}}},"product_brand":[],"product_cat":[58],"product_tag":[],"class_list":{"0":"post-1570","1":"product","2":"type-product","3":"status-publish","4":"has-post-thumbnail","6":"product_cat-libretas","7":"desktop-align-center","8":"tablet-align-left","9":"mobile-align-left","10":"ast-product-gallery-layout-horizontal-slider","11":"ast-product-tabs-layout-horizontal","12":"tm-has-options","14":"first","15":"instock","16":"taxable","17":"shipping-taxable","18":"purchasable","19":"product-type-simple"},"_links":{"self":[{"href":"https:\/\/craftjw.com\/sv\/wp-json\/wp\/v2\/product\/1570","targetHints":{"allow":["GET"]}}],"collection":[{"href":"https:\/\/craftjw.com\/sv\/wp-json\/wp\/v2\/product"}],"about":[{"href":"https:\/\/craftjw.com\/sv\/wp-json\/wp\/v2\/types\/product"}],"version-history":[{"count":1,"href":"https:\/\/craftjw.com\/sv\/wp-json\/wp\/v2\/product\/1570\/revisions"}],"predecessor-version":[{"id":53000,"href":"https:\/\/craftjw.com\/sv\/wp-json\/wp\/v2\/product\/1570\/revisions\/53000"}],"wp:featuredmedia":[{"embeddable":true,"href":"https:\/\/craftjw.com\/sv\/wp-json\/wp\/v2\/media\/1569"}],"wp:attachment":[{"href":"https:\/\/craftjw.com\/sv\/wp-json\/wp\/v2\/media?parent=1570"}],"wp:term":[{"taxonomy":"product_brand","embeddable":true,"href":"https:\/\/craftjw.com\/sv\/wp-json\/wp\/v2\/product_brand?post=1570"},{"taxonomy":"product_cat","embeddable":true,"href":"https:\/\/craftjw.com\/sv\/wp-json\/wp\/v2\/product_cat?post=1570"},{"taxonomy":"product_tag","embeddable":true,"href":"https:\/\/craftjw.com\/sv\/wp-json\/wp\/v2\/product_tag?post=1570"}],"curies":[{"name":"wp","href":"https:\/\/api.w.org\/{rel}","templated":true}]}}