{"id":1560,"date":"2026-03-14T23:32:55","date_gmt":"2026-03-14T22:32:55","guid":{"rendered":"https:\/\/craftjw.com\/producto\/llavero-no-se-puede-silenciar-a-un-precursor\/"},"modified":"2026-04-02T10:56:20","modified_gmt":"2026-04-02T08:56:20","slug":"nyckelring-du-kan-inte-tysta-en-foregangare","status":"publish","type":"product","link":"https:\/\/craftjw.com\/sv\/shop\/llaveros\/llavero-no-se-puede-silenciar-a-un-precursor\/","title":{"rendered":"Nyckelring &quot;Du kan inte tysta en pionj\u00e4r&quot;\u201c"},"content":{"rendered":"<p>Uppt\u00e4ck v\u00e5r nyckelring i tr\u00e4, ett unikt stycke som kombinerar fint hantverk med vardagsinspiration! Denna nyckelring \u00e4r noggrant skuren och lasergraverad, vilket framh\u00e4ver tr\u00e4ets kvalitet och designens precision. Motivationsfrasen &quot;\u201c<strong>En pionj\u00e4r kan inte tystas<\/strong>\u201dDet ger ett kraftfullt genljud och ger st\u00e4ndig uppmuntran till f\u00f6rsamlingens regulj\u00e4ra pionj\u00e4rer eller till dem som har som m\u00e5l att bli pionj\u00e4rer.\u201d.<\/p>\n<p>Detta \u00e4r inte bara en nyckelring; det \u00e4r en p\u00e5taglig p\u00e5minnelse om engagemanget och modet hos dem som str\u00e4var dag efter dag inom banbrytande verksamhet. Lasergraveringen garanterar h\u00e5llbarhet och detaljer, vilket g\u00f6r denna nyckelring till en exceptionell g\u00e5va som kommer att vara livet ut.<\/p>\n<p>V\u00e5ra produkter \u00e4r helt handgjorda, vilket inneb\u00e4r att varje nyckelring \u00e4r noggrant tillverkad f\u00f6r hand. Denna unika touch ger en speciell k\u00e4nsla som g\u00f6r varje smycke verkligt unikt. Dessutom st\u00e5r vi bakom kvaliteten p\u00e5 v\u00e5ra produkter och s\u00e4kerst\u00e4ller att denna nyckelring inte bara \u00e4r estetiskt snygg utan ocks\u00e5 h\u00e5llbar och h\u00e5llbar.<\/p>\n<p>G\u00f6r denna tr\u00e4nyckelring till den perfekta presenten f\u00f6r passionerade ledare eller blivande pionj\u00e4rer. Best\u00e4ll din idag och b\u00e4r med dig en touch av inspiration och hantverk varje dag!<\/p>\n<p><strong>Drag:<\/strong><\/p>\n<ul>\n<li><em>Diameter:<\/em> 45mm<\/li>\n<li><em>Tjocklek:<\/em> 3 mm<\/li>\n<\/ul>","protected":false},"excerpt":{"rendered":"<p>Uppt\u00e4ck v\u00e5r lasergraverade tr\u00e4nyckelring, en blandning av hantverk och motivation med frasen &quot;En pionj\u00e4r kan inte tystas&quot;. En p\u00e5taglig p\u00e5minnelse f\u00f6r regulj\u00e4ra pionj\u00e4rer eller de som str\u00e4var efter att bli det, som framh\u00e4ver engagemang och mod. Varje nyckelring \u00e4r unik, handgjord med lasergravyr f\u00f6r exceptionell h\u00e5llbarhet och detaljer.<\/p>","protected":false},"featured_media":1559,"template":"","meta":{"_seopress_robots_primary_cat":"none","_seopress_titles_title":"","_seopress_titles_desc":"","_seopress_robots_index":"","site-sidebar-layout":"default","site-content-layout":"","ast-site-content-layout":"default","site-content-style":"default","site-sidebar-style":"default","ast-global-header-display":"","ast-banner-title-visibility":"","ast-main-header-display":"","ast-hfb-above-header-display":"","ast-hfb-below-header-display":"","ast-hfb-mobile-header-display":"","site-post-title":"","ast-breadcrumbs-content":"","ast-featured-img":"","footer-sml-layout":"","ast-disable-related-posts":"","theme-transparent-header-meta":"default","adv-header-id-meta":"","stick-header-meta":"default","header-above-stick-meta":"","header-main-stick-meta":"","header-below-stick-meta":"","astra-migrate-meta-layouts":"set","ast-page-background-enabled":"default","ast-page-background-meta":{"desktop":{"background-color":"var(--ast-global-color-5)","background-image":"","background-repeat":"repeat","background-position":"center center","background-size":"auto","background-attachment":"scroll","background-type":"","background-media":"","overlay-type":"","overlay-color":"","overlay-opacity":"","overlay-gradient":""},"tablet":{"background-color":"","background-image":"","background-repeat":"repeat","background-position":"center center","background-size":"auto","background-attachment":"scroll","background-type":"","background-media":"","overlay-type":"","overlay-color":"","overlay-opacity":"","overlay-gradient":""},"mobile":{"background-color":"","background-image":"","background-repeat":"repeat","background-position":"center center","background-size":"auto","background-attachment":"scroll","background-type":"","background-media":"","overlay-type":"","overlay-color":"","overlay-opacity":"","overlay-gradient":""}},"ast-content-background-meta":{"desktop":{"background-color":"var(--ast-global-color-4)","background-image":"","background-repeat":"repeat","background-position":"center center","background-size":"auto","background-attachment":"scroll","background-type":"","background-media":"","overlay-type":"","overlay-color":"","overlay-opacity":"","overlay-gradient":""},"tablet":{"background-color":"var(--ast-global-color-4)","background-image":"","background-repeat":"repeat","background-position":"center center","background-size":"auto","background-attachment":"scroll","background-type":"","background-media":"","overlay-type":"","overlay-color":"","overlay-opacity":"","overlay-gradient":""},"mobile":{"background-color":"var(--ast-global-color-4)","background-image":"","background-repeat":"repeat","background-position":"center center","background-size":"auto","background-attachment":"scroll","background-type":"","background-media":"","overlay-type":"","overlay-color":"","overlay-opacity":"","overlay-gradient":""}}},"product_brand":[46],"product_cat":[45],"product_tag":[],"class_list":{"0":"post-1560","1":"product","2":"type-product","3":"status-publish","4":"has-post-thumbnail","6":"product_brand-craft-jw","7":"product_cat-llaveros","8":"desktop-align-center","9":"tablet-align-left","10":"mobile-align-left","11":"ast-product-gallery-layout-horizontal-slider","12":"ast-product-tabs-layout-horizontal","13":"tm-has-options","15":"first","16":"instock","17":"taxable","18":"shipping-taxable","19":"purchasable","20":"product-type-simple"},"_links":{"self":[{"href":"https:\/\/craftjw.com\/sv\/wp-json\/wp\/v2\/product\/1560","targetHints":{"allow":["GET"]}}],"collection":[{"href":"https:\/\/craftjw.com\/sv\/wp-json\/wp\/v2\/product"}],"about":[{"href":"https:\/\/craftjw.com\/sv\/wp-json\/wp\/v2\/types\/product"}],"version-history":[{"count":1,"href":"https:\/\/craftjw.com\/sv\/wp-json\/wp\/v2\/product\/1560\/revisions"}],"predecessor-version":[{"id":53009,"href":"https:\/\/craftjw.com\/sv\/wp-json\/wp\/v2\/product\/1560\/revisions\/53009"}],"wp:featuredmedia":[{"embeddable":true,"href":"https:\/\/craftjw.com\/sv\/wp-json\/wp\/v2\/media\/1559"}],"wp:attachment":[{"href":"https:\/\/craftjw.com\/sv\/wp-json\/wp\/v2\/media?parent=1560"}],"wp:term":[{"taxonomy":"product_brand","embeddable":true,"href":"https:\/\/craftjw.com\/sv\/wp-json\/wp\/v2\/product_brand?post=1560"},{"taxonomy":"product_cat","embeddable":true,"href":"https:\/\/craftjw.com\/sv\/wp-json\/wp\/v2\/product_cat?post=1560"},{"taxonomy":"product_tag","embeddable":true,"href":"https:\/\/craftjw.com\/sv\/wp-json\/wp\/v2\/product_tag?post=1560"}],"curies":[{"name":"wp","href":"https:\/\/api.w.org\/{rel}","templated":true}]}}