{"id":1554,"date":"2026-03-14T23:32:40","date_gmt":"2026-03-14T22:32:40","guid":{"rendered":"https:\/\/craftjw.com\/producto\/iman-de-madera-en-forma-de-biblia-texto-del-ano-2026\/"},"modified":"2026-04-02T10:58:16","modified_gmt":"2026-04-02T08:58:16","slug":"tramagnet-i-form-av-en-bibel-med-texten-fran-ar-2026","status":"publish","type":"product","link":"https:\/\/craftjw.com\/sv\/shop\/imanes-de-nevera\/iman-de-madera-en-forma-de-biblia-texto-del-ano-2026\/","title":{"rendered":"Bibelmagnet i tr\u00e4 \u2013 \u00c5rets text 2026"},"content":{"rendered":"<p>Uppt\u00e4ck Bibelns unika essens i form av en tr\u00e4magnet, var och en lasergraverad f\u00f6r att framh\u00e4va den distinkta texten f\u00f6r \u00e5r 2026. Finns i tre utf\u00f6randen och \u00e4r en perfekt present till f\u00f6rsamlingsmedlemmar.<\/p>\n<p><strong>Viktiga funktioner:<\/strong><\/p>\n<ul>\n<li><em>H\u00f6gkvalitativa material:<\/em> Tillverkad av h\u00f6gkvalitativt tr\u00e4 f\u00f6r exceptionell h\u00e5llbarhet och elegans.<\/li>\n<li><em>Exakt lasergravering:<\/em> Fina och precisa detaljer som p\u00e5 ett unikt s\u00e4tt framh\u00e4ver sk\u00f6nheten i texten fr\u00e5n \u00e5r 2026.<\/li>\n<li><em>M\u00e5tt:<\/em>\n<ul>\n<li><em>Modell 1:<\/em> 8 cm bred x 5,5 cm h\u00f6g<\/li>\n<li><em>Modell 2:<\/em> 7,6 cm bred x 5,5 cm h\u00f6g<\/li>\n<li><em>Modell 3:<\/em> 8 cm h\u00f6g x 5 cm h\u00f6g<\/li>\n<\/ul>\n<\/li>\n<\/ul>\n<p><strong>M\u00e5ngsidiga anv\u00e4ndningsomr\u00e5den:<\/strong> Denna funktionella magnet dekorerar inte bara ditt utrymme, utan fungerar ocks\u00e5 som en daglig p\u00e5minnelse om \u00e5r 2026.<\/p>\n<p>G\u00f6r den h\u00e4r magneten till ett unikt uttryck f\u00f6r din tro och ge den till br\u00f6derna och systrarna i f\u00f6rsamlingen.<\/p>","protected":false},"excerpt":{"rendered":"<p>Uppt\u00e4ck det unika med v\u00e5ra lasergraverade bibelmagneter i tr\u00e4, f\u00f6rst\u00e4rkta med minnestexten f\u00f6r \u00e5r 2026. De finns i tre olika stilar och erbjuder ett unikt uttryck f\u00f6r tro och \u00e4r den perfekta g\u00e5van till f\u00f6rsamlingsmedlemmar.<\/p>","protected":false},"featured_media":1553,"template":"","meta":{"_seopress_robots_primary_cat":"none","_seopress_titles_title":"%%title%% %%page%%","_seopress_titles_desc":"Descubre el im\u00e1n de madera con el texto del a\u00f1o 2026, un regalo elegante y duradero grabado con l\u00e1ser, ideal para los hermanos de la congregaci\u00f3n.","_seopress_robots_index":"","site-sidebar-layout":"default","site-content-layout":"","ast-site-content-layout":"default","site-content-style":"default","site-sidebar-style":"default","ast-global-header-display":"","ast-banner-title-visibility":"","ast-main-header-display":"","ast-hfb-above-header-display":"","ast-hfb-below-header-display":"","ast-hfb-mobile-header-display":"","site-post-title":"","ast-breadcrumbs-content":"","ast-featured-img":"","footer-sml-layout":"","ast-disable-related-posts":"","theme-transparent-header-meta":"default","adv-header-id-meta":"","stick-header-meta":"default","header-above-stick-meta":"","header-main-stick-meta":"","header-below-stick-meta":"","astra-migrate-meta-layouts":"set","ast-page-background-enabled":"default","ast-page-background-meta":{"desktop":{"background-color":"var(--ast-global-color-5)","background-image":"","background-repeat":"repeat","background-position":"center center","background-size":"auto","background-attachment":"scroll","background-type":"","background-media":"","overlay-type":"","overlay-color":"","overlay-opacity":"","overlay-gradient":""},"tablet":{"background-color":"","background-image":"","background-repeat":"repeat","background-position":"center center","background-size":"auto","background-attachment":"scroll","background-type":"","background-media":"","overlay-type":"","overlay-color":"","overlay-opacity":"","overlay-gradient":""},"mobile":{"background-color":"","background-image":"","background-repeat":"repeat","background-position":"center center","background-size":"auto","background-attachment":"scroll","background-type":"","background-media":"","overlay-type":"","overlay-color":"","overlay-opacity":"","overlay-gradient":""}},"ast-content-background-meta":{"desktop":{"background-color":"var(--ast-global-color-4)","background-image":"","background-repeat":"repeat","background-position":"center center","background-size":"auto","background-attachment":"scroll","background-type":"","background-media":"","overlay-type":"","overlay-color":"","overlay-opacity":"","overlay-gradient":""},"tablet":{"background-color":"var(--ast-global-color-4)","background-image":"","background-repeat":"repeat","background-position":"center center","background-size":"auto","background-attachment":"scroll","background-type":"","background-media":"","overlay-type":"","overlay-color":"","overlay-opacity":"","overlay-gradient":""},"mobile":{"background-color":"var(--ast-global-color-4)","background-image":"","background-repeat":"repeat","background-position":"center center","background-size":"auto","background-attachment":"scroll","background-type":"","background-media":"","overlay-type":"","overlay-color":"","overlay-opacity":"","overlay-gradient":""}}},"product_brand":[46],"product_cat":[47],"product_tag":[],"class_list":{"0":"post-1554","1":"product","2":"type-product","3":"status-publish","4":"has-post-thumbnail","6":"product_brand-craft-jw","7":"product_cat-imanes-de-nevera","8":"desktop-align-center","9":"tablet-align-left","10":"mobile-align-left","11":"ast-product-gallery-layout-horizontal-slider","12":"ast-product-tabs-layout-horizontal","13":"tm-has-options","15":"first","16":"instock","17":"taxable","18":"shipping-taxable","19":"purchasable","20":"product-type-simple"},"_links":{"self":[{"href":"https:\/\/craftjw.com\/sv\/wp-json\/wp\/v2\/product\/1554","targetHints":{"allow":["GET"]}}],"collection":[{"href":"https:\/\/craftjw.com\/sv\/wp-json\/wp\/v2\/product"}],"about":[{"href":"https:\/\/craftjw.com\/sv\/wp-json\/wp\/v2\/types\/product"}],"version-history":[{"count":1,"href":"https:\/\/craftjw.com\/sv\/wp-json\/wp\/v2\/product\/1554\/revisions"}],"predecessor-version":[{"id":53010,"href":"https:\/\/craftjw.com\/sv\/wp-json\/wp\/v2\/product\/1554\/revisions\/53010"}],"wp:featuredmedia":[{"embeddable":true,"href":"https:\/\/craftjw.com\/sv\/wp-json\/wp\/v2\/media\/1553"}],"wp:attachment":[{"href":"https:\/\/craftjw.com\/sv\/wp-json\/wp\/v2\/media?parent=1554"}],"wp:term":[{"taxonomy":"product_brand","embeddable":true,"href":"https:\/\/craftjw.com\/sv\/wp-json\/wp\/v2\/product_brand?post=1554"},{"taxonomy":"product_cat","embeddable":true,"href":"https:\/\/craftjw.com\/sv\/wp-json\/wp\/v2\/product_cat?post=1554"},{"taxonomy":"product_tag","embeddable":true,"href":"https:\/\/craftjw.com\/sv\/wp-json\/wp\/v2\/product_tag?post=1554"}],"curies":[{"name":"wp","href":"https:\/\/api.w.org\/{rel}","templated":true}]}}