{"id":1551,"date":"2026-03-14T23:32:34","date_gmt":"2026-03-14T22:32:34","guid":{"rendered":"https:\/\/craftjw.com\/producto\/cartel-no-molestar-para-puerta-en-forma-de-oveja\/"},"modified":"2026-04-01T08:19:34","modified_gmt":"2026-04-01T06:19:34","slug":"dorrskylt-stor-ej-formad-som-ett-far","status":"publish","type":"product","link":"https:\/\/craftjw.com\/sv\/shop\/varios-regalos\/cartel-no-molestar-para-puerta-en-forma-de-oveja\/","title":{"rendered":"D\u00f6rrskylt &quot;St\u00f6r ej&quot; formad som ett f\u00e5r"},"content":{"rendered":"<p>S\u00e4kerst\u00e4ll stunder av lugn och koncentration f\u00f6r de respekterade \u00e4ldste i din f\u00f6rsamling med v\u00e5r geniala &quot;St\u00f6r ej&quot;-f\u00e5rskylt! Denna noggrant utformade tr\u00e4skylt ger en touch av humor och originalitet till vilken d\u00f6rr som helst.<\/p>\n<p>Den h\u00e4r skylten \u00e4r helt anpassningsbar med din favorittext och \u00e4r den perfekta l\u00f6sningen f\u00f6r de tillf\u00e4llen d\u00e5 f\u00f6rsamlings\u00e4ldste vill slippa avbrott under viktiga m\u00f6ten. Den \u00e4r ocks\u00e5 en distinkt och omt\u00e4nksam present till alla \u00e4ldste i f\u00f6rsamlingen, vilket ger en touch av gl\u00e4dje till deras dagliga rutin.<\/p>\n<p><em><strong>Viktiga funktioner:<\/strong><\/em><\/p>\n<ul>\n<li>Handgjord med kvalitetstr\u00e4 f\u00f6r att garantera h\u00e5llbarhet.<\/li>\n<li>Anpassningsalternativ tillg\u00e4ngliga med \u00f6nskat meddelande.<\/li>\n<li>Charmig f\u00e5rformad design som ger vilken d\u00f6rr som helst en touch av gullighet.<\/li>\n<li>M\u00e5tt:\n<ul>\n<li>Bredd: 11,2 cm<\/li>\n<li>H\u00f6jd: 24,7 cm<\/li>\n<li>Tjocklek: 3 mm<\/li>\n<\/ul>\n<\/li>\n<\/ul>\n<p>Ge dessa respekterade seniorer det utrymme och den frid de beh\u00f6ver med v\u00e5r anpassningsbara &quot;St\u00f6r ej&quot;-skylt! En praktisk och rolig present till de \u00e4ldre medlemmarna i din f\u00f6rsamling som v\u00e4rdes\u00e4tter stunder av lugn i sitt pastorala arbete.<\/p>","protected":false},"excerpt":{"rendered":"<p>V\u00e5r f\u00e5rformade &quot;St\u00f6r ej&quot;-skylt, som kan anpassas med valfri text, \u00e4r designad f\u00f6r f\u00f6rsamlingens \u00e4ldste och erbjuder dem lugn och ro under m\u00f6ten. Handgjord av kvalitetstr\u00e4 ger den en touch av humor och originalitet till vilken d\u00f6rr som helst. Perfekt som en unik g\u00e5va och ger stunder av lugn och ro till f\u00f6rsamlingens \u00e4ldste.<\/p>","protected":false},"featured_media":1550,"template":"","meta":{"_seopress_robots_primary_cat":"none","_seopress_titles_title":"","_seopress_titles_desc":"","_seopress_robots_index":"","site-sidebar-layout":"default","site-content-layout":"","ast-site-content-layout":"default","site-content-style":"default","site-sidebar-style":"default","ast-global-header-display":"","ast-banner-title-visibility":"","ast-main-header-display":"","ast-hfb-above-header-display":"","ast-hfb-below-header-display":"","ast-hfb-mobile-header-display":"","site-post-title":"","ast-breadcrumbs-content":"","ast-featured-img":"","footer-sml-layout":"","ast-disable-related-posts":"","theme-transparent-header-meta":"default","adv-header-id-meta":"","stick-header-meta":"default","header-above-stick-meta":"","header-main-stick-meta":"","header-below-stick-meta":"","astra-migrate-meta-layouts":"set","ast-page-background-enabled":"default","ast-page-background-meta":{"desktop":{"background-color":"var(--ast-global-color-5)","background-image":"","background-repeat":"repeat","background-position":"center center","background-size":"auto","background-attachment":"scroll","background-type":"","background-media":"","overlay-type":"","overlay-color":"","overlay-opacity":"","overlay-gradient":""},"tablet":{"background-color":"","background-image":"","background-repeat":"repeat","background-position":"center center","background-size":"auto","background-attachment":"scroll","background-type":"","background-media":"","overlay-type":"","overlay-color":"","overlay-opacity":"","overlay-gradient":""},"mobile":{"background-color":"","background-image":"","background-repeat":"repeat","background-position":"center center","background-size":"auto","background-attachment":"scroll","background-type":"","background-media":"","overlay-type":"","overlay-color":"","overlay-opacity":"","overlay-gradient":""}},"ast-content-background-meta":{"desktop":{"background-color":"var(--ast-global-color-4)","background-image":"","background-repeat":"repeat","background-position":"center center","background-size":"auto","background-attachment":"scroll","background-type":"","background-media":"","overlay-type":"","overlay-color":"","overlay-opacity":"","overlay-gradient":""},"tablet":{"background-color":"var(--ast-global-color-4)","background-image":"","background-repeat":"repeat","background-position":"center center","background-size":"auto","background-attachment":"scroll","background-type":"","background-media":"","overlay-type":"","overlay-color":"","overlay-opacity":"","overlay-gradient":""},"mobile":{"background-color":"var(--ast-global-color-4)","background-image":"","background-repeat":"repeat","background-position":"center center","background-size":"auto","background-attachment":"scroll","background-type":"","background-media":"","overlay-type":"","overlay-color":"","overlay-opacity":"","overlay-gradient":""}}},"product_brand":[46],"product_cat":[50],"product_tag":[],"class_list":{"0":"post-1551","1":"product","2":"type-product","3":"status-publish","4":"has-post-thumbnail","6":"product_brand-craft-jw","7":"product_cat-varios-regalos","8":"desktop-align-center","9":"tablet-align-left","10":"mobile-align-left","11":"ast-product-gallery-layout-horizontal-slider","12":"ast-product-tabs-layout-horizontal","13":"tm-has-options","15":"first","16":"instock","17":"taxable","18":"shipping-taxable","19":"purchasable","20":"product-type-simple"},"_links":{"self":[{"href":"https:\/\/craftjw.com\/sv\/wp-json\/wp\/v2\/product\/1551","targetHints":{"allow":["GET"]}}],"collection":[{"href":"https:\/\/craftjw.com\/sv\/wp-json\/wp\/v2\/product"}],"about":[{"href":"https:\/\/craftjw.com\/sv\/wp-json\/wp\/v2\/types\/product"}],"version-history":[{"count":1,"href":"https:\/\/craftjw.com\/sv\/wp-json\/wp\/v2\/product\/1551\/revisions"}],"predecessor-version":[{"id":53011,"href":"https:\/\/craftjw.com\/sv\/wp-json\/wp\/v2\/product\/1551\/revisions\/53011"}],"wp:featuredmedia":[{"embeddable":true,"href":"https:\/\/craftjw.com\/sv\/wp-json\/wp\/v2\/media\/1550"}],"wp:attachment":[{"href":"https:\/\/craftjw.com\/sv\/wp-json\/wp\/v2\/media?parent=1551"}],"wp:term":[{"taxonomy":"product_brand","embeddable":true,"href":"https:\/\/craftjw.com\/sv\/wp-json\/wp\/v2\/product_brand?post=1551"},{"taxonomy":"product_cat","embeddable":true,"href":"https:\/\/craftjw.com\/sv\/wp-json\/wp\/v2\/product_cat?post=1551"},{"taxonomy":"product_tag","embeddable":true,"href":"https:\/\/craftjw.com\/sv\/wp-json\/wp\/v2\/product_tag?post=1551"}],"curies":[{"name":"wp","href":"https:\/\/api.w.org\/{rel}","templated":true}]}}