{"id":1536,"date":"2026-03-14T23:31:47","date_gmt":"2026-03-14T22:31:47","guid":{"rendered":"https:\/\/craftjw.com\/producto\/carrito-de-literatura-jw-porta-boligrafos\/"},"modified":"2026-04-01T08:19:43","modified_gmt":"2026-04-01T06:19:43","slug":"jw-litteraturpennhallare-for-vagn","status":"publish","type":"product","link":"https:\/\/craftjw.com\/sv\/shop\/varios-regalos\/carrito-de-literatura-jw-porta-boligrafos\/","title":{"rendered":"JW Litteraturvagn Pennh\u00e5llare"},"content":{"rendered":"<p>Utforska det exceptionella hantverket hos v\u00e5r miniatyrpennh\u00e5llare i tr\u00e4, inspirerad av litteraturvagnen som anv\u00e4nds i predikan. Denna charmiga pennh\u00e5llare \u00e4r ett minuti\u00f6st verk, handgjord med exakta lasersk\u00e4rningar och gravyrer.<\/p>\n<p>Finns i fyra distinkta tr\u00e4toner, varje m\u00f6bel \u00e4r betsad med milj\u00f6v\u00e4nliga produkter och lackad med vattenbaserade formler, vilket garanterar en milj\u00f6v\u00e4nlig finish och o\u00f6vertr\u00e4ffad h\u00e5llbarhet.<\/p>\n<p>Denna vagn kan anpassas med graverad text och har ett bakre fack som \u00e4r perfekt f\u00f6r f\u00f6rvaring av USB-minnen eller andra f\u00f6rem\u00e5l i liknande storlek, vilket ger en m\u00e5ngsidig och dekorativ touch. Den finns med eller utan pennor.<\/p>\n<p>Med sin eleganta design f\u00f6rh\u00f6jer denna pennh\u00e5llare ditt skrivbords estetik och blir en perfekt present till regulj\u00e4ra pionj\u00e4rer i f\u00f6rsamlingen, s\u00e5v\u00e4l som att ge till br\u00f6der och systrar vid olika tillf\u00e4llen och fester.<\/p>\n<p>F\u00f6rh\u00f6j presentationen av din arbetsplats med denna miniatyr JW-vagn, ett distinkt f\u00f6rem\u00e5l som \u00e5terspeglar kvalitet och hantverk.<\/p>\n<p><em><strong>M\u00e5tt:<\/strong><\/em><\/p>\n<ul>\n<li>Bredd: 6,5 cm<\/li>\n<li>H\u00f6jd: 17 cm<\/li>\n<\/ul>","protected":false},"excerpt":{"rendered":"<p>Uppt\u00e4ck v\u00e5r miniatyr JW-vagn i tr\u00e4, inspirerad av litteraturvagnen som anv\u00e4nds i f\u00f6rsamlingstj\u00e4nsten och handgjord med exakta lasersk\u00e4rningar. Den kan anpassas med gravyrer och har ett m\u00e5ngsidigt bakfack som \u00e4r perfekt f\u00f6r f\u00f6rvaring av sm\u00e5saker p\u00e5 skrivbordet. Den \u00e4r en perfekt present till regulj\u00e4ra pionj\u00e4rer eller f\u00f6r speciella tillf\u00e4llen bland br\u00f6der och systrar, och utm\u00e4rker sig genom sin raffinerade design och noggranna hantverk. F\u00f6rh\u00f6j estetiken p\u00e5 din arbetsplats med denna miniatyr JW-vagn, ett unikt verk som blandar elegans och funktionalitet.<\/p>","protected":false},"featured_media":1535,"template":"","meta":{"_seopress_robots_primary_cat":"none","_seopress_titles_title":"%%title%% %%page%%","_seopress_titles_desc":"","_seopress_robots_index":"","site-sidebar-layout":"default","site-content-layout":"","ast-site-content-layout":"default","site-content-style":"default","site-sidebar-style":"default","ast-global-header-display":"","ast-banner-title-visibility":"","ast-main-header-display":"","ast-hfb-above-header-display":"","ast-hfb-below-header-display":"","ast-hfb-mobile-header-display":"","site-post-title":"","ast-breadcrumbs-content":"","ast-featured-img":"","footer-sml-layout":"","ast-disable-related-posts":"","theme-transparent-header-meta":"default","adv-header-id-meta":"","stick-header-meta":"default","header-above-stick-meta":"","header-main-stick-meta":"","header-below-stick-meta":"","astra-migrate-meta-layouts":"set","ast-page-background-enabled":"default","ast-page-background-meta":{"desktop":{"background-color":"var(--ast-global-color-5)","background-image":"","background-repeat":"repeat","background-position":"center center","background-size":"auto","background-attachment":"scroll","background-type":"","background-media":"","overlay-type":"","overlay-color":"","overlay-opacity":"","overlay-gradient":""},"tablet":{"background-color":"","background-image":"","background-repeat":"repeat","background-position":"center center","background-size":"auto","background-attachment":"scroll","background-type":"","background-media":"","overlay-type":"","overlay-color":"","overlay-opacity":"","overlay-gradient":""},"mobile":{"background-color":"","background-image":"","background-repeat":"repeat","background-position":"center center","background-size":"auto","background-attachment":"scroll","background-type":"","background-media":"","overlay-type":"","overlay-color":"","overlay-opacity":"","overlay-gradient":""}},"ast-content-background-meta":{"desktop":{"background-color":"var(--ast-global-color-4)","background-image":"","background-repeat":"repeat","background-position":"center center","background-size":"auto","background-attachment":"scroll","background-type":"","background-media":"","overlay-type":"","overlay-color":"","overlay-opacity":"","overlay-gradient":""},"tablet":{"background-color":"var(--ast-global-color-4)","background-image":"","background-repeat":"repeat","background-position":"center center","background-size":"auto","background-attachment":"scroll","background-type":"","background-media":"","overlay-type":"","overlay-color":"","overlay-opacity":"","overlay-gradient":""},"mobile":{"background-color":"var(--ast-global-color-4)","background-image":"","background-repeat":"repeat","background-position":"center center","background-size":"auto","background-attachment":"scroll","background-type":"","background-media":"","overlay-type":"","overlay-color":"","overlay-opacity":"","overlay-gradient":""}}},"product_brand":[46],"product_cat":[50],"product_tag":[],"class_list":{"0":"post-1536","1":"product","2":"type-product","3":"status-publish","4":"has-post-thumbnail","6":"product_brand-craft-jw","7":"product_cat-varios-regalos","8":"desktop-align-center","9":"tablet-align-left","10":"mobile-align-left","11":"ast-product-gallery-layout-horizontal-slider","12":"ast-product-tabs-layout-horizontal","13":"tm-has-options","15":"first","16":"instock","17":"taxable","18":"shipping-taxable","19":"purchasable","20":"product-type-simple"},"_links":{"self":[{"href":"https:\/\/craftjw.com\/sv\/wp-json\/wp\/v2\/product\/1536","targetHints":{"allow":["GET"]}}],"collection":[{"href":"https:\/\/craftjw.com\/sv\/wp-json\/wp\/v2\/product"}],"about":[{"href":"https:\/\/craftjw.com\/sv\/wp-json\/wp\/v2\/types\/product"}],"version-history":[{"count":1,"href":"https:\/\/craftjw.com\/sv\/wp-json\/wp\/v2\/product\/1536\/revisions"}],"predecessor-version":[{"id":53012,"href":"https:\/\/craftjw.com\/sv\/wp-json\/wp\/v2\/product\/1536\/revisions\/53012"}],"wp:featuredmedia":[{"embeddable":true,"href":"https:\/\/craftjw.com\/sv\/wp-json\/wp\/v2\/media\/1535"}],"wp:attachment":[{"href":"https:\/\/craftjw.com\/sv\/wp-json\/wp\/v2\/media?parent=1536"}],"wp:term":[{"taxonomy":"product_brand","embeddable":true,"href":"https:\/\/craftjw.com\/sv\/wp-json\/wp\/v2\/product_brand?post=1536"},{"taxonomy":"product_cat","embeddable":true,"href":"https:\/\/craftjw.com\/sv\/wp-json\/wp\/v2\/product_cat?post=1536"},{"taxonomy":"product_tag","embeddable":true,"href":"https:\/\/craftjw.com\/sv\/wp-json\/wp\/v2\/product_tag?post=1536"}],"curies":[{"name":"wp","href":"https:\/\/api.w.org\/{rel}","templated":true}]}}