{"id":1529,"date":"2026-03-14T23:31:36","date_gmt":"2026-03-14T22:31:36","guid":{"rendered":"https:\/\/craftjw.com\/producto\/iman-de-nevera-de-madera-receta-del-precursor-regular-2\/"},"modified":"2026-04-02T11:02:03","modified_gmt":"2026-04-02T09:02:03","slug":"recept-pa-kylskapsmagnet-i-tra-fran-den-vanliga-foregangaren-2","status":"publish","type":"product","link":"https:\/\/craftjw.com\/sv\/shop\/imanes-de-nevera\/iman-de-nevera-de-madera-receta-del-precursor-regular-2\/","title":{"rendered":"Kylmagnet i tr\u00e4 \u2013 Recept p\u00e5 vanligt f\u00f6reg\u00e5ngare"},"content":{"rendered":"<p>Tr\u00e4magnet &quot;Recept p\u00e5 f\u00f6reg\u00e5ngare&quot; \u2013 En inspirerande touch till ditt kylsk\u00e5p<\/p>\n<p>Letar du efter en meningsfull present till de som \u00e4r st\u00f6ttepelare i f\u00f6rsamlingen eller till de som str\u00e4var efter att uppn\u00e5 sina andliga m\u00e5l? Denna tr\u00e4magnet \u00e4r det perfekta valet.<\/p>\n<p><em><strong>Handgjort med omsorg:<\/strong><\/em><\/p>\n<p>Denna magnet \u00e4r noggrant tillverkad av h\u00f6gkvalitativt tr\u00e4, med precisa gravyrer och lasersk\u00e4rningar som \u00e5terspeglar engagemang och noggrannhet i detaljer. Varje f\u00f6rem\u00e5l \u00e4r unikt och en speciell g\u00e5va.<\/p>\n<p><em><strong>Daglig inspiration:<\/strong><\/em><\/p>\n<p>&quot;F\u00f6reg\u00e5ngarens recept&quot; som \u00e4r graverat p\u00e5 denna magnet \u00e4r mer \u00e4n bara en kylsk\u00e5psdekoration. Det \u00e4r en st\u00e4ndig p\u00e5minnelse om engagemang och beslutsamhet p\u00e5 den andliga v\u00e4gen. Det kommer att inspirera dem som ser det att g\u00e5 vidare med tro och beslutsamhet.<\/p>\n<p>F\u00f6r f\u00f6rsamlingens st\u00f6ttepelare: Denna g\u00e5va \u00e4r en gest av uppskattning f\u00f6r dem som har varit grundl\u00e4ggande f\u00f6r f\u00f6rsamlingen och hedrat deras h\u00e4ngivenhet och tj\u00e4nst. Den motiverar ocks\u00e5 dem som str\u00e4var efter att n\u00e5 nya andliga m\u00e5l.<\/p>\n<p><em><strong>Produktinformation:<\/strong><\/em><\/p>\n<ul>\n<li>Material: H\u00f6gkvalitativt tr\u00e4.<\/li>\n<li>Storlek: Perfekt f\u00f6r att placeras var som helst i ditt kylsk\u00e5p.<\/li>\n<li>Design: Exakt lasergravering och sk\u00e4rning f\u00f6r ett elegant och h\u00e5llbart utseende.<\/li>\n<\/ul>\n<p><em><strong>Meningsfull g\u00e5va:<\/strong><\/em><\/p>\n<p>Oavsett om det \u00e4r f\u00f6r en pionj\u00e4r eller en bror eller syster som str\u00e4var efter att bli en, \u00e4r denna tr\u00e4magnet en g\u00e5va fylld med mening och tillgivenhet. Det \u00e4r ett konkret s\u00e4tt att uttrycka din uppskattning och uppmuntran f\u00f6r deras andliga anstr\u00e4ngningar och prestationer.<\/p>\n<p>G\u00f6r varje \u00f6gonblick i k\u00f6ket till en m\u00f6jlighet att inspirera dig sj\u00e4lv och avancera p\u00e5 din andliga v\u00e4g med denna vackra tr\u00e4magnet.<\/p>","protected":false},"excerpt":{"rendered":"<p>Tr\u00e4magneten \u201cPionj\u00e4rrecept\u201d \u00e4r en meningsfull g\u00e5va f\u00f6r dem som str\u00e4var efter andliga m\u00e5l. Handgjord med exakta gravyrer och lasersk\u00e4rning av h\u00f6gkvalitativt tr\u00e4, pryder denna magnet inte bara kylsk\u00e5pet utan fungerar ocks\u00e5 som en daglig p\u00e5minnelse om engagemanget och beslutsamheten i pionj\u00e4rernas liv. Det \u00e4r en idealisk gest av uppskattning f\u00f6r regulj\u00e4ra pionj\u00e4rer i f\u00f6rsamlingen och en k\u00e4lla till motivation f\u00f6r dem som str\u00e4var efter nya m\u00e5l. Med sin eleganta och h\u00e5llbara design representerar denna g\u00e5va ett tecken p\u00e5 uppskattning f\u00f6r pionj\u00e4rernas anstr\u00e4ngningar, perfekt f\u00f6r att inspirera varje \u00f6gonblick av deras dagliga liv.<\/p>","protected":false},"featured_media":1528,"template":"","meta":{"_seopress_robots_primary_cat":"none","_seopress_titles_title":"","_seopress_titles_desc":"","_seopress_robots_index":"","site-sidebar-layout":"default","site-content-layout":"","ast-site-content-layout":"default","site-content-style":"default","site-sidebar-style":"default","ast-global-header-display":"","ast-banner-title-visibility":"","ast-main-header-display":"","ast-hfb-above-header-display":"","ast-hfb-below-header-display":"","ast-hfb-mobile-header-display":"","site-post-title":"","ast-breadcrumbs-content":"","ast-featured-img":"","footer-sml-layout":"","ast-disable-related-posts":"","theme-transparent-header-meta":"default","adv-header-id-meta":"","stick-header-meta":"default","header-above-stick-meta":"","header-main-stick-meta":"","header-below-stick-meta":"","astra-migrate-meta-layouts":"set","ast-page-background-enabled":"default","ast-page-background-meta":{"desktop":{"background-color":"var(--ast-global-color-5)","background-image":"","background-repeat":"repeat","background-position":"center center","background-size":"auto","background-attachment":"scroll","background-type":"","background-media":"","overlay-type":"","overlay-color":"","overlay-opacity":"","overlay-gradient":""},"tablet":{"background-color":"","background-image":"","background-repeat":"repeat","background-position":"center center","background-size":"auto","background-attachment":"scroll","background-type":"","background-media":"","overlay-type":"","overlay-color":"","overlay-opacity":"","overlay-gradient":""},"mobile":{"background-color":"","background-image":"","background-repeat":"repeat","background-position":"center center","background-size":"auto","background-attachment":"scroll","background-type":"","background-media":"","overlay-type":"","overlay-color":"","overlay-opacity":"","overlay-gradient":""}},"ast-content-background-meta":{"desktop":{"background-color":"var(--ast-global-color-4)","background-image":"","background-repeat":"repeat","background-position":"center center","background-size":"auto","background-attachment":"scroll","background-type":"","background-media":"","overlay-type":"","overlay-color":"","overlay-opacity":"","overlay-gradient":""},"tablet":{"background-color":"var(--ast-global-color-4)","background-image":"","background-repeat":"repeat","background-position":"center center","background-size":"auto","background-attachment":"scroll","background-type":"","background-media":"","overlay-type":"","overlay-color":"","overlay-opacity":"","overlay-gradient":""},"mobile":{"background-color":"var(--ast-global-color-4)","background-image":"","background-repeat":"repeat","background-position":"center center","background-size":"auto","background-attachment":"scroll","background-type":"","background-media":"","overlay-type":"","overlay-color":"","overlay-opacity":"","overlay-gradient":""}}},"product_brand":[46],"product_cat":[47],"product_tag":[],"class_list":{"0":"post-1529","1":"product","2":"type-product","3":"status-publish","4":"has-post-thumbnail","6":"product_brand-craft-jw","7":"product_cat-imanes-de-nevera","8":"desktop-align-center","9":"tablet-align-left","10":"mobile-align-left","11":"ast-product-gallery-layout-horizontal-slider","12":"ast-product-tabs-layout-horizontal","13":"tm-has-options","15":"first","16":"instock","17":"taxable","18":"shipping-taxable","19":"purchasable","20":"product-type-simple"},"_links":{"self":[{"href":"https:\/\/craftjw.com\/sv\/wp-json\/wp\/v2\/product\/1529","targetHints":{"allow":["GET"]}}],"collection":[{"href":"https:\/\/craftjw.com\/sv\/wp-json\/wp\/v2\/product"}],"about":[{"href":"https:\/\/craftjw.com\/sv\/wp-json\/wp\/v2\/types\/product"}],"version-history":[{"count":2,"href":"https:\/\/craftjw.com\/sv\/wp-json\/wp\/v2\/product\/1529\/revisions"}],"predecessor-version":[{"id":53090,"href":"https:\/\/craftjw.com\/sv\/wp-json\/wp\/v2\/product\/1529\/revisions\/53090"}],"wp:featuredmedia":[{"embeddable":true,"href":"https:\/\/craftjw.com\/sv\/wp-json\/wp\/v2\/media\/1528"}],"wp:attachment":[{"href":"https:\/\/craftjw.com\/sv\/wp-json\/wp\/v2\/media?parent=1529"}],"wp:term":[{"taxonomy":"product_brand","embeddable":true,"href":"https:\/\/craftjw.com\/sv\/wp-json\/wp\/v2\/product_brand?post=1529"},{"taxonomy":"product_cat","embeddable":true,"href":"https:\/\/craftjw.com\/sv\/wp-json\/wp\/v2\/product_cat?post=1529"},{"taxonomy":"product_tag","embeddable":true,"href":"https:\/\/craftjw.com\/sv\/wp-json\/wp\/v2\/product_tag?post=1529"}],"curies":[{"name":"wp","href":"https:\/\/api.w.org\/{rel}","templated":true}]}}