{"id":1525,"date":"2026-03-14T23:31:31","date_gmt":"2026-03-14T22:31:31","guid":{"rendered":"https:\/\/craftjw.com\/producto\/porta-tarjetas-de-contacto-jw\/"},"modified":"2026-04-02T11:04:48","modified_gmt":"2026-04-02T09:04:48","slug":"jw-kontaktkortsinnehavare","status":"publish","type":"product","link":"https:\/\/craftjw.com\/sv\/shop\/portatarjetas\/porta-tarjetas-de-contacto-jw\/","title":{"rendered":"JW-kontaktkortsinnehavare"},"content":{"rendered":"<p>Uppt\u00e4ck JW visitkortsh\u00e5llare i aluminium!<\/p>\n<p>Denna visitkortsh\u00e5llare i aluminium \u00e4r utformad f\u00f6r att skydda och presentera dina JW-kontaktkort p\u00e5 ett elegant och personligt s\u00e4tt. Finns i flera livfulla f\u00e4rger och \u00e4r exakt lasergraverad, vilket g\u00f6r den perfekt som present till pionj\u00e4rskolan, en present till f\u00f6rsamlings\u00e4ldste eller ett speciellt minne f\u00f6r LDC-projekt, regionala sammankomster, speciella evenemang etc.<\/p>\n<p>Viktiga funktioner:<\/p>\n<ul>\n<li>Tillverkad av stark och l\u00e4tt aluminium.<\/li>\n<li>Finns i flera attraktiva f\u00e4rger.<\/li>\n<li>Anpassad gravyr med laserteknik.<\/li>\n<li>Perfekt f\u00f6r JW-kontaktkort.<\/li>\n<\/ul>\n<p>G\u00f6r dina presenter mer meningsfulla och praktiska. Denna korth\u00e5llare skyddar inte bara dina visitkort utan ger ocks\u00e5 en personlig touch.<\/p>\n<p>Ge dina presenter en unik touch med denna korth\u00e5llare i aluminium.<\/p>\n<p>L\u00e4gg din best\u00e4llning idag och \u00f6verraska dem du \u00e4lskar mest med denna present designad speciellt f\u00f6r dem!<\/p>","protected":false},"excerpt":{"rendered":"<p>Uppt\u00e4ck den lasergraverade visitkortsh\u00e5llaren i aluminium f\u00f6r JW-kontaktkort! Finns i en m\u00e4ngd olika livfulla f\u00e4rger och \u00e4r en perfekt present till \u00e4ldste i pionj\u00e4rskolor och f\u00f6rsamlingar, s\u00e5v\u00e4l som f\u00f6r regionala sammankomster, speciella evenemang med mera. Dess h\u00e5llbara, personliga design \u00e4r idealisk f\u00f6r att skydda och elegant presentera visitkort. Ge dina presenter en speciell touch med denna m\u00e5ngsidiga och distinkta korth\u00e5llare.<\/p>","protected":false},"featured_media":1524,"template":"","meta":{"_seopress_robots_primary_cat":"none","_seopress_titles_title":"%%title%% %%page%%","_seopress_titles_desc":"","_seopress_robots_index":"","site-sidebar-layout":"default","site-content-layout":"","ast-site-content-layout":"default","site-content-style":"default","site-sidebar-style":"default","ast-global-header-display":"","ast-banner-title-visibility":"","ast-main-header-display":"","ast-hfb-above-header-display":"","ast-hfb-below-header-display":"","ast-hfb-mobile-header-display":"","site-post-title":"","ast-breadcrumbs-content":"","ast-featured-img":"","footer-sml-layout":"","ast-disable-related-posts":"","theme-transparent-header-meta":"default","adv-header-id-meta":"","stick-header-meta":"default","header-above-stick-meta":"","header-main-stick-meta":"","header-below-stick-meta":"","astra-migrate-meta-layouts":"set","ast-page-background-enabled":"default","ast-page-background-meta":{"desktop":{"background-color":"var(--ast-global-color-5)","background-image":"","background-repeat":"repeat","background-position":"center center","background-size":"auto","background-attachment":"scroll","background-type":"","background-media":"","overlay-type":"","overlay-color":"","overlay-opacity":"","overlay-gradient":""},"tablet":{"background-color":"","background-image":"","background-repeat":"repeat","background-position":"center center","background-size":"auto","background-attachment":"scroll","background-type":"","background-media":"","overlay-type":"","overlay-color":"","overlay-opacity":"","overlay-gradient":""},"mobile":{"background-color":"","background-image":"","background-repeat":"repeat","background-position":"center center","background-size":"auto","background-attachment":"scroll","background-type":"","background-media":"","overlay-type":"","overlay-color":"","overlay-opacity":"","overlay-gradient":""}},"ast-content-background-meta":{"desktop":{"background-color":"var(--ast-global-color-4)","background-image":"","background-repeat":"repeat","background-position":"center center","background-size":"auto","background-attachment":"scroll","background-type":"","background-media":"","overlay-type":"","overlay-color":"","overlay-opacity":"","overlay-gradient":""},"tablet":{"background-color":"var(--ast-global-color-4)","background-image":"","background-repeat":"repeat","background-position":"center center","background-size":"auto","background-attachment":"scroll","background-type":"","background-media":"","overlay-type":"","overlay-color":"","overlay-opacity":"","overlay-gradient":""},"mobile":{"background-color":"var(--ast-global-color-4)","background-image":"","background-repeat":"repeat","background-position":"center center","background-size":"auto","background-attachment":"scroll","background-type":"","background-media":"","overlay-type":"","overlay-color":"","overlay-opacity":"","overlay-gradient":""}}},"product_brand":[46],"product_cat":[44,50],"product_tag":[],"class_list":{"0":"post-1525","1":"product","2":"type-product","3":"status-publish","4":"has-post-thumbnail","6":"product_brand-craft-jw","7":"product_cat-portatarjetas","8":"product_cat-varios-regalos","9":"desktop-align-center","10":"tablet-align-left","11":"mobile-align-left","12":"ast-product-gallery-layout-horizontal-slider","13":"ast-product-tabs-layout-horizontal","14":"tm-has-options","16":"first","17":"instock","18":"taxable","19":"shipping-taxable","20":"purchasable","21":"product-type-simple"},"_links":{"self":[{"href":"https:\/\/craftjw.com\/sv\/wp-json\/wp\/v2\/product\/1525","targetHints":{"allow":["GET"]}}],"collection":[{"href":"https:\/\/craftjw.com\/sv\/wp-json\/wp\/v2\/product"}],"about":[{"href":"https:\/\/craftjw.com\/sv\/wp-json\/wp\/v2\/types\/product"}],"version-history":[{"count":1,"href":"https:\/\/craftjw.com\/sv\/wp-json\/wp\/v2\/product\/1525\/revisions"}],"predecessor-version":[{"id":53014,"href":"https:\/\/craftjw.com\/sv\/wp-json\/wp\/v2\/product\/1525\/revisions\/53014"}],"wp:featuredmedia":[{"embeddable":true,"href":"https:\/\/craftjw.com\/sv\/wp-json\/wp\/v2\/media\/1524"}],"wp:attachment":[{"href":"https:\/\/craftjw.com\/sv\/wp-json\/wp\/v2\/media?parent=1525"}],"wp:term":[{"taxonomy":"product_brand","embeddable":true,"href":"https:\/\/craftjw.com\/sv\/wp-json\/wp\/v2\/product_brand?post=1525"},{"taxonomy":"product_cat","embeddable":true,"href":"https:\/\/craftjw.com\/sv\/wp-json\/wp\/v2\/product_cat?post=1525"},{"taxonomy":"product_tag","embeddable":true,"href":"https:\/\/craftjw.com\/sv\/wp-json\/wp\/v2\/product_tag?post=1525"}],"curies":[{"name":"wp","href":"https:\/\/api.w.org\/{rel}","templated":true}]}}