{"id":1516,"date":"2026-03-14T23:31:25","date_gmt":"2026-03-14T22:31:25","guid":{"rendered":"https:\/\/craftjw.com\/producto\/llavero-de-madera-para-escuela-precursor\/"},"modified":"2026-04-02T11:07:35","modified_gmt":"2026-04-02T09:07:35","slug":"tranyckelring-for-pionjarskola","status":"publish","type":"product","link":"https:\/\/craftjw.com\/sv\/shop\/llaveros\/llavero-de-madera-para-escuela-precursor\/","title":{"rendered":"Tr\u00e4nyckelring till f\u00f6rskoleklass"},"content":{"rendered":"<p>Uppt\u00e4ck den perfekta presenten som f\u00e5ngar essensen av pionj\u00e4rernas och f\u00f6rsamlingsmedlemmarnas h\u00e4ngivenhet och engagemang! V\u00e5r lasergraverade nyckelring i tr\u00e4 \u00e4r ett unikt och meningsfullt minne, perfekt f\u00f6r att personifiera och minnas speciella \u00f6gonblick i livet f\u00f6r dem som g\u00e5r p\u00e5 pionj\u00e4rskola.<\/p>\n<p>Varje nyckelring \u00e4r noggrant tillverkad av h\u00f6gkvalitativt tr\u00e4 och exakt utskuren med hj\u00e4lp av toppmodern laserteknik, och har en uts\u00f6kt finish och invecklade detaljer. B\u00e4st av allt \u00e4r att du kan personifiera b\u00e5da sidorna av nyckelringen, s\u00e5 att du kan l\u00e4gga till namn, datum, bibelverser eller n\u00e5got annat speciellt meddelande du vill dela med din pionj\u00e4rbroder eller -syster.<\/p>\n<p>Nyckelringens eleganta och diskreta design g\u00f6r den till ett m\u00e5ngsidigt f\u00f6rem\u00e5l som kan f\u00f6lja med dina n\u00e4ra och k\u00e4ra i deras dagliga liv. Det \u00e4r en perfekt present f\u00f6r att fira viktiga milstolpar i pionj\u00e4rtj\u00e4nsten, som att uppn\u00e5 predikom\u00e5l, dop\u00e5rsdagar eller n\u00e4rvaro i pionj\u00e4rskolan.<\/p>\n<p>F\u00f6rutom att vara en fin present till pionj\u00e4rer \u00e4r denna personliga nyckelring ett perfekt val f\u00f6r alla speciella tillf\u00e4llen. \u00d6verraska din bror eller syster f\u00f6r att uttrycka din tacksamhet och tillgivenhet n\u00e4r som helst p\u00e5 \u00e5ret.<\/p>","protected":false},"excerpt":{"rendered":"<p>Uppt\u00e4ck den lasergraverade tr\u00e4nyckelringen, en perfekt present till pionj\u00e4rskolan. Personalisering p\u00e5 b\u00e5da sidor f\u00f6r namn och speciella datum. Elegant och h\u00e5llbar design i h\u00f6gkvalitativt tr\u00e4. \u00d6verraska och hedra pionj\u00e4rerna med detta unika minnesm\u00e4rke.<\/p>","protected":false},"featured_media":1515,"template":"","meta":{"_seopress_robots_primary_cat":"none","_seopress_titles_title":"","_seopress_titles_desc":"","_seopress_robots_index":"","site-sidebar-layout":"default","site-content-layout":"","ast-site-content-layout":"default","site-content-style":"default","site-sidebar-style":"default","ast-global-header-display":"","ast-banner-title-visibility":"","ast-main-header-display":"","ast-hfb-above-header-display":"","ast-hfb-below-header-display":"","ast-hfb-mobile-header-display":"","site-post-title":"","ast-breadcrumbs-content":"","ast-featured-img":"","footer-sml-layout":"","ast-disable-related-posts":"","theme-transparent-header-meta":"default","adv-header-id-meta":"","stick-header-meta":"default","header-above-stick-meta":"","header-main-stick-meta":"","header-below-stick-meta":"","astra-migrate-meta-layouts":"set","ast-page-background-enabled":"default","ast-page-background-meta":{"desktop":{"background-color":"var(--ast-global-color-5)","background-image":"","background-repeat":"repeat","background-position":"center center","background-size":"auto","background-attachment":"scroll","background-type":"","background-media":"","overlay-type":"","overlay-color":"","overlay-opacity":"","overlay-gradient":""},"tablet":{"background-color":"","background-image":"","background-repeat":"repeat","background-position":"center center","background-size":"auto","background-attachment":"scroll","background-type":"","background-media":"","overlay-type":"","overlay-color":"","overlay-opacity":"","overlay-gradient":""},"mobile":{"background-color":"","background-image":"","background-repeat":"repeat","background-position":"center center","background-size":"auto","background-attachment":"scroll","background-type":"","background-media":"","overlay-type":"","overlay-color":"","overlay-opacity":"","overlay-gradient":""}},"ast-content-background-meta":{"desktop":{"background-color":"var(--ast-global-color-4)","background-image":"","background-repeat":"repeat","background-position":"center center","background-size":"auto","background-attachment":"scroll","background-type":"","background-media":"","overlay-type":"","overlay-color":"","overlay-opacity":"","overlay-gradient":""},"tablet":{"background-color":"var(--ast-global-color-4)","background-image":"","background-repeat":"repeat","background-position":"center center","background-size":"auto","background-attachment":"scroll","background-type":"","background-media":"","overlay-type":"","overlay-color":"","overlay-opacity":"","overlay-gradient":""},"mobile":{"background-color":"var(--ast-global-color-4)","background-image":"","background-repeat":"repeat","background-position":"center center","background-size":"auto","background-attachment":"scroll","background-type":"","background-media":"","overlay-type":"","overlay-color":"","overlay-opacity":"","overlay-gradient":""}}},"product_brand":[46],"product_cat":[45],"product_tag":[],"class_list":{"0":"post-1516","1":"product","2":"type-product","3":"status-publish","4":"has-post-thumbnail","6":"product_brand-craft-jw","7":"product_cat-llaveros","8":"desktop-align-center","9":"tablet-align-left","10":"mobile-align-left","11":"ast-product-gallery-layout-horizontal-slider","12":"ast-product-gallery-with-no-image","13":"ast-product-tabs-layout-horizontal","14":"tm-has-options","16":"first","17":"instock","18":"taxable","19":"shipping-taxable","20":"purchasable","21":"product-type-simple"},"_links":{"self":[{"href":"https:\/\/craftjw.com\/sv\/wp-json\/wp\/v2\/product\/1516","targetHints":{"allow":["GET"]}}],"collection":[{"href":"https:\/\/craftjw.com\/sv\/wp-json\/wp\/v2\/product"}],"about":[{"href":"https:\/\/craftjw.com\/sv\/wp-json\/wp\/v2\/types\/product"}],"version-history":[{"count":1,"href":"https:\/\/craftjw.com\/sv\/wp-json\/wp\/v2\/product\/1516\/revisions"}],"predecessor-version":[{"id":53091,"href":"https:\/\/craftjw.com\/sv\/wp-json\/wp\/v2\/product\/1516\/revisions\/53091"}],"wp:featuredmedia":[{"embeddable":true,"href":"https:\/\/craftjw.com\/sv\/wp-json\/wp\/v2\/media\/1515"}],"wp:attachment":[{"href":"https:\/\/craftjw.com\/sv\/wp-json\/wp\/v2\/media?parent=1516"}],"wp:term":[{"taxonomy":"product_brand","embeddable":true,"href":"https:\/\/craftjw.com\/sv\/wp-json\/wp\/v2\/product_brand?post=1516"},{"taxonomy":"product_cat","embeddable":true,"href":"https:\/\/craftjw.com\/sv\/wp-json\/wp\/v2\/product_cat?post=1516"},{"taxonomy":"product_tag","embeddable":true,"href":"https:\/\/craftjw.com\/sv\/wp-json\/wp\/v2\/product_tag?post=1516"}],"curies":[{"name":"wp","href":"https:\/\/api.w.org\/{rel}","templated":true}]}}