{"id":1510,"date":"2026-03-14T23:31:21","date_gmt":"2026-03-14T22:31:21","guid":{"rendered":"https:\/\/craftjw.com\/producto\/portatarjetas-de-contacto-para-tarjetas-jw-para-carrito-de-literatura-expositor\/"},"modified":"2026-04-02T11:09:09","modified_gmt":"2026-04-02T09:09:09","slug":"kontaktkortshallare-for-jw-kort-for-litteraturvagnsdisplay","status":"publish","type":"product","link":"https:\/\/craftjw.com\/sv\/shop\/portatarjetas\/portatarjetas-de-contacto-para-tarjetas-jw-para-carrito-de-literatura-expositor\/","title":{"rendered":"Kontaktkortsh\u00e5llare f\u00f6r JW-kort f\u00f6r litteraturvagn\/displayst\u00e4ll"},"content":{"rendered":"<p>Skulle du vilja ha ett effektivt och attraktivt system f\u00f6r att organisera och visa upp dina JW-kontaktkort?<br \/>\nVi har den perfekta l\u00f6sningen! V\u00e5r JW-kontaktkortsh\u00e5llare \u00e4r det b\u00e4sta s\u00e4ttet att h\u00e5lla dina kontaktkort organiserade hela tiden.<\/p>\n<p>Denna JW-korth\u00e5llare finns i tv\u00e5 olika modeller, vertikal och horisontell, f\u00f6r att passa dina behov. B\u00e5da modellerna har flexibla monteringsflikar utformade f\u00f6r ett s\u00e4kert grepp p\u00e5 sk\u00e4rmen. De \u00e4r ocks\u00e5 mycket enkla att f\u00e4sta och ta bort, s\u00e5 du beh\u00f6ver inte oroa dig f\u00f6r att sl\u00f6sa tid p\u00e5 installationen.<\/p>\n<p>Kvaliteten p\u00e5 v\u00e5r JW-kontaktkortsh\u00e5llare \u00e4r o\u00f6vertr\u00e4ffad. Den \u00e4r tillverkad av h\u00f6gkvalitativa material som garanterar dess h\u00e5llbarhet och motst\u00e5ndskraft mot daglig anv\u00e4ndning. Dessutom kommer den attraktiva och eleganta designen p\u00e5 v\u00e5r JW-kontaktkortsh\u00e5llare att se bra ut var som helst.<\/p>\n<p>Med v\u00e5r JW-kontaktkortsh\u00e5llare f\u00e5r du ett effektivt och attraktivt system f\u00f6r att alltid visa upp dina visitkort. V\u00e4nta inte l\u00e4ngre med att f\u00f6rb\u00e4ttra din organisation och presentation av dina visitkort! Best\u00e4ll din JW-kontaktkortsh\u00e5llare idag!<\/p>","protected":false},"excerpt":{"rendered":"<p>Skulle du vilja ha ett effektivt och attraktivt system f\u00f6r att organisera och visa upp dina JW-kontaktkort?<br \/>\nVi har den perfekta l\u00f6sningen! V\u00e5r JW-kontaktkortsh\u00e5llare \u00e4r det b\u00e4sta s\u00e4ttet att h\u00e5lla dina kontaktkort organiserade hela tiden.<\/p>\n<p>Denna JW-korth\u00e5llare finns i tv\u00e5 olika modeller, vertikal och horisontell, f\u00f6r att passa dina behov. B\u00e5da modellerna har flexibla monteringsflikar utformade f\u00f6r ett s\u00e4kert grepp p\u00e5 sk\u00e4rmen. De \u00e4r ocks\u00e5 mycket enkla att f\u00e4sta och ta bort, s\u00e5 du beh\u00f6ver inte oroa dig f\u00f6r att sl\u00f6sa tid p\u00e5 installationen.<\/p>","protected":false},"featured_media":1509,"template":"","meta":{"_seopress_robots_primary_cat":"none","_seopress_titles_title":"%%title%%","_seopress_titles_desc":"","_seopress_robots_index":"","site-sidebar-layout":"default","site-content-layout":"","ast-site-content-layout":"default","site-content-style":"default","site-sidebar-style":"default","ast-global-header-display":"","ast-banner-title-visibility":"","ast-main-header-display":"","ast-hfb-above-header-display":"","ast-hfb-below-header-display":"","ast-hfb-mobile-header-display":"","site-post-title":"","ast-breadcrumbs-content":"","ast-featured-img":"","footer-sml-layout":"","ast-disable-related-posts":"","theme-transparent-header-meta":"default","adv-header-id-meta":"","stick-header-meta":"default","header-above-stick-meta":"","header-main-stick-meta":"","header-below-stick-meta":"","astra-migrate-meta-layouts":"set","ast-page-background-enabled":"default","ast-page-background-meta":{"desktop":{"background-color":"var(--ast-global-color-5)","background-image":"","background-repeat":"repeat","background-position":"center center","background-size":"auto","background-attachment":"scroll","background-type":"","background-media":"","overlay-type":"","overlay-color":"","overlay-opacity":"","overlay-gradient":""},"tablet":{"background-color":"","background-image":"","background-repeat":"repeat","background-position":"center center","background-size":"auto","background-attachment":"scroll","background-type":"","background-media":"","overlay-type":"","overlay-color":"","overlay-opacity":"","overlay-gradient":""},"mobile":{"background-color":"","background-image":"","background-repeat":"repeat","background-position":"center center","background-size":"auto","background-attachment":"scroll","background-type":"","background-media":"","overlay-type":"","overlay-color":"","overlay-opacity":"","overlay-gradient":""}},"ast-content-background-meta":{"desktop":{"background-color":"var(--ast-global-color-4)","background-image":"","background-repeat":"repeat","background-position":"center center","background-size":"auto","background-attachment":"scroll","background-type":"","background-media":"","overlay-type":"","overlay-color":"","overlay-opacity":"","overlay-gradient":""},"tablet":{"background-color":"var(--ast-global-color-4)","background-image":"","background-repeat":"repeat","background-position":"center center","background-size":"auto","background-attachment":"scroll","background-type":"","background-media":"","overlay-type":"","overlay-color":"","overlay-opacity":"","overlay-gradient":""},"mobile":{"background-color":"var(--ast-global-color-4)","background-image":"","background-repeat":"repeat","background-position":"center center","background-size":"auto","background-attachment":"scroll","background-type":"","background-media":"","overlay-type":"","overlay-color":"","overlay-opacity":"","overlay-gradient":""}}},"product_brand":[],"product_cat":[44],"product_tag":[],"class_list":{"0":"post-1510","1":"product","2":"type-product","3":"status-publish","4":"has-post-thumbnail","6":"product_cat-portatarjetas","7":"desktop-align-center","8":"tablet-align-left","9":"mobile-align-left","10":"ast-product-gallery-layout-horizontal-slider","11":"ast-product-tabs-layout-horizontal","12":"tm-has-options","14":"first","15":"instock","16":"taxable","17":"shipping-taxable","18":"purchasable","19":"product-type-simple"},"_links":{"self":[{"href":"https:\/\/craftjw.com\/sv\/wp-json\/wp\/v2\/product\/1510","targetHints":{"allow":["GET"]}}],"collection":[{"href":"https:\/\/craftjw.com\/sv\/wp-json\/wp\/v2\/product"}],"about":[{"href":"https:\/\/craftjw.com\/sv\/wp-json\/wp\/v2\/types\/product"}],"version-history":[{"count":1,"href":"https:\/\/craftjw.com\/sv\/wp-json\/wp\/v2\/product\/1510\/revisions"}],"predecessor-version":[{"id":53092,"href":"https:\/\/craftjw.com\/sv\/wp-json\/wp\/v2\/product\/1510\/revisions\/53092"}],"wp:featuredmedia":[{"embeddable":true,"href":"https:\/\/craftjw.com\/sv\/wp-json\/wp\/v2\/media\/1509"}],"wp:attachment":[{"href":"https:\/\/craftjw.com\/sv\/wp-json\/wp\/v2\/media?parent=1510"}],"wp:term":[{"taxonomy":"product_brand","embeddable":true,"href":"https:\/\/craftjw.com\/sv\/wp-json\/wp\/v2\/product_brand?post=1510"},{"taxonomy":"product_cat","embeddable":true,"href":"https:\/\/craftjw.com\/sv\/wp-json\/wp\/v2\/product_cat?post=1510"},{"taxonomy":"product_tag","embeddable":true,"href":"https:\/\/craftjw.com\/sv\/wp-json\/wp\/v2\/product_tag?post=1510"}],"curies":[{"name":"wp","href":"https:\/\/api.w.org\/{rel}","templated":true}]}}