{"id":1502,"date":"2026-03-14T23:31:14","date_gmt":"2026-03-14T22:31:14","guid":{"rendered":"https:\/\/craftjw.com\/producto\/pajarita-de-madera-personalizable\/"},"modified":"2026-04-02T11:12:28","modified_gmt":"2026-04-02T09:12:28","slug":"anpassningsbar-trafluga","status":"publish","type":"product","link":"https:\/\/craftjw.com\/sv\/shop\/moda\/pajarita-de-madera-personalizable\/","title":{"rendered":"Anpassningsbar tr\u00e4fluga"},"content":{"rendered":"<p>Om du letar efter ett originellt och milj\u00f6v\u00e4nligt accessoar f\u00f6r att komplettera din outfit, beh\u00f6ver du inte leta l\u00e4ngre \u00e4n till v\u00e5ra handgjorda tr\u00e4flugor, laserskurna och graverade. Varje fluga \u00e4r unik, anpassad efter dina exakta specifikationer vad g\u00e4ller design och tr\u00e4f\u00e4rger. Vill du ha en fluga lasergraverad med dina initialer? Eller kanske ett unikt m\u00f6nster som \u00e5terspeglar din personlighet? M\u00f6jligheterna \u00e4r o\u00e4ndliga!<\/p>\n<p>F\u00f6rutom att vara anpassningsbara \u00e4r v\u00e5ra tr\u00e4flugor tillverkade av milj\u00f6v\u00e4nliga och h\u00e5llbara material. Tr\u00e4et kommer fr\u00e5n h\u00e5llbart f\u00f6rvaltade europeiska skogar, vilket inneb\u00e4r att du k\u00f6per en ansvarsfullt producerad produkt. Och eftersom vi bryr oss om v\u00e5ra flugors h\u00e5llbarhet anv\u00e4nder vi milj\u00f6v\u00e4nliga produkter f\u00f6r att lackera och skydda ytan, vilket s\u00e4kerst\u00e4ller att din fluga kommer att h\u00e5lla i m\u00e5nga \u00e5r fram\u00f6ver.<\/p>\n<p>En tr\u00e4fluga \u00e4r den perfekta presenten f\u00f6r alla tillf\u00e4llen. Oavsett om den \u00e4r till en v\u00e4n, familjemedlem eller dig sj\u00e4lv, kommer v\u00e5r fluga att f\u00e5 vilken outfit som helst att sticka ut med sin originalitet och stil. Om du planerar ett br\u00f6llop eller n\u00e5got annat evenemang kan v\u00e5ra flugor vara det perfekta valet f\u00f6r att ge din kl\u00e4dsel en unik och personlig touch.<\/p>\n<p>Varje tr\u00e4fluga vi tillverkar \u00e4r handgjord och specialtillverkad f\u00f6r dig. Vi har inga varor i lager, vilket inneb\u00e4r att du kan vara s\u00e4ker p\u00e5 att din fluga \u00e4r unik och producerad med o\u00f6vertr\u00e4ffad uppm\u00e4rksamhet p\u00e5 detaljer och kvalitet. V\u00e5r lasersk\u00e4rnings- och gravyrprocess g\u00f6r att vi kan skapa exakta m\u00f6nster och invecklade detaljer, vilket g\u00f6r varje fluga till ett sant konstverk.<\/p>\n<p>Kort sagt, v\u00e5ra handgjorda tr\u00e4flugor \u00e4r det perfekta valet f\u00f6r dig som s\u00f6ker ett originellt och milj\u00f6v\u00e4nligt tillbeh\u00f6r till din outfit. Med m\u00f6jligheten att anpassa varje fluga efter din smak och o\u00f6vertr\u00e4ffad kvalitet \u00e4r en tr\u00e4fluga en perfekt present f\u00f6r alla tillf\u00e4llen.<\/p>\n<p><strong>Drag:<\/strong><\/p>\n<ul>\n<li>Material: Naturtr\u00e4<\/li>\n<li>M\u00e5tt: 12 cm x 5 cm x 0,3 cm<\/li>\n<\/ul>","protected":false},"excerpt":{"rendered":"<p>V\u00e5ra handgjorda tr\u00e4flugor, laserskurna och graverade, \u00e4r det perfekta komplementet till vilken outfit som helst.<\/p>\n<p>De kan anpassas i design och f\u00e4rger p\u00e5 tr\u00e4bets, vilket g\u00f6r dem till ett unikt och milj\u00f6v\u00e4nligt val.<\/p>\n<p>Vi anv\u00e4nder milj\u00f6v\u00e4nliga produkter f\u00f6r att lackera och skydda ytan, vilket s\u00e4kerst\u00e4ller att de h\u00e5ller l\u00e4nge.<\/p>\n<p>Vi har inget lager; varje fluga \u00e4r handgjord p\u00e5 best\u00e4llning, vilket garanterar o\u00f6vertr\u00e4ffad kvalitet.<\/p>\n<p>F\u00e5 din outfit att sticka ut med en tr\u00e4fluga!<\/p>","protected":false},"featured_media":1501,"template":"","meta":{"_seopress_robots_primary_cat":"none","_seopress_titles_title":"Pajarita de madera: original, ecol\u00f3gica y personalizable","_seopress_titles_desc":"Destaca con nuestras pajaritas de madera \u00fanicas, ecol\u00f3gicas y personalizadas. Hechas a mano usando grabado l\u00e1ser para un estilo inigualable.","_seopress_robots_index":"","site-sidebar-layout":"default","site-content-layout":"","ast-site-content-layout":"default","site-content-style":"default","site-sidebar-style":"default","ast-global-header-display":"","ast-banner-title-visibility":"","ast-main-header-display":"","ast-hfb-above-header-display":"","ast-hfb-below-header-display":"","ast-hfb-mobile-header-display":"","site-post-title":"","ast-breadcrumbs-content":"","ast-featured-img":"","footer-sml-layout":"","ast-disable-related-posts":"","theme-transparent-header-meta":"default","adv-header-id-meta":"","stick-header-meta":"disabled","header-above-stick-meta":"","header-main-stick-meta":"on","header-below-stick-meta":"","astra-migrate-meta-layouts":"set","ast-page-background-enabled":"default","ast-page-background-meta":{"desktop":{"background-color":"var(--ast-global-color-5)","background-image":"","background-repeat":"repeat","background-position":"center center","background-size":"auto","background-attachment":"scroll","background-type":"","background-media":"","overlay-type":"","overlay-color":"","overlay-opacity":"","overlay-gradient":""},"tablet":{"background-color":"","background-image":"","background-repeat":"repeat","background-position":"center center","background-size":"auto","background-attachment":"scroll","background-type":"","background-media":"","overlay-type":"","overlay-color":"","overlay-opacity":"","overlay-gradient":""},"mobile":{"background-color":"","background-image":"","background-repeat":"repeat","background-position":"center center","background-size":"auto","background-attachment":"scroll","background-type":"","background-media":"","overlay-type":"","overlay-color":"","overlay-opacity":"","overlay-gradient":""}},"ast-content-background-meta":{"desktop":{"background-color":"var(--ast-global-color-4)","background-image":"","background-repeat":"repeat","background-position":"center center","background-size":"auto","background-attachment":"scroll","background-type":"","background-media":"","overlay-type":"","overlay-color":"","overlay-opacity":"","overlay-gradient":""},"tablet":{"background-color":"var(--ast-global-color-4)","background-image":"","background-repeat":"repeat","background-position":"center center","background-size":"auto","background-attachment":"scroll","background-type":"","background-media":"","overlay-type":"","overlay-color":"","overlay-opacity":"","overlay-gradient":""},"mobile":{"background-color":"var(--ast-global-color-4)","background-image":"","background-repeat":"repeat","background-position":"center center","background-size":"auto","background-attachment":"scroll","background-type":"","background-media":"","overlay-type":"","overlay-color":"","overlay-opacity":"","overlay-gradient":""}}},"product_brand":[],"product_cat":[42],"product_tag":[],"class_list":{"0":"post-1502","1":"product","2":"type-product","3":"status-publish","4":"has-post-thumbnail","6":"product_cat-moda","7":"desktop-align-center","8":"tablet-align-left","9":"mobile-align-left","10":"ast-product-gallery-layout-horizontal-slider","11":"ast-product-tabs-layout-horizontal","12":"tm-no-options","14":"first","15":"instock","16":"sale","17":"taxable","18":"shipping-taxable","19":"purchasable","20":"product-type-simple"},"_links":{"self":[{"href":"https:\/\/craftjw.com\/sv\/wp-json\/wp\/v2\/product\/1502","targetHints":{"allow":["GET"]}}],"collection":[{"href":"https:\/\/craftjw.com\/sv\/wp-json\/wp\/v2\/product"}],"about":[{"href":"https:\/\/craftjw.com\/sv\/wp-json\/wp\/v2\/types\/product"}],"version-history":[{"count":1,"href":"https:\/\/craftjw.com\/sv\/wp-json\/wp\/v2\/product\/1502\/revisions"}],"predecessor-version":[{"id":53093,"href":"https:\/\/craftjw.com\/sv\/wp-json\/wp\/v2\/product\/1502\/revisions\/53093"}],"wp:featuredmedia":[{"embeddable":true,"href":"https:\/\/craftjw.com\/sv\/wp-json\/wp\/v2\/media\/1501"}],"wp:attachment":[{"href":"https:\/\/craftjw.com\/sv\/wp-json\/wp\/v2\/media?parent=1502"}],"wp:term":[{"taxonomy":"product_brand","embeddable":true,"href":"https:\/\/craftjw.com\/sv\/wp-json\/wp\/v2\/product_brand?post=1502"},{"taxonomy":"product_cat","embeddable":true,"href":"https:\/\/craftjw.com\/sv\/wp-json\/wp\/v2\/product_cat?post=1502"},{"taxonomy":"product_tag","embeddable":true,"href":"https:\/\/craftjw.com\/sv\/wp-json\/wp\/v2\/product_tag?post=1502"}],"curies":[{"name":"wp","href":"https:\/\/api.w.org\/{rel}","templated":true}]}}