{"id":2743,"date":"2021-08-18T06:52:10","date_gmt":"2021-08-18T06:52:10","guid":{"rendered":"https:\/\/www.tks3d.com\/?page_id=2743"},"modified":"2026-03-15T15:41:33","modified_gmt":"2026-03-15T14:41:33","slug":"allmanna-villkor-for-anvandning-och-forsaljning","status":"publish","type":"page","link":"https:\/\/craftjw.com\/sv\/condiciones-generales-de-uso-y-venta\/","title":{"rendered":"Allm\u00e4nna anv\u00e4ndar- och f\u00f6rs\u00e4ljningsvillkor"},"content":{"rendered":"<h3 class=\"wp-block-heading\" id=\"1-datos-identificativos-de-camaloon\">1. Identifierande information f\u00f6r craftjw.com<\/h3>\n\n\n\n<p>Webbplatsleverant\u00f6ren \u00e4r Emmanuel Kielichowski (nedan kallad \u201cCraftjw\u201d), med momsregistreringsnummer ESX2878559V och registrerat kontor p\u00e5 Calle Claveles 4, 12600 Vall de Ux\u00f3 (Castell\u00f3n), Spanien.<\/p>\n\n\n\n<h3 class=\"wp-block-heading\" id=\"2-descripcion-del-servicio\">2. Tj\u00e4nstebeskrivning<\/h3>\n\n\n\n<p>P\u00e5 Craftjw erbjuder vi en rad tj\u00e4nster via internet till v\u00e5ra anv\u00e4ndare och kunder, s\u00e5som marknadsf\u00f6ring och tillverkning av personliga artiklar, presentartiklar och dekorativa f\u00f6rem\u00e5l: nyckelringar, askar, magneter, v\u00e4skor, klisterm\u00e4rken etc.<\/p>\n\n\n\n<p>Anv\u00e4ndare av v\u00e5r webbplats kan k\u00f6pa produkter f\u00f6r eget bruk eller f\u00f6r att s\u00e4lja till tredje part.<\/p>\n\n\n\n<h3 class=\"wp-block-heading\" id=\"3-uso-de-las-paginas-web-bajo-la-marca-de-camaloon\">3. Anv\u00e4ndning av webbplatsen craftjw.com<\/h3>\n\n\n\n<h4 class=\"wp-block-heading\" id=\"3-1-edad-minima\">3.1 Minimi\u00e5lder<\/h4>\n\n\n\n<p>F\u00f6r att vara anv\u00e4ndare av Craftjw-webbplatsen m\u00e5ste du vara myndig (minst 18 \u00e5r).<\/p>\n\n\n\n<h4 class=\"wp-block-heading\" id=\"3-2-licencia-de-uso-de-la-web-y-del-servicio-de-camaloon\">3.2 Licens att anv\u00e4nda Craftjw-webbplatsen och tj\u00e4nsten<\/h4>\n\n\n\n<p>Craftjw ger dig en begr\u00e4nsad och \u00e5terkallelig licens att f\u00e5 \u00e5tkomst till och anv\u00e4nda v\u00e5ra webbplatser och tj\u00e4nster, i enlighet med dessa allm\u00e4nna anv\u00e4ndar- och f\u00f6rs\u00e4ljningsvillkor. Denna licens inkluderar inte r\u00e4tten att samla in eller anv\u00e4nda webbplatsinformation f\u00f6r \u00e4ndam\u00e5l som \u00e4r f\u00f6rbjudna av oss, s\u00e5som att konkurrera med Craftjw, anv\u00e4nda Craftjw-inneh\u00e5ll p\u00e5 n\u00e5got s\u00e4tt eller g\u00f6ra en delvis eller fullst\u00e4ndig kopia av v\u00e5ra webbplatser.<\/p>\n\n\n\n<h3 class=\"wp-block-heading\" id=\"4-reglas-generales\">4. Allm\u00e4nna regler<\/h3>\n\n\n\n<h4 class=\"wp-block-heading\" id=\"4-1-uso-prohibido\">4.1 F\u00f6rbjuden anv\u00e4ndning<\/h4>\n\n\n\n<p>Du f\u00e5r inte f\u00f6rs\u00f6ka orsaka, eller orsaka, n\u00e5gon skada p\u00e5 v\u00e5ra webbplatser eller Craftjw-tj\u00e4nsten. Till exempel, och utan att denna lista \u00e4r fullst\u00e4ndig eller utt\u00f6mmande, \u00e4r f\u00f6ljande f\u00f6rbjudet:<\/p>\n\n\n\n<p>a. Att st\u00f6ra Craftjw-tj\u00e4nsten genom att anv\u00e4nda virus eller andra program som \u00e4r utformade f\u00f6r att skada programvara eller h\u00e5rdvara<\/p>\n\n\n\n<p>b. Modifiera eller skapa versioner av teknik som anv\u00e4nds p\u00e5 Craftjw-webbplatser<\/p>\n\n\n\n<p>c. Anv\u00e4nda n\u00e5gon typ av skript, robot eller teknik f\u00f6r att \u00f6vervaka Craftjw-webbplatsen<\/p>\n\n\n\n<p>d. Samla in e-postmeddelanden eller annan information via Craftjw-tj\u00e4nsten<\/p>\n\n\n\n<p>e. Att utge sig f\u00f6r att vara en annan person eller enhet, eller att f\u00f6rfalska n\u00e5gon av dina uppgifter<\/p>\n\n\n\n<p>f. Att surfa p\u00e5 eller k\u00f6pa p\u00e5 Craftjw-webbplatsen om du inte \u00e4r myndig.<\/p>\n\n\n\n<h4 class=\"wp-block-heading\" id=\"4-2-privacidad-y-proteccion-de-datos\">4.2 Integritet och dataskydd<\/h4>\n\n\n\n<p>P\u00e5 Craftjw \u00e4r vi s\u00e4rskilt m\u00e5na om s\u00e4kerhet och att s\u00e4kerst\u00e4lla konfidentialiteten f\u00f6r de uppgifter som v\u00e5ra kunder tillhandah\u00e5ller. Vi str\u00e4var efter att ge dig b\u00e4sta m\u00f6jliga service och b\u00e4sta m\u00f6jliga onlineupplevelse. Du kan l\u00e4sa mer om dina r\u00e4ttigheter och hur du ut\u00f6var dem p\u00e5 sidan [l\u00e4nk till integritetspolicy\/webbplats\/etc.].\u00a0<a href=\"https:\/\/craftjw.com\/sv\/integritetspolicy\/\">Privatliv<\/a>.<\/p>\n\n\n\n<h4 class=\"wp-block-heading\" id=\"4-3-condiciones-de-compra\">4.3 K\u00f6pvillkor<\/h4>\n\n\n\n<h5 class=\"wp-block-heading\" id=\"4-3-1-sistema-de-venta\">4.3.1 F\u00f6rs\u00e4ljningssystem<\/h5>\n\n\n\n<p>F\u00f6r att g\u00f6ra ett k\u00f6p m\u00e5ste du skicka din best\u00e4llning online via den angivna kassaprocessen. Du kan kontakta oss via&nbsp;<a href=\"mailto:info@kiemmi.com\">e-post<\/a>&nbsp;Om du beh\u00f6ver hj\u00e4lp.<\/p>\n\n\n\n<h5 class=\"wp-block-heading\" id=\"4-3-2-impuestos-aplicables\">4.3.2 Till\u00e4mpliga skatter<\/h5>\n\n\n\n<p>Du hittar en pris\u00f6versikt f\u00f6r de produkter som visas p\u00e5 v\u00e5r webbplats under utcheckningen. Vi visar dig priserna inklusive moms samt fraktkostnad, alltid innan du bekr\u00e4ftar ditt k\u00f6p.<\/p>\n\n\n\n<p>Momssatserna kan variera beroende p\u00e5 din bostadsort, produkttyp och dess ursprung. Om du har fr\u00e5gor om ett specifikt momsundantag, v\u00e4nligen kontakta oss direkt via e-post p\u00e5 f\u00f6ljande adress:\u00a0<a href=\"mailto:info@kiemmi.com\">info@craftjw.com<\/a>.<\/p>\n\n\n\n<p>Importtullar, kostnader f\u00f6r bank\u00f6verf\u00f6ringar, tullformaliteter eller k\u00e4llskatt vid ursprungslandet, eller de som r\u00f6r leverans i s\u00e4rskilda territorier (se avsnitt nr 4.3.4) eller l\u00e4nder utanf\u00f6r Europeiska unionen, \u00e4r ditt ansvar som kund och ing\u00e5r inte i de priser vi anger p\u00e5 webbplatsen.<\/p>\n\n\n\n<h5 class=\"wp-block-heading\" id=\"4-3-3-forma-de-pago\">4.3.3 Betalningsmetod<\/h5>\n\n\n\n<p>N\u00e4r du g\u00f6r din best\u00e4llning m\u00e5ste du betala beloppet med n\u00e5gon av de betalningsmetoder vi accepterar p\u00e5 v\u00e5r webbplats. F\u00f6rst d\u00e5 b\u00f6rjar vi producera din best\u00e4llning. I vissa fall, och f\u00f6r att f\u00f6rhindra potentiellt bedr\u00e4geri, f\u00f6rbeh\u00e5ller sig Kiemmi r\u00e4tten att beg\u00e4ra att v\u00e5ra kunder anv\u00e4nder en specifik betalningsmetod eller tillhandah\u00e5ller ytterligare dokumentation.<\/p>\n\n\n\n<h5 class=\"wp-block-heading\" id=\"4-3-4-forma-gastos-y-plazos-de-envio\">4.3.4 Leveransmetod, kostnader och deadlines<\/h5>\n\n\n\n<p>Vi skickar best\u00e4llningar till v\u00e5ra kunder i Europa och resten av v\u00e4rlden med hj\u00e4lp av olika fraktf\u00f6retag. Vi ber\u00e4knar automatiskt fraktkostnaden n\u00e4r du beg\u00e4r en offert eller g\u00f6r en best\u00e4llning.<\/p>\n\n\n\n<p>Det finns vissa territorier som, trots att de tillh\u00f6r ett specifikt land, kan medf\u00f6ra extra avgifter eftersom transportf\u00f6retag vanligtvis behandlar dem som undantagsfall. Exempel \u00e4r Ceuta, Melilla, Guadeloupe, Martinique och Kanarie\u00f6arna.<\/p>\n\n\n\n<p>Produktionstider visas p\u00e5 v\u00e5r webbplats. Det \u00e4r m\u00f6jligt att en best\u00e4llning kan drabbas av produktionsf\u00f6rseningar p\u00e5 grund av produktbrist, sen bekr\u00e4ftelse fr\u00e5n dig, felaktig design etc. I vilket fall som helst f\u00f6rst\u00e5r vi p\u00e5 Kiemmi att vi m\u00e5ste leverera produkterna till den leveransadress du anger s\u00e5 snabbt som m\u00f6jligt, i enlighet med produktions- och leveranstider, och alltid inom trettio (30) kalenderdagar fr\u00e5n det datum vi bekr\u00e4ftar best\u00e4llningen. Om n\u00e5gon f\u00f6rsening skulle uppst\u00e5 kommer vi att kontakta dig och informera dig om eventuella \u00e4ndringar.<\/p>\n\n\n\n<p>Leveranstiderna kan p\u00e5verkas av extraordin\u00e4ra transportincidenter (t.ex. strejker, v\u00e4derh\u00e4ndelser, exceptionella politiska situationer etc.) eller av tull, inspektioner i destinationslandet eller sv\u00e5righeter med att leverera varorna. Kiemmi tar inget ansvar f\u00f6r f\u00f6rseningar orsakade av transportf\u00f6retaget eller n\u00e5gra tullf\u00f6rfaranden. Vi \u00e5tar oss dock att ers\u00e4tta alla best\u00e4llningar som skadas eller f\u00f6rloras under transporten inom en rimlig tidsram.<\/p>\n\n\n\n<h3 class=\"wp-block-heading\" id=\"5-garantias-cambios-cancelaciones-y-devoluciones\">5. Garantier, byten, avbokningar och returer<\/h3>\n\n\n\n<p>Som anv\u00e4ndare kan du \u00e4ndra eller l\u00e4gga till en ny design, \u00e4ndra din leverans- och\/eller faktureringsadress eller avbryta best\u00e4llningen, s\u00e5 l\u00e4nge den inte \u00e4nnu har g\u00e5tt in i produktionsprocessen.<\/p>\n\n\n\n<p>F\u00f6r att g\u00f6ra detta beh\u00f6ver du skicka ett e-postmeddelande till\u00a0<a href=\"mailto:info@kiemmi.com\">info@craftjw.com<\/a>, V\u00e4nligen ange ditt orderreferensnummer. Vi kommer att informera dig, efter att ha granskat statusen f\u00f6r din best\u00e4llning, om \u00e4ndringen eller avbokningen \u00e4r m\u00f6jlig.<\/p>\n\n\n\n<p>Som anv\u00e4ndare och kund har du fjorton (14) kalenderdagar p\u00e5 dig att avbryta ditt k\u00f6p och returnera produkten\/produkterna, fr\u00e5n det \u00f6gonblick du mottagit best\u00e4llningen, f\u00f6rutsatt att det inte \u00e4r en personlig produkt, det vill s\u00e4ga modifierad f\u00f6r v\u00e5ra kunder enligt deras instruktioner. Vi kan inte acceptera byten eller returer av personliga produkter.<\/p>\n\n\n\n<p>Anpassade produkter kan ha sm\u00e4rre modifieringar vad g\u00e4ller f\u00e4rg, vikt, textur, material, storlek eller design, och uppfyller alltid det syfte och den ursprungliga id\u00e9n som visas p\u00e5 v\u00e5r webbplats. Du m\u00e5ste i din tur behandla Craftjw-produkter med st\u00f6rsta f\u00f6rsiktighet och se till att de \u00e4r oanv\u00e4nda och inte har utsatts f\u00f6r ol\u00e4mpliga eller skadliga f\u00f6rh\u00e5llanden, eller f\u00f6r n\u00e5gon hantering som kan f\u00f6rs\u00e4mra deras skick. Det \u00e4r ditt ansvar att f\u00f6rvara dem p\u00e5 r\u00e4tt s\u00e4tt tills vi p\u00e5 Kiemmi har inspekterat dem, om du vill returnera dem eller g\u00f6ra en reklamation.<\/p>\n\n\n\n<p>Kunden ansvarar f\u00f6r returfraktkostnaderna. F\u00f6r att initiera en retur, v\u00e4nligen skicka ett e-postmeddelande till\u00a0<a href=\"mailto:info@kiemmi.co\">info@craftjw.com<\/a>\u00a0beg\u00e4ra \u00e5terbetalning f\u00f6r din best\u00e4llning.<\/p>\n\n\n\n<p>N\u00e4r varan har returnerats och vi har verifierat dess felaktiga skick, kommer vi att behandla \u00e5terbetalningen, inklusive de initiala fraktkostnaderna f\u00f6r det enklaste alternativet (standardfrakt). Om returen beror p\u00e5 ett fel fr\u00e5n v\u00e5r sida kommer Craftjw att t\u00e4cka returfraktkostnaderna. Annars ansvarar du f\u00f6r returfraktkostnaderna.<\/p>\n\n\n\n<p>Vi \u00e5terbetalar \u00e5terbetalningsbeloppet inom fjorton (14) dagar efter att vi mottagit den returnerade produkten, och med samma betalningsmetod som du anv\u00e4nde f\u00f6r k\u00f6pet.<\/p>\n\n\n\n<h3 class=\"wp-block-heading\" id=\"6-propiedad-intelectual\">6. Immateriella r\u00e4ttigheter<\/h3>\n\n\n\n<p>Vi f\u00f6rbeh\u00e5ller oss alla immateriella och industriella r\u00e4ttigheter som ing\u00e5r p\u00e5 Craftjw-webbplatsen, inklusive, men inte begr\u00e4nsat till: texter, bilder, grafisk design, varum\u00e4rken, navigationsstruktur, information och inneh\u00e5ll. Vi innehar exklusiva r\u00e4ttigheter att utnyttja dessa element i alla former, och i synnerhet r\u00e4ttigheterna till reproduktion, distribution, offentlig kommunikation och transformation, i enlighet med spansk immaterialr\u00e4tt och industriell \u00e4gander\u00e4tt.<\/p>\n\n\n\n<p>Om du som anv\u00e4ndare personifierar en produkt p\u00e5 Kiemmis webbplats med en bild du tillhandah\u00e5ller som inte kommer fr\u00e5n Craftjws bildkatalog, m\u00e5ste du garantera att du innehar alla n\u00f6dv\u00e4ndiga immateriella och industriella r\u00e4ttigheter, s\u00e5v\u00e4l som eventuella bild- eller integritetsr\u00e4ttigheter som r\u00f6r individer eller juridiska personer, som kr\u00e4vs f\u00f6r att anv\u00e4nda bilden p\u00e5 det s\u00e4tt du \u00f6nskar. Dessutom ger du oss som anv\u00e4ndare en begr\u00e4nsad licens att reproducera, kommunicera, distribuera och omvandla bilden du tillhandah\u00e5ller till den\/de personifierade produkt(er) du best\u00e4ller. Denna licens upph\u00f6r att g\u00e4lla n\u00e4r produkten har tillverkats och skickats till din leveransadress.<\/p>\n\n\n\n<p>Du friskriver Craftjw fr\u00e5n allt ansvar f\u00f6r tredjepartskrav som uppst\u00e5r p\u00e5 grund av olaglig eller kriminell anv\u00e4ndning av bilder som omfattas av immateriella r\u00e4ttigheter eller industriella r\u00e4ttigheter, eller bild- eller integritetsr\u00e4ttigheter f\u00f6r fysiska personer i personliga produkter via v\u00e5ra webbplatser.<\/p>\n\n\n\n<h3 class=\"wp-block-heading\" id=\"7-quejas-y-reclamaciones\">7. Klagom\u00e5l och reklamationer<\/h3>\n\n\n\n<p>Som kund kan du alltid kontakta\u00a0<a href=\"mailto:info@kiemmi.com\">info@craftjw.com<\/a>\u00a0F\u00f6r att l\u00e4mna in klagom\u00e5l, f\u00f6rslag eller anspr\u00e5k som uppst\u00e5r p\u00e5 grund av tillhandah\u00e5llandet av v\u00e5ra tj\u00e4nster, v\u00e4nligen ange ditt faktura- eller ordernummer f\u00f6r att p\u00e5skynda processen. Vi \u00e5tar oss att svara p\u00e5 f\u00f6rfr\u00e5gningar inom sju (7) arbetsdagar fr\u00e5n mottagningsdatum. Om klagom\u00e5let g\u00e4ller en produkt som inte tillverkats av Kiemmi kan denna tidsram beh\u00f6va f\u00f6rl\u00e4ngas f\u00f6r att ge oss tid att kontakta tillverkaren.<\/p>\n\n\n\n<p>Du f\u00e5r inte l\u00e4mna in klagom\u00e5l eller anspr\u00e5k g\u00e4llande best\u00e4llningar efter att sju (7) dagar har g\u00e5tt sedan de faktiskt levererades.<\/p>\n\n\n\n<h3 class=\"wp-block-heading\" id=\"8-derechos-de-camaloon\">8. Hantverksr\u00e4ttigheter<\/h3>\n\n\n\n<h4 class=\"wp-block-heading\" id=\"8-1-monitorizacion\">8.1 \u00d6vervakning<\/h4>\n\n\n\n<p>P\u00e5 Craftjwnos f\u00f6rbeh\u00e5ller vi oss r\u00e4tten (men \u00e4r inte skyldiga) att \u00f6vervaka alla transaktioner och all kommunikation som sker p\u00e5 v\u00e5r webbplats. Om vi, efter eget gottfinnande, anser att en anv\u00e4ndare eller kund har brutit mot eller kan komma att bryta mot n\u00e5gon av dessa allm\u00e4nna anv\u00e4ndar- och f\u00f6rs\u00e4ljningsvillkor, eller att en transaktion eller kommunikation \u00e4r ol\u00e4mplig, kan vi avbryta eller begr\u00e4nsa anv\u00e4ndarens \u00e5tkomst, utan m\u00f6jlighet till framtida pr\u00f6vning.<\/p>\n\n\n\n<h4 class=\"wp-block-heading\" id=\"8-2-modificacion-del-servicio\">8.2 Tj\u00e4nste\u00e4ndring<\/h4>\n\n\n\n<p>P\u00e5 Craftjw f\u00f6rbeh\u00e5ller vi oss r\u00e4tten att \u00e4ndra layouten, organisationen och utseendet p\u00e5 v\u00e5r webbplats och de tj\u00e4nster vi erbjuder, och vi kan komma att \u00e4ndra eller avbryta alla aspekter av v\u00e5ra tj\u00e4nster och\/eller priser utan f\u00f6reg\u00e5ende meddelande eller m\u00f6jlighet till regress.<\/p>\n\n\n\n<h4 class=\"wp-block-heading\" id=\"8-3-cancelacion-del-contrato\">8.3 Upps\u00e4gning av avtalet<\/h4>\n\n\n\n<p>P\u00e5 Craftjw kan vi, efter eget gottfinnande och med eller utan f\u00f6reg\u00e5ende meddelande, g\u00f6ra f\u00f6ljande:<\/p>\n\n\n\n<ul class=\"wp-block-list\">\n<li>Avst\u00e4ngning eller begr\u00e4nsning av anv\u00e4ndningen av Craftjw f\u00f6r en specifik anv\u00e4ndare, samt att helt st\u00e4nga ett konto eller avbryta \u00e5tkomst till v\u00e5ra webbsidor<\/li>\n\n\n\n<li>Blockera eller avbryt produktionen av alla best\u00e4llningar som inneh\u00e5ller bilder som utg\u00f6r ett brott, kr\u00e4nker tredje parts r\u00e4ttigheter, \u00e4r st\u00f6tande, smakl\u00f6sa, inneh\u00e5ller v\u00e5ldsamma, kr\u00e4nkande, extremt radikala politiska budskap, \u00e4r sekteristiska eller strider mot grundl\u00e4ggande m\u00e4nskliga r\u00e4ttigheter<\/li>\n\n\n\n<li>Blockera eller avbryta produktionen av alla best\u00e4llningar som, efter granskning, inneh\u00e5ller fel i designen, i prisber\u00e4kningen, som inte kan erbjuda tillr\u00e4cklig garanti f\u00f6r slutresultatet etc.<\/li>\n\n\n\n<li>Rapportera eventuella missbruk eller bedr\u00e4gerier som har intr\u00e4ffat p\u00e5 v\u00e5ra webbplatser till l\u00e4mpliga myndigheter<\/li>\n\n\n\n<li>Ta bort allt inneh\u00e5ll som vi anser l\u00e4mpligt fr\u00e5n Craftjws servrar och kataloger, eller allt inneh\u00e5ll som har f\u00f6reslagits av en anv\u00e4ndare.<\/li>\n\n\n\n<li>Avbryta f\u00f6rs\u00e4ljningen av specifika produkter eller f\u00f6rs\u00e4ljning i n\u00e5gon annan valuta \u00e4n euro (\u20ac).<\/li>\n\n\n\n<li>Avbryta tj\u00e4nsten efter eget gottfinnande eller erbjuda den i begr\u00e4nsad omfattning.<\/li>\n<\/ul>\n\n\n\n<h3 class=\"wp-block-heading\" id=\"9-politica-de-enlaces\">9. L\u00e4nkpolicy<\/h3>\n\n\n\n<p>P\u00e5 Craftjw ansvarar vi inte f\u00f6r webbplatser eller filer som \u00e4r tillg\u00e4ngliga via hyperl\u00e4nkar i v\u00e5rt inneh\u00e5ll. Ansvaret ligger hos respektive \u00e4gare. D\u00e4rf\u00f6r varken rekommenderar eller anv\u00e4nder vi produkter, tj\u00e4nster, inneh\u00e5ll, information, data, filer eller annat material som finns p\u00e5 s\u00e5dana webbplatser eller filer, och vi kontrollerar eller tar inte ansvar f\u00f6r kvaliteten, lagligheten, tillf\u00f6rlitligheten eller anv\u00e4ndbarheten av informationen, inneh\u00e5llet och tj\u00e4nsterna p\u00e5 l\u00e4nkade webbplatser som \u00e4r externa i f\u00f6rh\u00e5llande till v\u00e5r webbplats.<\/p>\n\n\n\n<p>Om det anses l\u00e4mpligt, eller om en beh\u00f6rig myndighet f\u00f6rklarar uppgifterna olagliga, beordrar att de tas bort eller f\u00f6rhindrar \u00e5tkomst till dem, eller om skadan har f\u00f6rklarats f\u00f6religga och vi uttryckligen har underr\u00e4ttats om motsvarande l\u00f6sning, kommer vi omedelbart att ta bort de angivna l\u00e4nkarna.<\/p>\n\n\n\n<h3 class=\"wp-block-heading\" id=\"10-limitacion-de-responsabilidad\">10. Ansvarsbegr\u00e4nsning<\/h3>\n\n\n\n<p>Vi fr\u00e5ns\u00e4ger oss allt ansvar f\u00f6r skador av n\u00e5got slag som kan uppst\u00e5 p\u00e5 grund av att v\u00e5ra webbplatser inte \u00e4r tillg\u00e4ngliga eller inte \u00e4r tillg\u00e4ngliga. Vi fr\u00e5ns\u00e4ger oss \u00e4ven allt ansvar som uppst\u00e5r p\u00e5 grund av missbruk eller felaktig anv\u00e4ndning av v\u00e5ra produkter.<\/p>\n\n\n\n<h3 class=\"wp-block-heading\" id=\"11-cambios-en-las-presentes-condiciones-generales-de-uso-y-venta\">11. \u00c4ndringar av dessa allm\u00e4nna anv\u00e4ndar- och f\u00f6rs\u00e4ljningsvillkor<\/h3>\n\n\n\n<p>Vi f\u00f6rbeh\u00e5ller oss r\u00e4tten att \u00e4ndra alla aspekter av dessa allm\u00e4nna anv\u00e4ndar- och f\u00f6rs\u00e4ljningsvillkor, inklusive v\u00e5ra priser, godk\u00e4nda designer eller oacceptabelt inneh\u00e5ll.<\/p>\n\n\n\n<h3 class=\"wp-block-heading\" id=\"12-legislacion-aplicable-y-jurisdiccion-competente\">12. Till\u00e4mplig lag och beh\u00f6rig jurisdiktion<\/h3>\n\n\n\n<p>Dessa allm\u00e4nna anv\u00e4ndar- och f\u00f6rs\u00e4ljningsvillkor regleras av spansk lag.<\/p>\n\n\n\n<p>Om en individ k\u00f6per produkter, f\u00f6r att l\u00f6sa eventuella tvister, \u00f6verenskommer parterna att underkasta sig det konsumentskiljef\u00f6rfarande som fastst\u00e4llts genom f\u00f6rordning, och avst\u00e5r fr\u00e5n all annan jurisdiktion som kan motsvara dem.<\/p>\n\n\n\n<p>Om ett f\u00f6retag k\u00f6per produkter, f\u00f6r l\u00f6sning av eventuella tvister, \u00e4r parterna \u00f6verens om att underkasta sig domstolarna och tribunalerna med jurisdiktion i Nules, och avst\u00e5r fr\u00e5n all annan jurisdiktion som kan motsvara dessa.<\/p>","protected":false},"excerpt":{"rendered":"<p>1. Datos identificativos de craftjw.com El prestador del servicio del sitio web es Emmanuel Kielichowski (en adelante, &#8220;Craftjw&#8221;), con VAT [&hellip;]<\/p>\n","protected":false},"author":4,"featured_media":0,"parent":0,"menu_order":0,"comment_status":"closed","ping_status":"closed","template":"","meta":{"_seopress_robots_primary_cat":"","_seopress_titles_title":"","_seopress_titles_desc":"","_seopress_robots_index":"yes","site-sidebar-layout":"default","site-content-layout":"","ast-site-content-layout":"default","site-content-style":"default","site-sidebar-style":"default","ast-global-header-display":"","ast-banner-title-visibility":"","ast-main-header-display":"","ast-hfb-above-header-display":"","ast-hfb-below-header-display":"","ast-hfb-mobile-header-display":"","site-post-title":"","ast-breadcrumbs-content":"","ast-featured-img":"","footer-sml-layout":"","ast-disable-related-posts":"","theme-transparent-header-meta":"","adv-header-id-meta":"","stick-header-meta":"","header-above-stick-meta":"","header-main-stick-meta":"","header-below-stick-meta":"","astra-migrate-meta-layouts":"default","ast-page-background-enabled":"default","ast-page-background-meta":{"desktop":{"background-color":"var(--ast-global-color-5)","background-image":"","background-repeat":"repeat","background-position":"center center","background-size":"auto","background-attachment":"scroll","background-type":"","background-media":"","overlay-type":"","overlay-color":"","overlay-opacity":"","overlay-gradient":""},"tablet":{"background-color":"","background-image":"","background-repeat":"repeat","background-position":"center center","background-size":"auto","background-attachment":"scroll","background-type":"","background-media":"","overlay-type":"","overlay-color":"","overlay-opacity":"","overlay-gradient":""},"mobile":{"background-color":"","background-image":"","background-repeat":"repeat","background-position":"center center","background-size":"auto","background-attachment":"scroll","background-type":"","background-media":"","overlay-type":"","overlay-color":"","overlay-opacity":"","overlay-gradient":""}},"ast-content-background-meta":{"desktop":{"background-color":"var(--ast-global-color-4)","background-image":"","background-repeat":"repeat","background-position":"center center","background-size":"auto","background-attachment":"scroll","background-type":"","background-media":"","overlay-type":"","overlay-color":"","overlay-opacity":"","overlay-gradient":""},"tablet":{"background-color":"var(--ast-global-color-4)","background-image":"","background-repeat":"repeat","background-position":"center center","background-size":"auto","background-attachment":"scroll","background-type":"","background-media":"","overlay-type":"","overlay-color":"","overlay-opacity":"","overlay-gradient":""},"mobile":{"background-color":"var(--ast-global-color-4)","background-image":"","background-repeat":"repeat","background-position":"center center","background-size":"auto","background-attachment":"scroll","background-type":"","background-media":"","overlay-type":"","overlay-color":"","overlay-opacity":"","overlay-gradient":""}},"footnotes":""},"class_list":["post-2743","page","type-page","status-publish","hentry"],"_links":{"self":[{"href":"https:\/\/craftjw.com\/sv\/wp-json\/wp\/v2\/pages\/2743","targetHints":{"allow":["GET"]}}],"collection":[{"href":"https:\/\/craftjw.com\/sv\/wp-json\/wp\/v2\/pages"}],"about":[{"href":"https:\/\/craftjw.com\/sv\/wp-json\/wp\/v2\/types\/page"}],"author":[{"embeddable":true,"href":"https:\/\/craftjw.com\/sv\/wp-json\/wp\/v2\/users\/4"}],"replies":[{"embeddable":true,"href":"https:\/\/craftjw.com\/sv\/wp-json\/wp\/v2\/comments?post=2743"}],"version-history":[{"count":1,"href":"https:\/\/craftjw.com\/sv\/wp-json\/wp\/v2\/pages\/2743\/revisions"}],"predecessor-version":[{"id":52858,"href":"https:\/\/craftjw.com\/sv\/wp-json\/wp\/v2\/pages\/2743\/revisions\/52858"}],"wp:attachment":[{"href":"https:\/\/craftjw.com\/sv\/wp-json\/wp\/v2\/media?parent=2743"}],"curies":[{"name":"wp","href":"https:\/\/api.w.org\/{rel}","templated":true}]}}