{"id":1777,"date":"2020-07-24T07:11:47","date_gmt":"2020-07-24T07:11:47","guid":{"rendered":"https:\/\/www.tks3d.com\/?page_id=3"},"modified":"2026-04-01T08:53:54","modified_gmt":"2026-04-01T06:53:54","slug":"integritetspolicy","status":"publish","type":"page","link":"https:\/\/craftjw.com\/sv\/politica-de-privacidad\/","title":{"rendered":"Integritetspolicy"},"content":{"rendered":"<h3 class=\"wp-block-heading\" id=\"reglamento-europeo-de-proteccion-de-datos-rgpd\">Europeiska allm\u00e4nna dataskyddsf\u00f6rordningen (GDPR)<\/h3>\n\n\n\n<p>Vi informerar dig uttryckligen om att detta avsnitt uteslutande avser den behandling av personuppgifter som Emmanuel Kielichowski (nedan kallad KIEMMI) kommer att utf\u00f6ra p\u00e5 de personuppgifter som tillhandah\u00e5lls via denna webbplats, vilken kommer att inf\u00f6rlivas i de filer som vi kommer att ange f\u00f6r dig i enlighet med best\u00e4mmelserna i g\u00e4llande lagstiftning om skydd av personuppgifter (EUROPAPARLAMENTETS OCH R\u00c5DETS F\u00d6RORDNING (EU) 2016\/679 av den 27 april 2016 om skydd f\u00f6r fysiska personer med avseende p\u00e5 behandling av personuppgifter och om det fria fl\u00f6det av s\u00e5dana uppgifter, med ikrafttr\u00e4dande den 25 maj 2018, nedan kallad GDPR, samt den spanska lagstiftning som utvecklar den).<\/p>\n\n\n\n<h3 class=\"wp-block-heading\" id=\"conceptos\">Begrepp<\/h3>\n\n\n\n<p>Definitioner som vi kommer att anv\u00e4nda i denna integritetspolicy:<\/p>\n\n\n\n<ul class=\"wp-block-list\"><li>KIEMMI: Personen Emmanuel Kielichowski som \u00e4ger den h\u00e4r webbplatsen.<\/li><li>WEB: Avser denna webbplats (www.kiemmi.com).<\/li><li>WEBBANV\u00c4NDARE: Anv\u00e4ndare av webbplatsen www.kiemmi.com<\/li><li>KUND: Anv\u00e4ndare som har anlitat KIEMMI:s tj\u00e4nster.<\/li><li>PARTNER: KIEMMI-medarbetare.<\/li><\/ul>\n\n\n\n<h3 class=\"wp-block-heading\" id=\"responsable-del-tratamiento-de-los-datos-personales\">Ansvarig f\u00f6r behandling av personuppgifter<\/h3>\n\n\n\n<p>\u00c4garen av webbplatsen www.kiemmi.com \u00e4r Emmanuel Kielichowski, med NIE: X2878559V, registrerat kontor: C\/ Claveles, 4 \u2013 12600 Vall de Ux\u00f3, Castell\u00f3n, och e-postadress: info@kiemmi.com<\/p>\n\n\n\n<p>I enlighet med GDPR informerar vi dig om att de uppgifter som l\u00e4mnas, s\u00e5v\u00e4l som uppgifter som h\u00e4rr\u00f6r fr\u00e5n din surfning, kommer att behandlas och skyddas av KIEMI, som personuppgiftsansvarig, och behandlas i syfte att hantera din beg\u00e4ran och uppr\u00e4tth\u00e5lla den relation som uppr\u00e4ttats i det avtal du undertecknar eller har undertecknat med oss.<\/p>\n\n\n\n<h3 class=\"wp-block-heading\" id=\"principios-que-aplicamos-en-el-tratamiento-de-datos-personales\">Principer vi till\u00e4mpar vid behandling av personuppgifter<\/h3>\n\n\n\n<p>I enlighet med kapitel II i GDPR och uppf\u00f6randekoderna f\u00f6r behandling av personuppgifter till\u00e4mpar v\u00e5rt f\u00f6retag och v\u00e5ra rutiner f\u00f6ljande principer f\u00f6r behandling av personuppgifter f\u00f6r att bevara anv\u00e4ndarnas r\u00e4ttigheter och friheter:<\/p>\n\n\n\n<ul class=\"wp-block-list\"><li><strong>Minsta data:<\/strong>&nbsp;Vi kommer endast att inh\u00e4mta och behandla de uppgifter som \u00e4r n\u00f6dv\u00e4ndiga f\u00f6r varje \u00e4ndam\u00e5l och kategori av registrerade i behandlingen.<\/li><li><strong>Laglighet och transparens:<\/strong> N\u00e4r vi behandlar dina uppgifter har vi alltid en legitim grund f\u00f6r deras anv\u00e4ndning: klienten har anlitat v\u00e5ra tj\u00e4nster, anv\u00e4ndaren har l\u00e4mnat sina uppgifter via kontaktformul\u00e4ret etc., och i samtliga fall har de formaliserat avtalet eller gett sitt samtycke. Och alltid f\u00f6r de syften som anges i detta dokument.<\/li><li><strong>Begr\u00e4nsning av lagringstiden:<\/strong>&nbsp;Vi kommer att spara uppgifterna s\u00e5 l\u00e4nge som m\u00f6jligt, s\u00e5vida du inte i f\u00f6rv\u00e4g beg\u00e4r att de raderas.<\/li><li><strong>Sekretess och integritet:<\/strong>&nbsp;Vi garanterar tillr\u00e4ckliga s\u00e4kerhets\u00e5tg\u00e4rder f\u00f6r personuppgifter och deras sekretess.<\/li><\/ul>\n\n\n\n<h3 class=\"wp-block-heading\" id=\"veracidad-y-exactitud-de-los-datos-personales-facilitados\">Sanningsenlighet och riktighet hos de personuppgifter som l\u00e4mnats<\/h3>\n\n\n\n<p>WEBBENHANDLAREN, KUNDEN eller PARTNERN, vars uppgifter kommer att behandlas av f\u00f6retaget, garanterar att de uppgifter som tillhandah\u00e5lls \u00e4r sanningsenliga och korrekta.<\/p>\n\n\n\n<p>Om du har l\u00e4mnat personuppgifter om en annan person garanterar du att den personen har godk\u00e4nt och samtyckt till att l\u00e4mna ut dessa uppgifter till oss, och att du tar p\u00e5 dig allt ansvar som uppst\u00e5r vid anv\u00e4ndningen och behandlingen av dessa uppgifter, om du inte har s\u00e5dan beh\u00f6righet.<\/p>\n\n\n\n<p>Observera att du \u00e4r den enda k\u00e4llan till information om dina personuppgifter. F\u00f6r att h\u00e5lla dina uppgifter uppdaterade och aktuella hela tiden i enlighet med principerna i kapitel II i GDPR, skulle vi uppskatta om du informerar v\u00e5r personuppgiftsansvarige om eventuella \u00e4ndringar av dina uppgifter genom att skicka ett e-postmeddelande till info@kiemmi.com.<\/p>\n\n\n\n<p>Den ber\u00f6rda personen kan n\u00e4r som helst \u00e4ndra eller radera de uppgifter som l\u00e4mnats, i enlighet med r\u00e4ttigheterna till \u00e5tkomst, r\u00e4ttelse, avbokning, inv\u00e4ndning, begr\u00e4nsning och portabilitet.<\/p>\n\n\n\n<h3 class=\"wp-block-heading\" id=\"menores-de-edad\">Minder\u00e5riga<\/h3>\n\n\n\n<p>Webbplatsen www.kiemmi.com riktar sig inte till minder\u00e5riga. Alla WEBBPLATSENS ANV\u00c4NDARE, KUNDER eller PARTNERS till webbplatsen och de erbjudna tj\u00e4nsterna m\u00e5ste vara myndiga. Om de inte \u00e4r det, kommer avtalet mellan KIEMMI och n\u00e4mnda anv\u00e4ndare eller klient att vara ogiltigt, och vi fr\u00e5ns\u00e4ger oss i vilket fall som helst allt ansvar som kan uppst\u00e5 till f\u00f6ljd av att detta krav inte f\u00f6ljs.<\/p>\n\n\n\n<h3 class=\"wp-block-heading\" id=\"encargados-del-tratamiento\">De som ansvarar f\u00f6r behandlingen<\/h3>\n\n\n\n<p>KIEMMI kr\u00e4ver samarbetspartners f\u00f6r vissa tj\u00e4nster. N\u00e4r dessa andra f\u00f6retag behandlar data i samband med tillhandah\u00e5llandet av dessa tj\u00e4nster kallas de enligt lagen f\u00f6r personuppgiftsbehandlare.<\/p>\n\n\n\n<p>F\u00f6r att tillhandah\u00e5lla v\u00e5ra tj\u00e4nster anv\u00e4nder vi externa leverant\u00f6rer inom EU\/EES som underleverant\u00f6rer som uppfyller alla skyldigheter och krav i denna integritetspolicy.<\/p>\n\n\n\n<p>F\u00f6ljande \u00e4r de listade leverant\u00f6rerna:<\/p>\n\n\n\n<ul class=\"wp-block-list\"><li>Molntj\u00e4nst: Servertj\u00e4nst<\/li><\/ul>\n\n\n\n<p>D\u00e4rf\u00f6r garanterar vi att dessa och andra underleverant\u00f6rer som kan komma att anlitas i framtiden uppfyller och kommer att uppfylla alla skyldigheter och krav i denna integritetspolicy.<\/p>\n\n\n\n<h3 class=\"wp-block-heading\" id=\"cesion-de-datos\">Data\u00f6verf\u00f6ring<\/h3>\n\n\n\n<p>Vi garanterar att vi inte kommer att \u00f6verf\u00f6ra anv\u00e4ndningen av dina uppgifter till tredje part f\u00f6r att skicka reklam till dig, och vi kommer endast att \u00f6verf\u00f6ra dina uppgifter till de personuppgiftsansvariga som vi har angett i f\u00f6reg\u00e5ende punkt, och endast f\u00f6r de \u00e4ndam\u00e5l som anges i varje enskilt fall.<\/p>\n\n\n\n<p>D\u00e4rf\u00f6r, i enlighet med artikel 13.1 punkt a) i GDPR, delar KIEMMI inte uppgifterna och har d\u00e4rf\u00f6r ingen mottagare av dem.<\/p>\n\n\n\n<h3 class=\"wp-block-heading\" id=\"derechos-en-el-tratamiento-de-datos-personales\">R\u00e4ttigheter vid behandling av personuppgifter<\/h3>\n\n\n\n<p>I enlighet med best\u00e4mmelserna i GDPR kan du n\u00e4r som helst kontakta KIEMMI, som personuppgiftsansvarig, i avsnittet <strong>Ansvarig f\u00f6r behandling av personuppgifter<\/strong> i denna integritetspolicy, f\u00f6r att ut\u00f6va dina r\u00e4ttigheter till \u00e5tkomst, r\u00e4ttelse, radering, inv\u00e4ndning, portabilitet och \u00e5terkallande av samtycke f\u00f6r dina personuppgifter som ing\u00e5r i v\u00e5ra register.<\/p>\n\n\n\n<p>A \u2013 R\u00e4tt att beg\u00e4ra tillg\u00e5ng till personuppgifter: du kan fr\u00e5ga oss om vi behandlar dina uppgifter, vilka specifika uppgifter, varifr\u00e5n vi h\u00e4mtade dem etc. Artikel 15 i GDPR.<\/p>\n\n\n\n<p>B - R\u00e4tt att beg\u00e4ra r\u00e4ttelse (om de \u00e4r felaktiga) eller radering (n\u00e4r personuppgifterna inte l\u00e4ngre \u00e4r n\u00f6dv\u00e4ndiga f\u00f6r de \u00e4ndam\u00e5l f\u00f6r vilka de samlades in). Artikel 16 GDPR.<\/p>\n\n\n\n<p>C - R\u00e4tt att beg\u00e4ra begr\u00e4nsning eller avbrytande av din behandling, i vilket fall de endast kommer att sparas av oss f\u00f6r att g\u00f6ra g\u00e4llande eller f\u00f6rsvara anspr\u00e5k. Artiklarna 17 och 18.<\/p>\n\n\n\n<p>D \u2013 R\u00e4tt att inv\u00e4nda mot behandling: Vi kommer att upph\u00f6ra med behandlingen av dina uppgifter p\u00e5 det s\u00e4tt du anger, s\u00e5vida det inte finns legitima sk\u00e4l till att vi m\u00e5ste forts\u00e4tta behandla dem. Artikel 21.<\/p>\n\n\n\n<p>E - R\u00e4tt till dataportabilitet: Om du \u00f6nskar att dina uppgifter ska behandlas av ett annat f\u00f6retag kommer vi att underl\u00e4tta portabiliteten av dina uppgifter till vilket annat f\u00f6retag du \u00e4n anger, i ett strukturerat, l\u00e4ttf\u00f6rst\u00e5eligt och automatiserat format. Artikel 20.<\/p>\n\n\n\n<p>Dessa r\u00e4ttigheter \u00e4r strikt personliga och kommer att ut\u00f6vas av den registrerade, s\u00e5vida de inte beviljar tillr\u00e4cklig fullmakt till en annan person. Den personuppgiftsansvarige kommer att svara p\u00e5 alla beg\u00e4randen om att ut\u00f6va dessa r\u00e4ttigheter inom tio dagar efter mottagandet av beg\u00e4ran. Om den personuppgiftsansvarige anser att beg\u00e4ran inte kan beviljas, kommer de att informera den registrerade om sk\u00e4len till detta inom den ovann\u00e4mnda tidsramen.<\/p>\n\n\n\n<p>Om du anser att det finns ett problem med hur vi hanterar dina uppgifter och du inte \u00e4r n\u00f6jd med svaret p\u00e5 din beg\u00e4ran kan du l\u00e4mna in ett klagom\u00e5l till den spanska dataskyddsmyndigheten (www.agpd.es). Du kan ocks\u00e5 l\u00e4mna in ett klagom\u00e5l till beh\u00f6rig r\u00e4ttslig myndighet om du anser det l\u00e4mpligt.<\/p>\n\n\n\n<h3 class=\"wp-block-heading\" id=\"tiempo-de-conservacion-de-los-datos\">Datalagringsperiod<\/h3>\n\n\n\n<p>I enlighet med skyldigheten i artikel 13.2.a) i GDPR informerar vi dig om lagringsperioderna f\u00f6r personuppgifter i varje enskilt fall:<\/p>\n\n\n\n<p>De personuppgifter som behandlas av KIEMMI kommer att sparas tills WEBBENHANDLAREN, KUNDEN eller PARTNERN meddelar oss att de \u00f6nskar avbryta behandlingen av uppgifterna.<\/p>\n\n\n\n<h3 class=\"wp-block-heading\" id=\"secreto-y-seguridad-de-los-datos\">Datasekretess och s\u00e4kerhet<\/h3>\n\n\n\n<p>I enlighet med best\u00e4mmelserna i artikel 32 i GDPR informerar KIEMMI dig om att de har implementerat n\u00f6dv\u00e4ndiga tekniska och organisatoriska s\u00e4kerhets\u00e5tg\u00e4rder f\u00f6r att f\u00f6rhindra alla risker som \u00e4r f\u00f6rknippade med de verksamheter och tj\u00e4nster som utf\u00f6rs av f\u00f6retaget, och f\u00f6r att garantera s\u00e4kerheten f\u00f6r dina personuppgifter och f\u00f6rhindra att de \u00e4ndras, f\u00f6rloras och obeh\u00f6rig behandlas och\/eller \u00e5tkommer, med h\u00e4nsyn till den aktuella tekniken, de lagrade uppgifternas art och de risker som de uts\u00e4tts f\u00f6r, oavsett om de h\u00e4rr\u00f6r fr\u00e5n m\u00e4nskliga \u00e5tg\u00e4rder eller den fysiska eller naturliga milj\u00f6n. KIEMMI \u00f6vervakar, kontrollerar och utv\u00e4rderar kontinuerligt de etablerade processerna f\u00f6r att s\u00e4kerst\u00e4lla respekten f\u00f6r dina uppgifters integritet. Dessa uppgifter samlas in fr\u00e5n anv\u00e4ndaren med hj\u00e4lp av HTTPS (Hypertext Transfer Protocol Secure), ett s\u00e4kerhetsprotokoll som m\u00f6jligg\u00f6r krypterad \u00f6verf\u00f6ring av data mellan webbplatsens server och anv\u00e4ndaren, och vice versa.<\/p>\n\n\n\n<p>KIEMMI har genomf\u00f6rt en riskanalys av behandlingen av personuppgifter och har kapacitet att garantera fortsatt sekretess, integritet, tillg\u00e4nglighet och motst\u00e5ndskraft hos behandlingssystem och tj\u00e4nster; f\u00f6rm\u00e5gan att snabbt \u00e5terst\u00e4lla tillg\u00e4ngligheten och \u00e5tkomsten till personuppgifter i h\u00e4ndelse av en fysisk eller teknisk incident; och en process f\u00f6r regelbunden verifiering, utv\u00e4rdering och bed\u00f6mning av effektiviteten hos tekniska och organisatoriska \u00e5tg\u00e4rder f\u00f6r att s\u00e4kerst\u00e4lla s\u00e4kerheten vid behandlingen.<\/p>\n\n\n\n<p>I enlighet med artiklarna 33 och 34 i GDPR garanterar KIEMMI att vid minsta intr\u00e5ng i systemen som kan leda till ett brott mot personuppgiftss\u00e4kerheten, kommer den personuppgiftsansvarige att underr\u00e4tta den spanska dataskyddsmyndigheten och de ber\u00f6rda parterna inom h\u00f6gst 72 timmar.<\/p>\n\n\n\n<h3 class=\"wp-block-heading\" id=\"hipervinculos\">Hyperl\u00e4nkar<\/h3>\n\n\n\n<p>\u00c4ven om vi kan inkludera l\u00e4nkar p\u00e5 v\u00e5r webbplats till andra webbplatser som inte drivs eller kontrolleras av KIEMMI, v\u00e4nligen observera att vi inte kan garantera eller ta ansvar f\u00f6r lagligheten, tillf\u00f6rlitligheten, anv\u00e4ndbarheten, riktigheten och aktualiteten hos inneh\u00e5llet p\u00e5 s\u00e5dana webbplatser. Innan du l\u00e4mnar dina personuppgifter till dessa webbplatser utanf\u00f6r KIEMMI, v\u00e4nligen granska d\u00e4rf\u00f6r deras integritetspraxis och var medveten om att den kan skilja sig fr\u00e5n v\u00e5r.<\/p>\n\n\n\n<h3 class=\"wp-block-heading\" id=\"usuarios-y-accesos-restringidos\">Begr\u00e4nsade anv\u00e4ndare och \u00e5tkomst<\/h3>\n\n\n\n<p>F\u00f6r att komma in i omr\u00e5den med begr\u00e4nsad \u00e5tkomst m\u00e5ste anv\u00e4ndare ha motsvarande \u00e5tkomstkoder.<br>KIEMMI f\u00f6rbeh\u00e5ller sig r\u00e4tten att fritt acceptera eller avvisa alla anv\u00e4ndares registreringsf\u00f6rfr\u00e5gningar. Uppgifterna som anges av anv\u00e4ndare m\u00e5ste vara korrekta, aktuella och sanningsenliga, och kommer att behandlas och hanteras i enlighet med g\u00e4llande lagstiftning om skydd av personuppgifter.<\/p>\n\n\n\n<p>Anv\u00e4ndare \u00e4r ansvariga f\u00f6r att skydda sina inloggningsuppgifter och \u00e4r ensamma ansvariga f\u00f6r eventuella skador som kan uppst\u00e5 till f\u00f6ljd av missbruk, f\u00f6rlust eller andra omst\u00e4ndigheter som kan utg\u00f6ra en risk f\u00f6r obeh\u00f6rig \u00e5tkomst eller anv\u00e4ndning av tredje part. Anv\u00e4ndare m\u00e5ste omedelbart meddela KIEMMI p\u00e5 den angivna kontaktadressen s\u00e5 att vi kan blockera och ers\u00e4tta inloggningsuppgifterna.<\/p>\n\n\n\n<h3 class=\"wp-block-heading\" id=\"cambios-en-la-politica-de-privacidad\">\u00c4ndringar i integritetspolicyn<\/h3>\n\n\n\n<p>KIEMMI f\u00f6rbeh\u00e5ller sig r\u00e4tten att \u00e4ndra sin integritetspolicy efter eget gottfinnande eller p\u00e5 grund av lagstiftnings-, r\u00e4ttsvetenskapliga eller doktrin\u00e4ra \u00e4ndringar fr\u00e5n den spanska dataskyddsmyndigheten. Eventuella \u00e4ndringar av integritetspolicyn kommer att publiceras p\u00e5 v\u00e5r webbplats.<\/p>","protected":false},"excerpt":{"rendered":"<p>Reglamento europeo de protecci\u00f3n de datos (RGPD) Te informamos expresamente de que este apartado est\u00e1 dirigido exclusivamente al tratamiento de [&hellip;]<\/p>\n","protected":false},"author":4,"featured_media":0,"parent":0,"menu_order":0,"comment_status":"closed","ping_status":"closed","template":"","meta":{"_seopress_robots_primary_cat":"0","_seopress_titles_title":"","_seopress_titles_desc":"","_seopress_robots_index":"yes","site-sidebar-layout":"default","site-content-layout":"","ast-site-content-layout":"default","site-content-style":"default","site-sidebar-style":"default","ast-global-header-display":"","ast-banner-title-visibility":"","ast-main-header-display":"","ast-hfb-above-header-display":"","ast-hfb-below-header-display":"","ast-hfb-mobile-header-display":"","site-post-title":"","ast-breadcrumbs-content":"","ast-featured-img":"","footer-sml-layout":"","ast-disable-related-posts":"","theme-transparent-header-meta":"","adv-header-id-meta":"","stick-header-meta":"","header-above-stick-meta":"","header-main-stick-meta":"","header-below-stick-meta":"","astra-migrate-meta-layouts":"default","ast-page-background-enabled":"default","ast-page-background-meta":{"desktop":{"background-color":"var(--ast-global-color-5)","background-image":"","background-repeat":"repeat","background-position":"center center","background-size":"auto","background-attachment":"scroll","background-type":"","background-media":"","overlay-type":"","overlay-color":"","overlay-opacity":"","overlay-gradient":""},"tablet":{"background-color":"","background-image":"","background-repeat":"repeat","background-position":"center center","background-size":"auto","background-attachment":"scroll","background-type":"","background-media":"","overlay-type":"","overlay-color":"","overlay-opacity":"","overlay-gradient":""},"mobile":{"background-color":"","background-image":"","background-repeat":"repeat","background-position":"center center","background-size":"auto","background-attachment":"scroll","background-type":"","background-media":"","overlay-type":"","overlay-color":"","overlay-opacity":"","overlay-gradient":""}},"ast-content-background-meta":{"desktop":{"background-color":"var(--ast-global-color-4)","background-image":"","background-repeat":"repeat","background-position":"center center","background-size":"auto","background-attachment":"scroll","background-type":"","background-media":"","overlay-type":"","overlay-color":"","overlay-opacity":"","overlay-gradient":""},"tablet":{"background-color":"var(--ast-global-color-4)","background-image":"","background-repeat":"repeat","background-position":"center center","background-size":"auto","background-attachment":"scroll","background-type":"","background-media":"","overlay-type":"","overlay-color":"","overlay-opacity":"","overlay-gradient":""},"mobile":{"background-color":"var(--ast-global-color-4)","background-image":"","background-repeat":"repeat","background-position":"center center","background-size":"auto","background-attachment":"scroll","background-type":"","background-media":"","overlay-type":"","overlay-color":"","overlay-opacity":"","overlay-gradient":""}},"footnotes":""},"class_list":["post-1777","page","type-page","status-publish","hentry"],"_links":{"self":[{"href":"https:\/\/craftjw.com\/sv\/wp-json\/wp\/v2\/pages\/1777","targetHints":{"allow":["GET"]}}],"collection":[{"href":"https:\/\/craftjw.com\/sv\/wp-json\/wp\/v2\/pages"}],"about":[{"href":"https:\/\/craftjw.com\/sv\/wp-json\/wp\/v2\/types\/page"}],"author":[{"embeddable":true,"href":"https:\/\/craftjw.com\/sv\/wp-json\/wp\/v2\/users\/4"}],"replies":[{"embeddable":true,"href":"https:\/\/craftjw.com\/sv\/wp-json\/wp\/v2\/comments?post=1777"}],"version-history":[{"count":1,"href":"https:\/\/craftjw.com\/sv\/wp-json\/wp\/v2\/pages\/1777\/revisions"}],"predecessor-version":[{"id":53042,"href":"https:\/\/craftjw.com\/sv\/wp-json\/wp\/v2\/pages\/1777\/revisions\/53042"}],"wp:attachment":[{"href":"https:\/\/craftjw.com\/sv\/wp-json\/wp\/v2\/media?parent=1777"}],"curies":[{"name":"wp","href":"https:\/\/api.w.org\/{rel}","templated":true}]}}