{"id":1598,"date":"2026-03-14T23:33:56","date_gmt":"2026-03-14T22:33:56","guid":{"rendered":"https:\/\/craftjw.com\/producto\/llavero-de-madera-personalizado-en-forma-de-pieza-de-puzzle-eres-una-pieza-importante-de-la-congregacion\/"},"modified":"2026-04-02T10:41:20","modified_gmt":"2026-04-02T08:41:20","slug":"breloc-personalizat-din-lemn-in-forma-de-piesa-de-puzzle-esti-o-parte-importanta-a-congregatiei","status":"publish","type":"product","link":"https:\/\/craftjw.com\/ro\/shop\/llaveros\/llavero-de-madera-personalizado-en-forma-de-pieza-de-puzzle-eres-una-pieza-importante-de-la-congregacion\/","title":{"rendered":"Breloc personalizat cu pies\u0103 de puzzle din lemn \u2013 \u201cE\u0219ti o parte important\u0103 a congrega\u021biei\u201d"},"content":{"rendered":"<p>Arat\u0103-\u021bi aprecierea \u0219i afec\u021biunea cu acest breloc frumos, gravat \u0219i t\u0103iat cu laser, \u00een form\u0103 de pies\u0103 de puzzle. Mesajul \u201cE\u0219ti o parte important\u0103 a congrega\u021biei\u201d eviden\u021biaz\u0103 valoarea \u0219i importan\u021ba fiec\u0103rei persoane din aceast\u0103 mare fr\u0103\u021bie.<\/p>\n<p><strong>Caracteristici cheie:<\/strong><br \/>\n\u2714 <strong>Design semnificativ:<\/strong> Forma sa de pies\u0103 de puzzle simbolizeaz\u0103 unitatea \u0219i sprijinul reciproc. Ideal ca \u0219i cadou pentru pionieri, b\u0103tr\u00e2ni, vestitori, prieteni sau orice frate sau sor\u0103 din congrega\u021bie.<br \/>\n\u2714 <strong>Personalizare total\u0103:<\/strong> Personaliza\u021bi at\u00e2t fa\u021ba, c\u00e2t \u0219i spatele cu nume, date sau mesaje speciale pentru a le face unice.<br \/>\n\u2714 <strong>Calitate superioar\u0103:<\/strong> Fabricat din lemn de \u00eenalt\u0103 calitate, cu gravur\u0103 precis\u0103 \u0219i un finisaj natural.<br \/>\n\u2714 <strong>Op\u021biune pentru cupluri:<\/strong> Perfect pentru nun\u021bi sau prieteni speciali, cre\u00e2nd seturi de piese care se potrivesc \u00eentre ele.<\/p>\n<p><strong>Un cadou cu semnifica\u021bie \u0219i valoare<\/strong><br \/>\nSurprinde-\u021bi cei dragi cu un cadou plin de simbolism \u0219i apreciere. Acest breloc este mai mult dec\u00e2t un simplu accesoriu: este o amintire constant\u0103 a valorii pe care fiecare persoan\u0103 o aduce \u00een via\u021ba ta.<\/p>\n<p><strong>Personalizeaz\u0103-l acum \u0219i creeaz\u0103 o amintire de neuitat. Comand\u0103-l ast\u0103zi!<\/strong><\/p>","protected":false},"excerpt":{"rendered":"<p>Acest breloc din lemn gravat \u0219i t\u0103iat cu laser, cu o pies\u0103 de puzzle, simbolizeaz\u0103 unitatea \u0219i valoarea individual\u0103 \u00een cadrul unei comunit\u0103\u021bi spirituale. Personaliza\u021bi-l pe ambele p\u0103r\u021bi cu nume, date sau mesaje speciale. Designul s\u0103u unic \u00eel face ideal pentru a fi oferit cadou pionierilor, b\u0103tr\u00e2nilor, fra\u021bilor \u0219i surorilor \u0219i cuplurilor c\u0103s\u0103torite, cre\u00e2nd piese care se \u00eembin\u0103 perfect. Fabricat din lemn de \u00eenalt\u0103 calitate, are o gravur\u0103 precis\u0103 \u0219i un finisaj natural. Este un cadou semnificativ care exprim\u0103 apreciere \u0219i creeaz\u0103 amintiri de durat\u0103.<\/p>","protected":false},"featured_media":1597,"template":"","meta":{"_seopress_robots_primary_cat":"none","_seopress_titles_title":"","_seopress_titles_desc":"Llavero puzzle de madera grabado. Regalo ideal para los hermanos de la congregaci\u00f3n. Personal\u00edzalo y crea un recuerdo inolvidable.","_seopress_robots_index":"","site-sidebar-layout":"default","site-content-layout":"","ast-site-content-layout":"default","site-content-style":"default","site-sidebar-style":"default","ast-global-header-display":"","ast-banner-title-visibility":"","ast-main-header-display":"","ast-hfb-above-header-display":"","ast-hfb-below-header-display":"","ast-hfb-mobile-header-display":"","site-post-title":"","ast-breadcrumbs-content":"","ast-featured-img":"","footer-sml-layout":"","ast-disable-related-posts":"","theme-transparent-header-meta":"default","adv-header-id-meta":"","stick-header-meta":"default","header-above-stick-meta":"","header-main-stick-meta":"","header-below-stick-meta":"","astra-migrate-meta-layouts":"set","ast-page-background-enabled":"default","ast-page-background-meta":{"desktop":{"background-color":"var(--ast-global-color-5)","background-image":"","background-repeat":"repeat","background-position":"center center","background-size":"auto","background-attachment":"scroll","background-type":"","background-media":"","overlay-type":"","overlay-color":"","overlay-opacity":"","overlay-gradient":""},"tablet":{"background-color":"","background-image":"","background-repeat":"repeat","background-position":"center center","background-size":"auto","background-attachment":"scroll","background-type":"","background-media":"","overlay-type":"","overlay-color":"","overlay-opacity":"","overlay-gradient":""},"mobile":{"background-color":"","background-image":"","background-repeat":"repeat","background-position":"center center","background-size":"auto","background-attachment":"scroll","background-type":"","background-media":"","overlay-type":"","overlay-color":"","overlay-opacity":"","overlay-gradient":""}},"ast-content-background-meta":{"desktop":{"background-color":"var(--ast-global-color-4)","background-image":"","background-repeat":"repeat","background-position":"center center","background-size":"auto","background-attachment":"scroll","background-type":"","background-media":"","overlay-type":"","overlay-color":"","overlay-opacity":"","overlay-gradient":""},"tablet":{"background-color":"var(--ast-global-color-4)","background-image":"","background-repeat":"repeat","background-position":"center center","background-size":"auto","background-attachment":"scroll","background-type":"","background-media":"","overlay-type":"","overlay-color":"","overlay-opacity":"","overlay-gradient":""},"mobile":{"background-color":"var(--ast-global-color-4)","background-image":"","background-repeat":"repeat","background-position":"center center","background-size":"auto","background-attachment":"scroll","background-type":"","background-media":"","overlay-type":"","overlay-color":"","overlay-opacity":"","overlay-gradient":""}}},"product_brand":[],"product_cat":[45],"product_tag":[],"class_list":{"0":"post-1598","1":"product","2":"type-product","3":"status-publish","4":"has-post-thumbnail","6":"product_cat-llaveros","7":"desktop-align-center","8":"tablet-align-left","9":"mobile-align-left","10":"ast-product-gallery-layout-horizontal-slider","11":"ast-product-tabs-layout-horizontal","12":"tm-has-options","14":"first","15":"instock","16":"taxable","17":"shipping-taxable","18":"purchasable","19":"product-type-simple"},"_links":{"self":[{"href":"https:\/\/craftjw.com\/ro\/wp-json\/wp\/v2\/product\/1598","targetHints":{"allow":["GET"]}}],"collection":[{"href":"https:\/\/craftjw.com\/ro\/wp-json\/wp\/v2\/product"}],"about":[{"href":"https:\/\/craftjw.com\/ro\/wp-json\/wp\/v2\/types\/product"}],"version-history":[{"count":1,"href":"https:\/\/craftjw.com\/ro\/wp-json\/wp\/v2\/product\/1598\/revisions"}],"predecessor-version":[{"id":53085,"href":"https:\/\/craftjw.com\/ro\/wp-json\/wp\/v2\/product\/1598\/revisions\/53085"}],"wp:featuredmedia":[{"embeddable":true,"href":"https:\/\/craftjw.com\/ro\/wp-json\/wp\/v2\/media\/1597"}],"wp:attachment":[{"href":"https:\/\/craftjw.com\/ro\/wp-json\/wp\/v2\/media?parent=1598"}],"wp:term":[{"taxonomy":"product_brand","embeddable":true,"href":"https:\/\/craftjw.com\/ro\/wp-json\/wp\/v2\/product_brand?post=1598"},{"taxonomy":"product_cat","embeddable":true,"href":"https:\/\/craftjw.com\/ro\/wp-json\/wp\/v2\/product_cat?post=1598"},{"taxonomy":"product_tag","embeddable":true,"href":"https:\/\/craftjw.com\/ro\/wp-json\/wp\/v2\/product_tag?post=1598"}],"curies":[{"name":"wp","href":"https:\/\/api.w.org\/{rel}","templated":true}]}}