{"id":1592,"date":"2026-03-14T23:33:50","date_gmt":"2026-03-14T22:33:50","guid":{"rendered":"https:\/\/craftjw.com\/producto\/llavero-3d-en-forma-de-cono-de-senalisacion-de-construccion-ldc-ldc-gift\/"},"modified":"2026-04-02T10:43:17","modified_gmt":"2026-04-02T08:43:17","slug":"breloc-3d-in-forma-de-con-de-constructie-cadou-ldc-ldc","status":"publish","type":"product","link":"https:\/\/craftjw.com\/ro\/shop\/llaveros\/llavero-3d-en-forma-de-cono-de-senalisacion-de-construccion-ldc-ldc-gift\/","title":{"rendered":"Breloc 3D \u00een form\u0103 de con de construc\u021bie LDC \u2013 LDC Gift"},"content":{"rendered":"<p>Acest breloc unic, \u00een form\u0103 de con, cu design 3D, este perfect pentru oricine este implicat \u00een proiecte de construc\u021bie sau renovare, \u00een special cele legate de dezvoltarea local\u0103. Datorit\u0103 op\u021biunii de personalizare a textului cu ini\u021biala destinatarului, devine un cadou unic \u0219i semnificativ pentru voluntarii care \u00ee\u0219i dedic\u0103 timpul \u0219i efortul.<\/p>\n<p>Fabricat \u00een Spania folosind imprimare 3D, acest breloc este o modalitate excelent\u0103 de a-\u021bi aminti \u0219i de a mul\u021bumi oamenilor pentru participarea lor la orice proiect. Surprinde-\u021bi colegii \u0219i prietenii cu un cadou practic \u0219i special!<\/p>\n<p><em><strong>Caracteristici:<\/strong><\/em><\/p>\n<ul>\n<li>\ud83d\udd28 <strong>Personalizare unic\u0103<\/strong>Po\u021bi ad\u0103uga ini\u021biala persoanei respective, transform\u00e2nd acest breloc \u00eentr-un cadou personalizat care va \u00eenc\u00e2nta pe oricine \u00eel prime\u0219te.<\/li>\n<li>\ud83c\udfd7\ufe0f <strong>Design de semn \u00een form\u0103 de con<\/strong>Un simbol emblematic pentru cei care lucreaz\u0103 \u00een construc\u021bii sau renov\u0103ri, ideal pentru a-\u0219i aminti acele momente de efort comun.<\/li>\n<li>\ud83d\udda8\ufe0f <strong>Fabricat \u00een Spania cu imprimare 3D<\/strong>Produs fabricat local cu tehnologie avansat\u0103, asigur\u00e2nd calitate \u0219i precizie \u00een fiecare detaliu.<\/li>\n<li>\ud83c\udf81 <strong>Ideal pentru un cadou<\/strong>Perfect ca \u0219i cadou pentru colegi \u0219i voluntari \u00een proiecte de construc\u021bii, \u00een special \u00een contextul unor renov\u0103ri majore.<\/li>\n<\/ul>\n<p>Acest breloc nu este doar un accesoriu practic, ci \u0219i o modalitate special\u0103 de a mul\u021bumi oamenilor pentru eforturile depuse \u00een proiectele de construc\u021bii \u0219i renovare.<\/p>","protected":false},"excerpt":{"rendered":"<p>Acest breloc \u00een form\u0103 de con de trafic, imprimat 3D, este un cadou ideal pentru voluntarii implica\u021bi \u00een proiecte de construc\u021bie sau renovare \u00een zonele mai pu\u021bin dezvoltate, deoarece poate fi personalizat cu ini\u021biala lor. Fabricat \u00een Spania prin imprimare 3D, se remarc\u0103 prin designul s\u0103u unic \u0219i de \u00eenalt\u0103 calitate. Simbolismul s\u0103u \u00eel face un cadou special \u0219i practic pentru cei implica\u021bi \u00een aceste proiecte. Este perfect pentru a surprinde \u0219i a mul\u021bumi colegilor \u0219i prietenilor pentru eforturile lor.<\/p>","protected":false},"featured_media":1591,"template":"","meta":{"_seopress_robots_primary_cat":"none","_seopress_titles_title":"","_seopress_titles_desc":"","_seopress_robots_index":"","site-sidebar-layout":"default","site-content-layout":"","ast-site-content-layout":"default","site-content-style":"default","site-sidebar-style":"default","ast-global-header-display":"","ast-banner-title-visibility":"","ast-main-header-display":"","ast-hfb-above-header-display":"","ast-hfb-below-header-display":"","ast-hfb-mobile-header-display":"","site-post-title":"","ast-breadcrumbs-content":"","ast-featured-img":"","footer-sml-layout":"","ast-disable-related-posts":"","theme-transparent-header-meta":"default","adv-header-id-meta":"","stick-header-meta":"default","header-above-stick-meta":"","header-main-stick-meta":"","header-below-stick-meta":"","astra-migrate-meta-layouts":"set","ast-page-background-enabled":"default","ast-page-background-meta":{"desktop":{"background-color":"var(--ast-global-color-5)","background-image":"","background-repeat":"repeat","background-position":"center center","background-size":"auto","background-attachment":"scroll","background-type":"","background-media":"","overlay-type":"","overlay-color":"","overlay-opacity":"","overlay-gradient":""},"tablet":{"background-color":"","background-image":"","background-repeat":"repeat","background-position":"center center","background-size":"auto","background-attachment":"scroll","background-type":"","background-media":"","overlay-type":"","overlay-color":"","overlay-opacity":"","overlay-gradient":""},"mobile":{"background-color":"","background-image":"","background-repeat":"repeat","background-position":"center center","background-size":"auto","background-attachment":"scroll","background-type":"","background-media":"","overlay-type":"","overlay-color":"","overlay-opacity":"","overlay-gradient":""}},"ast-content-background-meta":{"desktop":{"background-color":"var(--ast-global-color-4)","background-image":"","background-repeat":"repeat","background-position":"center center","background-size":"auto","background-attachment":"scroll","background-type":"","background-media":"","overlay-type":"","overlay-color":"","overlay-opacity":"","overlay-gradient":""},"tablet":{"background-color":"var(--ast-global-color-4)","background-image":"","background-repeat":"repeat","background-position":"center center","background-size":"auto","background-attachment":"scroll","background-type":"","background-media":"","overlay-type":"","overlay-color":"","overlay-opacity":"","overlay-gradient":""},"mobile":{"background-color":"var(--ast-global-color-4)","background-image":"","background-repeat":"repeat","background-position":"center center","background-size":"auto","background-attachment":"scroll","background-type":"","background-media":"","overlay-type":"","overlay-color":"","overlay-opacity":"","overlay-gradient":""}}},"product_brand":[],"product_cat":[45],"product_tag":[],"class_list":{"0":"post-1592","1":"product","2":"type-product","3":"status-publish","4":"has-post-thumbnail","6":"product_cat-llaveros","7":"desktop-align-center","8":"tablet-align-left","9":"mobile-align-left","10":"ast-product-gallery-layout-horizontal-slider","11":"ast-product-tabs-layout-horizontal","12":"tm-has-options","14":"first","15":"instock","16":"taxable","17":"shipping-taxable","18":"purchasable","19":"product-type-simple"},"_links":{"self":[{"href":"https:\/\/craftjw.com\/ro\/wp-json\/wp\/v2\/product\/1592","targetHints":{"allow":["GET"]}}],"collection":[{"href":"https:\/\/craftjw.com\/ro\/wp-json\/wp\/v2\/product"}],"about":[{"href":"https:\/\/craftjw.com\/ro\/wp-json\/wp\/v2\/types\/product"}],"version-history":[{"count":1,"href":"https:\/\/craftjw.com\/ro\/wp-json\/wp\/v2\/product\/1592\/revisions"}],"predecessor-version":[{"id":53086,"href":"https:\/\/craftjw.com\/ro\/wp-json\/wp\/v2\/product\/1592\/revisions\/53086"}],"wp:featuredmedia":[{"embeddable":true,"href":"https:\/\/craftjw.com\/ro\/wp-json\/wp\/v2\/media\/1591"}],"wp:attachment":[{"href":"https:\/\/craftjw.com\/ro\/wp-json\/wp\/v2\/media?parent=1592"}],"wp:term":[{"taxonomy":"product_brand","embeddable":true,"href":"https:\/\/craftjw.com\/ro\/wp-json\/wp\/v2\/product_brand?post=1592"},{"taxonomy":"product_cat","embeddable":true,"href":"https:\/\/craftjw.com\/ro\/wp-json\/wp\/v2\/product_cat?post=1592"},{"taxonomy":"product_tag","embeddable":true,"href":"https:\/\/craftjw.com\/ro\/wp-json\/wp\/v2\/product_tag?post=1592"}],"curies":[{"name":"wp","href":"https:\/\/api.w.org\/{rel}","templated":true}]}}