{"id":1576,"date":"2026-03-14T23:33:38","date_gmt":"2026-03-14T22:33:38","guid":{"rendered":"https:\/\/craftjw.com\/producto\/caja-organizadora-kit-de-ensenanza-jw\/"},"modified":"2026-04-01T08:18:52","modified_gmt":"2026-04-01T06:18:52","slug":"cutie-organizator-pentru-kit-de-predare-jw","status":"publish","type":"product","link":"https:\/\/craftjw.com\/ro\/shop\/varios-regalos\/caja-organizadora-kit-de-ensenanza-jw\/","title":{"rendered":"Cutie organizatoare pentru kit de predare JW"},"content":{"rendered":"<p>Transform\u0103-\u021bi biroul sau masa cu asta <strong>cutie organizator<\/strong> al\/a\/ale <strong>Trusa de predare JW<\/strong>. Perfect\u0103 pentru a v\u0103 p\u0103stra bunurile personale organizate, aceast\u0103 cutie combin\u0103 func\u021bionalitatea cu un design decorativ unic. Realizat\u0103 prin imprimare 3D, este ideal\u0103 pentru depozitarea rechizitelor de birou, cheilor \u0219i accesoriilor mici, ad\u0103ug\u00e2nd \u00een acela\u0219i timp o not\u0103 de stil oric\u0103rui spa\u021biu.<\/p>\n<p><em><strong>Caracteristici:<\/strong><\/em><\/p>\n<ul>\n<li>\ud83d\udd35\ud83d\udd34 <strong>Culori disponibile<\/strong>Albastru \u0219i ro\u0219u<\/li>\n<li><strong>\ud83d\udda8\ufe0f Material<\/strong>Plastic imprimat 3D de \u00eenalt\u0103 calitate<\/li>\n<li><strong>\ud83c\udf81 Utilizare versatil\u0103<\/strong>Ideal pentru birou, acas\u0103 sau ca \u0219i cadou<\/li>\n<li><strong>\ud83d\udda5\ufe0f Dimensiune compact\u0103<\/strong>Perfect pentru orice birou sau mas\u0103<\/li>\n<li><strong>\ud83d\udcd0 Dimensiuni<\/strong>120 mm lungime, 50 mm l\u0103\u021bime, 78,5 mm \u00een\u0103l\u021bime<\/li>\n<\/ul>\n<p>Nu rata ocazia de a-\u021bi \u00eembun\u0103t\u0103\u021bi organizarea cu stil. Comand\u0103 ast\u0103zi cutia ta organizatoare JW Teaching Kit \u0219i transform\u0103-\u021bi spa\u021biul!<\/p>","protected":false},"excerpt":{"rendered":"<p>Aceast\u0103 cutie organizatoare JW Teaching Kit, imprimat\u0103 3D, este ideal\u0103 pentru a v\u0103 p\u0103stra biroul ordonat \u0219i elegant. Disponibil\u0103 \u00een albastru \u0219i ro\u0219u, este fabricat\u0103 din plastic de \u00eenalt\u0103 calitate. Cu dimensiuni compacte de 120 mm lungime, 50 mm l\u0103\u021bime \u0219i 78,5 mm \u00een\u0103l\u021bime, este perfect\u0103 pentru depozitarea accesoriilor mici. Designul s\u0103u decorativ o face, de asemenea, un cadou excelent sau un accent decorativ pentru orice spa\u021biu.<\/p>","protected":false},"featured_media":1575,"template":"","meta":{"_seopress_robots_primary_cat":"","_seopress_titles_title":"","_seopress_titles_desc":"","_seopress_robots_index":"","site-sidebar-layout":"default","site-content-layout":"","ast-site-content-layout":"default","site-content-style":"default","site-sidebar-style":"default","ast-global-header-display":"","ast-banner-title-visibility":"","ast-main-header-display":"","ast-hfb-above-header-display":"","ast-hfb-below-header-display":"","ast-hfb-mobile-header-display":"","site-post-title":"","ast-breadcrumbs-content":"","ast-featured-img":"","footer-sml-layout":"","ast-disable-related-posts":"","theme-transparent-header-meta":"default","adv-header-id-meta":"","stick-header-meta":"default","header-above-stick-meta":"","header-main-stick-meta":"","header-below-stick-meta":"","astra-migrate-meta-layouts":"set","ast-page-background-enabled":"default","ast-page-background-meta":{"desktop":{"background-color":"var(--ast-global-color-5)","background-image":"","background-repeat":"repeat","background-position":"center center","background-size":"auto","background-attachment":"scroll","background-type":"","background-media":"","overlay-type":"","overlay-color":"","overlay-opacity":"","overlay-gradient":""},"tablet":{"background-color":"","background-image":"","background-repeat":"repeat","background-position":"center center","background-size":"auto","background-attachment":"scroll","background-type":"","background-media":"","overlay-type":"","overlay-color":"","overlay-opacity":"","overlay-gradient":""},"mobile":{"background-color":"","background-image":"","background-repeat":"repeat","background-position":"center center","background-size":"auto","background-attachment":"scroll","background-type":"","background-media":"","overlay-type":"","overlay-color":"","overlay-opacity":"","overlay-gradient":""}},"ast-content-background-meta":{"desktop":{"background-color":"var(--ast-global-color-4)","background-image":"","background-repeat":"repeat","background-position":"center center","background-size":"auto","background-attachment":"scroll","background-type":"","background-media":"","overlay-type":"","overlay-color":"","overlay-opacity":"","overlay-gradient":""},"tablet":{"background-color":"var(--ast-global-color-4)","background-image":"","background-repeat":"repeat","background-position":"center center","background-size":"auto","background-attachment":"scroll","background-type":"","background-media":"","overlay-type":"","overlay-color":"","overlay-opacity":"","overlay-gradient":""},"mobile":{"background-color":"var(--ast-global-color-4)","background-image":"","background-repeat":"repeat","background-position":"center center","background-size":"auto","background-attachment":"scroll","background-type":"","background-media":"","overlay-type":"","overlay-color":"","overlay-opacity":"","overlay-gradient":""}}},"product_brand":[46],"product_cat":[50],"product_tag":[],"class_list":{"0":"post-1576","1":"product","2":"type-product","3":"status-publish","4":"has-post-thumbnail","6":"product_brand-craft-jw","7":"product_cat-varios-regalos","8":"desktop-align-center","9":"tablet-align-left","10":"mobile-align-left","11":"ast-product-gallery-layout-horizontal-slider","12":"ast-product-tabs-layout-horizontal","13":"tm-has-options","15":"first","16":"instock","17":"taxable","18":"shipping-taxable","19":"purchasable","20":"product-type-simple"},"_links":{"self":[{"href":"https:\/\/craftjw.com\/ro\/wp-json\/wp\/v2\/product\/1576","targetHints":{"allow":["GET"]}}],"collection":[{"href":"https:\/\/craftjw.com\/ro\/wp-json\/wp\/v2\/product"}],"about":[{"href":"https:\/\/craftjw.com\/ro\/wp-json\/wp\/v2\/types\/product"}],"version-history":[{"count":1,"href":"https:\/\/craftjw.com\/ro\/wp-json\/wp\/v2\/product\/1576\/revisions"}],"predecessor-version":[{"id":53007,"href":"https:\/\/craftjw.com\/ro\/wp-json\/wp\/v2\/product\/1576\/revisions\/53007"}],"wp:featuredmedia":[{"embeddable":true,"href":"https:\/\/craftjw.com\/ro\/wp-json\/wp\/v2\/media\/1575"}],"wp:attachment":[{"href":"https:\/\/craftjw.com\/ro\/wp-json\/wp\/v2\/media?parent=1576"}],"wp:term":[{"taxonomy":"product_brand","embeddable":true,"href":"https:\/\/craftjw.com\/ro\/wp-json\/wp\/v2\/product_brand?post=1576"},{"taxonomy":"product_cat","embeddable":true,"href":"https:\/\/craftjw.com\/ro\/wp-json\/wp\/v2\/product_cat?post=1576"},{"taxonomy":"product_tag","embeddable":true,"href":"https:\/\/craftjw.com\/ro\/wp-json\/wp\/v2\/product_tag?post=1576"}],"curies":[{"name":"wp","href":"https:\/\/api.w.org\/{rel}","templated":true}]}}