{"id":1570,"date":"2026-03-14T23:33:33","date_gmt":"2026-03-14T22:33:33","guid":{"rendered":"https:\/\/craftjw.com\/producto\/libreta-personalizada-para-precursores-ancianos\/"},"modified":"2026-04-02T10:53:14","modified_gmt":"2026-04-02T08:53:14","slug":"caiet-personalizat-pentru-pionieri-varstnici","status":"publish","type":"product","link":"https:\/\/craftjw.com\/ro\/shop\/libretas\/libreta-personalizada-para-precursores-ancianos\/","title":{"rendered":"Caiet personalizat pentru pionieri\/b\u0103tr\u00e2ni"},"content":{"rendered":"<p>Descoper\u0103 caietul nostru personalizat pentru pionieri sau b\u0103tr\u00e2ni de congrega\u021bie!<\/p>\n<p>Cufund\u0103-te \u00een distinc\u021bie \u0219i autenticitate cu ajutorul caietului nostru rafinat de 80 de pagini, cu coper\u021bi din lemn gravate cu laser. Aceast\u0103 comoar\u0103 a elegan\u021bei este special conceput\u0103 pentru pionierii regulari \u0219i b\u0103tr\u00e2nii din congrega\u021bie.<\/p>\n<p><strong>Caracteristici cheie:<\/strong><\/p>\n<ul>\n<li><em>Personalizare dup\u0103 preferin\u021bele dumneavoastr\u0103:<\/em> Coperta este o p\u00e2nz\u0103 goal\u0103 care a\u0219teapt\u0103 atingerea ta personal\u0103. Po\u021bi grava cu laser un mesaj special. \u00cen plus, fiecare pagin\u0103 \u00ee\u021bi ofer\u0103 libertatea de a ad\u0103uga titluri personalizate, f\u0103c\u00e2nd caietul t\u0103u cu adev\u0103rat unic.<\/li>\n<li><em>80 de pagini de inspira\u021bie:<\/em> Cu un total de 80 de pagini, acest caiet este spa\u021biul t\u0103u sacru pentru reflec\u021bie, studiu biblic sau pur \u0219i simplu g\u00e2nduri zilnice. Fie ca fiecare pagin\u0103 s\u0103 spun\u0103 o poveste despre angajamentul \u0219i dedicarea ta.<\/li>\n<li><em>Cadou semnificativ:<\/em> Ideal pentru ocazii speciale, cum ar fi \u0219colile de pionieri, \u0219colile de b\u0103tr\u00e2ni sau \u0219colile de evanghelizare a \u00cemp\u0103r\u0103\u021biei. Este un dar care transcende h\u00e2rtia \u0219i devine o m\u0103rturie tangibil\u0103.<span style=\"font-size: 1rem;\">ofer\u0103-i apreciere \u0219i recunoa\u0219tere.<\/span><\/li>\n<li><em>Capace din lemn cu gravare laser:<\/em> M\u0103iestria prinde via\u021b\u0103 \u00een coper\u021bile din lemn, unde fiecare detaliu este meticulos gravat cu laser. Acesta nu este doar un caiet; este o oper\u0103 de art\u0103 care reflect\u0103 angajamentul t\u0103u.<\/li>\n<li><em>Elegan\u021b\u0103 atemporal\u0103:<\/em> Designul discret \u0219i atemporal al caietului evoc\u0103 seriozitatea \u0219i importan\u021ba serviciului dumneavoastr\u0103. Fie c\u0103 \u00eel folosi\u021bi pentru a nota experien\u021be, g\u00e2nduri sau reflec\u021bii, fiecare cuv\u00e2nt \u00ee\u0219i g\u0103se\u0219te un c\u0103min \u00een elegan\u021ba atemporal\u0103 a acestor pagini.<\/li>\n<li><em>Dimensiuni:<\/em>\n<ul>\n<li><em>Tapas:<\/em> 15,2 cm (l\u0103\u021bime) x 21,5 cm (\u00een\u0103l\u021bime) x 2,5 cm (grosime)<\/li>\n<li><em>Frunze:<\/em> Format A5 (14,8 cm l\u0103\u021bime x 21 cm \u00een\u0103l\u021bime)<\/li>\n<\/ul>\n<\/li>\n<\/ul>\n<p>Fie c\u0103 este pentru tine sau ca un cadou special, acest caiet poart\u0103 cu sine \u00eens\u0103\u0219i esen\u021ba a ceea ce \u00eenseamn\u0103 s\u0103 faci parte din congrega\u021bie.<\/p>","protected":false},"excerpt":{"rendered":"<p>Cufund\u0103-te \u00een elegan\u021ba atemporal\u0103 a caietului nostru personalizat cu coper\u021bi din lemn gravate cu laser, conceput pentru pionierii regula\u021bi \u0219i b\u0103tr\u00e2nii din congrega\u021bie. Cu 80 de pagini goale, acest caiet ofer\u0103 un spa\u021biu unic pentru a nota g\u00e2nduri \u0219i reflec\u021bii, permi\u021b\u00e2nd personalizarea complet\u0103 de la copert\u0103 p\u00e2n\u0103 la antetul fiec\u0103rei pagini. Reprezint\u0103 un cadou semnificativ pentru evenimente speciale ale congrega\u021biei, cum ar fi \u0219colile de pionieri, \u0219colile de b\u0103tr\u00e2ni sau instruirea evangheli\u0219tilor. Coper\u021bile din lemn gravate cu laser reflect\u0103 calitatea m\u0103iestriei, transform\u00e2nd acest caiet \u00eentr-o oper\u0103 de art\u0103 care transcende func\u021bia sa practic\u0103. Designul s\u0103u discret \u0219i atemporal reflect\u0103 seriozitatea \u0219i importan\u021ba angajamentului, f\u0103c\u00e2nd din acest caiet o dovad\u0103 tangibil\u0103 a devotamentului \u0219i a slujirii.<\/p>","protected":false},"featured_media":1569,"template":"","meta":{"_seopress_robots_primary_cat":"none","_seopress_titles_title":"Libreta personalizable de madera: Regalo ideal para precursores","_seopress_titles_desc":"Descubre una libreta \u00fanica con tapas de madera grabadas a l\u00e1ser, ideal para precursores y ancianos. Personaliza cada p\u00e1gina con tu estilo.","_seopress_robots_index":"","site-sidebar-layout":"default","site-content-layout":"","ast-site-content-layout":"default","site-content-style":"default","site-sidebar-style":"default","ast-global-header-display":"","ast-banner-title-visibility":"","ast-main-header-display":"","ast-hfb-above-header-display":"","ast-hfb-below-header-display":"","ast-hfb-mobile-header-display":"","site-post-title":"","ast-breadcrumbs-content":"","ast-featured-img":"","footer-sml-layout":"","ast-disable-related-posts":"","theme-transparent-header-meta":"default","adv-header-id-meta":"","stick-header-meta":"default","header-above-stick-meta":"","header-main-stick-meta":"","header-below-stick-meta":"","astra-migrate-meta-layouts":"set","ast-page-background-enabled":"default","ast-page-background-meta":{"desktop":{"background-color":"var(--ast-global-color-5)","background-image":"","background-repeat":"repeat","background-position":"center center","background-size":"auto","background-attachment":"scroll","background-type":"","background-media":"","overlay-type":"","overlay-color":"","overlay-opacity":"","overlay-gradient":""},"tablet":{"background-color":"","background-image":"","background-repeat":"repeat","background-position":"center center","background-size":"auto","background-attachment":"scroll","background-type":"","background-media":"","overlay-type":"","overlay-color":"","overlay-opacity":"","overlay-gradient":""},"mobile":{"background-color":"","background-image":"","background-repeat":"repeat","background-position":"center center","background-size":"auto","background-attachment":"scroll","background-type":"","background-media":"","overlay-type":"","overlay-color":"","overlay-opacity":"","overlay-gradient":""}},"ast-content-background-meta":{"desktop":{"background-color":"var(--ast-global-color-4)","background-image":"","background-repeat":"repeat","background-position":"center center","background-size":"auto","background-attachment":"scroll","background-type":"","background-media":"","overlay-type":"","overlay-color":"","overlay-opacity":"","overlay-gradient":""},"tablet":{"background-color":"var(--ast-global-color-4)","background-image":"","background-repeat":"repeat","background-position":"center center","background-size":"auto","background-attachment":"scroll","background-type":"","background-media":"","overlay-type":"","overlay-color":"","overlay-opacity":"","overlay-gradient":""},"mobile":{"background-color":"var(--ast-global-color-4)","background-image":"","background-repeat":"repeat","background-position":"center center","background-size":"auto","background-attachment":"scroll","background-type":"","background-media":"","overlay-type":"","overlay-color":"","overlay-opacity":"","overlay-gradient":""}}},"product_brand":[],"product_cat":[58],"product_tag":[],"class_list":{"0":"post-1570","1":"product","2":"type-product","3":"status-publish","4":"has-post-thumbnail","6":"product_cat-libretas","7":"desktop-align-center","8":"tablet-align-left","9":"mobile-align-left","10":"ast-product-gallery-layout-horizontal-slider","11":"ast-product-tabs-layout-horizontal","12":"tm-has-options","14":"first","15":"instock","16":"taxable","17":"shipping-taxable","18":"purchasable","19":"product-type-simple"},"_links":{"self":[{"href":"https:\/\/craftjw.com\/ro\/wp-json\/wp\/v2\/product\/1570","targetHints":{"allow":["GET"]}}],"collection":[{"href":"https:\/\/craftjw.com\/ro\/wp-json\/wp\/v2\/product"}],"about":[{"href":"https:\/\/craftjw.com\/ro\/wp-json\/wp\/v2\/types\/product"}],"version-history":[{"count":1,"href":"https:\/\/craftjw.com\/ro\/wp-json\/wp\/v2\/product\/1570\/revisions"}],"predecessor-version":[{"id":53000,"href":"https:\/\/craftjw.com\/ro\/wp-json\/wp\/v2\/product\/1570\/revisions\/53000"}],"wp:featuredmedia":[{"embeddable":true,"href":"https:\/\/craftjw.com\/ro\/wp-json\/wp\/v2\/media\/1569"}],"wp:attachment":[{"href":"https:\/\/craftjw.com\/ro\/wp-json\/wp\/v2\/media?parent=1570"}],"wp:term":[{"taxonomy":"product_brand","embeddable":true,"href":"https:\/\/craftjw.com\/ro\/wp-json\/wp\/v2\/product_brand?post=1570"},{"taxonomy":"product_cat","embeddable":true,"href":"https:\/\/craftjw.com\/ro\/wp-json\/wp\/v2\/product_cat?post=1570"},{"taxonomy":"product_tag","embeddable":true,"href":"https:\/\/craftjw.com\/ro\/wp-json\/wp\/v2\/product_tag?post=1570"}],"curies":[{"name":"wp","href":"https:\/\/api.w.org\/{rel}","templated":true}]}}