{"id":1560,"date":"2026-03-14T23:32:55","date_gmt":"2026-03-14T22:32:55","guid":{"rendered":"https:\/\/craftjw.com\/producto\/llavero-no-se-puede-silenciar-a-un-precursor\/"},"modified":"2026-04-02T10:56:20","modified_gmt":"2026-04-02T08:56:20","slug":"breloc-nu-poti-reduce-la-tacere-un-precursor","status":"publish","type":"product","link":"https:\/\/craftjw.com\/ro\/shop\/llaveros\/llavero-no-se-puede-silenciar-a-un-precursor\/","title":{"rendered":"Breloc \u201cNu po\u021bi t\u0103cea un pionier\u201d"},"content":{"rendered":"<p>Descoperi\u021bi brelocul nostru din lemn, o pies\u0103 unic\u0103 ce combin\u0103 m\u0103iestria fin\u0103 cu inspira\u021bia de zi cu zi! Acest breloc este t\u0103iat meticulos \u0219i gravat cu laser, eviden\u021biind calitatea lemnului \u0219i precizia designului. Fraza motiva\u021bional\u0103 \u201c<strong>Un pionier nu poate fi redus la t\u0103cere<\/strong>\u201dRezoneaz\u0103 puternic, oferind o \u00eencurajare constant\u0103 pionierilor regulari din congrega\u021bie sau celor care au obiectivul de a deveni pionieri.\u201d.<\/p>\n<p>Acesta nu este doar un breloc; este o amintire tangibil\u0103 a dedic\u0103rii \u0219i curajului celor care se str\u0103duiesc zi de zi \u00een domeniul pionierat. Gravura cu laser asigur\u0103 durabilitate \u0219i detalii deosebite, f\u0103c\u00e2nd din acest breloc un cadou excep\u021bional, care va dura o via\u021b\u0103 \u00eentreag\u0103.<\/p>\n<p>Produsele noastre sunt realizate \u00een \u00eentregime manual, ceea ce \u00eenseamn\u0103 c\u0103 fiecare breloc este realizat cu grij\u0103 manual. Aceast\u0103 not\u0103 unic\u0103 adaug\u0103 un farmec aparte, f\u0103c\u00e2nd fiecare pies\u0103 cu adev\u0103rat unic\u0103. \u00cen plus, garant\u0103m calitatea produselor noastre, asigur\u00e2ndu-ne c\u0103 acest breloc nu este doar uimitor din punct de vedere estetic, ci \u0219i durabil \u0219i rezistent.<\/p>\n<p>Transform\u0103 acest breloc din lemn \u00een cadoul perfect pentru lideri pasiona\u021bi sau aspiran\u021bi la pionieri. Comand\u0103-l ast\u0103zi \u0219i poart\u0103 cu tine o not\u0103 de inspira\u021bie \u0219i m\u0103iestrie \u00een fiecare zi!<\/p>\n<p><strong>Caracteristici:<\/strong><\/p>\n<ul>\n<li><em>Diametru:<\/em> 45 mm<\/li>\n<li><em>Grosime:<\/em> 3 mm<\/li>\n<\/ul>","protected":false},"excerpt":{"rendered":"<p>Descoperi\u021bi brelocul nostru din lemn gravat cu laser, o fuziune \u00eentre m\u0103iestrie \u0219i motiva\u021bie, cu inscrip\u021bia \u201cUn pionier nu poate fi redus la t\u0103cere\u201d. O reamintire tangibil\u0103 pentru pionierii obi\u0219nui\u021bi sau cei care aspir\u0103 s\u0103 devin\u0103 pioni, subliniind d\u0103ruirea \u0219i curajul. Fiecare breloc este unic, realizat manual cu gravare laser pentru o durabilitate \u0219i detalii excep\u021bionale.<\/p>","protected":false},"featured_media":1559,"template":"","meta":{"_seopress_robots_primary_cat":"none","_seopress_titles_title":"","_seopress_titles_desc":"","_seopress_robots_index":"","site-sidebar-layout":"default","site-content-layout":"","ast-site-content-layout":"default","site-content-style":"default","site-sidebar-style":"default","ast-global-header-display":"","ast-banner-title-visibility":"","ast-main-header-display":"","ast-hfb-above-header-display":"","ast-hfb-below-header-display":"","ast-hfb-mobile-header-display":"","site-post-title":"","ast-breadcrumbs-content":"","ast-featured-img":"","footer-sml-layout":"","ast-disable-related-posts":"","theme-transparent-header-meta":"default","adv-header-id-meta":"","stick-header-meta":"default","header-above-stick-meta":"","header-main-stick-meta":"","header-below-stick-meta":"","astra-migrate-meta-layouts":"set","ast-page-background-enabled":"default","ast-page-background-meta":{"desktop":{"background-color":"var(--ast-global-color-5)","background-image":"","background-repeat":"repeat","background-position":"center center","background-size":"auto","background-attachment":"scroll","background-type":"","background-media":"","overlay-type":"","overlay-color":"","overlay-opacity":"","overlay-gradient":""},"tablet":{"background-color":"","background-image":"","background-repeat":"repeat","background-position":"center center","background-size":"auto","background-attachment":"scroll","background-type":"","background-media":"","overlay-type":"","overlay-color":"","overlay-opacity":"","overlay-gradient":""},"mobile":{"background-color":"","background-image":"","background-repeat":"repeat","background-position":"center center","background-size":"auto","background-attachment":"scroll","background-type":"","background-media":"","overlay-type":"","overlay-color":"","overlay-opacity":"","overlay-gradient":""}},"ast-content-background-meta":{"desktop":{"background-color":"var(--ast-global-color-4)","background-image":"","background-repeat":"repeat","background-position":"center center","background-size":"auto","background-attachment":"scroll","background-type":"","background-media":"","overlay-type":"","overlay-color":"","overlay-opacity":"","overlay-gradient":""},"tablet":{"background-color":"var(--ast-global-color-4)","background-image":"","background-repeat":"repeat","background-position":"center center","background-size":"auto","background-attachment":"scroll","background-type":"","background-media":"","overlay-type":"","overlay-color":"","overlay-opacity":"","overlay-gradient":""},"mobile":{"background-color":"var(--ast-global-color-4)","background-image":"","background-repeat":"repeat","background-position":"center center","background-size":"auto","background-attachment":"scroll","background-type":"","background-media":"","overlay-type":"","overlay-color":"","overlay-opacity":"","overlay-gradient":""}}},"product_brand":[46],"product_cat":[45],"product_tag":[],"class_list":{"0":"post-1560","1":"product","2":"type-product","3":"status-publish","4":"has-post-thumbnail","6":"product_brand-craft-jw","7":"product_cat-llaveros","8":"desktop-align-center","9":"tablet-align-left","10":"mobile-align-left","11":"ast-product-gallery-layout-horizontal-slider","12":"ast-product-tabs-layout-horizontal","13":"tm-has-options","15":"first","16":"instock","17":"taxable","18":"shipping-taxable","19":"purchasable","20":"product-type-simple"},"_links":{"self":[{"href":"https:\/\/craftjw.com\/ro\/wp-json\/wp\/v2\/product\/1560","targetHints":{"allow":["GET"]}}],"collection":[{"href":"https:\/\/craftjw.com\/ro\/wp-json\/wp\/v2\/product"}],"about":[{"href":"https:\/\/craftjw.com\/ro\/wp-json\/wp\/v2\/types\/product"}],"version-history":[{"count":1,"href":"https:\/\/craftjw.com\/ro\/wp-json\/wp\/v2\/product\/1560\/revisions"}],"predecessor-version":[{"id":53009,"href":"https:\/\/craftjw.com\/ro\/wp-json\/wp\/v2\/product\/1560\/revisions\/53009"}],"wp:featuredmedia":[{"embeddable":true,"href":"https:\/\/craftjw.com\/ro\/wp-json\/wp\/v2\/media\/1559"}],"wp:attachment":[{"href":"https:\/\/craftjw.com\/ro\/wp-json\/wp\/v2\/media?parent=1560"}],"wp:term":[{"taxonomy":"product_brand","embeddable":true,"href":"https:\/\/craftjw.com\/ro\/wp-json\/wp\/v2\/product_brand?post=1560"},{"taxonomy":"product_cat","embeddable":true,"href":"https:\/\/craftjw.com\/ro\/wp-json\/wp\/v2\/product_cat?post=1560"},{"taxonomy":"product_tag","embeddable":true,"href":"https:\/\/craftjw.com\/ro\/wp-json\/wp\/v2\/product_tag?post=1560"}],"curies":[{"name":"wp","href":"https:\/\/api.w.org\/{rel}","templated":true}]}}