{"id":1554,"date":"2026-03-14T23:32:40","date_gmt":"2026-03-14T22:32:40","guid":{"rendered":"https:\/\/craftjw.com\/producto\/iman-de-madera-en-forma-de-biblia-texto-del-ano-2026\/"},"modified":"2026-04-02T10:58:16","modified_gmt":"2026-04-02T08:58:16","slug":"magnet-din-lemn-in-forma-de-biblie-cu-textul-din-anul-2026","status":"publish","type":"product","link":"https:\/\/craftjw.com\/ro\/shop\/imanes-de-nevera\/iman-de-madera-en-forma-de-biblia-texto-del-ano-2026\/","title":{"rendered":"Magnet Biblic din lemn \u2013 Textul anului 2026"},"content":{"rendered":"<p>Descoperi\u021bi esen\u021ba unic\u0103 a Bibliei sub forma unui magnet din lemn, fiecare gravat cu laser pentru a eviden\u021bia textul distinctiv al anului 2026. Disponibil\u0103 \u00een trei modele, aceast\u0103 pies\u0103 reprezint\u0103 un cadou ideal pentru membrii congrega\u021biei.<\/p>\n<p><strong>Caracteristici cheie:<\/strong><\/p>\n<ul>\n<li><em>Materiale de \u00eenalt\u0103 calitate:<\/em> Fabricat din lemn de calitate premium pentru o durabilitate \u0219i o elegan\u021b\u0103 excep\u021bionale.<\/li>\n<li><em>Gravur\u0103 laser precis\u0103:<\/em> Detalii fine \u0219i precise care eviden\u021biaz\u0103 \u00een mod unic frumuse\u021bea textului anului 2026.<\/li>\n<li><em>Dimensiuni:<\/em>\n<ul>\n<li><em>Modelul 1:<\/em> 8 cm l\u0103\u021bime x 5,5 cm \u00een\u0103l\u021bime<\/li>\n<li><em>Modelul 2:<\/em> 7,6 cm l\u0103\u021bime x 5,5 cm \u00een\u0103l\u021bime<\/li>\n<li><em>Modelul 3:<\/em> 8 cm \u00een\u0103l\u021bime x 5 cm \u00een\u0103l\u021bime<\/li>\n<\/ul>\n<\/li>\n<\/ul>\n<p><strong>Utiliz\u0103ri versatile:<\/strong> Acest magnet func\u021bional nu numai c\u0103 v\u0103 decoreaz\u0103 spa\u021biul, ci serve\u0219te \u0219i ca o amintire zilnic\u0103 a anului 2026.<\/p>\n<p>F\u0103 din acest magnet o expresie unic\u0103 a credin\u021bei tale \u0219i d\u0103ruie\u0219te-l fra\u021bilor \u0219i surorilor din congrega\u021bie.<\/p>","protected":false},"excerpt":{"rendered":"<p>Descoperi\u021bi unicitatea magne\u021bilor no\u0219tri biblici din lemn grava\u021bi cu laser, \u00eenso\u021bi\u021bi de textul comemorativ pentru anul 2026. Disponibili \u00een trei stiluri diferite, ace\u0219tia ofer\u0103 o expresie unic\u0103 a credin\u021bei \u0219i sunt cadoul perfect pentru membrii congrega\u021biei.<\/p>","protected":false},"featured_media":1553,"template":"","meta":{"_seopress_robots_primary_cat":"none","_seopress_titles_title":"%%title%% %%page%%","_seopress_titles_desc":"Descubre el im\u00e1n de madera con el texto del a\u00f1o 2026, un regalo elegante y duradero grabado con l\u00e1ser, ideal para los hermanos de la congregaci\u00f3n.","_seopress_robots_index":"","site-sidebar-layout":"default","site-content-layout":"","ast-site-content-layout":"default","site-content-style":"default","site-sidebar-style":"default","ast-global-header-display":"","ast-banner-title-visibility":"","ast-main-header-display":"","ast-hfb-above-header-display":"","ast-hfb-below-header-display":"","ast-hfb-mobile-header-display":"","site-post-title":"","ast-breadcrumbs-content":"","ast-featured-img":"","footer-sml-layout":"","ast-disable-related-posts":"","theme-transparent-header-meta":"default","adv-header-id-meta":"","stick-header-meta":"default","header-above-stick-meta":"","header-main-stick-meta":"","header-below-stick-meta":"","astra-migrate-meta-layouts":"set","ast-page-background-enabled":"default","ast-page-background-meta":{"desktop":{"background-color":"var(--ast-global-color-5)","background-image":"","background-repeat":"repeat","background-position":"center center","background-size":"auto","background-attachment":"scroll","background-type":"","background-media":"","overlay-type":"","overlay-color":"","overlay-opacity":"","overlay-gradient":""},"tablet":{"background-color":"","background-image":"","background-repeat":"repeat","background-position":"center center","background-size":"auto","background-attachment":"scroll","background-type":"","background-media":"","overlay-type":"","overlay-color":"","overlay-opacity":"","overlay-gradient":""},"mobile":{"background-color":"","background-image":"","background-repeat":"repeat","background-position":"center center","background-size":"auto","background-attachment":"scroll","background-type":"","background-media":"","overlay-type":"","overlay-color":"","overlay-opacity":"","overlay-gradient":""}},"ast-content-background-meta":{"desktop":{"background-color":"var(--ast-global-color-4)","background-image":"","background-repeat":"repeat","background-position":"center center","background-size":"auto","background-attachment":"scroll","background-type":"","background-media":"","overlay-type":"","overlay-color":"","overlay-opacity":"","overlay-gradient":""},"tablet":{"background-color":"var(--ast-global-color-4)","background-image":"","background-repeat":"repeat","background-position":"center center","background-size":"auto","background-attachment":"scroll","background-type":"","background-media":"","overlay-type":"","overlay-color":"","overlay-opacity":"","overlay-gradient":""},"mobile":{"background-color":"var(--ast-global-color-4)","background-image":"","background-repeat":"repeat","background-position":"center center","background-size":"auto","background-attachment":"scroll","background-type":"","background-media":"","overlay-type":"","overlay-color":"","overlay-opacity":"","overlay-gradient":""}}},"product_brand":[46],"product_cat":[47],"product_tag":[],"class_list":{"0":"post-1554","1":"product","2":"type-product","3":"status-publish","4":"has-post-thumbnail","6":"product_brand-craft-jw","7":"product_cat-imanes-de-nevera","8":"desktop-align-center","9":"tablet-align-left","10":"mobile-align-left","11":"ast-product-gallery-layout-horizontal-slider","12":"ast-product-tabs-layout-horizontal","13":"tm-has-options","15":"first","16":"instock","17":"taxable","18":"shipping-taxable","19":"purchasable","20":"product-type-simple"},"_links":{"self":[{"href":"https:\/\/craftjw.com\/ro\/wp-json\/wp\/v2\/product\/1554","targetHints":{"allow":["GET"]}}],"collection":[{"href":"https:\/\/craftjw.com\/ro\/wp-json\/wp\/v2\/product"}],"about":[{"href":"https:\/\/craftjw.com\/ro\/wp-json\/wp\/v2\/types\/product"}],"version-history":[{"count":1,"href":"https:\/\/craftjw.com\/ro\/wp-json\/wp\/v2\/product\/1554\/revisions"}],"predecessor-version":[{"id":53010,"href":"https:\/\/craftjw.com\/ro\/wp-json\/wp\/v2\/product\/1554\/revisions\/53010"}],"wp:featuredmedia":[{"embeddable":true,"href":"https:\/\/craftjw.com\/ro\/wp-json\/wp\/v2\/media\/1553"}],"wp:attachment":[{"href":"https:\/\/craftjw.com\/ro\/wp-json\/wp\/v2\/media?parent=1554"}],"wp:term":[{"taxonomy":"product_brand","embeddable":true,"href":"https:\/\/craftjw.com\/ro\/wp-json\/wp\/v2\/product_brand?post=1554"},{"taxonomy":"product_cat","embeddable":true,"href":"https:\/\/craftjw.com\/ro\/wp-json\/wp\/v2\/product_cat?post=1554"},{"taxonomy":"product_tag","embeddable":true,"href":"https:\/\/craftjw.com\/ro\/wp-json\/wp\/v2\/product_tag?post=1554"}],"curies":[{"name":"wp","href":"https:\/\/api.w.org\/{rel}","templated":true}]}}