{"id":1551,"date":"2026-03-14T23:32:34","date_gmt":"2026-03-14T22:32:34","guid":{"rendered":"https:\/\/craftjw.com\/producto\/cartel-no-molestar-para-puerta-en-forma-de-oveja\/"},"modified":"2026-04-01T08:19:34","modified_gmt":"2026-04-01T06:19:34","slug":"semn-de-usa-nu-deranjati-in-forma-de-oaie","status":"publish","type":"product","link":"https:\/\/craftjw.com\/ro\/shop\/varios-regalos\/cartel-no-molestar-para-puerta-en-forma-de-oveja\/","title":{"rendered":"Semn de u\u0219\u0103 \u201cNu deranja\u021bi\u201d \u00een form\u0103 de oaie"},"content":{"rendered":"<p>Asigura\u021bi momente de pace \u0219i concentrare pentru b\u0103tr\u00e2nii respecta\u021bi ai congrega\u021biei dumneavoastr\u0103 cu ingeniosul nostru semn cu o oaie \u201cNu deranja\u021bi\u201d! Acest semn din lemn, realizat meticulos, adaug\u0103 o not\u0103 de umor \u0219i originalitate oric\u0103rei u\u0219i.<\/p>\n<p>Complet personalizabil cu textul preferat, acest semn este solu\u021bia perfect\u0103 pentru momentele \u00een care b\u0103tr\u00e2nii congrega\u021biei doresc s\u0103 nu fie \u00eentrerup\u021bi \u00een timpul \u00eent\u00e2lnirilor importante. De asemenea, este un cadou distinctiv \u0219i atent pentru orice b\u0103tr\u00e2n din congrega\u021bie, ad\u0103ug\u00e2nd o not\u0103 de distrac\u021bie rutinei sale zilnice.<\/p>\n<p><em><strong>Caracteristici cheie:<\/strong><\/em><\/p>\n<ul>\n<li>Lucrat manual din lemn de calitate pentru a asigura durabilitatea.<\/li>\n<li>Op\u021biuni de personalizare disponibile cu mesajul dorit.<\/li>\n<li>Design fermec\u0103tor \u00een form\u0103 de oaie, ad\u0103ug\u00e2nd o not\u0103 de dr\u0103g\u0103l\u0103\u0219enie oric\u0103rei u\u0219i.<\/li>\n<li>Dimensiuni:\n<ul>\n<li>L\u0103\u021bime: 11,2 cm<\/li>\n<li>\u00cen\u0103l\u021bime: 24,7 cm<\/li>\n<li>Grosime: 3 mm<\/li>\n<\/ul>\n<\/li>\n<\/ul>\n<p>Oferi\u021bi acestor seniori respecta\u021bi spa\u021biul \u0219i lini\u0219tea de care au nevoie cu semnul nostru personalizabil \u201cNu deranja\u021bi\u201d! Un cadou practic \u0219i distractiv pentru membrii v\u00e2rstnici ai congrega\u021biei dumneavoastr\u0103 care pre\u021buiesc momentele de senin\u0103tate \u00een munca lor pastoral\u0103.<\/p>","protected":false},"excerpt":{"rendered":"<p>Indicatorul nostru \u00een form\u0103 de oaie cu textul \u201cNu deranja\u021bi\u201d, personalizabil cu textul ales de dvs., este conceput pentru b\u0103tr\u00e2nii congrega\u021biei, oferindu-le pace \u0219i lini\u0219te \u00een timpul \u0219edin\u021belor. Fabricat manual din lemn de calitate, adaug\u0103 o not\u0103 de umor \u0219i originalitate oric\u0103rei u\u0219i. Ideal ca \u0219i cadou unic, aduce momente de pace \u0219i senin\u0103tate b\u0103tr\u00e2nilor congrega\u021biei.<\/p>","protected":false},"featured_media":1550,"template":"","meta":{"_seopress_robots_primary_cat":"none","_seopress_titles_title":"","_seopress_titles_desc":"","_seopress_robots_index":"","site-sidebar-layout":"default","site-content-layout":"","ast-site-content-layout":"default","site-content-style":"default","site-sidebar-style":"default","ast-global-header-display":"","ast-banner-title-visibility":"","ast-main-header-display":"","ast-hfb-above-header-display":"","ast-hfb-below-header-display":"","ast-hfb-mobile-header-display":"","site-post-title":"","ast-breadcrumbs-content":"","ast-featured-img":"","footer-sml-layout":"","ast-disable-related-posts":"","theme-transparent-header-meta":"default","adv-header-id-meta":"","stick-header-meta":"default","header-above-stick-meta":"","header-main-stick-meta":"","header-below-stick-meta":"","astra-migrate-meta-layouts":"set","ast-page-background-enabled":"default","ast-page-background-meta":{"desktop":{"background-color":"var(--ast-global-color-5)","background-image":"","background-repeat":"repeat","background-position":"center center","background-size":"auto","background-attachment":"scroll","background-type":"","background-media":"","overlay-type":"","overlay-color":"","overlay-opacity":"","overlay-gradient":""},"tablet":{"background-color":"","background-image":"","background-repeat":"repeat","background-position":"center center","background-size":"auto","background-attachment":"scroll","background-type":"","background-media":"","overlay-type":"","overlay-color":"","overlay-opacity":"","overlay-gradient":""},"mobile":{"background-color":"","background-image":"","background-repeat":"repeat","background-position":"center center","background-size":"auto","background-attachment":"scroll","background-type":"","background-media":"","overlay-type":"","overlay-color":"","overlay-opacity":"","overlay-gradient":""}},"ast-content-background-meta":{"desktop":{"background-color":"var(--ast-global-color-4)","background-image":"","background-repeat":"repeat","background-position":"center center","background-size":"auto","background-attachment":"scroll","background-type":"","background-media":"","overlay-type":"","overlay-color":"","overlay-opacity":"","overlay-gradient":""},"tablet":{"background-color":"var(--ast-global-color-4)","background-image":"","background-repeat":"repeat","background-position":"center center","background-size":"auto","background-attachment":"scroll","background-type":"","background-media":"","overlay-type":"","overlay-color":"","overlay-opacity":"","overlay-gradient":""},"mobile":{"background-color":"var(--ast-global-color-4)","background-image":"","background-repeat":"repeat","background-position":"center center","background-size":"auto","background-attachment":"scroll","background-type":"","background-media":"","overlay-type":"","overlay-color":"","overlay-opacity":"","overlay-gradient":""}}},"product_brand":[46],"product_cat":[50],"product_tag":[],"class_list":{"0":"post-1551","1":"product","2":"type-product","3":"status-publish","4":"has-post-thumbnail","6":"product_brand-craft-jw","7":"product_cat-varios-regalos","8":"desktop-align-center","9":"tablet-align-left","10":"mobile-align-left","11":"ast-product-gallery-layout-horizontal-slider","12":"ast-product-tabs-layout-horizontal","13":"tm-has-options","15":"first","16":"instock","17":"taxable","18":"shipping-taxable","19":"purchasable","20":"product-type-simple"},"_links":{"self":[{"href":"https:\/\/craftjw.com\/ro\/wp-json\/wp\/v2\/product\/1551","targetHints":{"allow":["GET"]}}],"collection":[{"href":"https:\/\/craftjw.com\/ro\/wp-json\/wp\/v2\/product"}],"about":[{"href":"https:\/\/craftjw.com\/ro\/wp-json\/wp\/v2\/types\/product"}],"version-history":[{"count":1,"href":"https:\/\/craftjw.com\/ro\/wp-json\/wp\/v2\/product\/1551\/revisions"}],"predecessor-version":[{"id":53011,"href":"https:\/\/craftjw.com\/ro\/wp-json\/wp\/v2\/product\/1551\/revisions\/53011"}],"wp:featuredmedia":[{"embeddable":true,"href":"https:\/\/craftjw.com\/ro\/wp-json\/wp\/v2\/media\/1550"}],"wp:attachment":[{"href":"https:\/\/craftjw.com\/ro\/wp-json\/wp\/v2\/media?parent=1551"}],"wp:term":[{"taxonomy":"product_brand","embeddable":true,"href":"https:\/\/craftjw.com\/ro\/wp-json\/wp\/v2\/product_brand?post=1551"},{"taxonomy":"product_cat","embeddable":true,"href":"https:\/\/craftjw.com\/ro\/wp-json\/wp\/v2\/product_cat?post=1551"},{"taxonomy":"product_tag","embeddable":true,"href":"https:\/\/craftjw.com\/ro\/wp-json\/wp\/v2\/product_tag?post=1551"}],"curies":[{"name":"wp","href":"https:\/\/api.w.org\/{rel}","templated":true}]}}