{"id":1536,"date":"2026-03-14T23:31:47","date_gmt":"2026-03-14T22:31:47","guid":{"rendered":"https:\/\/craftjw.com\/producto\/carrito-de-literatura-jw-porta-boligrafos\/"},"modified":"2026-04-01T08:19:43","modified_gmt":"2026-04-01T06:19:43","slug":"suport-pentru-stilouri-cu-carucior-pentru-literatura-jw","status":"publish","type":"product","link":"https:\/\/craftjw.com\/ro\/shop\/varios-regalos\/carrito-de-literatura-jw-porta-boligrafos\/","title":{"rendered":"Suport pentru stilouri pentru c\u0103rucior JW Literature"},"content":{"rendered":"<p>Explora\u021bi m\u0103iestria excep\u021bional\u0103 a suportului nostru miniatural pentru pixuri din lemn pentru Martorii lui Iehova, inspirat de c\u0103ruciorul pentru literatur\u0103 folosit \u00een predicare. Acest suport fermec\u0103tor pentru pixuri este o lucrare meticuloas\u0103, realizat\u0103 manual cu t\u0103ieturi \u0219i gravuri laser precise.<\/p>\n<p>Disponibil\u0103 \u00een patru tonuri distinctive de lemn, fiecare pies\u0103 este vopsit\u0103 cu produse ecologice \u0219i l\u0103cuit\u0103 cu formule pe baz\u0103 de ap\u0103, garant\u00e2nd un finisaj ecologic \u0219i o durabilitate de neegalat.<\/p>\n<p>Personalizabil cu text gravat, acest c\u0103rucior are un compartiment \u00een spate perfect pentru depozitarea unit\u0103\u021bilor USB sau a altor obiecte de dimensiuni similare, ad\u0103ug\u00e2nd versatilitate aspectului s\u0103u decorativ. Este disponibil cu sau f\u0103r\u0103 pixuri.<\/p>\n<p>Cu designul s\u0103u elegant, acest suport pentru pixuri \u00eembun\u0103t\u0103\u021be\u0219te estetica biroului dumneavoastr\u0103 \u0219i devine un cadou ideal pentru pionierii regulari din congrega\u021bie, precum \u0219i pentru a fi oferit fra\u021bilor cu diverse ocazii \u0219i s\u0103rb\u0103tori.<\/p>\n<p>\u00cembun\u0103t\u0103\u021bi\u021bi prezentarea spa\u021biului dvs. de lucru cu acest c\u0103rucior JW \u00een miniatur\u0103, o pies\u0103 distinctiv\u0103 ce reflect\u0103 calitatea \u0219i m\u0103iestria.<\/p>\n<p><em><strong>Dimensiuni:<\/strong><\/em><\/p>\n<ul>\n<li>L\u0103\u021bime: 6,5 cm<\/li>\n<li>\u00cen\u0103l\u021bime: 17 cm<\/li>\n<\/ul>","protected":false},"excerpt":{"rendered":"<p>Descoperi\u021bi c\u0103ruciorul nostru miniatural din lemn pentru Martorii lui Iehova, inspirat de c\u0103ruciorul pentru literatur\u0103 folosit \u00een minister \u0219i realizat manual cu t\u0103ieturi laser precise. Personalizabil cu gravuri, are un compartiment versatil \u00een spate, ideal pentru depozitarea obiectelor mici pe birou. Este un cadou perfect pentru pionierii regulari sau pentru ocazii speciale \u00eentre fra\u021bi \u0219i surori, remarc\u00e2ndu-se prin designul s\u0103u rafinat \u0219i m\u0103iestria atent\u0103. Ridica\u021bi estetica spa\u021biului dvs. de lucru cu acest c\u0103rucior miniatural pentru Martorii lui Iehova, o pies\u0103 unic\u0103 ce \u00eembin\u0103 elegan\u021ba \u0219i func\u021bionalitatea.<\/p>","protected":false},"featured_media":1535,"template":"","meta":{"_seopress_robots_primary_cat":"none","_seopress_titles_title":"%%title%% %%page%%","_seopress_titles_desc":"","_seopress_robots_index":"","site-sidebar-layout":"default","site-content-layout":"","ast-site-content-layout":"default","site-content-style":"default","site-sidebar-style":"default","ast-global-header-display":"","ast-banner-title-visibility":"","ast-main-header-display":"","ast-hfb-above-header-display":"","ast-hfb-below-header-display":"","ast-hfb-mobile-header-display":"","site-post-title":"","ast-breadcrumbs-content":"","ast-featured-img":"","footer-sml-layout":"","ast-disable-related-posts":"","theme-transparent-header-meta":"default","adv-header-id-meta":"","stick-header-meta":"default","header-above-stick-meta":"","header-main-stick-meta":"","header-below-stick-meta":"","astra-migrate-meta-layouts":"set","ast-page-background-enabled":"default","ast-page-background-meta":{"desktop":{"background-color":"var(--ast-global-color-5)","background-image":"","background-repeat":"repeat","background-position":"center center","background-size":"auto","background-attachment":"scroll","background-type":"","background-media":"","overlay-type":"","overlay-color":"","overlay-opacity":"","overlay-gradient":""},"tablet":{"background-color":"","background-image":"","background-repeat":"repeat","background-position":"center center","background-size":"auto","background-attachment":"scroll","background-type":"","background-media":"","overlay-type":"","overlay-color":"","overlay-opacity":"","overlay-gradient":""},"mobile":{"background-color":"","background-image":"","background-repeat":"repeat","background-position":"center center","background-size":"auto","background-attachment":"scroll","background-type":"","background-media":"","overlay-type":"","overlay-color":"","overlay-opacity":"","overlay-gradient":""}},"ast-content-background-meta":{"desktop":{"background-color":"var(--ast-global-color-4)","background-image":"","background-repeat":"repeat","background-position":"center center","background-size":"auto","background-attachment":"scroll","background-type":"","background-media":"","overlay-type":"","overlay-color":"","overlay-opacity":"","overlay-gradient":""},"tablet":{"background-color":"var(--ast-global-color-4)","background-image":"","background-repeat":"repeat","background-position":"center center","background-size":"auto","background-attachment":"scroll","background-type":"","background-media":"","overlay-type":"","overlay-color":"","overlay-opacity":"","overlay-gradient":""},"mobile":{"background-color":"var(--ast-global-color-4)","background-image":"","background-repeat":"repeat","background-position":"center center","background-size":"auto","background-attachment":"scroll","background-type":"","background-media":"","overlay-type":"","overlay-color":"","overlay-opacity":"","overlay-gradient":""}}},"product_brand":[46],"product_cat":[50],"product_tag":[],"class_list":{"0":"post-1536","1":"product","2":"type-product","3":"status-publish","4":"has-post-thumbnail","6":"product_brand-craft-jw","7":"product_cat-varios-regalos","8":"desktop-align-center","9":"tablet-align-left","10":"mobile-align-left","11":"ast-product-gallery-layout-horizontal-slider","12":"ast-product-tabs-layout-horizontal","13":"tm-has-options","15":"first","16":"instock","17":"taxable","18":"shipping-taxable","19":"purchasable","20":"product-type-simple"},"_links":{"self":[{"href":"https:\/\/craftjw.com\/ro\/wp-json\/wp\/v2\/product\/1536","targetHints":{"allow":["GET"]}}],"collection":[{"href":"https:\/\/craftjw.com\/ro\/wp-json\/wp\/v2\/product"}],"about":[{"href":"https:\/\/craftjw.com\/ro\/wp-json\/wp\/v2\/types\/product"}],"version-history":[{"count":1,"href":"https:\/\/craftjw.com\/ro\/wp-json\/wp\/v2\/product\/1536\/revisions"}],"predecessor-version":[{"id":53012,"href":"https:\/\/craftjw.com\/ro\/wp-json\/wp\/v2\/product\/1536\/revisions\/53012"}],"wp:featuredmedia":[{"embeddable":true,"href":"https:\/\/craftjw.com\/ro\/wp-json\/wp\/v2\/media\/1535"}],"wp:attachment":[{"href":"https:\/\/craftjw.com\/ro\/wp-json\/wp\/v2\/media?parent=1536"}],"wp:term":[{"taxonomy":"product_brand","embeddable":true,"href":"https:\/\/craftjw.com\/ro\/wp-json\/wp\/v2\/product_brand?post=1536"},{"taxonomy":"product_cat","embeddable":true,"href":"https:\/\/craftjw.com\/ro\/wp-json\/wp\/v2\/product_cat?post=1536"},{"taxonomy":"product_tag","embeddable":true,"href":"https:\/\/craftjw.com\/ro\/wp-json\/wp\/v2\/product_tag?post=1536"}],"curies":[{"name":"wp","href":"https:\/\/api.w.org\/{rel}","templated":true}]}}