{"id":1529,"date":"2026-03-14T23:31:36","date_gmt":"2026-03-14T22:31:36","guid":{"rendered":"https:\/\/craftjw.com\/producto\/iman-de-nevera-de-madera-receta-del-precursor-regular-2\/"},"modified":"2026-04-02T11:02:03","modified_gmt":"2026-04-02T09:02:03","slug":"reteta-de-magnet-de-frigider-din-lemn-din-precursorul-obisnuit-2","status":"publish","type":"product","link":"https:\/\/craftjw.com\/ro\/shop\/imanes-de-nevera\/iman-de-nevera-de-madera-receta-del-precursor-regular-2\/","title":{"rendered":"Magnet de frigider din lemn \u2013 Re\u021bet\u0103 precursoare obi\u0219nuit\u0103"},"content":{"rendered":"<p>Magnet din lemn \u201cRe\u021bet\u0103 precursoare\u201d \u2013 O atingere inspiratoare pentru frigiderul t\u0103u<\/p>\n<p>Cau\u021bi un cadou semnificativ pentru cei care sunt piloni \u00een congrega\u021bie sau pentru cei care se str\u0103duiesc s\u0103 \u00ee\u0219i ating\u0103 obiectivele spirituale? Acest magnet din lemn este alegerea perfect\u0103.<\/p>\n<p><em><strong>Lucrat manual cu grij\u0103:<\/strong><\/em><\/p>\n<p>Acest magnet a fost realizat meticulos din lemn de \u00eenalt\u0103 calitate, cu gravuri precise \u0219i t\u0103ieturi laser care reflect\u0103 dedicarea \u0219i aten\u021bia la detalii. Fiecare pies\u0103 este unic\u0103 \u0219i reprezint\u0103 un cadou special.<\/p>\n<p><em><strong>Inspira\u021bie zilnic\u0103:<\/strong><\/em><\/p>\n<p>\u201cRe\u021beta precursorului\u201d gravat\u0103 pe acest magnet este mai mult dec\u00e2t o simpl\u0103 decora\u021biune pentru frigider. Este o amintire constant\u0103 a angajamentului \u0219i determin\u0103rii pe calea spiritual\u0103. \u00cei va inspira pe cei care \u00eel v\u0103d s\u0103 mearg\u0103 mai departe cu credin\u021b\u0103 \u0219i hot\u0103r\u00e2re.<\/p>\n<p>Pentru Pilonii Congrega\u021biei: Acest dar este un gest de apreciere pentru cei care au fost fundamentali pentru congrega\u021bie, onor\u00e2ndu-le dedicarea \u0219i slujirea. De asemenea, \u00eei motiveaz\u0103 pe cei care doresc s\u0103 ating\u0103 noi obiective spirituale.<\/p>\n<p><em><strong>Detalii produs:<\/strong><\/em><\/p>\n<ul>\n<li>Material: Lemn de \u00eenalt\u0103 calitate.<\/li>\n<li>Dimensiune: Perfect\u0103 pentru a fi a\u0219ezat\u0103 oriunde \u00een frigider.<\/li>\n<li>Design: Gravur\u0103 \u0219i t\u0103iere laser precis\u0103 pentru un aspect elegant \u0219i durabil.<\/li>\n<\/ul>\n<p><em><strong>Cadou semnificativ:<\/strong><\/em><\/p>\n<p>Fie c\u0103 este vorba de un pionier sau de un frate sau o sor\u0103 care aspir\u0103 s\u0103 devin\u0103 unul, acest magnet din lemn este un cadou plin de semnifica\u021bie \u0219i afec\u021biune. Este o modalitate tangibil\u0103 de a v\u0103 exprima aprecierea \u0219i \u00eencurajarea pentru eforturile \u0219i realiz\u0103rile lor spirituale.<\/p>\n<p>Transform\u0103 fiecare moment din buc\u0103t\u0103rie \u00eentr-o oportunitate de a te inspira \u0219i de a avansa pe calea ta spiritual\u0103 cu acest frumos magnet din lemn.<\/p>","protected":false},"excerpt":{"rendered":"<p>Magnetul din lemn \u201cRe\u021beta Pionierilor\u201d este un cadou semnificativ pentru cei dedica\u021bi obiectivelor spirituale. Realizat manual cu gravuri precise \u0219i t\u0103iere cu laser din lemn de \u00eenalt\u0103 calitate, acest magnet nu numai c\u0103 \u00eempodobe\u0219te frigiderul, dar serve\u0219te \u0219i ca o amintire zilnic\u0103 a angajamentului \u0219i determin\u0103rii din via\u021ba pionierilor. Este un gest ideal de apreciere pentru pionierii obi\u0219nui\u021bi din congrega\u021bie \u0219i o surs\u0103 de motiva\u021bie pentru cei care doresc s\u0103 ating\u0103 noi obiective. Cu designul s\u0103u elegant \u0219i durabil, acest cadou reprezint\u0103 un semn de apreciere pentru eforturile pionierilor, perfect pentru a inspira fiecare moment al vie\u021bii lor de zi cu zi.<\/p>","protected":false},"featured_media":1528,"template":"","meta":{"_seopress_robots_primary_cat":"none","_seopress_titles_title":"","_seopress_titles_desc":"","_seopress_robots_index":"","site-sidebar-layout":"default","site-content-layout":"","ast-site-content-layout":"default","site-content-style":"default","site-sidebar-style":"default","ast-global-header-display":"","ast-banner-title-visibility":"","ast-main-header-display":"","ast-hfb-above-header-display":"","ast-hfb-below-header-display":"","ast-hfb-mobile-header-display":"","site-post-title":"","ast-breadcrumbs-content":"","ast-featured-img":"","footer-sml-layout":"","ast-disable-related-posts":"","theme-transparent-header-meta":"default","adv-header-id-meta":"","stick-header-meta":"default","header-above-stick-meta":"","header-main-stick-meta":"","header-below-stick-meta":"","astra-migrate-meta-layouts":"set","ast-page-background-enabled":"default","ast-page-background-meta":{"desktop":{"background-color":"var(--ast-global-color-5)","background-image":"","background-repeat":"repeat","background-position":"center center","background-size":"auto","background-attachment":"scroll","background-type":"","background-media":"","overlay-type":"","overlay-color":"","overlay-opacity":"","overlay-gradient":""},"tablet":{"background-color":"","background-image":"","background-repeat":"repeat","background-position":"center center","background-size":"auto","background-attachment":"scroll","background-type":"","background-media":"","overlay-type":"","overlay-color":"","overlay-opacity":"","overlay-gradient":""},"mobile":{"background-color":"","background-image":"","background-repeat":"repeat","background-position":"center center","background-size":"auto","background-attachment":"scroll","background-type":"","background-media":"","overlay-type":"","overlay-color":"","overlay-opacity":"","overlay-gradient":""}},"ast-content-background-meta":{"desktop":{"background-color":"var(--ast-global-color-4)","background-image":"","background-repeat":"repeat","background-position":"center center","background-size":"auto","background-attachment":"scroll","background-type":"","background-media":"","overlay-type":"","overlay-color":"","overlay-opacity":"","overlay-gradient":""},"tablet":{"background-color":"var(--ast-global-color-4)","background-image":"","background-repeat":"repeat","background-position":"center center","background-size":"auto","background-attachment":"scroll","background-type":"","background-media":"","overlay-type":"","overlay-color":"","overlay-opacity":"","overlay-gradient":""},"mobile":{"background-color":"var(--ast-global-color-4)","background-image":"","background-repeat":"repeat","background-position":"center center","background-size":"auto","background-attachment":"scroll","background-type":"","background-media":"","overlay-type":"","overlay-color":"","overlay-opacity":"","overlay-gradient":""}}},"product_brand":[46],"product_cat":[47],"product_tag":[],"class_list":{"0":"post-1529","1":"product","2":"type-product","3":"status-publish","4":"has-post-thumbnail","6":"product_brand-craft-jw","7":"product_cat-imanes-de-nevera","8":"desktop-align-center","9":"tablet-align-left","10":"mobile-align-left","11":"ast-product-gallery-layout-horizontal-slider","12":"ast-product-tabs-layout-horizontal","13":"tm-has-options","15":"first","16":"instock","17":"taxable","18":"shipping-taxable","19":"purchasable","20":"product-type-simple"},"_links":{"self":[{"href":"https:\/\/craftjw.com\/ro\/wp-json\/wp\/v2\/product\/1529","targetHints":{"allow":["GET"]}}],"collection":[{"href":"https:\/\/craftjw.com\/ro\/wp-json\/wp\/v2\/product"}],"about":[{"href":"https:\/\/craftjw.com\/ro\/wp-json\/wp\/v2\/types\/product"}],"version-history":[{"count":2,"href":"https:\/\/craftjw.com\/ro\/wp-json\/wp\/v2\/product\/1529\/revisions"}],"predecessor-version":[{"id":53090,"href":"https:\/\/craftjw.com\/ro\/wp-json\/wp\/v2\/product\/1529\/revisions\/53090"}],"wp:featuredmedia":[{"embeddable":true,"href":"https:\/\/craftjw.com\/ro\/wp-json\/wp\/v2\/media\/1528"}],"wp:attachment":[{"href":"https:\/\/craftjw.com\/ro\/wp-json\/wp\/v2\/media?parent=1529"}],"wp:term":[{"taxonomy":"product_brand","embeddable":true,"href":"https:\/\/craftjw.com\/ro\/wp-json\/wp\/v2\/product_brand?post=1529"},{"taxonomy":"product_cat","embeddable":true,"href":"https:\/\/craftjw.com\/ro\/wp-json\/wp\/v2\/product_cat?post=1529"},{"taxonomy":"product_tag","embeddable":true,"href":"https:\/\/craftjw.com\/ro\/wp-json\/wp\/v2\/product_tag?post=1529"}],"curies":[{"name":"wp","href":"https:\/\/api.w.org\/{rel}","templated":true}]}}