{"id":1525,"date":"2026-03-14T23:31:31","date_gmt":"2026-03-14T22:31:31","guid":{"rendered":"https:\/\/craftjw.com\/producto\/porta-tarjetas-de-contacto-jw\/"},"modified":"2026-04-02T11:04:48","modified_gmt":"2026-04-02T09:04:48","slug":"suport-pentru-carduri-de-contact-jw","status":"publish","type":"product","link":"https:\/\/craftjw.com\/ro\/shop\/portatarjetas\/porta-tarjetas-de-contacto-jw\/","title":{"rendered":"Suport pentru carduri JW Contact"},"content":{"rendered":"<p>Descoper\u0103 suportul pentru c\u0103r\u021bi de vizit\u0103 din aluminiu JW!<\/p>\n<p>Acest suport din aluminiu pentru c\u0103r\u021bi de vizit\u0103 este conceput pentru a proteja \u0219i prezenta c\u0103r\u021bile de vizit\u0103 Martorilor dumneavoastr\u0103 \u00eentr-un mod elegant \u0219i personalizat. Disponibil \u00een mai multe culori vibrante \u0219i gravat cu laser cu precizie, acest accesoriu este ideal ca \u0219i cadou pentru \u0219coala de pionieri, cadou pentru b\u0103tr\u00e2nii congrega\u021biei sau ca suvenir special pentru proiectele LDC, conven\u021bii regionale, evenimente speciale etc.<\/p>\n<p>Caracteristici cheie:<\/p>\n<ul>\n<li>Fabricat din aluminiu rezistent \u0219i u\u0219or.<\/li>\n<li>Disponibil \u00een mai multe culori atractive.<\/li>\n<li>Gravur\u0103 personalizat\u0103 cu tehnologie laser.<\/li>\n<li>Perfect pentru c\u0103r\u021bile de vizit\u0103 JW.<\/li>\n<\/ul>\n<p>F\u0103-\u021bi cadourile mai semnificative \u0219i mai practice. Acest suport pentru carduri nu numai c\u0103 \u00ee\u021bi protejeaz\u0103 c\u0103r\u021bile de vizit\u0103, dar adaug\u0103 \u0219i o not\u0103 personalizat\u0103.<\/p>\n<p>Ad\u0103uga\u021bi o not\u0103 unic\u0103 cadourilor dvs. cu acest suport de carduri din aluminiu.<\/p>\n<p>Plaseaz\u0103 comanda ast\u0103zi \u0219i surprinde-i pe cei dragi cu acest cadou conceput special pentru ei!<\/p>","protected":false},"excerpt":{"rendered":"<p>Descoperi\u021bi suportul pentru c\u0103r\u021bi de vizit\u0103 din aluminiu gravat cu laser pentru c\u0103r\u021bile de vizit\u0103 JW! Disponibil \u00eentr-o varietate de culori vibrante, acest accesoriu este un cadou perfect pentru b\u0103tr\u00e2nii \u0219colii de pionieri \u0219i ai congrega\u021biei, precum \u0219i pentru conven\u021bii regionale, evenimente speciale \u0219i multe altele. Designul s\u0103u durabil \u0219i personalizat este ideal pentru protejarea \u0219i prezentarea elegant\u0103 a c\u0103r\u021bilor de vizit\u0103. Ad\u0103uga\u021bi o not\u0103 special\u0103 cadourilor dvs. cu acest suport de c\u0103r\u021bi versatil \u0219i distinctiv.<\/p>","protected":false},"featured_media":1524,"template":"","meta":{"_seopress_robots_primary_cat":"none","_seopress_titles_title":"%%title%% %%page%%","_seopress_titles_desc":"","_seopress_robots_index":"","site-sidebar-layout":"default","site-content-layout":"","ast-site-content-layout":"default","site-content-style":"default","site-sidebar-style":"default","ast-global-header-display":"","ast-banner-title-visibility":"","ast-main-header-display":"","ast-hfb-above-header-display":"","ast-hfb-below-header-display":"","ast-hfb-mobile-header-display":"","site-post-title":"","ast-breadcrumbs-content":"","ast-featured-img":"","footer-sml-layout":"","ast-disable-related-posts":"","theme-transparent-header-meta":"default","adv-header-id-meta":"","stick-header-meta":"default","header-above-stick-meta":"","header-main-stick-meta":"","header-below-stick-meta":"","astra-migrate-meta-layouts":"set","ast-page-background-enabled":"default","ast-page-background-meta":{"desktop":{"background-color":"var(--ast-global-color-5)","background-image":"","background-repeat":"repeat","background-position":"center center","background-size":"auto","background-attachment":"scroll","background-type":"","background-media":"","overlay-type":"","overlay-color":"","overlay-opacity":"","overlay-gradient":""},"tablet":{"background-color":"","background-image":"","background-repeat":"repeat","background-position":"center center","background-size":"auto","background-attachment":"scroll","background-type":"","background-media":"","overlay-type":"","overlay-color":"","overlay-opacity":"","overlay-gradient":""},"mobile":{"background-color":"","background-image":"","background-repeat":"repeat","background-position":"center center","background-size":"auto","background-attachment":"scroll","background-type":"","background-media":"","overlay-type":"","overlay-color":"","overlay-opacity":"","overlay-gradient":""}},"ast-content-background-meta":{"desktop":{"background-color":"var(--ast-global-color-4)","background-image":"","background-repeat":"repeat","background-position":"center center","background-size":"auto","background-attachment":"scroll","background-type":"","background-media":"","overlay-type":"","overlay-color":"","overlay-opacity":"","overlay-gradient":""},"tablet":{"background-color":"var(--ast-global-color-4)","background-image":"","background-repeat":"repeat","background-position":"center center","background-size":"auto","background-attachment":"scroll","background-type":"","background-media":"","overlay-type":"","overlay-color":"","overlay-opacity":"","overlay-gradient":""},"mobile":{"background-color":"var(--ast-global-color-4)","background-image":"","background-repeat":"repeat","background-position":"center center","background-size":"auto","background-attachment":"scroll","background-type":"","background-media":"","overlay-type":"","overlay-color":"","overlay-opacity":"","overlay-gradient":""}}},"product_brand":[46],"product_cat":[44,50],"product_tag":[],"class_list":{"0":"post-1525","1":"product","2":"type-product","3":"status-publish","4":"has-post-thumbnail","6":"product_brand-craft-jw","7":"product_cat-portatarjetas","8":"product_cat-varios-regalos","9":"desktop-align-center","10":"tablet-align-left","11":"mobile-align-left","12":"ast-product-gallery-layout-horizontal-slider","13":"ast-product-tabs-layout-horizontal","14":"tm-has-options","16":"first","17":"instock","18":"taxable","19":"shipping-taxable","20":"purchasable","21":"product-type-simple"},"_links":{"self":[{"href":"https:\/\/craftjw.com\/ro\/wp-json\/wp\/v2\/product\/1525","targetHints":{"allow":["GET"]}}],"collection":[{"href":"https:\/\/craftjw.com\/ro\/wp-json\/wp\/v2\/product"}],"about":[{"href":"https:\/\/craftjw.com\/ro\/wp-json\/wp\/v2\/types\/product"}],"version-history":[{"count":1,"href":"https:\/\/craftjw.com\/ro\/wp-json\/wp\/v2\/product\/1525\/revisions"}],"predecessor-version":[{"id":53014,"href":"https:\/\/craftjw.com\/ro\/wp-json\/wp\/v2\/product\/1525\/revisions\/53014"}],"wp:featuredmedia":[{"embeddable":true,"href":"https:\/\/craftjw.com\/ro\/wp-json\/wp\/v2\/media\/1524"}],"wp:attachment":[{"href":"https:\/\/craftjw.com\/ro\/wp-json\/wp\/v2\/media?parent=1525"}],"wp:term":[{"taxonomy":"product_brand","embeddable":true,"href":"https:\/\/craftjw.com\/ro\/wp-json\/wp\/v2\/product_brand?post=1525"},{"taxonomy":"product_cat","embeddable":true,"href":"https:\/\/craftjw.com\/ro\/wp-json\/wp\/v2\/product_cat?post=1525"},{"taxonomy":"product_tag","embeddable":true,"href":"https:\/\/craftjw.com\/ro\/wp-json\/wp\/v2\/product_tag?post=1525"}],"curies":[{"name":"wp","href":"https:\/\/api.w.org\/{rel}","templated":true}]}}