{"id":1522,"date":"2026-03-14T23:31:29","date_gmt":"2026-03-14T22:31:29","guid":{"rendered":"https:\/\/craftjw.com\/producto\/iman-de-nevera-de-madera-receta-del-precursor-regular\/"},"modified":"2026-04-02T11:05:47","modified_gmt":"2026-04-02T09:05:47","slug":"magnet-de-frigider-din-lemn-reteta-precursor-obisnuita","status":"publish","type":"product","link":"https:\/\/craftjw.com\/ro\/shop\/imanes-de-nevera\/iman-de-nevera-de-madera-receta-del-precursor-regular\/","title":{"rendered":"Magnet de frigider din lemn \u2013 Re\u021bet\u0103 precursoare obi\u0219nuit\u0103"},"content":{"rendered":"<p>Magnet de frigider din lemn, realizat manual, cu \u201cre\u021beta precursorului obi\u0219nuit\u201d.<br \/>\nUn cadou ideal pentru \u0219coala de pionieri.<br \/>\nEste posibil s\u0103 o face\u021bi \u00een orice limb\u0103, v\u0103 rug\u0103m s\u0103 ne contacta\u021bi \u00een prealabil.<br \/>\nPre\u021buri disponibile la volum mare, v\u0103 rug\u0103m s\u0103 ne contacta\u021bi \u00een prealabil.<\/p>\n<p><strong>Dimensiuni:<\/strong><\/p>\n<ul>\n<li>\u00cen\u0103l\u021bime: 9,5 cm<\/li>\n<li>L\u0103\u021bime: 5,5 cm<\/li>\n<li>Grosime: 0,5 cm<\/li>\n<\/ul>","protected":false},"excerpt":{"rendered":"<p>Magnet de frigider din lemn, realizat manual, cu \u201cre\u021beta precursorului obi\u0219nuit\u201d.<br \/>\nUn cadou ideal pentru \u0219coala de pionieri.<br \/>\nEste posibil s\u0103 o face\u021bi \u00een orice limb\u0103, v\u0103 rug\u0103m s\u0103 ne contacta\u021bi \u00een prealabil.<br \/>\nPre\u021buri disponibile la volum mare, v\u0103 rug\u0103m s\u0103 ne contacta\u021bi \u00een prealabil.<\/p>","protected":false},"featured_media":1521,"template":"","meta":{"_seopress_robots_primary_cat":"none","_seopress_titles_title":"%%title%% %%page%%","_seopress_titles_desc":"","_seopress_robots_index":"","site-sidebar-layout":"default","site-content-layout":"","ast-site-content-layout":"default","site-content-style":"default","site-sidebar-style":"default","ast-global-header-display":"","ast-banner-title-visibility":"","ast-main-header-display":"","ast-hfb-above-header-display":"","ast-hfb-below-header-display":"","ast-hfb-mobile-header-display":"","site-post-title":"","ast-breadcrumbs-content":"","ast-featured-img":"","footer-sml-layout":"","ast-disable-related-posts":"","theme-transparent-header-meta":"default","adv-header-id-meta":"","stick-header-meta":"default","header-above-stick-meta":"","header-main-stick-meta":"","header-below-stick-meta":"","astra-migrate-meta-layouts":"set","ast-page-background-enabled":"default","ast-page-background-meta":{"desktop":{"background-color":"var(--ast-global-color-5)","background-image":"","background-repeat":"repeat","background-position":"center center","background-size":"auto","background-attachment":"scroll","background-type":"","background-media":"","overlay-type":"","overlay-color":"","overlay-opacity":"","overlay-gradient":""},"tablet":{"background-color":"","background-image":"","background-repeat":"repeat","background-position":"center center","background-size":"auto","background-attachment":"scroll","background-type":"","background-media":"","overlay-type":"","overlay-color":"","overlay-opacity":"","overlay-gradient":""},"mobile":{"background-color":"","background-image":"","background-repeat":"repeat","background-position":"center center","background-size":"auto","background-attachment":"scroll","background-type":"","background-media":"","overlay-type":"","overlay-color":"","overlay-opacity":"","overlay-gradient":""}},"ast-content-background-meta":{"desktop":{"background-color":"var(--ast-global-color-4)","background-image":"","background-repeat":"repeat","background-position":"center center","background-size":"auto","background-attachment":"scroll","background-type":"","background-media":"","overlay-type":"","overlay-color":"","overlay-opacity":"","overlay-gradient":""},"tablet":{"background-color":"var(--ast-global-color-4)","background-image":"","background-repeat":"repeat","background-position":"center center","background-size":"auto","background-attachment":"scroll","background-type":"","background-media":"","overlay-type":"","overlay-color":"","overlay-opacity":"","overlay-gradient":""},"mobile":{"background-color":"var(--ast-global-color-4)","background-image":"","background-repeat":"repeat","background-position":"center center","background-size":"auto","background-attachment":"scroll","background-type":"","background-media":"","overlay-type":"","overlay-color":"","overlay-opacity":"","overlay-gradient":""}}},"product_brand":[46],"product_cat":[47],"product_tag":[],"class_list":{"0":"post-1522","1":"product","2":"type-product","3":"status-publish","4":"has-post-thumbnail","6":"product_brand-craft-jw","7":"product_cat-imanes-de-nevera","8":"desktop-align-center","9":"tablet-align-left","10":"mobile-align-left","11":"ast-product-gallery-layout-horizontal-slider","12":"ast-product-tabs-layout-horizontal","13":"tm-no-options","15":"first","16":"instock","17":"taxable","18":"shipping-taxable","19":"purchasable","20":"product-type-simple"},"_links":{"self":[{"href":"https:\/\/craftjw.com\/ro\/wp-json\/wp\/v2\/product\/1522","targetHints":{"allow":["GET"]}}],"collection":[{"href":"https:\/\/craftjw.com\/ro\/wp-json\/wp\/v2\/product"}],"about":[{"href":"https:\/\/craftjw.com\/ro\/wp-json\/wp\/v2\/types\/product"}],"version-history":[{"count":1,"href":"https:\/\/craftjw.com\/ro\/wp-json\/wp\/v2\/product\/1522\/revisions"}],"predecessor-version":[{"id":53015,"href":"https:\/\/craftjw.com\/ro\/wp-json\/wp\/v2\/product\/1522\/revisions\/53015"}],"wp:featuredmedia":[{"embeddable":true,"href":"https:\/\/craftjw.com\/ro\/wp-json\/wp\/v2\/media\/1521"}],"wp:attachment":[{"href":"https:\/\/craftjw.com\/ro\/wp-json\/wp\/v2\/media?parent=1522"}],"wp:term":[{"taxonomy":"product_brand","embeddable":true,"href":"https:\/\/craftjw.com\/ro\/wp-json\/wp\/v2\/product_brand?post=1522"},{"taxonomy":"product_cat","embeddable":true,"href":"https:\/\/craftjw.com\/ro\/wp-json\/wp\/v2\/product_cat?post=1522"},{"taxonomy":"product_tag","embeddable":true,"href":"https:\/\/craftjw.com\/ro\/wp-json\/wp\/v2\/product_tag?post=1522"}],"curies":[{"name":"wp","href":"https:\/\/api.w.org\/{rel}","templated":true}]}}