{"id":1516,"date":"2026-03-14T23:31:25","date_gmt":"2026-03-14T22:31:25","guid":{"rendered":"https:\/\/craftjw.com\/producto\/llavero-de-madera-para-escuela-precursor\/"},"modified":"2026-04-02T11:07:35","modified_gmt":"2026-04-02T09:07:35","slug":"breloc-din-lemn-pentru-scoala-de-pionieri","status":"publish","type":"product","link":"https:\/\/craftjw.com\/ro\/shop\/llaveros\/llavero-de-madera-para-escuela-precursor\/","title":{"rendered":"Breloc din lemn pentru \u0219coala precursoare"},"content":{"rendered":"<p>Descoperi\u021bi cadoul perfect care surprinde esen\u021ba dedic\u0103rii \u0219i angajamentului pionierilor \u0219i membrilor congrega\u021biei! Brelocul nostru din lemn gravat cu laser este o amintire unic\u0103 \u0219i semnificativ\u0103, ideal\u0103 pentru personalizarea \u0219i comemorarea momentelor speciale din via\u021ba celor care frecventeaz\u0103 \u0219coala de pionieri.<\/p>\n<p>Fabricat cu grij\u0103 din lemn de \u00eenalt\u0103 calitate \u0219i t\u0103iat cu precizie folosind tehnologie laser de ultim\u0103 genera\u021bie, fiecare breloc are un finisaj rafinat \u0219i detalii complexe. Cel mai important, pute\u021bi personaliza ambele p\u0103r\u021bi ale brelocului, permi\u021b\u00e2ndu-v\u0103 s\u0103 ad\u0103uga\u021bi nume, date, versete biblice sau orice mesaj special pe care dori\u021bi s\u0103 \u00eel \u00eemp\u0103rt\u0103\u0219i\u021bi cu fratele sau sora dvs. pionier.<\/p>\n<p>Designul elegant \u0219i discret al brelocului \u00eel face o pies\u0103 versatil\u0103 care \u00eei poate \u00eenso\u021bi pe cei dragi \u00een via\u021ba lor de zi cu zi. Este un cadou ideal pentru a s\u0103rb\u0103tori etape importante \u00een serviciul de pionier, cum ar fi atingerea obiectivelor de ore de predicare, anivers\u0103rile de botez sau participarea la \u0219coala de pionieri.<\/p>\n<p>Pe l\u00e2ng\u0103 faptul c\u0103 este un cadou minunat pentru pionieri, acest breloc personalizat este o alegere perfect\u0103 pentru orice ocazie special\u0103. Surprinde-\u021bi fratele sau sora pentru a-\u021bi exprima recuno\u0219tin\u021ba \u0219i afec\u021biunea \u00een orice perioad\u0103 a anului.<\/p>","protected":false},"excerpt":{"rendered":"<p>Descoperi\u021bi brelocul din lemn gravat cu laser, un cadou ideal pentru \u0218coala Pionierilor. Personalizare pe ambele p\u0103r\u021bi pentru nume \u0219i date speciale. Design elegant \u0219i durabil din lemn de \u00eenalt\u0103 calitate. Surprinde\u021bi \u0219i onora\u021bi Pionierii cu acest suvenir unic.<\/p>","protected":false},"featured_media":1515,"template":"","meta":{"_seopress_robots_primary_cat":"none","_seopress_titles_title":"","_seopress_titles_desc":"","_seopress_robots_index":"","site-sidebar-layout":"default","site-content-layout":"","ast-site-content-layout":"default","site-content-style":"default","site-sidebar-style":"default","ast-global-header-display":"","ast-banner-title-visibility":"","ast-main-header-display":"","ast-hfb-above-header-display":"","ast-hfb-below-header-display":"","ast-hfb-mobile-header-display":"","site-post-title":"","ast-breadcrumbs-content":"","ast-featured-img":"","footer-sml-layout":"","ast-disable-related-posts":"","theme-transparent-header-meta":"default","adv-header-id-meta":"","stick-header-meta":"default","header-above-stick-meta":"","header-main-stick-meta":"","header-below-stick-meta":"","astra-migrate-meta-layouts":"set","ast-page-background-enabled":"default","ast-page-background-meta":{"desktop":{"background-color":"var(--ast-global-color-5)","background-image":"","background-repeat":"repeat","background-position":"center center","background-size":"auto","background-attachment":"scroll","background-type":"","background-media":"","overlay-type":"","overlay-color":"","overlay-opacity":"","overlay-gradient":""},"tablet":{"background-color":"","background-image":"","background-repeat":"repeat","background-position":"center center","background-size":"auto","background-attachment":"scroll","background-type":"","background-media":"","overlay-type":"","overlay-color":"","overlay-opacity":"","overlay-gradient":""},"mobile":{"background-color":"","background-image":"","background-repeat":"repeat","background-position":"center center","background-size":"auto","background-attachment":"scroll","background-type":"","background-media":"","overlay-type":"","overlay-color":"","overlay-opacity":"","overlay-gradient":""}},"ast-content-background-meta":{"desktop":{"background-color":"var(--ast-global-color-4)","background-image":"","background-repeat":"repeat","background-position":"center center","background-size":"auto","background-attachment":"scroll","background-type":"","background-media":"","overlay-type":"","overlay-color":"","overlay-opacity":"","overlay-gradient":""},"tablet":{"background-color":"var(--ast-global-color-4)","background-image":"","background-repeat":"repeat","background-position":"center center","background-size":"auto","background-attachment":"scroll","background-type":"","background-media":"","overlay-type":"","overlay-color":"","overlay-opacity":"","overlay-gradient":""},"mobile":{"background-color":"var(--ast-global-color-4)","background-image":"","background-repeat":"repeat","background-position":"center center","background-size":"auto","background-attachment":"scroll","background-type":"","background-media":"","overlay-type":"","overlay-color":"","overlay-opacity":"","overlay-gradient":""}}},"product_brand":[46],"product_cat":[45],"product_tag":[],"class_list":{"0":"post-1516","1":"product","2":"type-product","3":"status-publish","4":"has-post-thumbnail","6":"product_brand-craft-jw","7":"product_cat-llaveros","8":"desktop-align-center","9":"tablet-align-left","10":"mobile-align-left","11":"ast-product-gallery-layout-horizontal-slider","12":"ast-product-gallery-with-no-image","13":"ast-product-tabs-layout-horizontal","14":"tm-has-options","16":"first","17":"instock","18":"taxable","19":"shipping-taxable","20":"purchasable","21":"product-type-simple"},"_links":{"self":[{"href":"https:\/\/craftjw.com\/ro\/wp-json\/wp\/v2\/product\/1516","targetHints":{"allow":["GET"]}}],"collection":[{"href":"https:\/\/craftjw.com\/ro\/wp-json\/wp\/v2\/product"}],"about":[{"href":"https:\/\/craftjw.com\/ro\/wp-json\/wp\/v2\/types\/product"}],"version-history":[{"count":1,"href":"https:\/\/craftjw.com\/ro\/wp-json\/wp\/v2\/product\/1516\/revisions"}],"predecessor-version":[{"id":53091,"href":"https:\/\/craftjw.com\/ro\/wp-json\/wp\/v2\/product\/1516\/revisions\/53091"}],"wp:featuredmedia":[{"embeddable":true,"href":"https:\/\/craftjw.com\/ro\/wp-json\/wp\/v2\/media\/1515"}],"wp:attachment":[{"href":"https:\/\/craftjw.com\/ro\/wp-json\/wp\/v2\/media?parent=1516"}],"wp:term":[{"taxonomy":"product_brand","embeddable":true,"href":"https:\/\/craftjw.com\/ro\/wp-json\/wp\/v2\/product_brand?post=1516"},{"taxonomy":"product_cat","embeddable":true,"href":"https:\/\/craftjw.com\/ro\/wp-json\/wp\/v2\/product_cat?post=1516"},{"taxonomy":"product_tag","embeddable":true,"href":"https:\/\/craftjw.com\/ro\/wp-json\/wp\/v2\/product_tag?post=1516"}],"curies":[{"name":"wp","href":"https:\/\/api.w.org\/{rel}","templated":true}]}}