{"id":1510,"date":"2026-03-14T23:31:21","date_gmt":"2026-03-14T22:31:21","guid":{"rendered":"https:\/\/craftjw.com\/producto\/portatarjetas-de-contacto-para-tarjetas-jw-para-carrito-de-literatura-expositor\/"},"modified":"2026-04-02T11:09:09","modified_gmt":"2026-04-02T09:09:09","slug":"suport-pentru-carduri-jw-pentru-afisarea-caruciorului-de-literatura","status":"publish","type":"product","link":"https:\/\/craftjw.com\/ro\/shop\/portatarjetas\/portatarjetas-de-contacto-para-tarjetas-jw-para-carrito-de-literatura-expositor\/","title":{"rendered":"Suport pentru carduri JW, pentru c\u0103rucior\/suport de prezentare a literaturii"},"content":{"rendered":"<p>\u021ai-ar pl\u0103cea s\u0103 ai un sistem eficient \u0219i atractiv pentru organizarea \u0219i afi\u0219area c\u0103r\u021bilor de vizit\u0103 JW?<br \/>\nAvem solu\u021bia perfect\u0103! Suportul nostru pentru carduri de contact JW este cea mai bun\u0103 modalitate de a v\u0103 p\u0103stra cardurile de contact organizate \u00een permanen\u021b\u0103.<\/p>\n<p>Acest suport pentru carduri de contact JW este disponibil \u00een dou\u0103 modele diferite, vertical \u0219i orizontal, pentru a se potrivi nevoilor dumneavoastr\u0103. Ambele modele dispun de cleme de montare flexibile, concepute pentru o fixare sigur\u0103 pe ecran. De asemenea, sunt foarte u\u0219or de ata\u0219at \u0219i de \u00eendep\u0103rtat, a\u0219a c\u0103 nu va trebui s\u0103 v\u0103 face\u021bi griji c\u0103 pierde\u021bi timpul cu instalarea.<\/p>\n<p>Calitatea suportului nostru pentru carduri de contact JW este de neegalat. Este fabricat din materiale de \u00eenalt\u0103 calitate care \u00eei asigur\u0103 durabilitatea \u0219i rezisten\u021ba la utilizarea zilnic\u0103. \u00cen plus, designul atractiv \u0219i elegant al suportului nostru pentru carduri de contact JW va ar\u0103ta grozav oriunde.<\/p>\n<p>Cu suportul nostru pentru carduri de vizit\u0103 JW, ve\u021bi avea un sistem eficient \u0219i atractiv pentru afi\u0219area c\u0103r\u021bilor de vizit\u0103 \u00een orice moment. Nu mai a\u0219tepta\u021bi pentru a \u00eembun\u0103t\u0103\u021bi organizarea \u0219i prezentarea c\u0103r\u021bilor de vizit\u0103! Comanda\u021bi suportul dumneavoastr\u0103 pentru carduri de vizit\u0103 JW chiar ast\u0103zi!<\/p>","protected":false},"excerpt":{"rendered":"<p>\u021ai-ar pl\u0103cea s\u0103 ai un sistem eficient \u0219i atractiv pentru organizarea \u0219i afi\u0219area c\u0103r\u021bilor de vizit\u0103 JW?<br \/>\nAvem solu\u021bia perfect\u0103! Suportul nostru pentru carduri de contact JW este cea mai bun\u0103 modalitate de a v\u0103 p\u0103stra cardurile de contact organizate \u00een permanen\u021b\u0103.<\/p>\n<p>Acest suport pentru carduri de contact JW este disponibil \u00een dou\u0103 modele diferite, vertical \u0219i orizontal, pentru a se potrivi nevoilor dumneavoastr\u0103. Ambele modele dispun de cleme de montare flexibile, concepute pentru o fixare sigur\u0103 pe ecran. De asemenea, sunt foarte u\u0219or de ata\u0219at \u0219i de \u00eendep\u0103rtat, a\u0219a c\u0103 nu va trebui s\u0103 v\u0103 face\u021bi griji c\u0103 pierde\u021bi timpul cu instalarea.<\/p>","protected":false},"featured_media":1509,"template":"","meta":{"_seopress_robots_primary_cat":"none","_seopress_titles_title":"%%title%%","_seopress_titles_desc":"","_seopress_robots_index":"","site-sidebar-layout":"default","site-content-layout":"","ast-site-content-layout":"default","site-content-style":"default","site-sidebar-style":"default","ast-global-header-display":"","ast-banner-title-visibility":"","ast-main-header-display":"","ast-hfb-above-header-display":"","ast-hfb-below-header-display":"","ast-hfb-mobile-header-display":"","site-post-title":"","ast-breadcrumbs-content":"","ast-featured-img":"","footer-sml-layout":"","ast-disable-related-posts":"","theme-transparent-header-meta":"default","adv-header-id-meta":"","stick-header-meta":"default","header-above-stick-meta":"","header-main-stick-meta":"","header-below-stick-meta":"","astra-migrate-meta-layouts":"set","ast-page-background-enabled":"default","ast-page-background-meta":{"desktop":{"background-color":"var(--ast-global-color-5)","background-image":"","background-repeat":"repeat","background-position":"center center","background-size":"auto","background-attachment":"scroll","background-type":"","background-media":"","overlay-type":"","overlay-color":"","overlay-opacity":"","overlay-gradient":""},"tablet":{"background-color":"","background-image":"","background-repeat":"repeat","background-position":"center center","background-size":"auto","background-attachment":"scroll","background-type":"","background-media":"","overlay-type":"","overlay-color":"","overlay-opacity":"","overlay-gradient":""},"mobile":{"background-color":"","background-image":"","background-repeat":"repeat","background-position":"center center","background-size":"auto","background-attachment":"scroll","background-type":"","background-media":"","overlay-type":"","overlay-color":"","overlay-opacity":"","overlay-gradient":""}},"ast-content-background-meta":{"desktop":{"background-color":"var(--ast-global-color-4)","background-image":"","background-repeat":"repeat","background-position":"center center","background-size":"auto","background-attachment":"scroll","background-type":"","background-media":"","overlay-type":"","overlay-color":"","overlay-opacity":"","overlay-gradient":""},"tablet":{"background-color":"var(--ast-global-color-4)","background-image":"","background-repeat":"repeat","background-position":"center center","background-size":"auto","background-attachment":"scroll","background-type":"","background-media":"","overlay-type":"","overlay-color":"","overlay-opacity":"","overlay-gradient":""},"mobile":{"background-color":"var(--ast-global-color-4)","background-image":"","background-repeat":"repeat","background-position":"center center","background-size":"auto","background-attachment":"scroll","background-type":"","background-media":"","overlay-type":"","overlay-color":"","overlay-opacity":"","overlay-gradient":""}}},"product_brand":[],"product_cat":[44],"product_tag":[],"class_list":{"0":"post-1510","1":"product","2":"type-product","3":"status-publish","4":"has-post-thumbnail","6":"product_cat-portatarjetas","7":"desktop-align-center","8":"tablet-align-left","9":"mobile-align-left","10":"ast-product-gallery-layout-horizontal-slider","11":"ast-product-tabs-layout-horizontal","12":"tm-has-options","14":"first","15":"instock","16":"taxable","17":"shipping-taxable","18":"purchasable","19":"product-type-simple"},"_links":{"self":[{"href":"https:\/\/craftjw.com\/ro\/wp-json\/wp\/v2\/product\/1510","targetHints":{"allow":["GET"]}}],"collection":[{"href":"https:\/\/craftjw.com\/ro\/wp-json\/wp\/v2\/product"}],"about":[{"href":"https:\/\/craftjw.com\/ro\/wp-json\/wp\/v2\/types\/product"}],"version-history":[{"count":1,"href":"https:\/\/craftjw.com\/ro\/wp-json\/wp\/v2\/product\/1510\/revisions"}],"predecessor-version":[{"id":53092,"href":"https:\/\/craftjw.com\/ro\/wp-json\/wp\/v2\/product\/1510\/revisions\/53092"}],"wp:featuredmedia":[{"embeddable":true,"href":"https:\/\/craftjw.com\/ro\/wp-json\/wp\/v2\/media\/1509"}],"wp:attachment":[{"href":"https:\/\/craftjw.com\/ro\/wp-json\/wp\/v2\/media?parent=1510"}],"wp:term":[{"taxonomy":"product_brand","embeddable":true,"href":"https:\/\/craftjw.com\/ro\/wp-json\/wp\/v2\/product_brand?post=1510"},{"taxonomy":"product_cat","embeddable":true,"href":"https:\/\/craftjw.com\/ro\/wp-json\/wp\/v2\/product_cat?post=1510"},{"taxonomy":"product_tag","embeddable":true,"href":"https:\/\/craftjw.com\/ro\/wp-json\/wp\/v2\/product_tag?post=1510"}],"curies":[{"name":"wp","href":"https:\/\/api.w.org\/{rel}","templated":true}]}}