{"id":1502,"date":"2026-03-14T23:31:14","date_gmt":"2026-03-14T22:31:14","guid":{"rendered":"https:\/\/craftjw.com\/producto\/pajarita-de-madera-personalizable\/"},"modified":"2026-04-02T11:12:28","modified_gmt":"2026-04-02T09:12:28","slug":"papion-din-lemn-personalizabil","status":"publish","type":"product","link":"https:\/\/craftjw.com\/ro\/shop\/moda\/pajarita-de-madera-personalizable\/","title":{"rendered":"Papion din lemn personalizabil"},"content":{"rendered":"<p>Dac\u0103 sunte\u021bi \u00een c\u0103utarea unui accesoriu original \u0219i ecologic pentru a v\u0103 completa \u021binuta, nu c\u0103uta\u021bi mai departe dec\u00e2t papioanele noastre din lemn lucrate manual, t\u0103iate cu laser \u0219i gravate. Fiecare papion este unic, personalizat conform specifica\u021biilor dumneavoastr\u0103 exacte \u00een ceea ce prive\u0219te designul \u0219i culorile bai\u021bului de lemn. Dori\u021bi un papion gravat cu laser cu ini\u021bialele dumneavoastr\u0103? Sau poate un model unic care s\u0103 reflecte personalitatea dumneavoastr\u0103? Posibilit\u0103\u021bile sunt nelimitate!<\/p>\n<p>Pe l\u00e2ng\u0103 faptul c\u0103 sunt personalizabile, papioanele noastre din lemn sunt fabricate din materiale ecologice \u0219i sustenabile. Lemnul provine din p\u0103duri europene gestionate sustenabil, ceea ce \u00eenseamn\u0103 c\u0103 achizi\u021biona\u021bi un produs responsabil. \u0218i, pentru c\u0103 ne pas\u0103 de durabilitatea papioanelor noastre, folosim produse ecologice pentru a l\u0103cui \u0219i proteja suprafa\u021ba, asigur\u00e2ndu-ne c\u0103 papionul dumneavoastr\u0103 va rezista mul\u021bi ani de acum \u00eenainte.<\/p>\n<p>Un papion din lemn este cadoul perfect pentru orice ocazie. Fie c\u0103 este pentru un prieten, un membru al familiei sau pentru tine, papionul nostru va face ca orice \u021binut\u0103 s\u0103 ias\u0103 \u00een eviden\u021b\u0103 prin originalitatea \u0219i stilul s\u0103u. Dac\u0103 pl\u0103nuie\u0219ti o nunt\u0103 sau orice alt eveniment, papioanele noastre pot fi alegerea perfect\u0103 pentru a ad\u0103uga o not\u0103 unic\u0103 \u0219i personal\u0103 \u021binutei tale.<\/p>\n<p>Fiecare papion din lemn pe care \u00eel confec\u021bion\u0103m este realizat manual \u0219i personalizat pentru dumneavoastr\u0103. Nu avem stoc, ceea ce \u00eenseamn\u0103 c\u0103 pute\u021bi fi siguri c\u0103 papionul dumneavoastr\u0103 este unic \u0219i produs cu o aten\u021bie de neegalat la detalii \u0219i calitate. Procesul nostru de fabrica\u021bie prin t\u0103iere \u0219i gravare cu laser ne permite s\u0103 cre\u0103m modele precise \u0219i detalii complexe, transform\u00e2nd fiecare papion \u00eentr-o adev\u0103rat\u0103 oper\u0103 de art\u0103.<\/p>\n<p>Pe scurt, papioanele noastre din lemn lucrate manual sunt alegerea perfect\u0103 pentru cei care caut\u0103 un accesoriu original \u0219i ecologic pentru \u021binuta lor. Cu op\u021biunea de a personaliza fiecare papion dup\u0103 preferin\u021bele dumneavoastr\u0103 \u0219i o calitate inegalabil\u0103, un papion din lemn este un cadou perfect pentru orice ocazie.<\/p>\n<p><strong>Caracteristici:<\/strong><\/p>\n<ul>\n<li>Material: Lemn natural<\/li>\n<li>Dimensiuni: 12cm x 5cm x 0,3cm<\/li>\n<\/ul>","protected":false},"excerpt":{"rendered":"<p>Papioanele noastre din lemn lucrate manual, t\u0103iate \u0219i gravate cu laser, completeaz\u0103 perfect orice \u021binut\u0103.<\/p>\n<p>Personalizabile \u00een ceea ce prive\u0219te designul \u0219i culorile bai\u021burilor de lemn, acestea reprezint\u0103 o alegere unic\u0103 \u0219i ecologic\u0103.<\/p>\n<p>Folosim produse ecologice pentru a l\u0103cui \u0219i proteja suprafa\u021ba, asigur\u00e2ndu-ne c\u0103 acestea rezista \u00een timp.<\/p>\n<p>Nu avem stoc; fiecare papion este realizat manual la comand\u0103, garant\u00e2nd o calitate inegalabil\u0103.<\/p>\n<p>F\u0103-\u021bi \u021binuta s\u0103 ias\u0103 \u00een eviden\u021b\u0103 cu un papion din lemn!<\/p>","protected":false},"featured_media":1501,"template":"","meta":{"_seopress_robots_primary_cat":"none","_seopress_titles_title":"Pajarita de madera: original, ecol\u00f3gica y personalizable","_seopress_titles_desc":"Destaca con nuestras pajaritas de madera \u00fanicas, ecol\u00f3gicas y personalizadas. Hechas a mano usando grabado l\u00e1ser para un estilo inigualable.","_seopress_robots_index":"","site-sidebar-layout":"default","site-content-layout":"","ast-site-content-layout":"default","site-content-style":"default","site-sidebar-style":"default","ast-global-header-display":"","ast-banner-title-visibility":"","ast-main-header-display":"","ast-hfb-above-header-display":"","ast-hfb-below-header-display":"","ast-hfb-mobile-header-display":"","site-post-title":"","ast-breadcrumbs-content":"","ast-featured-img":"","footer-sml-layout":"","ast-disable-related-posts":"","theme-transparent-header-meta":"default","adv-header-id-meta":"","stick-header-meta":"disabled","header-above-stick-meta":"","header-main-stick-meta":"on","header-below-stick-meta":"","astra-migrate-meta-layouts":"set","ast-page-background-enabled":"default","ast-page-background-meta":{"desktop":{"background-color":"var(--ast-global-color-5)","background-image":"","background-repeat":"repeat","background-position":"center center","background-size":"auto","background-attachment":"scroll","background-type":"","background-media":"","overlay-type":"","overlay-color":"","overlay-opacity":"","overlay-gradient":""},"tablet":{"background-color":"","background-image":"","background-repeat":"repeat","background-position":"center center","background-size":"auto","background-attachment":"scroll","background-type":"","background-media":"","overlay-type":"","overlay-color":"","overlay-opacity":"","overlay-gradient":""},"mobile":{"background-color":"","background-image":"","background-repeat":"repeat","background-position":"center center","background-size":"auto","background-attachment":"scroll","background-type":"","background-media":"","overlay-type":"","overlay-color":"","overlay-opacity":"","overlay-gradient":""}},"ast-content-background-meta":{"desktop":{"background-color":"var(--ast-global-color-4)","background-image":"","background-repeat":"repeat","background-position":"center center","background-size":"auto","background-attachment":"scroll","background-type":"","background-media":"","overlay-type":"","overlay-color":"","overlay-opacity":"","overlay-gradient":""},"tablet":{"background-color":"var(--ast-global-color-4)","background-image":"","background-repeat":"repeat","background-position":"center center","background-size":"auto","background-attachment":"scroll","background-type":"","background-media":"","overlay-type":"","overlay-color":"","overlay-opacity":"","overlay-gradient":""},"mobile":{"background-color":"var(--ast-global-color-4)","background-image":"","background-repeat":"repeat","background-position":"center center","background-size":"auto","background-attachment":"scroll","background-type":"","background-media":"","overlay-type":"","overlay-color":"","overlay-opacity":"","overlay-gradient":""}}},"product_brand":[],"product_cat":[42],"product_tag":[],"class_list":{"0":"post-1502","1":"product","2":"type-product","3":"status-publish","4":"has-post-thumbnail","6":"product_cat-moda","7":"desktop-align-center","8":"tablet-align-left","9":"mobile-align-left","10":"ast-product-gallery-layout-horizontal-slider","11":"ast-product-tabs-layout-horizontal","12":"tm-no-options","14":"first","15":"instock","16":"sale","17":"taxable","18":"shipping-taxable","19":"purchasable","20":"product-type-simple"},"_links":{"self":[{"href":"https:\/\/craftjw.com\/ro\/wp-json\/wp\/v2\/product\/1502","targetHints":{"allow":["GET"]}}],"collection":[{"href":"https:\/\/craftjw.com\/ro\/wp-json\/wp\/v2\/product"}],"about":[{"href":"https:\/\/craftjw.com\/ro\/wp-json\/wp\/v2\/types\/product"}],"version-history":[{"count":1,"href":"https:\/\/craftjw.com\/ro\/wp-json\/wp\/v2\/product\/1502\/revisions"}],"predecessor-version":[{"id":53093,"href":"https:\/\/craftjw.com\/ro\/wp-json\/wp\/v2\/product\/1502\/revisions\/53093"}],"wp:featuredmedia":[{"embeddable":true,"href":"https:\/\/craftjw.com\/ro\/wp-json\/wp\/v2\/media\/1501"}],"wp:attachment":[{"href":"https:\/\/craftjw.com\/ro\/wp-json\/wp\/v2\/media?parent=1502"}],"wp:term":[{"taxonomy":"product_brand","embeddable":true,"href":"https:\/\/craftjw.com\/ro\/wp-json\/wp\/v2\/product_brand?post=1502"},{"taxonomy":"product_cat","embeddable":true,"href":"https:\/\/craftjw.com\/ro\/wp-json\/wp\/v2\/product_cat?post=1502"},{"taxonomy":"product_tag","embeddable":true,"href":"https:\/\/craftjw.com\/ro\/wp-json\/wp\/v2\/product_tag?post=1502"}],"curies":[{"name":"wp","href":"https:\/\/api.w.org\/{rel}","templated":true}]}}