{"id":2226,"date":"2020-07-25T11:07:48","date_gmt":"2020-07-25T11:07:48","guid":{"rendered":"https:\/\/www.tks3d.com\/?page_id=2226"},"modified":"2026-04-01T08:53:48","modified_gmt":"2026-04-01T06:53:48","slug":"politica-privind-cookie-urile","status":"publish","type":"page","link":"https:\/\/craftjw.com\/ro\/politica-de-cookies\/","title":{"rendered":"Politica privind cookie-urile"},"content":{"rendered":"<p>\u00cen conformitate cu prevederile articolului 22.2 din Legea 34\/2002, din 11 iulie, privind serviciile societ\u0103\u021bii informa\u021bionale \u0219i comer\u021bul electronic, acest site web v\u0103 informeaz\u0103, \u00een aceast\u0103 sec\u021biune, despre&nbsp;<strong>politica de colectare \u0219i prelucrare a cookie-urilor<\/strong>.<\/p>\n\n\n\n<h4 class=\"wp-block-heading\">Ce sunt cookie-urile?<\/h4>\n\n\n\n<p>Un cookie este un fi\u0219ier care se descarc\u0103 pe computerul dvs. atunci c\u00e2nd accesa\u021bi anumite pagini web. Cookie-urile permit unui site web, printre altele, s\u0103 stocheze \u0219i s\u0103 recupereze informa\u021bii despre obiceiurile de navigare ale unui utilizator sau despre dispozitivul s\u0103u \u0219i, \u00een func\u021bie de informa\u021biile pe care le con\u021bin \u0219i de modul \u00een care utiliza\u021bi dispozitivul, acestea pot fi folosite pentru a recunoa\u0219te utilizatorul.<\/p>\n\n\n\n<h4 class=\"wp-block-heading\">Tipuri de cookie-uri \u0219i scopul acestora<\/h4>\n\n\n\n<p>C\u00e2nd naviga\u021bi pe acest site web, se utilizeaz\u0103 cookie-uri de sesiune, cookie-uri persistente, cookie-uri de analiz\u0103 \u0219i cookie-uri de personalizare:<\/p>\n\n\n\n<p><strong>Cookie-uri de sesiune:<\/strong>&nbsp;Aceste cookie-uri sunt concepute pentru a colecta \u0219i stoca date \u00een timp ce un utilizator acceseaz\u0103 un site web. De obicei, acestea sunt utilizate pentru a stoca informa\u021bii necesare doar pentru a furniza serviciul solicitat de utilizator cu o singur\u0103 ocazie.<\/p>\n\n\n\n<p><strong>Cookie-uri persistente:<\/strong>&nbsp;Acestea sunt un tip de cookie \u00een care datele r\u0103m\u00e2n stocate pe terminal \u0219i pot fi accesate \u0219i prelucrate pentru o perioad\u0103 definit\u0103 de c\u0103tre proprietarul cookie-ului, care poate varia de la c\u00e2teva minute p\u00e2n\u0103 la c\u00e2\u021biva ani.<\/p>\n\n\n\n<p><strong>Cookie-uri analitice<\/strong>Acestea sunt cookie-uri care, atunci c\u00e2nd sunt prelucrate corespunz\u0103tor de noi sau de ter\u021be p\u0103r\u021bi, ne permit s\u0103 cuantific\u0103m num\u0103rul de utilizatori \u0219i astfel s\u0103 efectu\u0103m analize statistice ale modului \u00een care utilizatorii utilizeaz\u0103 serviciul oferit. Aceasta implic\u0103 analizarea activit\u0103\u021bii dvs. de navigare pe site-ul nostru web pentru a \u00eembun\u0103t\u0103\u021bi produsele sau serviciile pe care vi le oferim.<\/p>\n\n\n\n<p><strong>Cookie-uri de personalizare<\/strong>Acestea sunt cele care permit utilizatorului s\u0103 acceseze serviciul cu ni\u0219te caracteristici generale predefinite bazate pe o serie de criterii \u00een terminalul utilizatorului, cum ar fi limba sau tipul de browser prin care se conecteaz\u0103 la serviciu.<\/p>\n\n\n\n<h4 class=\"wp-block-heading\">Actualiz\u0103ri \u0219i modific\u0103ri ale Politicii privind cookie-urile<\/h4>\n\n\n\n<p>KIEMMI \u00ee\u0219i rezerv\u0103 dreptul de a modifica aceast\u0103 Politic\u0103 privind cookie-urile \u00een func\u021bie de noi cerin\u021be legislative sau de reglementare sau pentru a adapta politica la instruc\u021biunile emise de Agen\u021bia Spaniol\u0103 pentru Protec\u021bia Datelor.<\/p>\n\n\n\n<p>Dac\u0103 dori\u021bi mai multe informa\u021bii despre modul \u00een care utiliz\u0103m cookie-urile, ne pute\u021bi trimite un e-mail la adresa info@tekniservice.com<\/p>","protected":false},"excerpt":{"rendered":"<p>En cumplimiento con lo dispuesto en el art\u00edculo 22.2 de la Ley 34\/2002, de 11 de julio, de Servicios de [&hellip;]<\/p>\n","protected":false},"author":4,"featured_media":0,"parent":0,"menu_order":0,"comment_status":"closed","ping_status":"closed","template":"","meta":{"_seopress_robots_primary_cat":"0","_seopress_titles_title":"","_seopress_titles_desc":"","_seopress_robots_index":"yes","site-sidebar-layout":"default","site-content-layout":"","ast-site-content-layout":"default","site-content-style":"default","site-sidebar-style":"default","ast-global-header-display":"","ast-banner-title-visibility":"","ast-main-header-display":"","ast-hfb-above-header-display":"","ast-hfb-below-header-display":"","ast-hfb-mobile-header-display":"","site-post-title":"","ast-breadcrumbs-content":"","ast-featured-img":"","footer-sml-layout":"","ast-disable-related-posts":"","theme-transparent-header-meta":"","adv-header-id-meta":"","stick-header-meta":"","header-above-stick-meta":"","header-main-stick-meta":"","header-below-stick-meta":"","astra-migrate-meta-layouts":"default","ast-page-background-enabled":"default","ast-page-background-meta":{"desktop":{"background-color":"var(--ast-global-color-5)","background-image":"","background-repeat":"repeat","background-position":"center center","background-size":"auto","background-attachment":"scroll","background-type":"","background-media":"","overlay-type":"","overlay-color":"","overlay-opacity":"","overlay-gradient":""},"tablet":{"background-color":"","background-image":"","background-repeat":"repeat","background-position":"center center","background-size":"auto","background-attachment":"scroll","background-type":"","background-media":"","overlay-type":"","overlay-color":"","overlay-opacity":"","overlay-gradient":""},"mobile":{"background-color":"","background-image":"","background-repeat":"repeat","background-position":"center center","background-size":"auto","background-attachment":"scroll","background-type":"","background-media":"","overlay-type":"","overlay-color":"","overlay-opacity":"","overlay-gradient":""}},"ast-content-background-meta":{"desktop":{"background-color":"var(--ast-global-color-4)","background-image":"","background-repeat":"repeat","background-position":"center center","background-size":"auto","background-attachment":"scroll","background-type":"","background-media":"","overlay-type":"","overlay-color":"","overlay-opacity":"","overlay-gradient":""},"tablet":{"background-color":"var(--ast-global-color-4)","background-image":"","background-repeat":"repeat","background-position":"center center","background-size":"auto","background-attachment":"scroll","background-type":"","background-media":"","overlay-type":"","overlay-color":"","overlay-opacity":"","overlay-gradient":""},"mobile":{"background-color":"var(--ast-global-color-4)","background-image":"","background-repeat":"repeat","background-position":"center center","background-size":"auto","background-attachment":"scroll","background-type":"","background-media":"","overlay-type":"","overlay-color":"","overlay-opacity":"","overlay-gradient":""}},"footnotes":""},"class_list":["post-2226","page","type-page","status-publish","hentry"],"_links":{"self":[{"href":"https:\/\/craftjw.com\/ro\/wp-json\/wp\/v2\/pages\/2226","targetHints":{"allow":["GET"]}}],"collection":[{"href":"https:\/\/craftjw.com\/ro\/wp-json\/wp\/v2\/pages"}],"about":[{"href":"https:\/\/craftjw.com\/ro\/wp-json\/wp\/v2\/types\/page"}],"author":[{"embeddable":true,"href":"https:\/\/craftjw.com\/ro\/wp-json\/wp\/v2\/users\/4"}],"replies":[{"embeddable":true,"href":"https:\/\/craftjw.com\/ro\/wp-json\/wp\/v2\/comments?post=2226"}],"version-history":[{"count":1,"href":"https:\/\/craftjw.com\/ro\/wp-json\/wp\/v2\/pages\/2226\/revisions"}],"predecessor-version":[{"id":53041,"href":"https:\/\/craftjw.com\/ro\/wp-json\/wp\/v2\/pages\/2226\/revisions\/53041"}],"wp:attachment":[{"href":"https:\/\/craftjw.com\/ro\/wp-json\/wp\/v2\/media?parent=2226"}],"curies":[{"name":"wp","href":"https:\/\/api.w.org\/{rel}","templated":true}]}}