{"id":1777,"date":"2020-07-24T07:11:47","date_gmt":"2020-07-24T07:11:47","guid":{"rendered":"https:\/\/www.tks3d.com\/?page_id=3"},"modified":"2026-04-01T08:53:54","modified_gmt":"2026-04-01T06:53:54","slug":"politica-de-confidentialitate","status":"publish","type":"page","link":"https:\/\/craftjw.com\/ro\/politica-de-privacidad\/","title":{"rendered":"Politica de confiden\u021bialitate"},"content":{"rendered":"<h3 class=\"wp-block-heading\" id=\"reglamento-europeo-de-proteccion-de-datos-rgpd\">Regulamentul general privind protec\u021bia datelor (RGPD) din Europa<\/h3>\n\n\n\n<p>V\u0103 inform\u0103m \u00een mod expres c\u0103 aceast\u0103 sec\u021biune vizeaz\u0103 exclusiv prelucrarea datelor pe care Emmanuel Kielichowski (denumit \u00een continuare KIEMMI) o va efectua asupra datelor cu caracter personal furnizate prin intermediul acestui site web, care vor fi \u00eencorporate \u00een fi\u0219ierele pe care vi le vom indica \u00een conformitate cu prevederile legisla\u021biei actuale privind protec\u021bia datelor cu caracter personal (REGULAMENTUL (UE) 2016\/679 AL PARLAMENTULUI EUROPEAN \u0218I AL CONSILIULUI din 27 aprilie 2016 privind protec\u021bia persoanelor fizice \u00een ceea ce prive\u0219te prelucrarea datelor cu caracter personal \u0219i privind libera circula\u021bie a acestor date, cu intrarea \u00een vigoare la 25 mai 2018, denumit \u00een continuare GDPR, precum \u0219i legisla\u021bia spaniol\u0103 care o dezvolt\u0103).<\/p>\n\n\n\n<h3 class=\"wp-block-heading\" id=\"conceptos\">Concepte<\/h3>\n\n\n\n<p>Defini\u021bii pe care le vom folosi \u00een aceast\u0103 Politic\u0103 de confiden\u021bialitate:<\/p>\n\n\n\n<ul class=\"wp-block-list\"><li>KIEMMI: Persoana Emmanuel Kielichowski, proprietarul acestui site web.<\/li><li>WEB: Se refer\u0103 la acest site web (www.kiemmi.com).<\/li><li>UTILIZATOR WEB: Utilizatorul site-ului web www.kiemmi.com<\/li><li>CLIENT: Utilizatorul care a contractat serviciile KIEMMI.<\/li><li>PARTENER: colaborator KIEMMI.<\/li><\/ul>\n\n\n\n<h3 class=\"wp-block-heading\" id=\"responsable-del-tratamiento-de-los-datos-personales\">Responsabil pentru prelucrarea datelor cu caracter personal<\/h3>\n\n\n\n<p>Proprietarul site-ului web www.kiemmi.com este Emmanuel Kielichowski, cu NIE: X2878559V, sediul social: C\/ Claveles, 4 \u2013 12600 Vall de Ux\u00f3, Castell\u00f3n, \u0219i adresa de e-mail: info@kiemmi.com<\/p>\n\n\n\n<p>\u00cen conformitate cu GDPR, v\u0103 inform\u0103m c\u0103 datele furnizate, precum \u0219i datele derivate din navigarea dvs., vor fi prelucrate \u0219i protejate de KIEMI, \u00een calitate de operator de date, \u0219i prelucrate \u00een scopul r\u0103spunderii la solicitarea dvs. \u0219i al men\u021binerii rela\u021biei stabilite \u00een contractul pe care \u00eel semna\u021bi sau l-a\u021bi semnat cu noi.<\/p>\n\n\n\n<h3 class=\"wp-block-heading\" id=\"principios-que-aplicamos-en-el-tratamiento-de-datos-personales\">Principii pe care le aplic\u0103m \u00een prelucrarea datelor cu caracter personal<\/h3>\n\n\n\n<p>\u00cen conformitate cu Capitolul II din GDPR \u0219i cu codurile de conduit\u0103 pentru prelucrarea datelor cu caracter personal, compania \u0219i procedurile noastre aplic\u0103 urm\u0103toarele principii \u00een ceea ce prive\u0219te prelucrarea datelor cu caracter personal pentru a p\u0103stra drepturile \u0219i libert\u0103\u021bile utilizatorilor:<\/p>\n\n\n\n<ul class=\"wp-block-list\"><li><strong>Date minime:<\/strong>&nbsp;Vom ob\u021bine \u0219i prelucra doar datele minime necesare pentru fiecare scop \u0219i categorie de persoane vizate \u00een cadrul prelucr\u0103rii.<\/li><li><strong>Legalitate \u0219i transparen\u021b\u0103:<\/strong> \u00cen prelucrarea datelor dumneavoastr\u0103, avem \u00eentotdeauna o baz\u0103 legitim\u0103 pentru utilizarea acestora: clientul a contractat serviciile noastre, utilizatorul \u0219i-a furnizat datele prin intermediul formularului de contact etc. \u0219i, \u00een toate cazurile, a formalizat contractul sau \u0219i-a dat consim\u021b\u0103m\u00e2ntul. \u0218i \u00eentotdeauna \u00een scopurile descrise \u00een acest document.<\/li><li><strong>Limitarea perioadei de stocare:<\/strong>&nbsp;Vom p\u0103stra datele pentru perioada minim\u0103 necesar\u0103, cu excep\u021bia cazului \u00een care solicita\u021bi \u0219tergerea lor \u00een prealabil.<\/li><li><strong>Confiden\u021bialitate \u0219i integritate:<\/strong>&nbsp;Garant\u0103m m\u0103suri adecvate de securitate a datelor cu caracter personal \u0219i confiden\u021bialitatea acestora.<\/li><\/ul>\n\n\n\n<h3 class=\"wp-block-heading\" id=\"veracidad-y-exactitud-de-los-datos-personales-facilitados\">Veritatea \u0219i exactitatea datelor cu caracter personal furnizate<\/h3>\n\n\n\n<p>UTILIZATORUL WEB, CLIENTUL sau PARTENERUL, ale c\u0103rui date vor fi prelucrate de c\u0103tre companie, garanteaz\u0103 c\u0103 datele furnizate sunt adev\u0103rate \u0219i exacte.<\/p>\n\n\n\n<p>Dac\u0103 a\u021bi furnizat date cu caracter personal ale unei alte persoane, garanta\u021bi c\u0103 acea persoan\u0103 a autorizat \u0219i \u0219i-a dat consim\u021b\u0103m\u00e2ntul s\u0103 ne furnizeze aceste date \u0219i c\u0103 v\u0103 asuma\u021bi toate responsabilit\u0103\u021bile care decurg din utilizarea \u0219i prelucrarea acelor date, \u00een cazul \u00een care nu de\u021bine\u021bi o astfel de autoriza\u021bie.<\/p>\n\n\n\n<p>V\u0103 rug\u0103m s\u0103 re\u021bine\u021bi c\u0103 sunte\u021bi singura surs\u0103 de informa\u021bii cu privire la datele dumneavoastr\u0103 cu caracter personal. Prin urmare, pentru a v\u0103 men\u021bine datele actualizate \u0219i actuale \u00een permanen\u021b\u0103, \u00een conformitate cu principiile Capitolului II din GDPR, v-am fi recunosc\u0103tori dac\u0103 a\u021bi informa operatorul nostru de date cu privire la orice modific\u0103ri ale datelor dumneavoastr\u0103, trimi\u021b\u00e2nd un e-mail la adresa info@kiemmi.com.<\/p>\n\n\n\n<p>\u00cen orice moment, persoana vizat\u0103 poate modifica sau anula datele furnizate, \u00een conformitate cu drepturile de acces, rectificare, anulare, opozi\u021bie, limitare \u0219i portabilitate.<\/p>\n\n\n\n<h3 class=\"wp-block-heading\" id=\"menores-de-edad\">Minori<\/h3>\n\n\n\n<p>Site-ul web www.kiemmi.com nu este destinat minorilor. To\u021bi UTILIZATORII SITE-ULUI WEB, CLIEN\u021aII sau PARTENERII site-ului web \u0219i ai serviciilor oferite trebuie s\u0103 fie majori. \u00cen caz contrar, contractul dintre KIEMMI \u0219i respectivul utilizator sau client va fi nul \u0219i, \u00een orice caz, ne declin\u0103m orice r\u0103spundere care ar putea decurge din nerespectarea acestei cerin\u021be.<\/p>\n\n\n\n<h3 class=\"wp-block-heading\" id=\"encargados-del-tratamiento\">Cei responsabili de tratament<\/h3>\n\n\n\n<p>KIEMMI are nevoie de colaboratori pentru anumite servicii. Atunci c\u00e2nd aceste alte companii prelucreaz\u0103 date \u00een cadrul furniz\u0103rii acestor servicii, legea le denume\u0219te Persoane \u00eemputernicite de operatori de date.<\/p>\n\n\n\n<p>Pentru a furniza serviciile noastre, folosim furnizori externi din UE\/SEE ca subcontractan\u021bi care respect\u0103 toate obliga\u021biile \u0219i cerin\u021bele acestei politici de confiden\u021bialitate.<\/p>\n\n\n\n<p>Urm\u0103torii sunt furnizorii enumera\u021bi:<\/p>\n\n\n\n<ul class=\"wp-block-list\"><li>Clouding: Serviciu de server<\/li><\/ul>\n\n\n\n<p>Prin urmare, garant\u0103m c\u0103 ace\u0219tia \u0219i al\u021bi subcontractan\u021bi care ar putea fi utiliza\u021bi \u00een viitor \u00eendeplinesc \u0219i vor \u00eendeplini toate obliga\u021biile \u0219i cerin\u021bele acestei politici de confiden\u021bialitate.<\/p>\n\n\n\n<h3 class=\"wp-block-heading\" id=\"cesion-de-datos\">Transfer de date<\/h3>\n\n\n\n<p>V\u0103 garant\u0103m c\u0103 nu vom transfera utilizarea datelor dumneavoastr\u0103 c\u0103tre ter\u021bi pentru a v\u0103 trimite publicitate \u0219i vom transfera datele dumneavoastr\u0103 doar c\u0103tre operatorii de date pe care i-am indicat la punctul anterior \u0219i numai \u00een scopurile indicate \u00een fiecare caz.<\/p>\n\n\n\n<p>Prin urmare, a\u0219a cum se prevede la articolul 13.1 sec\u021biunea a) din GDPR, KIEMMI nu partajeaz\u0103 datele \u0219i, prin urmare, nu are niciun destinatar al acestora.<\/p>\n\n\n\n<h3 class=\"wp-block-heading\" id=\"derechos-en-el-tratamiento-de-datos-personales\">Drepturi \u00een prelucrarea datelor cu caracter personal<\/h3>\n\n\n\n<p>\u00cen conformitate cu prevederile GDPR, pute\u021bi contacta KIEMMI, \u00een calitate de operator de date, \u00een orice moment \u00een sec\u021biunea <strong>Responsabil pentru prelucrarea datelor cu caracter personal<\/strong> a prezentei politici de confiden\u021bialitate, pentru a v\u0103 exercita drepturile de acces, rectificare, \u0219tergere, opozi\u021bie, portabilitate \u0219i retragere a consim\u021b\u0103m\u00e2ntului pentru datele dumneavoastr\u0103 cu caracter personal incluse \u00een fi\u0219ierele noastre.<\/p>\n\n\n\n<p>A- Dreptul de a solicita acces la datele cu caracter personal: ne pute\u021bi \u00eentreba dac\u0103 v\u0103 prelucr\u0103m datele, ce date specifice, de unde le-am ob\u021binut etc. Articolul 15 din GDPR.<\/p>\n\n\n\n<p>B- Dreptul de a solicita rectificarea acestora (dac\u0103 sunt incorecte) sau \u0219tergerea (atunci c\u00e2nd datele cu caracter personal nu mai sunt necesare \u00een raport cu scopurile pentru care au fost colectate). Articolul 16 GDPR.<\/p>\n\n\n\n<p>C- Dreptul de a solicita limitarea sau anularea prelucr\u0103rii datelor dumneavoastr\u0103, caz \u00een care acestea vor fi p\u0103strate de noi exclusiv pentru exercitarea sau ap\u0103rarea unui drept. Articolele 17 \u0219i 18.<\/p>\n\n\n\n<p>D- Dreptul de a v\u0103 opune prelucr\u0103rii: Vom \u00eenceta prelucrarea datelor dumneavoastr\u0103 \u00een modul indicat de dumneavoastr\u0103, cu excep\u021bia cazului \u00een care exist\u0103 motive legitime pentru care trebuie s\u0103 continu\u0103m prelucrarea acestora. Articolul 21.<\/p>\n\n\n\n<p>E- Dreptul la portabilitatea datelor: Dac\u0103 dori\u021bi ca datele dumneavoastr\u0103 s\u0103 fie prelucrate de o alt\u0103 companie, v\u0103 vom facilita portabilitatea datelor dumneavoastr\u0103 c\u0103tre orice alt\u0103 companie pe care o indica\u021bi, \u00eentr-un format structurat, inteligibil \u0219i automatizat. Articolul 20.<\/p>\n\n\n\n<p>Aceste drepturi sunt strict personale \u0219i vor fi exercitate de c\u0103tre persoana vizat\u0103, cu excep\u021bia cazului \u00een care aceasta acord\u0103 o procur\u0103 suficient\u0103 unei alte persoane. Operatorul de date va r\u0103spunde oric\u0103rei solicit\u0103ri de exercitare a acestor drepturi \u00een termen de zece zile de la primirea solicit\u0103rii. \u00cen cazul \u00een care Operatorul de date consider\u0103 c\u0103 solicitarea nu poate fi \u00eendeplinit\u0103, va informa persoana vizat\u0103 cu privire la motivele pentru care procedeaz\u0103 astfel \u00een termenul men\u021bionat anterior.<\/p>\n\n\n\n<p>Dac\u0103 considera\u021bi c\u0103 exist\u0103 o problem\u0103 cu modul \u00een care v\u0103 gestion\u0103m datele \u0219i nu sunte\u021bi mul\u021bumit de r\u0103spunsul la solicitarea dumneavoastr\u0103, pute\u021bi depune o pl\u00e2ngere la Agen\u021bia Spaniol\u0103 pentru Protec\u021bia Datelor (www.agpd.es). De asemenea, pute\u021bi depune o pl\u00e2ngere la autoritatea judiciar\u0103 competent\u0103, dac\u0103 considera\u021bi oportun.<\/p>\n\n\n\n<h3 class=\"wp-block-heading\" id=\"tiempo-de-conservacion-de-los-datos\">Perioada de p\u0103strare a datelor<\/h3>\n\n\n\n<p>\u00cen conformitate cu obliga\u021bia indicat\u0103 la articolul 13.2.a) din GDPR, v\u0103 inform\u0103m cu privire la perioadele de p\u0103strare a datelor cu caracter personal \u00een fiecare caz \u00een parte:<\/p>\n\n\n\n<p>Datele cu caracter personal prelucrate de KIEMMI vor fi p\u0103strate p\u00e2n\u0103 c\u00e2nd UTILIZATORUL WEB, CLIENTUL sau PARTENERUL ne informeaz\u0103 cu privire la dorin\u021ba sa de a anula datele prelucrate.<\/p>\n\n\n\n<h3 class=\"wp-block-heading\" id=\"secreto-y-seguridad-de-los-datos\">Secretul \u0219i securitatea datelor<\/h3>\n\n\n\n<p>\u00cen conformitate cu prevederile articolului 32 din GDPR, KIEMMI v\u0103 informeaz\u0103 c\u0103 a implementat m\u0103surile tehnice \u0219i organizatorice de securitate necesare pentru a preveni toate riscurile inerente activit\u0103\u021bilor \u0219i serviciilor desf\u0103\u0219urate de companie \u0219i pentru a garanta securitatea datelor dumneavoastr\u0103 cu caracter personal \u0219i a preveni modificarea, pierderea \u0219i prelucrarea \u0219i\/sau accesul neautorizat la acestea, \u021bin\u00e2nd cont de stadiul actual al tehnologiei, natura datelor stocate \u0219i riscurile la care acestea sunt expuse, indiferent dac\u0103 provin din ac\u021biunea uman\u0103 sau din mediul fizic sau natural. KIEMMI monitorizeaz\u0103, controleaz\u0103 \u0219i evalueaz\u0103 continuu procesele stabilite pentru a asigura respectarea confiden\u021bialit\u0103\u021bii datelor dumneavoastr\u0103. Aceste date sunt colectate de la utilizator utiliz\u00e2nd HTTPS (Hypertext Transfer Protocol Secure), un protocol de securitate care permite transmiterea criptat\u0103 a datelor \u00eentre serverul site-ului web \u0219i utilizator \u0219i invers.<\/p>\n\n\n\n<p>KIEMMI a efectuat o Analiz\u0103 a Riscurilor privind Prelucrarea Datelor cu Caracter Personal \u0219i are capacitatea de a garanta confiden\u021bialitatea, integritatea, disponibilitatea \u0219i rezilien\u021ba continu\u0103 a sistemelor \u0219i serviciilor de prelucrare; capacitatea de a restabili rapid disponibilitatea \u0219i accesul la datele cu caracter personal \u00een cazul unui incident fizic sau tehnic; \u0219i un proces de verificare, evaluare \u0219i evaluare periodic\u0103 a eficacit\u0103\u021bii m\u0103surilor tehnice \u0219i organizatorice pentru a asigura securitatea prelucr\u0103rii.<\/p>\n\n\n\n<p>\u00cen conformitate cu articolele 33 \u0219i 34 din RGPD, KIEMMI garanteaz\u0103 c\u0103, \u00een cazul celei mai mici \u00eenc\u0103lc\u0103ri a sistemelor care poate duce la o \u00eenc\u0103lcare a securit\u0103\u021bii datelor cu caracter personal, operatorul de date va notifica Agen\u021bia Spaniol\u0103 pentru Protec\u021bia Datelor \u0219i p\u0103r\u021bile afectate \u00een termen de maximum 72 de ore.<\/p>\n\n\n\n<h3 class=\"wp-block-heading\" id=\"hipervinculos\">Hyperlinkuri<\/h3>\n\n\n\n<p>De\u0219i este posibil s\u0103 includem pe site-ul nostru web link-uri c\u0103tre alte site-uri care nu sunt operate sau controlate de KIEMMI, v\u0103 rug\u0103m s\u0103 re\u021bine\u021bi c\u0103 nu putem garanta sau asuma responsabilitatea pentru legalitatea, fiabilitatea, utilitatea, acurate\u021bea \u0219i actualitatea con\u021binutului acestor site-uri web. Prin urmare, \u00eenainte de a furniza informa\u021biile dumneavoastr\u0103 personale acestor site-uri web externe KIEMMI, v\u0103 rug\u0103m s\u0103 consulta\u021bi practicile lor de confiden\u021bialitate \u0219i s\u0103 fi\u021bi con\u0219tien\u021bi de faptul c\u0103 acestea pot diferi de ale noastre.<\/p>\n\n\n\n<h3 class=\"wp-block-heading\" id=\"usuarios-y-accesos-restringidos\">Utilizatori \u0219i acces restric\u021bionate<\/h3>\n\n\n\n<p>Pentru a intra \u00een zonele cu acces restric\u021bionat, utilizatorii trebuie s\u0103 de\u021bin\u0103 codurile de acces corespunz\u0103toare.<br>KIEMMI \u00ee\u0219i rezerv\u0103 dreptul de a accepta sau respinge \u00een mod liber orice solicitare de \u00eenregistrare a oric\u0103rei persoane. Datele introduse de utilizatori trebuie s\u0103 fie corecte, actuale \u0219i veridice \u0219i vor fi prelucrate \u0219i tratate \u00een conformitate cu legisla\u021bia \u00een vigoare privind protec\u021bia datelor cu caracter personal.<\/p>\n\n\n\n<p>Utilizatorii sunt responsabili pentru protejarea acredit\u0103rilor lor de acces \u0219i vor fi singurii r\u0103spunz\u0103tori pentru orice daune care pot ap\u0103rea din cauza utiliz\u0103rii necorespunz\u0103toare, pierderii sau oric\u0103rei alte circumstan\u021be care ar putea reprezenta un risc de acces sau utilizare neautorizat\u0103 de c\u0103tre ter\u021bi. Utilizatorii trebuie s\u0103 notifice imediat KIEMMI la adresa de contact furnizat\u0103, astfel \u00eenc\u00e2t s\u0103 putem bloca \u0219i \u00eenlocui acredit\u0103rile.<\/p>\n\n\n\n<h3 class=\"wp-block-heading\" id=\"cambios-en-la-politica-de-privacidad\">Modific\u0103ri ale politicii de confiden\u021bialitate<\/h3>\n\n\n\n<p>KIEMMI \u00ee\u0219i rezerv\u0103 dreptul de a modifica Politica de confiden\u021bialitate la discre\u021bia sa sau ca urmare a unor modific\u0103ri legislative, jurispruden\u021biale sau doctrinare ale Agen\u021biei Spaniole pentru Protec\u021bia Datelor. Orice modific\u0103ri ale Politicii de confiden\u021bialitate vor fi publicate pe site-ul nostru web.<\/p>","protected":false},"excerpt":{"rendered":"<p>Reglamento europeo de protecci\u00f3n de datos (RGPD) Te informamos expresamente de que este apartado est\u00e1 dirigido exclusivamente al tratamiento de [&hellip;]<\/p>\n","protected":false},"author":4,"featured_media":0,"parent":0,"menu_order":0,"comment_status":"closed","ping_status":"closed","template":"","meta":{"_seopress_robots_primary_cat":"0","_seopress_titles_title":"","_seopress_titles_desc":"","_seopress_robots_index":"yes","site-sidebar-layout":"default","site-content-layout":"","ast-site-content-layout":"default","site-content-style":"default","site-sidebar-style":"default","ast-global-header-display":"","ast-banner-title-visibility":"","ast-main-header-display":"","ast-hfb-above-header-display":"","ast-hfb-below-header-display":"","ast-hfb-mobile-header-display":"","site-post-title":"","ast-breadcrumbs-content":"","ast-featured-img":"","footer-sml-layout":"","ast-disable-related-posts":"","theme-transparent-header-meta":"","adv-header-id-meta":"","stick-header-meta":"","header-above-stick-meta":"","header-main-stick-meta":"","header-below-stick-meta":"","astra-migrate-meta-layouts":"default","ast-page-background-enabled":"default","ast-page-background-meta":{"desktop":{"background-color":"var(--ast-global-color-5)","background-image":"","background-repeat":"repeat","background-position":"center center","background-size":"auto","background-attachment":"scroll","background-type":"","background-media":"","overlay-type":"","overlay-color":"","overlay-opacity":"","overlay-gradient":""},"tablet":{"background-color":"","background-image":"","background-repeat":"repeat","background-position":"center center","background-size":"auto","background-attachment":"scroll","background-type":"","background-media":"","overlay-type":"","overlay-color":"","overlay-opacity":"","overlay-gradient":""},"mobile":{"background-color":"","background-image":"","background-repeat":"repeat","background-position":"center center","background-size":"auto","background-attachment":"scroll","background-type":"","background-media":"","overlay-type":"","overlay-color":"","overlay-opacity":"","overlay-gradient":""}},"ast-content-background-meta":{"desktop":{"background-color":"var(--ast-global-color-4)","background-image":"","background-repeat":"repeat","background-position":"center center","background-size":"auto","background-attachment":"scroll","background-type":"","background-media":"","overlay-type":"","overlay-color":"","overlay-opacity":"","overlay-gradient":""},"tablet":{"background-color":"var(--ast-global-color-4)","background-image":"","background-repeat":"repeat","background-position":"center center","background-size":"auto","background-attachment":"scroll","background-type":"","background-media":"","overlay-type":"","overlay-color":"","overlay-opacity":"","overlay-gradient":""},"mobile":{"background-color":"var(--ast-global-color-4)","background-image":"","background-repeat":"repeat","background-position":"center center","background-size":"auto","background-attachment":"scroll","background-type":"","background-media":"","overlay-type":"","overlay-color":"","overlay-opacity":"","overlay-gradient":""}},"footnotes":""},"class_list":["post-1777","page","type-page","status-publish","hentry"],"_links":{"self":[{"href":"https:\/\/craftjw.com\/ro\/wp-json\/wp\/v2\/pages\/1777","targetHints":{"allow":["GET"]}}],"collection":[{"href":"https:\/\/craftjw.com\/ro\/wp-json\/wp\/v2\/pages"}],"about":[{"href":"https:\/\/craftjw.com\/ro\/wp-json\/wp\/v2\/types\/page"}],"author":[{"embeddable":true,"href":"https:\/\/craftjw.com\/ro\/wp-json\/wp\/v2\/users\/4"}],"replies":[{"embeddable":true,"href":"https:\/\/craftjw.com\/ro\/wp-json\/wp\/v2\/comments?post=1777"}],"version-history":[{"count":1,"href":"https:\/\/craftjw.com\/ro\/wp-json\/wp\/v2\/pages\/1777\/revisions"}],"predecessor-version":[{"id":53042,"href":"https:\/\/craftjw.com\/ro\/wp-json\/wp\/v2\/pages\/1777\/revisions\/53042"}],"wp:attachment":[{"href":"https:\/\/craftjw.com\/ro\/wp-json\/wp\/v2\/media?parent=1777"}],"curies":[{"name":"wp","href":"https:\/\/api.w.org\/{rel}","templated":true}]}}