{"id":1675,"date":"2026-03-15T09:56:42","date_gmt":"2026-03-15T08:56:42","guid":{"rendered":"https:\/\/craftjw.com\/shop\/sin%20categor\u00eda\/chapas-pins-de-madera-personalizables-asamblea-internacional-2026-felices-para-siempre\/"},"modified":"2026-04-02T10:33:30","modified_gmt":"2026-04-02T08:33:30","slug":"broches-de-madeira-personalizaveis-assembleia-internacional-2026-felizes-para-sempre","status":"publish","type":"product","link":"https:\/\/craftjw.com\/pt\/shop\/asambleas-internacionales-2026\/chapas-pins-de-madera-personalizables-asamblea-internacional-2026-felices-para-siempre\/","title":{"rendered":"Broches\/Pins de Madeira Personaliz\u00e1veis \u2013 Assembleia Internacional de 2026 \u201cFelizes para Sempre\u201d"},"content":{"rendered":"<p>Estas placas de madeira foram criadas como uma lembran\u00e7a especial do <strong>Assembleias Internacionais das Testemunhas de Jeov\u00e1 2026<\/strong>, cujo tema b\u00edblico \u201c<strong>E viveram felizes para sempre.<\/strong>\u201d&quot;Isso nos convida a refletir sobre a esperan\u00e7a e a promessa de um futuro repleto de verdadeira felicidade.&quot;.<\/p>\n<p>Seu design circular, simples e harmonioso, apresenta o logotipo oficial da assembleia impresso em cores vibrantes sobre madeira natural, transmitindo uma mensagem de paz, f\u00e9 e confian\u00e7a nas promessas de Jeov\u00e1. Cada pe\u00e7a foi concebida para acompanhar este importante evento espiritual e preservar sua mem\u00f3ria ao longo do tempo.<\/p>\n<p>Al\u00e9m disso, a possibilidade de <strong>Personalize uma mensagem na parte inferior.<\/strong> Isso permite transformar cada crach\u00e1 em um detalhe \u00fanico, seja com um nome, uma data especial ou uma breve express\u00e3o que reforce o significado espiritual da assembleia.<\/p>\n<p><strong>Detalhes do produto:<\/strong><\/p>\n<p style=\"padding-left: 40px;\">\ud83e\udeb5 <strong>Madeira natural selecionada:<\/strong> Material quente e dur\u00e1vel que proporciona um acabamento simples, respeitando o design original.<br \/>\n\ud83c\udfa8 <strong>Impress\u00e3o n\u00edtida e duradoura:<\/strong> Cores definidas que mant\u00eam a clareza do logotipo e da mensagem mesmo no uso di\u00e1rio.<br \/>\n\ud83d\udee0\ufe0f <strong>Feito \u00e0 m\u00e3o:<\/strong> Cada folha \u00e9 feita \u00e0 m\u00e3o, cuidando de cada detalhe no corte e no acabamento.<br \/>\n\u270d\ufe0f <strong>Texto personaliz\u00e1vel:<\/strong> Espa\u00e7o destinado a uma breve mensagem que reforce o valor espiritual e comemorativo do artigo.<br \/>\n\ud83d\udccf <strong>Tamanhos dispon\u00edveis:<\/strong><br \/>\n\ud83d\udd39 5 cm (1,97\u201d): Tamanho equilibrado que permite apreciar o design em sua totalidade.<br \/>\n\ud83d\udd39 4 cm (1,57\u201d): Formato mais discreto e leve.<br \/>\n\ud83d\udccc <strong>Fechamento seguro:<\/strong> Fecho resistente projetado para uso confort\u00e1vel e prolongado.<br \/>\n\ud83c\udf81 <strong>Uma lembran\u00e7a com significado espiritual:<\/strong> Ideal para guardar como recorda\u00e7\u00e3o pessoal ou para oferecer aos irm\u00e3os e irm\u00e3s que participam da assembleia.<\/p>\n<p>Estas placas de madeira n\u00e3o s\u00e3o apenas um acess\u00f3rio, mas um lembrete visual da mensagem &quot;Felizes para sempre&quot;, ajudando a manter viva a esperan\u00e7a e a alegria que caracterizam esta assembleia internacional.<\/p>\n<p>Uma lembran\u00e7a simples e pessoal, repleta de significado espiritual.<\/p>","protected":false},"excerpt":{"rendered":"<p>Lembran\u00e7a comemorativa do <strong>Assembleia Internacional das Testemunhas de Jeov\u00e1 2026<\/strong>, sob o tema \u201c<strong>E viveram felizes para sempre.<\/strong>\u201dEstas placas de madeira artesanais apresentam o logotipo oficial impresso a cores em madeira natural e permitem a adi\u00e7\u00e3o de uma mensagem personalizada. Um detalhe simples, mas significativo, que reflete a esperan\u00e7a, a f\u00e9 e a alegria partilhadas durante esta assembleia especial.<\/p>","protected":false},"featured_media":1674,"template":"","meta":{"_seopress_robots_primary_cat":"none","_seopress_titles_title":"Chapas exclusivas para las Asambleas Especiales 2025 - Adoraci\u00f3n Pura","_seopress_titles_desc":"Haz memorable la Asamblea Especial 2025 \"Adoraci\u00f3n Pura\"  con chapas de madera personalizables con el logo de la asamblea. Dise\u00f1o circular y elegante.","_seopress_robots_index":"","site-sidebar-layout":"default","site-content-layout":"","ast-site-content-layout":"default","site-content-style":"default","site-sidebar-style":"default","ast-global-header-display":"","ast-banner-title-visibility":"","ast-main-header-display":"","ast-hfb-above-header-display":"","ast-hfb-below-header-display":"","ast-hfb-mobile-header-display":"","site-post-title":"","ast-breadcrumbs-content":"","ast-featured-img":"","footer-sml-layout":"","ast-disable-related-posts":"","theme-transparent-header-meta":"default","adv-header-id-meta":"","stick-header-meta":"default","header-above-stick-meta":"","header-main-stick-meta":"","header-below-stick-meta":"","astra-migrate-meta-layouts":"set","ast-page-background-enabled":"default","ast-page-background-meta":{"desktop":{"background-color":"var(--ast-global-color-5)","background-image":"","background-repeat":"repeat","background-position":"center center","background-size":"auto","background-attachment":"scroll","background-type":"","background-media":"","overlay-type":"","overlay-color":"","overlay-opacity":"","overlay-gradient":""},"tablet":{"background-color":"","background-image":"","background-repeat":"repeat","background-position":"center center","background-size":"auto","background-attachment":"scroll","background-type":"","background-media":"","overlay-type":"","overlay-color":"","overlay-opacity":"","overlay-gradient":""},"mobile":{"background-color":"","background-image":"","background-repeat":"repeat","background-position":"center center","background-size":"auto","background-attachment":"scroll","background-type":"","background-media":"","overlay-type":"","overlay-color":"","overlay-opacity":"","overlay-gradient":""}},"ast-content-background-meta":{"desktop":{"background-color":"var(--ast-global-color-4)","background-image":"","background-repeat":"repeat","background-position":"center center","background-size":"auto","background-attachment":"scroll","background-type":"","background-media":"","overlay-type":"","overlay-color":"","overlay-opacity":"","overlay-gradient":""},"tablet":{"background-color":"var(--ast-global-color-4)","background-image":"","background-repeat":"repeat","background-position":"center center","background-size":"auto","background-attachment":"scroll","background-type":"","background-media":"","overlay-type":"","overlay-color":"","overlay-opacity":"","overlay-gradient":""},"mobile":{"background-color":"var(--ast-global-color-4)","background-image":"","background-repeat":"repeat","background-position":"center center","background-size":"auto","background-attachment":"scroll","background-type":"","background-media":"","overlay-type":"","overlay-color":"","overlay-opacity":"","overlay-gradient":""}}},"product_brand":[46],"product_cat":[48,45],"product_tag":[],"class_list":{"0":"post-1675","1":"product","2":"type-product","3":"status-publish","4":"has-post-thumbnail","6":"product_brand-craft-jw","7":"product_cat-asambleas-internacionales-2026","8":"product_cat-llaveros","9":"desktop-align-center","10":"tablet-align-left","11":"mobile-align-left","12":"ast-product-gallery-layout-horizontal-slider","13":"ast-product-tabs-layout-horizontal","14":"tm-has-options","16":"first","17":"instock","18":"taxable","19":"shipping-taxable","20":"purchasable","21":"product-type-simple"},"_links":{"self":[{"href":"https:\/\/craftjw.com\/pt\/wp-json\/wp\/v2\/product\/1675","targetHints":{"allow":["GET"]}}],"collection":[{"href":"https:\/\/craftjw.com\/pt\/wp-json\/wp\/v2\/product"}],"about":[{"href":"https:\/\/craftjw.com\/pt\/wp-json\/wp\/v2\/types\/product"}],"version-history":[{"count":1,"href":"https:\/\/craftjw.com\/pt\/wp-json\/wp\/v2\/product\/1675\/revisions"}],"predecessor-version":[{"id":53083,"href":"https:\/\/craftjw.com\/pt\/wp-json\/wp\/v2\/product\/1675\/revisions\/53083"}],"wp:featuredmedia":[{"embeddable":true,"href":"https:\/\/craftjw.com\/pt\/wp-json\/wp\/v2\/media\/1674"}],"wp:attachment":[{"href":"https:\/\/craftjw.com\/pt\/wp-json\/wp\/v2\/media?parent=1675"}],"wp:term":[{"taxonomy":"product_brand","embeddable":true,"href":"https:\/\/craftjw.com\/pt\/wp-json\/wp\/v2\/product_brand?post=1675"},{"taxonomy":"product_cat","embeddable":true,"href":"https:\/\/craftjw.com\/pt\/wp-json\/wp\/v2\/product_cat?post=1675"},{"taxonomy":"product_tag","embeddable":true,"href":"https:\/\/craftjw.com\/pt\/wp-json\/wp\/v2\/product_tag?post=1675"}],"curies":[{"name":"wp","href":"https:\/\/api.w.org\/{rel}","templated":true}]}}