{"id":1617,"date":"2026-03-14T23:34:42","date_gmt":"2026-03-14T22:34:42","guid":{"rendered":"https:\/\/craftjw.com\/producto\/iman-de-nevera-de-madera-con-el-texto-del-ano-2026-jw\/"},"modified":"2026-03-19T07:40:34","modified_gmt":"2026-03-19T06:40:34","slug":"ima-de-geladeira-de-madeira-com-o-texto-2026-jw","status":"publish","type":"product","link":"https:\/\/craftjw.com\/pt\/shop\/imanes-de-nevera\/iman-de-nevera-de-madera-con-el-texto-del-ano-2026-jw\/","title":{"rendered":"\u00cdm\u00e3 de geladeira de madeira com o texto &quot;2026 JW&quot;"},"content":{"rendered":"<p>Ele <strong>\u00cdm\u00e3 de geladeira de madeira com o texto b\u00edblico para o ano de 2026.<\/strong> \u00c9 um acess\u00f3rio decorativo com profundo valor espiritual. Feito \u00e0 m\u00e3o com dedica\u00e7\u00e3o e precis\u00e3o, combina o aconchego da madeira natural com uma grava\u00e7\u00e3o a laser de alta precis\u00e3o, que garante eleg\u00e2ncia e durabilidade.<\/p>\n<p>Com dimens\u00f5es de <strong>6,7 cm x 6,4 cm x 0,3 cm<\/strong>, Este \u00edman tem o tamanho perfeito para colocar no frigor\u00edfico, numa placa de metal ou em qualquer superf\u00edcie magn\u00e9tica da sua casa, tornando-se um lembrete inspirador que ver\u00e1 todos os dias.<\/p>\n<p>O elemento principal deste design \u00e9 o texto referente ao ano de 2026:<\/p>\n<p>\ud83d\udc49 \u201cBem-aventurados os pobres de esp\u00edrito, porque deles \u00e9 o reino dos c\u00e9us.\u201d (Mateus 5:3).<\/p>\n<p>Uma mensagem que fortalece a f\u00e9 e nos lembra da import\u00e2ncia de priorizar nossas necessidades espirituais.<\/p>\n<p>Este \u00edman n\u00e3o \u00e9 apenas um toque pessoal, \u00e9 tamb\u00e9m um <strong>Um presente ideal para irm\u00e3os e irm\u00e3s da congrega\u00e7\u00e3o, pioneiros regulares, amigos ou familiares.<\/strong> Eles apreciar\u00e3o um lembrete espiritual pr\u00e1tico e decorativo. Seu acabamento artesanal o torna um item \u00fanico e significativo que ser\u00e1 sempre valorizado.<\/p>\n<p><strong>\ud83c\udf81 Principais caracter\u00edsticas:<\/strong><\/p>\n<ul>\n<li>\u2728 Feito com madeira natural de alta qualidade.<\/li>\n<li>\ud83e\udeb5 Gravado a laser, com acabamentos elegantes e precisos.<\/li>\n<li>\ud83d\udcd6 Inclui o texto b\u00edblico para o ano de 2026 (Mateus 5:3).<\/li>\n<li>\ud83e\uddf2 Tamanho compacto e pr\u00e1tico para geladeira ou outras superf\u00edcies magn\u00e9ticas.<\/li>\n<li>\ud83c\udf81 Perfeito como presente espiritual para a congrega\u00e7\u00e3o ou para entes queridos.<\/li>\n<\/ul>\n<p>Ele <strong>\u00cdm\u00e3 de madeira com o texto 2026<\/strong> Combina funcionalidade, beleza e espiritualidade em uma \u00fanica pe\u00e7a. Uma maneira simples, por\u00e9m muito especial, de manter esse pensamento b\u00edblico motivador sempre presente.<\/p>\n<p><strong>\ud83d\udccf Dimens\u00f5es:<\/strong><\/p>\n<ul>\n<li>Largura: 6,7 cm<\/li>\n<li>Altura: 6,4 cm<\/li>\n<li>Espessura: 0,3 cm<\/li>\n<\/ul>","protected":false},"excerpt":{"rendered":"<p>Ele <strong>\u00cdm\u00e3 de madeira com o texto do ano de 2026<\/strong> A vers\u00e3o gravada a laser inclui o texto b\u00edblico: \u201cBem-aventurados os pobres de esp\u00edrito, porque deles \u00e9 o reino dos c\u00e9us.\u201d (Mateus 5:3).<br \/>\nUm lembrete espiritual \u00fanico, ideal para geladeiras e superf\u00edcies magn\u00e9ticas.<br \/>\nFeito \u00e0 m\u00e3o com madeira de qualidade, \u00e9 tamb\u00e9m um presente especial para irm\u00e3os e amigos da congrega\u00e7\u00e3o.<\/p>","protected":false},"featured_media":1616,"template":"","meta":{"_seopress_robots_primary_cat":"none","_seopress_titles_title":"%%post_title%%","_seopress_titles_desc":"Im\u00e1n de madera artesanal con texto b\u00edblico 2026. Un recordatorio espiritual perfecto y decorativo para regalar o inspirar tu d\u00eda a d\u00eda.","_seopress_robots_index":"","site-sidebar-layout":"default","site-content-layout":"","ast-site-content-layout":"default","site-content-style":"default","site-sidebar-style":"default","ast-global-header-display":"","ast-banner-title-visibility":"","ast-main-header-display":"","ast-hfb-above-header-display":"","ast-hfb-below-header-display":"","ast-hfb-mobile-header-display":"","site-post-title":"","ast-breadcrumbs-content":"","ast-featured-img":"","footer-sml-layout":"","ast-disable-related-posts":"","theme-transparent-header-meta":"default","adv-header-id-meta":"","stick-header-meta":"default","header-above-stick-meta":"","header-main-stick-meta":"","header-below-stick-meta":"","astra-migrate-meta-layouts":"set","ast-page-background-enabled":"default","ast-page-background-meta":{"desktop":{"background-color":"var(--ast-global-color-5)","background-image":"","background-repeat":"repeat","background-position":"center center","background-size":"auto","background-attachment":"scroll","background-type":"","background-media":"","overlay-type":"","overlay-color":"","overlay-opacity":"","overlay-gradient":""},"tablet":{"background-color":"","background-image":"","background-repeat":"repeat","background-position":"center center","background-size":"auto","background-attachment":"scroll","background-type":"","background-media":"","overlay-type":"","overlay-color":"","overlay-opacity":"","overlay-gradient":""},"mobile":{"background-color":"","background-image":"","background-repeat":"repeat","background-position":"center center","background-size":"auto","background-attachment":"scroll","background-type":"","background-media":"","overlay-type":"","overlay-color":"","overlay-opacity":"","overlay-gradient":""}},"ast-content-background-meta":{"desktop":{"background-color":"var(--ast-global-color-4)","background-image":"","background-repeat":"repeat","background-position":"center center","background-size":"auto","background-attachment":"scroll","background-type":"","background-media":"","overlay-type":"","overlay-color":"","overlay-opacity":"","overlay-gradient":""},"tablet":{"background-color":"var(--ast-global-color-4)","background-image":"","background-repeat":"repeat","background-position":"center center","background-size":"auto","background-attachment":"scroll","background-type":"","background-media":"","overlay-type":"","overlay-color":"","overlay-opacity":"","overlay-gradient":""},"mobile":{"background-color":"var(--ast-global-color-4)","background-image":"","background-repeat":"repeat","background-position":"center center","background-size":"auto","background-attachment":"scroll","background-type":"","background-media":"","overlay-type":"","overlay-color":"","overlay-opacity":"","overlay-gradient":""}}},"product_brand":[46],"product_cat":[47],"product_tag":[],"class_list":{"0":"post-1617","1":"product","2":"type-product","3":"status-publish","4":"has-post-thumbnail","6":"product_brand-craft-jw","7":"product_cat-imanes-de-nevera","8":"desktop-align-center","9":"tablet-align-left","10":"mobile-align-left","11":"ast-product-gallery-layout-horizontal-slider","12":"ast-product-tabs-layout-horizontal","13":"tm-has-options","15":"first","16":"instock","17":"taxable","18":"shipping-taxable","19":"purchasable","20":"product-type-simple"},"_links":{"self":[{"href":"https:\/\/craftjw.com\/pt\/wp-json\/wp\/v2\/product\/1617","targetHints":{"allow":["GET"]}}],"collection":[{"href":"https:\/\/craftjw.com\/pt\/wp-json\/wp\/v2\/product"}],"about":[{"href":"https:\/\/craftjw.com\/pt\/wp-json\/wp\/v2\/types\/product"}],"version-history":[{"count":0,"href":"https:\/\/craftjw.com\/pt\/wp-json\/wp\/v2\/product\/1617\/revisions"}],"wp:featuredmedia":[{"embeddable":true,"href":"https:\/\/craftjw.com\/pt\/wp-json\/wp\/v2\/media\/1616"}],"wp:attachment":[{"href":"https:\/\/craftjw.com\/pt\/wp-json\/wp\/v2\/media?parent=1617"}],"wp:term":[{"taxonomy":"product_brand","embeddable":true,"href":"https:\/\/craftjw.com\/pt\/wp-json\/wp\/v2\/product_brand?post=1617"},{"taxonomy":"product_cat","embeddable":true,"href":"https:\/\/craftjw.com\/pt\/wp-json\/wp\/v2\/product_cat?post=1617"},{"taxonomy":"product_tag","embeddable":true,"href":"https:\/\/craftjw.com\/pt\/wp-json\/wp\/v2\/product_tag?post=1617"}],"curies":[{"name":"wp","href":"https:\/\/api.w.org\/{rel}","templated":true}]}}