{"id":1607,"date":"2026-03-14T23:34:05","date_gmt":"2026-03-14T22:34:05","guid":{"rendered":"https:\/\/craftjw.com\/producto\/porta-tarjetas-de-contacto-jw-personalizable-con-llavero\/"},"modified":"2026-03-19T07:41:54","modified_gmt":"2026-03-19T06:41:54","slug":"porta-cartoes-de-contato-jw-personalizavel-com-chaveiro","status":"publish","type":"product","link":"https:\/\/craftjw.com\/pt\/shop\/llaveros\/porta-tarjetas-de-contacto-jw-personalizable-con-llavero\/","title":{"rendered":"Porta-cart\u00f5es de contacto JW personaliz\u00e1vel com porta-chaves"},"content":{"rendered":"<p>Este chaveiro para cart\u00f5es de visita das Testemunhas de Jeov\u00e1 foi projetado para manter seus cart\u00f5es de visita \u00e0 m\u00e3o, organizados e com estilo. Seu tamanho compacto o torna um acess\u00f3rio ideal para o minist\u00e9rio, reuni\u00f5es e como presente para irm\u00e3os na f\u00e9, pioneiros, participantes da Escola de Pioneiros, congressos especiais ou congressos internacionais.<\/p>\n<p>Feita de couro sint\u00e9tico vegano de alta qualidade, esta bolsa combina durabilidade e eleg\u00e2ncia. Voc\u00ea tamb\u00e9m pode personaliz\u00e1-la com seu nome, uma mensagem especial ou escolher entre v\u00e1rias op\u00e7\u00f5es pr\u00e9-desenhadas. Uma das op\u00e7\u00f5es mais populares \u00e9 a grava\u00e7\u00e3o com a frase &quot;N\u00e3o h\u00e1 vida melhor&quot;, tornando-a um presente \u00fanico e significativo.<\/p>\n<p><strong>Principais caracter\u00edsticas<\/strong><\/p>\n<ul>\n<li>Dois compartimentos internos para cart\u00f5es de contato JW<\/li>\n<li>Chaveiro de metal resistente para ter sempre \u00e0 m\u00e3o.<\/li>\n<li>Dispon\u00edvel em v\u00e1rias cores (as tonalidades podem variar dependendo da ilumina\u00e7\u00e3o e da tela).<\/li>\n<li>Op\u00e7\u00e3o de personaliza\u00e7\u00e3o com texto ou layouts predefinidos.<\/li>\n<li>Dimens\u00f5es aproximadas: 11 cm de largura x 8 cm de altura.<\/li>\n<li>Material: Couro sint\u00e9tico vegano de alta qualidade.<\/li>\n<\/ul>\n<p>Este porta-cart\u00f5es com argola para chaves \u00e9 mais do que um simples acess\u00f3rio; \u00e9 uma forma pr\u00e1tica e elegante de manter seus cart\u00f5es de contato das Testemunhas de Jeov\u00e1 sempre \u00e0 m\u00e3o, al\u00e9m de ser um presente perfeito para qualquer ocasi\u00e3o especial dentro da congrega\u00e7\u00e3o.<\/p>","protected":false},"excerpt":{"rendered":"<p>Porta-cart\u00f5es de contato JW com argola para chaveiro, feito em couro vegano de alta qualidade. Compacto, dur\u00e1vel e personaliz\u00e1vel, ideal para uso di\u00e1rio ou como presente.<\/p>","protected":false},"featured_media":1606,"template":"","meta":{"_seopress_robots_primary_cat":"none","_seopress_titles_title":"Llavero Porta Tarjetas de contacto JW: Elegancia y Funcionalidad","_seopress_titles_desc":"Porta tarjetas de contacto JW con llavero en piel vegana. Compacto, resistente y personalizable. Ideal para regalar o llevar en el ministerio.","_seopress_robots_index":"","site-sidebar-layout":"default","site-content-layout":"","ast-site-content-layout":"default","site-content-style":"default","site-sidebar-style":"default","ast-global-header-display":"","ast-banner-title-visibility":"","ast-main-header-display":"","ast-hfb-above-header-display":"","ast-hfb-below-header-display":"","ast-hfb-mobile-header-display":"","site-post-title":"","ast-breadcrumbs-content":"","ast-featured-img":"","footer-sml-layout":"","ast-disable-related-posts":"","theme-transparent-header-meta":"default","adv-header-id-meta":"","stick-header-meta":"default","header-above-stick-meta":"","header-main-stick-meta":"","header-below-stick-meta":"","astra-migrate-meta-layouts":"set","ast-page-background-enabled":"default","ast-page-background-meta":{"desktop":{"background-color":"var(--ast-global-color-5)","background-image":"","background-repeat":"repeat","background-position":"center center","background-size":"auto","background-attachment":"scroll","background-type":"","background-media":"","overlay-type":"","overlay-color":"","overlay-opacity":"","overlay-gradient":""},"tablet":{"background-color":"","background-image":"","background-repeat":"repeat","background-position":"center center","background-size":"auto","background-attachment":"scroll","background-type":"","background-media":"","overlay-type":"","overlay-color":"","overlay-opacity":"","overlay-gradient":""},"mobile":{"background-color":"","background-image":"","background-repeat":"repeat","background-position":"center center","background-size":"auto","background-attachment":"scroll","background-type":"","background-media":"","overlay-type":"","overlay-color":"","overlay-opacity":"","overlay-gradient":""}},"ast-content-background-meta":{"desktop":{"background-color":"var(--ast-global-color-4)","background-image":"","background-repeat":"repeat","background-position":"center center","background-size":"auto","background-attachment":"scroll","background-type":"","background-media":"","overlay-type":"","overlay-color":"","overlay-opacity":"","overlay-gradient":""},"tablet":{"background-color":"var(--ast-global-color-4)","background-image":"","background-repeat":"repeat","background-position":"center center","background-size":"auto","background-attachment":"scroll","background-type":"","background-media":"","overlay-type":"","overlay-color":"","overlay-opacity":"","overlay-gradient":""},"mobile":{"background-color":"var(--ast-global-color-4)","background-image":"","background-repeat":"repeat","background-position":"center center","background-size":"auto","background-attachment":"scroll","background-type":"","background-media":"","overlay-type":"","overlay-color":"","overlay-opacity":"","overlay-gradient":""}}},"product_brand":[46],"product_cat":[45,44],"product_tag":[],"class_list":{"0":"post-1607","1":"product","2":"type-product","3":"status-publish","4":"has-post-thumbnail","6":"product_brand-craft-jw","7":"product_cat-llaveros","8":"product_cat-portatarjetas","9":"desktop-align-center","10":"tablet-align-left","11":"mobile-align-left","12":"ast-product-gallery-layout-horizontal-slider","13":"ast-product-tabs-layout-horizontal","14":"tm-has-options","16":"first","17":"instock","18":"taxable","19":"shipping-taxable","20":"purchasable","21":"product-type-simple"},"_links":{"self":[{"href":"https:\/\/craftjw.com\/pt\/wp-json\/wp\/v2\/product\/1607","targetHints":{"allow":["GET"]}}],"collection":[{"href":"https:\/\/craftjw.com\/pt\/wp-json\/wp\/v2\/product"}],"about":[{"href":"https:\/\/craftjw.com\/pt\/wp-json\/wp\/v2\/types\/product"}],"version-history":[{"count":0,"href":"https:\/\/craftjw.com\/pt\/wp-json\/wp\/v2\/product\/1607\/revisions"}],"wp:featuredmedia":[{"embeddable":true,"href":"https:\/\/craftjw.com\/pt\/wp-json\/wp\/v2\/media\/1606"}],"wp:attachment":[{"href":"https:\/\/craftjw.com\/pt\/wp-json\/wp\/v2\/media?parent=1607"}],"wp:term":[{"taxonomy":"product_brand","embeddable":true,"href":"https:\/\/craftjw.com\/pt\/wp-json\/wp\/v2\/product_brand?post=1607"},{"taxonomy":"product_cat","embeddable":true,"href":"https:\/\/craftjw.com\/pt\/wp-json\/wp\/v2\/product_cat?post=1607"},{"taxonomy":"product_tag","embeddable":true,"href":"https:\/\/craftjw.com\/pt\/wp-json\/wp\/v2\/product_tag?post=1607"}],"curies":[{"name":"wp","href":"https:\/\/api.w.org\/{rel}","templated":true}]}}