{"id":1576,"date":"2026-03-14T23:33:38","date_gmt":"2026-03-14T22:33:38","guid":{"rendered":"https:\/\/craftjw.com\/producto\/caja-organizadora-kit-de-ensenanza-jw\/"},"modified":"2026-04-01T08:18:52","modified_gmt":"2026-04-01T06:18:52","slug":"caixa-organizadora-do-kit-de-ensino-das-testemunhas-de-jeova","status":"publish","type":"product","link":"https:\/\/craftjw.com\/pt\/shop\/varios-regalos\/caja-organizadora-kit-de-ensenanza-jw\/","title":{"rendered":"Caixa Organizadora para Kit de Ensino das Testemunhas de Jeov\u00e1"},"content":{"rendered":"<p>Transforme sua mesa ou escrivaninha com isso <strong>caixa organizadora<\/strong> do <strong>Kit de Ensino JW<\/strong>. Perfeita para manter seus pertences pessoais organizados, esta caixa combina funcionalidade com um design decorativo exclusivo. Fabricada com impress\u00e3o 3D, \u00e9 ideal para guardar materiais de escrit\u00f3rio, chaves e pequenos acess\u00f3rios, al\u00e9m de adicionar um toque de estilo a qualquer ambiente.<\/p>\n<p><em><strong>Caracter\u00edsticas:<\/strong><\/em><\/p>\n<ul>\n<li>\ud83d\udd35\ud83d\udd34 <strong>Cores dispon\u00edveis<\/strong>Azul e Vermelho<\/li>\n<li><strong>\ud83d\udda8\ufe0f Material<\/strong>Pl\u00e1stico impresso em 3D de alta qualidade<\/li>\n<li><strong>\ud83c\udf81 Uso vers\u00e1til<\/strong>Ideal para o escrit\u00f3rio, para casa ou como presente.<\/li>\n<li><strong>\ud83d\udda5\ufe0f Tamanho compacto<\/strong>Perfeito para qualquer mesa ou escrivaninha.<\/li>\n<li><strong>\ud83d\udcd0 Dimens\u00f5es<\/strong>: 120 mm de comprimento, 50 mm de largura, 78,5 mm de altura<\/li>\n<\/ul>\n<p>N\u00e3o perca a oportunidade de organizar seu espa\u00e7o com estilo. Encomende hoje mesmo sua caixa organizadora do Kit de Ensino das Testemunhas de Jeov\u00e1 e transforme seu ambiente!<\/p>","protected":false},"excerpt":{"rendered":"<p>Esta caixa organizadora para kit de ensino das Testemunhas de Jeov\u00e1, impressa em 3D, \u00e9 ideal para manter sua mesa organizada e elegante. Dispon\u00edvel em azul e vermelho, \u00e9 feita de pl\u00e1stico de alta qualidade. Com dimens\u00f5es compactas de 120 mm de comprimento, 50 mm de largura e 78,5 mm de altura, \u00e9 perfeita para guardar pequenos acess\u00f3rios. Seu design decorativo tamb\u00e9m a torna uma \u00f3tima op\u00e7\u00e3o de presente ou um belo complemento para qualquer ambiente.<\/p>","protected":false},"featured_media":1575,"template":"","meta":{"_seopress_robots_primary_cat":"","_seopress_titles_title":"","_seopress_titles_desc":"","_seopress_robots_index":"","site-sidebar-layout":"default","site-content-layout":"","ast-site-content-layout":"default","site-content-style":"default","site-sidebar-style":"default","ast-global-header-display":"","ast-banner-title-visibility":"","ast-main-header-display":"","ast-hfb-above-header-display":"","ast-hfb-below-header-display":"","ast-hfb-mobile-header-display":"","site-post-title":"","ast-breadcrumbs-content":"","ast-featured-img":"","footer-sml-layout":"","ast-disable-related-posts":"","theme-transparent-header-meta":"default","adv-header-id-meta":"","stick-header-meta":"default","header-above-stick-meta":"","header-main-stick-meta":"","header-below-stick-meta":"","astra-migrate-meta-layouts":"set","ast-page-background-enabled":"default","ast-page-background-meta":{"desktop":{"background-color":"var(--ast-global-color-5)","background-image":"","background-repeat":"repeat","background-position":"center center","background-size":"auto","background-attachment":"scroll","background-type":"","background-media":"","overlay-type":"","overlay-color":"","overlay-opacity":"","overlay-gradient":""},"tablet":{"background-color":"","background-image":"","background-repeat":"repeat","background-position":"center center","background-size":"auto","background-attachment":"scroll","background-type":"","background-media":"","overlay-type":"","overlay-color":"","overlay-opacity":"","overlay-gradient":""},"mobile":{"background-color":"","background-image":"","background-repeat":"repeat","background-position":"center center","background-size":"auto","background-attachment":"scroll","background-type":"","background-media":"","overlay-type":"","overlay-color":"","overlay-opacity":"","overlay-gradient":""}},"ast-content-background-meta":{"desktop":{"background-color":"var(--ast-global-color-4)","background-image":"","background-repeat":"repeat","background-position":"center center","background-size":"auto","background-attachment":"scroll","background-type":"","background-media":"","overlay-type":"","overlay-color":"","overlay-opacity":"","overlay-gradient":""},"tablet":{"background-color":"var(--ast-global-color-4)","background-image":"","background-repeat":"repeat","background-position":"center center","background-size":"auto","background-attachment":"scroll","background-type":"","background-media":"","overlay-type":"","overlay-color":"","overlay-opacity":"","overlay-gradient":""},"mobile":{"background-color":"var(--ast-global-color-4)","background-image":"","background-repeat":"repeat","background-position":"center center","background-size":"auto","background-attachment":"scroll","background-type":"","background-media":"","overlay-type":"","overlay-color":"","overlay-opacity":"","overlay-gradient":""}}},"product_brand":[46],"product_cat":[50],"product_tag":[],"class_list":{"0":"post-1576","1":"product","2":"type-product","3":"status-publish","4":"has-post-thumbnail","6":"product_brand-craft-jw","7":"product_cat-varios-regalos","8":"desktop-align-center","9":"tablet-align-left","10":"mobile-align-left","11":"ast-product-gallery-layout-horizontal-slider","12":"ast-product-tabs-layout-horizontal","13":"tm-has-options","15":"first","16":"instock","17":"taxable","18":"shipping-taxable","19":"purchasable","20":"product-type-simple"},"_links":{"self":[{"href":"https:\/\/craftjw.com\/pt\/wp-json\/wp\/v2\/product\/1576","targetHints":{"allow":["GET"]}}],"collection":[{"href":"https:\/\/craftjw.com\/pt\/wp-json\/wp\/v2\/product"}],"about":[{"href":"https:\/\/craftjw.com\/pt\/wp-json\/wp\/v2\/types\/product"}],"version-history":[{"count":1,"href":"https:\/\/craftjw.com\/pt\/wp-json\/wp\/v2\/product\/1576\/revisions"}],"predecessor-version":[{"id":53007,"href":"https:\/\/craftjw.com\/pt\/wp-json\/wp\/v2\/product\/1576\/revisions\/53007"}],"wp:featuredmedia":[{"embeddable":true,"href":"https:\/\/craftjw.com\/pt\/wp-json\/wp\/v2\/media\/1575"}],"wp:attachment":[{"href":"https:\/\/craftjw.com\/pt\/wp-json\/wp\/v2\/media?parent=1576"}],"wp:term":[{"taxonomy":"product_brand","embeddable":true,"href":"https:\/\/craftjw.com\/pt\/wp-json\/wp\/v2\/product_brand?post=1576"},{"taxonomy":"product_cat","embeddable":true,"href":"https:\/\/craftjw.com\/pt\/wp-json\/wp\/v2\/product_cat?post=1576"},{"taxonomy":"product_tag","embeddable":true,"href":"https:\/\/craftjw.com\/pt\/wp-json\/wp\/v2\/product_tag?post=1576"}],"curies":[{"name":"wp","href":"https:\/\/api.w.org\/{rel}","templated":true}]}}