{"id":1554,"date":"2026-03-14T23:32:40","date_gmt":"2026-03-14T22:32:40","guid":{"rendered":"https:\/\/craftjw.com\/producto\/iman-de-madera-en-forma-de-biblia-texto-del-ano-2026\/"},"modified":"2026-04-02T10:58:16","modified_gmt":"2026-04-02T08:58:16","slug":"ima-de-madeira-em-formato-de-biblia-com-o-texto-do-ano-de-2026","status":"publish","type":"product","link":"https:\/\/craftjw.com\/pt\/shop\/imanes-de-nevera\/iman-de-madera-en-forma-de-biblia-texto-del-ano-2026\/","title":{"rendered":"\u00cdm\u00e3 de madeira com a B\u00edblia \u2013 Texto do Ano de 2026"},"content":{"rendered":"<p>Descubra a ess\u00eancia \u00fanica da B\u00edblia em forma de um \u00edm\u00e3 de madeira, cada um gravado a laser para destacar o texto singular do ano de 2026. Dispon\u00edvel em tr\u00eas modelos, esta pe\u00e7a \u00e9 um presente ideal para os membros da congrega\u00e7\u00e3o.<\/p>\n<p><strong>Principais caracter\u00edsticas:<\/strong><\/p>\n<ul>\n<li><em>Materiais de alta qualidade:<\/em> Fabricado com madeira de qualidade superior para garantir durabilidade e eleg\u00e2ncia excepcionais.<\/li>\n<li><em>Grava\u00e7\u00e3o a laser de precis\u00e3o:<\/em> Detalhes finos e precisos que real\u00e7am de forma \u00fanica a beleza do texto do ano de 2026.<\/li>\n<li><em>Dimens\u00f5es:<\/em>\n<ul>\n<li><em>Modelo 1:<\/em> 8 cm de largura x 5,5 cm de altura<\/li>\n<li><em>Modelo 2:<\/em> 7,6 cm de largura x 5,5 cm de altura<\/li>\n<li><em>Modelo 3:<\/em> 8 cm de altura x 5 cm de altura<\/li>\n<\/ul>\n<\/li>\n<\/ul>\n<p><strong>Usos vers\u00e1teis:<\/strong> Este \u00edman funcional n\u00e3o s\u00f3 decora o seu espa\u00e7o, como tamb\u00e9m serve de lembrete di\u00e1rio do ano de 2026.<\/p>\n<p>Fa\u00e7a deste \u00edman uma express\u00e3o \u00fanica da sua f\u00e9 e ofere\u00e7a-o aos irm\u00e3os e irm\u00e3s da congrega\u00e7\u00e3o.<\/p>","protected":false},"excerpt":{"rendered":"<p>Descubra a singularidade dos nossos \u00edmanes b\u00edblicos de madeira gravados a laser, com o texto comemorativo do ano de 2026. Dispon\u00edveis em tr\u00eas estilos diferentes, oferecem uma express\u00e3o \u00fanica de f\u00e9 e s\u00e3o o presente perfeito para os membros da congrega\u00e7\u00e3o.<\/p>","protected":false},"featured_media":1553,"template":"","meta":{"_seopress_robots_primary_cat":"none","_seopress_titles_title":"%%title%% %%page%%","_seopress_titles_desc":"Descubre el im\u00e1n de madera con el texto del a\u00f1o 2026, un regalo elegante y duradero grabado con l\u00e1ser, ideal para los hermanos de la congregaci\u00f3n.","_seopress_robots_index":"","site-sidebar-layout":"default","site-content-layout":"","ast-site-content-layout":"default","site-content-style":"default","site-sidebar-style":"default","ast-global-header-display":"","ast-banner-title-visibility":"","ast-main-header-display":"","ast-hfb-above-header-display":"","ast-hfb-below-header-display":"","ast-hfb-mobile-header-display":"","site-post-title":"","ast-breadcrumbs-content":"","ast-featured-img":"","footer-sml-layout":"","ast-disable-related-posts":"","theme-transparent-header-meta":"default","adv-header-id-meta":"","stick-header-meta":"default","header-above-stick-meta":"","header-main-stick-meta":"","header-below-stick-meta":"","astra-migrate-meta-layouts":"set","ast-page-background-enabled":"default","ast-page-background-meta":{"desktop":{"background-color":"var(--ast-global-color-5)","background-image":"","background-repeat":"repeat","background-position":"center center","background-size":"auto","background-attachment":"scroll","background-type":"","background-media":"","overlay-type":"","overlay-color":"","overlay-opacity":"","overlay-gradient":""},"tablet":{"background-color":"","background-image":"","background-repeat":"repeat","background-position":"center center","background-size":"auto","background-attachment":"scroll","background-type":"","background-media":"","overlay-type":"","overlay-color":"","overlay-opacity":"","overlay-gradient":""},"mobile":{"background-color":"","background-image":"","background-repeat":"repeat","background-position":"center center","background-size":"auto","background-attachment":"scroll","background-type":"","background-media":"","overlay-type":"","overlay-color":"","overlay-opacity":"","overlay-gradient":""}},"ast-content-background-meta":{"desktop":{"background-color":"var(--ast-global-color-4)","background-image":"","background-repeat":"repeat","background-position":"center center","background-size":"auto","background-attachment":"scroll","background-type":"","background-media":"","overlay-type":"","overlay-color":"","overlay-opacity":"","overlay-gradient":""},"tablet":{"background-color":"var(--ast-global-color-4)","background-image":"","background-repeat":"repeat","background-position":"center center","background-size":"auto","background-attachment":"scroll","background-type":"","background-media":"","overlay-type":"","overlay-color":"","overlay-opacity":"","overlay-gradient":""},"mobile":{"background-color":"var(--ast-global-color-4)","background-image":"","background-repeat":"repeat","background-position":"center center","background-size":"auto","background-attachment":"scroll","background-type":"","background-media":"","overlay-type":"","overlay-color":"","overlay-opacity":"","overlay-gradient":""}}},"product_brand":[46],"product_cat":[47],"product_tag":[],"class_list":{"0":"post-1554","1":"product","2":"type-product","3":"status-publish","4":"has-post-thumbnail","6":"product_brand-craft-jw","7":"product_cat-imanes-de-nevera","8":"desktop-align-center","9":"tablet-align-left","10":"mobile-align-left","11":"ast-product-gallery-layout-horizontal-slider","12":"ast-product-tabs-layout-horizontal","13":"tm-has-options","15":"first","16":"instock","17":"taxable","18":"shipping-taxable","19":"purchasable","20":"product-type-simple"},"_links":{"self":[{"href":"https:\/\/craftjw.com\/pt\/wp-json\/wp\/v2\/product\/1554","targetHints":{"allow":["GET"]}}],"collection":[{"href":"https:\/\/craftjw.com\/pt\/wp-json\/wp\/v2\/product"}],"about":[{"href":"https:\/\/craftjw.com\/pt\/wp-json\/wp\/v2\/types\/product"}],"version-history":[{"count":1,"href":"https:\/\/craftjw.com\/pt\/wp-json\/wp\/v2\/product\/1554\/revisions"}],"predecessor-version":[{"id":53010,"href":"https:\/\/craftjw.com\/pt\/wp-json\/wp\/v2\/product\/1554\/revisions\/53010"}],"wp:featuredmedia":[{"embeddable":true,"href":"https:\/\/craftjw.com\/pt\/wp-json\/wp\/v2\/media\/1553"}],"wp:attachment":[{"href":"https:\/\/craftjw.com\/pt\/wp-json\/wp\/v2\/media?parent=1554"}],"wp:term":[{"taxonomy":"product_brand","embeddable":true,"href":"https:\/\/craftjw.com\/pt\/wp-json\/wp\/v2\/product_brand?post=1554"},{"taxonomy":"product_cat","embeddable":true,"href":"https:\/\/craftjw.com\/pt\/wp-json\/wp\/v2\/product_cat?post=1554"},{"taxonomy":"product_tag","embeddable":true,"href":"https:\/\/craftjw.com\/pt\/wp-json\/wp\/v2\/product_tag?post=1554"}],"curies":[{"name":"wp","href":"https:\/\/api.w.org\/{rel}","templated":true}]}}