{"id":1551,"date":"2026-03-14T23:32:34","date_gmt":"2026-03-14T22:32:34","guid":{"rendered":"https:\/\/craftjw.com\/producto\/cartel-no-molestar-para-puerta-en-forma-de-oveja\/"},"modified":"2026-04-01T08:19:34","modified_gmt":"2026-04-01T06:19:34","slug":"placa-de-porta-nao-perturbe-em-formato-de-ovelha","status":"publish","type":"product","link":"https:\/\/craftjw.com\/pt\/shop\/varios-regalos\/cartel-no-molestar-para-puerta-en-forma-de-oveja\/","title":{"rendered":"Placa de porta &quot;N\u00e3o perturbe&quot; em formato de ovelha"},"content":{"rendered":"<p>Garanta momentos de paz e concentra\u00e7\u00e3o para os respeitados anci\u00e3os da sua congrega\u00e7\u00e3o com a nossa engenhosa placa de ovelha &quot;N\u00e3o Perturbe&quot;! Esta placa de madeira, meticulosamente trabalhada, adiciona um toque de humor e originalidade a qualquer porta.<\/p>\n<p>Totalmente personaliz\u00e1vel com o texto de sua prefer\u00eancia, esta placa \u00e9 a solu\u00e7\u00e3o perfeita para aqueles momentos em que os anci\u00e3os da congrega\u00e7\u00e3o desejam evitar interrup\u00e7\u00f5es durante reuni\u00f5es importantes. Tamb\u00e9m \u00e9 um presente original e atencioso para qualquer anci\u00e3o da congrega\u00e7\u00e3o, adicionando um toque de alegria \u00e0 sua rotina di\u00e1ria.<\/p>\n<p><em><strong>Principais caracter\u00edsticas:<\/strong><\/em><\/p>\n<ul>\n<li>Fabricado artesanalmente com madeira de qualidade para garantir durabilidade.<\/li>\n<li>Op\u00e7\u00f5es de personaliza\u00e7\u00e3o dispon\u00edveis com a mensagem desejada.<\/li>\n<li>Design encantador em forma de ovelha, que adiciona um toque de fofura a qualquer porta.<\/li>\n<li>Dimens\u00f5es:\n<ul>\n<li>Largura: 11,2 cm<\/li>\n<li>Altura: 24,7 cm<\/li>\n<li>Espessura: 3 mm<\/li>\n<\/ul>\n<\/li>\n<\/ul>\n<p>Proporcione a esses idosos respeitados o espa\u00e7o e a paz de que precisam com nossa placa personaliz\u00e1vel &quot;N\u00e3o Perturbe&quot;! Um presente pr\u00e1tico e divertido para os membros idosos de sua congrega\u00e7\u00e3o que valorizam momentos de serenidade em seu trabalho pastoral.<\/p>","protected":false},"excerpt":{"rendered":"<p>Nossa placa &quot;N\u00e3o Perturbe&quot; em formato de ovelha, personaliz\u00e1vel com o texto de sua escolha, foi criada para os anci\u00e3os da congrega\u00e7\u00e3o, oferecendo-lhes paz e tranquilidade durante as reuni\u00f5es. Feita \u00e0 m\u00e3o com madeira de qualidade, ela adiciona um toque de humor e originalidade a qualquer porta. Ideal como um presente \u00fanico, proporciona momentos de paz e serenidade aos anci\u00e3os da congrega\u00e7\u00e3o.<\/p>","protected":false},"featured_media":1550,"template":"","meta":{"_seopress_robots_primary_cat":"none","_seopress_titles_title":"","_seopress_titles_desc":"","_seopress_robots_index":"","site-sidebar-layout":"default","site-content-layout":"","ast-site-content-layout":"default","site-content-style":"default","site-sidebar-style":"default","ast-global-header-display":"","ast-banner-title-visibility":"","ast-main-header-display":"","ast-hfb-above-header-display":"","ast-hfb-below-header-display":"","ast-hfb-mobile-header-display":"","site-post-title":"","ast-breadcrumbs-content":"","ast-featured-img":"","footer-sml-layout":"","ast-disable-related-posts":"","theme-transparent-header-meta":"default","adv-header-id-meta":"","stick-header-meta":"default","header-above-stick-meta":"","header-main-stick-meta":"","header-below-stick-meta":"","astra-migrate-meta-layouts":"set","ast-page-background-enabled":"default","ast-page-background-meta":{"desktop":{"background-color":"var(--ast-global-color-5)","background-image":"","background-repeat":"repeat","background-position":"center center","background-size":"auto","background-attachment":"scroll","background-type":"","background-media":"","overlay-type":"","overlay-color":"","overlay-opacity":"","overlay-gradient":""},"tablet":{"background-color":"","background-image":"","background-repeat":"repeat","background-position":"center center","background-size":"auto","background-attachment":"scroll","background-type":"","background-media":"","overlay-type":"","overlay-color":"","overlay-opacity":"","overlay-gradient":""},"mobile":{"background-color":"","background-image":"","background-repeat":"repeat","background-position":"center center","background-size":"auto","background-attachment":"scroll","background-type":"","background-media":"","overlay-type":"","overlay-color":"","overlay-opacity":"","overlay-gradient":""}},"ast-content-background-meta":{"desktop":{"background-color":"var(--ast-global-color-4)","background-image":"","background-repeat":"repeat","background-position":"center center","background-size":"auto","background-attachment":"scroll","background-type":"","background-media":"","overlay-type":"","overlay-color":"","overlay-opacity":"","overlay-gradient":""},"tablet":{"background-color":"var(--ast-global-color-4)","background-image":"","background-repeat":"repeat","background-position":"center center","background-size":"auto","background-attachment":"scroll","background-type":"","background-media":"","overlay-type":"","overlay-color":"","overlay-opacity":"","overlay-gradient":""},"mobile":{"background-color":"var(--ast-global-color-4)","background-image":"","background-repeat":"repeat","background-position":"center center","background-size":"auto","background-attachment":"scroll","background-type":"","background-media":"","overlay-type":"","overlay-color":"","overlay-opacity":"","overlay-gradient":""}}},"product_brand":[46],"product_cat":[50],"product_tag":[],"class_list":{"0":"post-1551","1":"product","2":"type-product","3":"status-publish","4":"has-post-thumbnail","6":"product_brand-craft-jw","7":"product_cat-varios-regalos","8":"desktop-align-center","9":"tablet-align-left","10":"mobile-align-left","11":"ast-product-gallery-layout-horizontal-slider","12":"ast-product-tabs-layout-horizontal","13":"tm-has-options","15":"first","16":"instock","17":"taxable","18":"shipping-taxable","19":"purchasable","20":"product-type-simple"},"_links":{"self":[{"href":"https:\/\/craftjw.com\/pt\/wp-json\/wp\/v2\/product\/1551","targetHints":{"allow":["GET"]}}],"collection":[{"href":"https:\/\/craftjw.com\/pt\/wp-json\/wp\/v2\/product"}],"about":[{"href":"https:\/\/craftjw.com\/pt\/wp-json\/wp\/v2\/types\/product"}],"version-history":[{"count":1,"href":"https:\/\/craftjw.com\/pt\/wp-json\/wp\/v2\/product\/1551\/revisions"}],"predecessor-version":[{"id":53011,"href":"https:\/\/craftjw.com\/pt\/wp-json\/wp\/v2\/product\/1551\/revisions\/53011"}],"wp:featuredmedia":[{"embeddable":true,"href":"https:\/\/craftjw.com\/pt\/wp-json\/wp\/v2\/media\/1550"}],"wp:attachment":[{"href":"https:\/\/craftjw.com\/pt\/wp-json\/wp\/v2\/media?parent=1551"}],"wp:term":[{"taxonomy":"product_brand","embeddable":true,"href":"https:\/\/craftjw.com\/pt\/wp-json\/wp\/v2\/product_brand?post=1551"},{"taxonomy":"product_cat","embeddable":true,"href":"https:\/\/craftjw.com\/pt\/wp-json\/wp\/v2\/product_cat?post=1551"},{"taxonomy":"product_tag","embeddable":true,"href":"https:\/\/craftjw.com\/pt\/wp-json\/wp\/v2\/product_tag?post=1551"}],"curies":[{"name":"wp","href":"https:\/\/api.w.org\/{rel}","templated":true}]}}