{"id":1529,"date":"2026-03-14T23:31:36","date_gmt":"2026-03-14T22:31:36","guid":{"rendered":"https:\/\/craftjw.com\/producto\/iman-de-nevera-de-madera-receta-del-precursor-regular-2\/"},"modified":"2026-04-02T11:02:03","modified_gmt":"2026-04-02T09:02:03","slug":"receita-de-ima-de-geladeira-de-madeira-a-partir-do-precursor-regular-2","status":"publish","type":"product","link":"https:\/\/craftjw.com\/pt\/shop\/imanes-de-nevera\/iman-de-nevera-de-madera-receta-del-precursor-regular-2\/","title":{"rendered":"\u00cdm\u00e3 de geladeira de madeira \u2013 Receita precursora regular"},"content":{"rendered":"<p>\u00cdm\u00e3 de madeira \u201cReceita Precursora\u201d \u2013 Um toque inspirador para sua geladeira<\/p>\n<p>Procura um presente significativo para aqueles que s\u00e3o pilares na congrega\u00e7\u00e3o ou para aqueles que se esfor\u00e7am para alcan\u00e7ar seus objetivos espirituais? Este \u00edman de madeira \u00e9 a escolha perfeita.<\/p>\n<p><em><strong>Feito \u00e0 m\u00e3o com carinho:<\/strong><\/em><\/p>\n<p>Este \u00edman foi meticulosamente trabalhado em madeira de alta qualidade, apresentando grava\u00e7\u00f5es precisas e cortes a laser que refletem dedica\u00e7\u00e3o e aten\u00e7\u00e3o ao detalhe. Cada pe\u00e7a \u00e9 \u00fanica e constitui um presente especial.<\/p>\n<p><em><strong>Inspira\u00e7\u00e3o di\u00e1ria:<\/strong><\/em><\/p>\n<p>A &quot;Receita do Precursor&quot; gravada neste \u00edm\u00e3 \u00e9 mais do que apenas uma decora\u00e7\u00e3o de geladeira. \u00c9 um lembrete constante de compromisso e determina\u00e7\u00e3o no caminho espiritual. Inspirar\u00e1 aqueles que o virem a seguir em frente com f\u00e9 e resolu\u00e7\u00e3o.<\/p>\n<p>Para os Pilares da Congrega\u00e7\u00e3o: Esta oferta \u00e9 um gesto de apre\u00e7o por aqueles que t\u00eam sido fundamentais para a congrega\u00e7\u00e3o, honrando sua dedica\u00e7\u00e3o e servi\u00e7o. Tamb\u00e9m motiva aqueles que buscam alcan\u00e7ar novas metas espirituais.<\/p>\n<p><em><strong>Detalhes do produto:<\/strong><\/em><\/p>\n<ul>\n<li>Material: Madeira de alta qualidade.<\/li>\n<li>Tamanho: Perfeito para colocar em qualquer lugar da sua geladeira.<\/li>\n<li>Design: Grava\u00e7\u00e3o e corte a laser precisos para uma apar\u00eancia elegante e dur\u00e1vel.<\/li>\n<\/ul>\n<p><em><strong>Presente Significativo:<\/strong><\/em><\/p>\n<p>Seja para um pioneiro ou para um irm\u00e3o ou irm\u00e3 que aspira a ser um, este im\u00e3 de madeira \u00e9 um presente repleto de significado e afeto. \u00c9 uma forma tang\u00edvel de expressar sua gratid\u00e3o e incentivo por seus esfor\u00e7os e conquistas espirituais.<\/p>\n<p>Fa\u00e7a de cada momento na cozinha uma oportunidade para se inspirar e avan\u00e7ar em seu caminho espiritual com este lindo \u00edm\u00e3 de madeira.<\/p>","protected":false},"excerpt":{"rendered":"<p>O \u00edm\u00e3 de madeira &quot;Receita Pioneira&quot; \u00e9 um presente significativo para aqueles comprometidos com objetivos espirituais. Feito \u00e0 m\u00e3o com grava\u00e7\u00f5es precisas e corte a laser em madeira de alta qualidade, este \u00edm\u00e3 n\u00e3o s\u00f3 enfeita a geladeira, como tamb\u00e9m serve como um lembrete di\u00e1rio do compromisso e da determina\u00e7\u00e3o na vida dos pioneiros. \u00c9 um gesto ideal de apre\u00e7o para os pioneiros regulares da congrega\u00e7\u00e3o e uma fonte de motiva\u00e7\u00e3o para aqueles que buscam alcan\u00e7ar novos objetivos. Com seu design elegante e dur\u00e1vel, este presente representa um s\u00edmbolo de reconhecimento pelos esfor\u00e7os dos pioneiros, perfeito para inspirar cada momento de suas vidas di\u00e1rias.<\/p>","protected":false},"featured_media":1528,"template":"","meta":{"_seopress_robots_primary_cat":"none","_seopress_titles_title":"","_seopress_titles_desc":"","_seopress_robots_index":"","site-sidebar-layout":"default","site-content-layout":"","ast-site-content-layout":"default","site-content-style":"default","site-sidebar-style":"default","ast-global-header-display":"","ast-banner-title-visibility":"","ast-main-header-display":"","ast-hfb-above-header-display":"","ast-hfb-below-header-display":"","ast-hfb-mobile-header-display":"","site-post-title":"","ast-breadcrumbs-content":"","ast-featured-img":"","footer-sml-layout":"","ast-disable-related-posts":"","theme-transparent-header-meta":"default","adv-header-id-meta":"","stick-header-meta":"default","header-above-stick-meta":"","header-main-stick-meta":"","header-below-stick-meta":"","astra-migrate-meta-layouts":"set","ast-page-background-enabled":"default","ast-page-background-meta":{"desktop":{"background-color":"var(--ast-global-color-5)","background-image":"","background-repeat":"repeat","background-position":"center center","background-size":"auto","background-attachment":"scroll","background-type":"","background-media":"","overlay-type":"","overlay-color":"","overlay-opacity":"","overlay-gradient":""},"tablet":{"background-color":"","background-image":"","background-repeat":"repeat","background-position":"center center","background-size":"auto","background-attachment":"scroll","background-type":"","background-media":"","overlay-type":"","overlay-color":"","overlay-opacity":"","overlay-gradient":""},"mobile":{"background-color":"","background-image":"","background-repeat":"repeat","background-position":"center center","background-size":"auto","background-attachment":"scroll","background-type":"","background-media":"","overlay-type":"","overlay-color":"","overlay-opacity":"","overlay-gradient":""}},"ast-content-background-meta":{"desktop":{"background-color":"var(--ast-global-color-4)","background-image":"","background-repeat":"repeat","background-position":"center center","background-size":"auto","background-attachment":"scroll","background-type":"","background-media":"","overlay-type":"","overlay-color":"","overlay-opacity":"","overlay-gradient":""},"tablet":{"background-color":"var(--ast-global-color-4)","background-image":"","background-repeat":"repeat","background-position":"center center","background-size":"auto","background-attachment":"scroll","background-type":"","background-media":"","overlay-type":"","overlay-color":"","overlay-opacity":"","overlay-gradient":""},"mobile":{"background-color":"var(--ast-global-color-4)","background-image":"","background-repeat":"repeat","background-position":"center center","background-size":"auto","background-attachment":"scroll","background-type":"","background-media":"","overlay-type":"","overlay-color":"","overlay-opacity":"","overlay-gradient":""}}},"product_brand":[46],"product_cat":[47],"product_tag":[],"class_list":{"0":"post-1529","1":"product","2":"type-product","3":"status-publish","4":"has-post-thumbnail","6":"product_brand-craft-jw","7":"product_cat-imanes-de-nevera","8":"desktop-align-center","9":"tablet-align-left","10":"mobile-align-left","11":"ast-product-gallery-layout-horizontal-slider","12":"ast-product-tabs-layout-horizontal","13":"tm-has-options","15":"first","16":"instock","17":"taxable","18":"shipping-taxable","19":"purchasable","20":"product-type-simple"},"_links":{"self":[{"href":"https:\/\/craftjw.com\/pt\/wp-json\/wp\/v2\/product\/1529","targetHints":{"allow":["GET"]}}],"collection":[{"href":"https:\/\/craftjw.com\/pt\/wp-json\/wp\/v2\/product"}],"about":[{"href":"https:\/\/craftjw.com\/pt\/wp-json\/wp\/v2\/types\/product"}],"version-history":[{"count":2,"href":"https:\/\/craftjw.com\/pt\/wp-json\/wp\/v2\/product\/1529\/revisions"}],"predecessor-version":[{"id":53090,"href":"https:\/\/craftjw.com\/pt\/wp-json\/wp\/v2\/product\/1529\/revisions\/53090"}],"wp:featuredmedia":[{"embeddable":true,"href":"https:\/\/craftjw.com\/pt\/wp-json\/wp\/v2\/media\/1528"}],"wp:attachment":[{"href":"https:\/\/craftjw.com\/pt\/wp-json\/wp\/v2\/media?parent=1529"}],"wp:term":[{"taxonomy":"product_brand","embeddable":true,"href":"https:\/\/craftjw.com\/pt\/wp-json\/wp\/v2\/product_brand?post=1529"},{"taxonomy":"product_cat","embeddable":true,"href":"https:\/\/craftjw.com\/pt\/wp-json\/wp\/v2\/product_cat?post=1529"},{"taxonomy":"product_tag","embeddable":true,"href":"https:\/\/craftjw.com\/pt\/wp-json\/wp\/v2\/product_tag?post=1529"}],"curies":[{"name":"wp","href":"https:\/\/api.w.org\/{rel}","templated":true}]}}