{"id":1516,"date":"2026-03-14T23:31:25","date_gmt":"2026-03-14T22:31:25","guid":{"rendered":"https:\/\/craftjw.com\/producto\/llavero-de-madera-para-escuela-precursor\/"},"modified":"2026-04-02T11:07:35","modified_gmt":"2026-04-02T09:07:35","slug":"chaveiro-de-madeira-para-escola-pioneira","status":"publish","type":"product","link":"https:\/\/craftjw.com\/pt\/shop\/llaveros\/llavero-de-madera-para-escuela-precursor\/","title":{"rendered":"Chaveiro de madeira para a Escola Precursora"},"content":{"rendered":"<p>Descubra o presente perfeito que captura a ess\u00eancia da dedica\u00e7\u00e3o e do compromisso dos pioneiros e membros da congrega\u00e7\u00e3o! Nosso chaveiro de madeira gravado a laser \u00e9 uma lembran\u00e7a \u00fanica e significativa, ideal para personalizar e comemorar momentos especiais na vida daqueles que frequentam a escola de pioneiros.<\/p>\n<p>Cuidadosamente confeccionado em madeira de alta qualidade e cortado com precis\u00e3o utilizando tecnologia a laser de \u00faltima gera\u00e7\u00e3o, cada chaveiro apresenta um acabamento requintado e detalhes intrincados. O melhor de tudo \u00e9 que voc\u00ea pode personalizar ambos os lados do chaveiro, permitindo adicionar nomes, datas, vers\u00edculos b\u00edblicos ou qualquer mensagem especial que deseje compartilhar com seu irm\u00e3o ou irm\u00e3 pioneiro(a).<\/p>\n<p>O design elegante e discreto do chaveiro o torna uma pe\u00e7a vers\u00e1til que pode acompanhar seus entes queridos no dia a dia. \u00c9 um presente ideal para celebrar marcos importantes no servi\u00e7o pioneiro, como atingir metas de horas de prega\u00e7\u00e3o, anivers\u00e1rios de batismo ou frequ\u00eancia \u00e0 escola pioneira.<\/p>\n<p>Al\u00e9m de ser um presente encantador para pioneiros, este chaveiro personalizado \u00e9 a escolha perfeita para qualquer ocasi\u00e3o especial. Surpreenda seu irm\u00e3o ou irm\u00e3 para expressar sua gratid\u00e3o e carinho em qualquer \u00e9poca do ano.<\/p>","protected":false},"excerpt":{"rendered":"<p>Descubra o chaveiro de madeira gravado a laser, um presente ideal para a Escola Pioneer. Personaliza\u00e7\u00e3o em ambos os lados para nomes e datas especiais. Design elegante e dur\u00e1vel em madeira de alta qualidade. Surpreenda e homenageie os Pioneers com esta lembran\u00e7a \u00fanica.<\/p>","protected":false},"featured_media":1515,"template":"","meta":{"_seopress_robots_primary_cat":"none","_seopress_titles_title":"","_seopress_titles_desc":"","_seopress_robots_index":"","site-sidebar-layout":"default","site-content-layout":"","ast-site-content-layout":"default","site-content-style":"default","site-sidebar-style":"default","ast-global-header-display":"","ast-banner-title-visibility":"","ast-main-header-display":"","ast-hfb-above-header-display":"","ast-hfb-below-header-display":"","ast-hfb-mobile-header-display":"","site-post-title":"","ast-breadcrumbs-content":"","ast-featured-img":"","footer-sml-layout":"","ast-disable-related-posts":"","theme-transparent-header-meta":"default","adv-header-id-meta":"","stick-header-meta":"default","header-above-stick-meta":"","header-main-stick-meta":"","header-below-stick-meta":"","astra-migrate-meta-layouts":"set","ast-page-background-enabled":"default","ast-page-background-meta":{"desktop":{"background-color":"var(--ast-global-color-5)","background-image":"","background-repeat":"repeat","background-position":"center center","background-size":"auto","background-attachment":"scroll","background-type":"","background-media":"","overlay-type":"","overlay-color":"","overlay-opacity":"","overlay-gradient":""},"tablet":{"background-color":"","background-image":"","background-repeat":"repeat","background-position":"center center","background-size":"auto","background-attachment":"scroll","background-type":"","background-media":"","overlay-type":"","overlay-color":"","overlay-opacity":"","overlay-gradient":""},"mobile":{"background-color":"","background-image":"","background-repeat":"repeat","background-position":"center center","background-size":"auto","background-attachment":"scroll","background-type":"","background-media":"","overlay-type":"","overlay-color":"","overlay-opacity":"","overlay-gradient":""}},"ast-content-background-meta":{"desktop":{"background-color":"var(--ast-global-color-4)","background-image":"","background-repeat":"repeat","background-position":"center center","background-size":"auto","background-attachment":"scroll","background-type":"","background-media":"","overlay-type":"","overlay-color":"","overlay-opacity":"","overlay-gradient":""},"tablet":{"background-color":"var(--ast-global-color-4)","background-image":"","background-repeat":"repeat","background-position":"center center","background-size":"auto","background-attachment":"scroll","background-type":"","background-media":"","overlay-type":"","overlay-color":"","overlay-opacity":"","overlay-gradient":""},"mobile":{"background-color":"var(--ast-global-color-4)","background-image":"","background-repeat":"repeat","background-position":"center center","background-size":"auto","background-attachment":"scroll","background-type":"","background-media":"","overlay-type":"","overlay-color":"","overlay-opacity":"","overlay-gradient":""}}},"product_brand":[46],"product_cat":[45],"product_tag":[],"class_list":{"0":"post-1516","1":"product","2":"type-product","3":"status-publish","4":"has-post-thumbnail","6":"product_brand-craft-jw","7":"product_cat-llaveros","8":"desktop-align-center","9":"tablet-align-left","10":"mobile-align-left","11":"ast-product-gallery-layout-horizontal-slider","12":"ast-product-gallery-with-no-image","13":"ast-product-tabs-layout-horizontal","14":"tm-has-options","16":"first","17":"instock","18":"taxable","19":"shipping-taxable","20":"purchasable","21":"product-type-simple"},"_links":{"self":[{"href":"https:\/\/craftjw.com\/pt\/wp-json\/wp\/v2\/product\/1516","targetHints":{"allow":["GET"]}}],"collection":[{"href":"https:\/\/craftjw.com\/pt\/wp-json\/wp\/v2\/product"}],"about":[{"href":"https:\/\/craftjw.com\/pt\/wp-json\/wp\/v2\/types\/product"}],"version-history":[{"count":1,"href":"https:\/\/craftjw.com\/pt\/wp-json\/wp\/v2\/product\/1516\/revisions"}],"predecessor-version":[{"id":53091,"href":"https:\/\/craftjw.com\/pt\/wp-json\/wp\/v2\/product\/1516\/revisions\/53091"}],"wp:featuredmedia":[{"embeddable":true,"href":"https:\/\/craftjw.com\/pt\/wp-json\/wp\/v2\/media\/1515"}],"wp:attachment":[{"href":"https:\/\/craftjw.com\/pt\/wp-json\/wp\/v2\/media?parent=1516"}],"wp:term":[{"taxonomy":"product_brand","embeddable":true,"href":"https:\/\/craftjw.com\/pt\/wp-json\/wp\/v2\/product_brand?post=1516"},{"taxonomy":"product_cat","embeddable":true,"href":"https:\/\/craftjw.com\/pt\/wp-json\/wp\/v2\/product_cat?post=1516"},{"taxonomy":"product_tag","embeddable":true,"href":"https:\/\/craftjw.com\/pt\/wp-json\/wp\/v2\/product_tag?post=1516"}],"curies":[{"name":"wp","href":"https:\/\/api.w.org\/{rel}","templated":true}]}}