{"id":1510,"date":"2026-03-14T23:31:21","date_gmt":"2026-03-14T22:31:21","guid":{"rendered":"https:\/\/craftjw.com\/producto\/portatarjetas-de-contacto-para-tarjetas-jw-para-carrito-de-literatura-expositor\/"},"modified":"2026-04-02T11:09:09","modified_gmt":"2026-04-02T09:09:09","slug":"porta-cartoes-de-contato-para-cartoes-jw-ideal-para-exibicao-em-carrinhos-de-folhetos","status":"publish","type":"product","link":"https:\/\/craftjw.com\/pt\/shop\/portatarjetas\/portatarjetas-de-contacto-para-tarjetas-jw-para-carrito-de-literatura-expositor\/","title":{"rendered":"Porta-cart\u00f5es de contacto para cart\u00f5es JW para carrinho de folhetos\/expositor"},"content":{"rendered":"<p>Voc\u00ea gostaria de ter um sistema eficiente e atraente para organizar e exibir seus cart\u00f5es de contato das Testemunhas de Jeov\u00e1?<br \/>\nTemos a solu\u00e7\u00e3o perfeita! Nosso porta-cart\u00f5es de contato JW \u00e9 a melhor maneira de manter seus cart\u00f5es de contato organizados o tempo todo.<\/p>\n<p>Este porta-cart\u00f5es de contato JW est\u00e1 dispon\u00edvel em dois modelos diferentes, vertical e horizontal, para atender \u00e0s suas necessidades. Ambos os modelos possuem abas de montagem flex\u00edveis, projetadas para uma fixa\u00e7\u00e3o segura na tela. Al\u00e9m disso, s\u00e3o muito f\u00e1ceis de instalar e remover, para que voc\u00ea n\u00e3o precise se preocupar em perder tempo com a instala\u00e7\u00e3o.<\/p>\n<p>A qualidade do nosso porta-cart\u00f5es de contato JW \u00e9 incompar\u00e1vel. \u00c9 feito com materiais de alta qualidade que garantem sua durabilidade e resist\u00eancia ao uso di\u00e1rio. Al\u00e9m disso, o design atraente e elegante do nosso porta-cart\u00f5es de contato JW ficar\u00e1 \u00f3timo em qualquer lugar.<\/p>\n<p>Com o nosso porta-cart\u00f5es de visita JW, voc\u00ea ter\u00e1 um sistema eficiente e atraente para exibir seus cart\u00f5es de visita o tempo todo. N\u00e3o espere mais para melhorar a organiza\u00e7\u00e3o e a apresenta\u00e7\u00e3o dos seus cart\u00f5es de visita! Encomende o seu porta-cart\u00f5es de visita JW hoje mesmo!<\/p>","protected":false},"excerpt":{"rendered":"<p>Voc\u00ea gostaria de ter um sistema eficiente e atraente para organizar e exibir seus cart\u00f5es de contato das Testemunhas de Jeov\u00e1?<br \/>\nTemos a solu\u00e7\u00e3o perfeita! Nosso porta-cart\u00f5es de contato JW \u00e9 a melhor maneira de manter seus cart\u00f5es de contato organizados o tempo todo.<\/p>\n<p>Este porta-cart\u00f5es de contato JW est\u00e1 dispon\u00edvel em dois modelos diferentes, vertical e horizontal, para atender \u00e0s suas necessidades. Ambos os modelos possuem abas de montagem flex\u00edveis, projetadas para uma fixa\u00e7\u00e3o segura na tela. Al\u00e9m disso, s\u00e3o muito f\u00e1ceis de instalar e remover, para que voc\u00ea n\u00e3o precise se preocupar em perder tempo com a instala\u00e7\u00e3o.<\/p>","protected":false},"featured_media":1509,"template":"","meta":{"_seopress_robots_primary_cat":"none","_seopress_titles_title":"%%title%%","_seopress_titles_desc":"","_seopress_robots_index":"","site-sidebar-layout":"default","site-content-layout":"","ast-site-content-layout":"default","site-content-style":"default","site-sidebar-style":"default","ast-global-header-display":"","ast-banner-title-visibility":"","ast-main-header-display":"","ast-hfb-above-header-display":"","ast-hfb-below-header-display":"","ast-hfb-mobile-header-display":"","site-post-title":"","ast-breadcrumbs-content":"","ast-featured-img":"","footer-sml-layout":"","ast-disable-related-posts":"","theme-transparent-header-meta":"default","adv-header-id-meta":"","stick-header-meta":"default","header-above-stick-meta":"","header-main-stick-meta":"","header-below-stick-meta":"","astra-migrate-meta-layouts":"set","ast-page-background-enabled":"default","ast-page-background-meta":{"desktop":{"background-color":"var(--ast-global-color-5)","background-image":"","background-repeat":"repeat","background-position":"center center","background-size":"auto","background-attachment":"scroll","background-type":"","background-media":"","overlay-type":"","overlay-color":"","overlay-opacity":"","overlay-gradient":""},"tablet":{"background-color":"","background-image":"","background-repeat":"repeat","background-position":"center center","background-size":"auto","background-attachment":"scroll","background-type":"","background-media":"","overlay-type":"","overlay-color":"","overlay-opacity":"","overlay-gradient":""},"mobile":{"background-color":"","background-image":"","background-repeat":"repeat","background-position":"center center","background-size":"auto","background-attachment":"scroll","background-type":"","background-media":"","overlay-type":"","overlay-color":"","overlay-opacity":"","overlay-gradient":""}},"ast-content-background-meta":{"desktop":{"background-color":"var(--ast-global-color-4)","background-image":"","background-repeat":"repeat","background-position":"center center","background-size":"auto","background-attachment":"scroll","background-type":"","background-media":"","overlay-type":"","overlay-color":"","overlay-opacity":"","overlay-gradient":""},"tablet":{"background-color":"var(--ast-global-color-4)","background-image":"","background-repeat":"repeat","background-position":"center center","background-size":"auto","background-attachment":"scroll","background-type":"","background-media":"","overlay-type":"","overlay-color":"","overlay-opacity":"","overlay-gradient":""},"mobile":{"background-color":"var(--ast-global-color-4)","background-image":"","background-repeat":"repeat","background-position":"center center","background-size":"auto","background-attachment":"scroll","background-type":"","background-media":"","overlay-type":"","overlay-color":"","overlay-opacity":"","overlay-gradient":""}}},"product_brand":[],"product_cat":[44],"product_tag":[],"class_list":{"0":"post-1510","1":"product","2":"type-product","3":"status-publish","4":"has-post-thumbnail","6":"product_cat-portatarjetas","7":"desktop-align-center","8":"tablet-align-left","9":"mobile-align-left","10":"ast-product-gallery-layout-horizontal-slider","11":"ast-product-tabs-layout-horizontal","12":"tm-has-options","14":"first","15":"instock","16":"taxable","17":"shipping-taxable","18":"purchasable","19":"product-type-simple"},"_links":{"self":[{"href":"https:\/\/craftjw.com\/pt\/wp-json\/wp\/v2\/product\/1510","targetHints":{"allow":["GET"]}}],"collection":[{"href":"https:\/\/craftjw.com\/pt\/wp-json\/wp\/v2\/product"}],"about":[{"href":"https:\/\/craftjw.com\/pt\/wp-json\/wp\/v2\/types\/product"}],"version-history":[{"count":1,"href":"https:\/\/craftjw.com\/pt\/wp-json\/wp\/v2\/product\/1510\/revisions"}],"predecessor-version":[{"id":53092,"href":"https:\/\/craftjw.com\/pt\/wp-json\/wp\/v2\/product\/1510\/revisions\/53092"}],"wp:featuredmedia":[{"embeddable":true,"href":"https:\/\/craftjw.com\/pt\/wp-json\/wp\/v2\/media\/1509"}],"wp:attachment":[{"href":"https:\/\/craftjw.com\/pt\/wp-json\/wp\/v2\/media?parent=1510"}],"wp:term":[{"taxonomy":"product_brand","embeddable":true,"href":"https:\/\/craftjw.com\/pt\/wp-json\/wp\/v2\/product_brand?post=1510"},{"taxonomy":"product_cat","embeddable":true,"href":"https:\/\/craftjw.com\/pt\/wp-json\/wp\/v2\/product_cat?post=1510"},{"taxonomy":"product_tag","embeddable":true,"href":"https:\/\/craftjw.com\/pt\/wp-json\/wp\/v2\/product_tag?post=1510"}],"curies":[{"name":"wp","href":"https:\/\/api.w.org\/{rel}","templated":true}]}}