{"id":2226,"date":"2020-07-25T11:07:48","date_gmt":"2020-07-25T11:07:48","guid":{"rendered":"https:\/\/www.tks3d.com\/?page_id=2226"},"modified":"2026-04-01T08:53:48","modified_gmt":"2026-04-01T06:53:48","slug":"politica-de-cookies","status":"publish","type":"page","link":"https:\/\/craftjw.com\/pt\/politica-de-cookies\/","title":{"rendered":"Pol\u00edtica de cookies"},"content":{"rendered":"<p>Em conformidade com o disposto no artigo 22.2 da Lei 34\/2002, de 11 de julho, sobre Servi\u00e7os da Sociedade da Informa\u00e7\u00e3o e Com\u00e9rcio Eletr\u00f3nico, este s\u00edtio web informa-o, nesta sec\u00e7\u00e3o, sobre a&nbsp;<strong>Pol\u00edtica de coleta e processamento de cookies<\/strong>.<\/p>\n\n\n\n<h4 class=\"wp-block-heading\">O que s\u00e3o cookies?<\/h4>\n\n\n\n<p>Um cookie \u00e9 um arquivo que \u00e9 baixado para o seu computador quando voc\u00ea acessa determinadas p\u00e1ginas da web. Os cookies permitem que um site, entre outras coisas, armazene e recupere informa\u00e7\u00f5es sobre os h\u00e1bitos de navega\u00e7\u00e3o de um usu\u00e1rio ou sobre o seu dispositivo e, dependendo das informa\u00e7\u00f5es que cont\u00eam e de como voc\u00ea usa o seu dispositivo, podem ser usados para reconhecer o usu\u00e1rio.<\/p>\n\n\n\n<h4 class=\"wp-block-heading\">Tipos de biscoitos e sua finalidade<\/h4>\n\n\n\n<p>Ao navegar neste site, s\u00e3o utilizados cookies de sess\u00e3o, cookies persistentes, cookies anal\u00edticos e cookies de personaliza\u00e7\u00e3o:<\/p>\n\n\n\n<p><strong>Cookies de sess\u00e3o:<\/strong>&nbsp;Esses cookies s\u00e3o projetados para coletar e armazenar dados enquanto um usu\u00e1rio acessa um site. Normalmente, s\u00e3o usados para armazenar informa\u00e7\u00f5es necess\u00e1rias apenas para fornecer o servi\u00e7o solicitado pelo usu\u00e1rio em uma \u00fanica ocasi\u00e3o.<\/p>\n\n\n\n<p><strong>Cookies persistentes:<\/strong>&nbsp;S\u00e3o um tipo de cookie em que os dados permanecem armazenados no terminal e podem ser acessados e processados por um per\u00edodo definido pelo propriet\u00e1rio do cookie, que pode variar de alguns minutos a v\u00e1rios anos.<\/p>\n\n\n\n<p><strong>Cookies anal\u00edticos<\/strong>Esses s\u00e3o cookies que, quando processados corretamente por n\u00f3s ou por terceiros, nos permitem quantificar o n\u00famero de usu\u00e1rios e, assim, realizar an\u00e1lises estat\u00edsticas sobre como os usu\u00e1rios utilizam o servi\u00e7o oferecido. Isso envolve analisar a atividade de navega\u00e7\u00e3o deles em nosso site para melhorar os produtos ou servi\u00e7os que oferecemos.<\/p>\n\n\n\n<p><strong>Cookies de personaliza\u00e7\u00e3o<\/strong>S\u00e3o aquelas que permitem ao usu\u00e1rio acessar o servi\u00e7o com algumas caracter\u00edsticas gerais predefinidas com base em uma s\u00e9rie de crit\u00e9rios no terminal do usu\u00e1rio, como o idioma ou o tipo de navegador por meio do qual ele se conecta ao servi\u00e7o.<\/p>\n\n\n\n<h4 class=\"wp-block-heading\">Atualiza\u00e7\u00f5es e altera\u00e7\u00f5es \u00e0 Pol\u00edtica de Cookies<\/h4>\n\n\n\n<p>A KIEMMI poder\u00e1 modificar esta Pol\u00edtica de Cookies com base em novos requisitos legislativos ou regulamentares, ou para adaptar a pol\u00edtica \u00e0s instru\u00e7\u00f5es emitidas pela Ag\u00eancia Espanhola de Prote\u00e7\u00e3o de Dados.<\/p>\n\n\n\n<p>Se desejar obter mais informa\u00e7\u00f5es sobre como utilizamos cookies, pode enviar-nos um e-mail para info@tekniservice.com.<\/p>","protected":false},"excerpt":{"rendered":"<p>En cumplimiento con lo dispuesto en el art\u00edculo 22.2 de la Ley 34\/2002, de 11 de julio, de Servicios de [&hellip;]<\/p>\n","protected":false},"author":4,"featured_media":0,"parent":0,"menu_order":0,"comment_status":"closed","ping_status":"closed","template":"","meta":{"_seopress_robots_primary_cat":"0","_seopress_titles_title":"","_seopress_titles_desc":"","_seopress_robots_index":"yes","site-sidebar-layout":"default","site-content-layout":"","ast-site-content-layout":"default","site-content-style":"default","site-sidebar-style":"default","ast-global-header-display":"","ast-banner-title-visibility":"","ast-main-header-display":"","ast-hfb-above-header-display":"","ast-hfb-below-header-display":"","ast-hfb-mobile-header-display":"","site-post-title":"","ast-breadcrumbs-content":"","ast-featured-img":"","footer-sml-layout":"","ast-disable-related-posts":"","theme-transparent-header-meta":"","adv-header-id-meta":"","stick-header-meta":"","header-above-stick-meta":"","header-main-stick-meta":"","header-below-stick-meta":"","astra-migrate-meta-layouts":"default","ast-page-background-enabled":"default","ast-page-background-meta":{"desktop":{"background-color":"var(--ast-global-color-5)","background-image":"","background-repeat":"repeat","background-position":"center center","background-size":"auto","background-attachment":"scroll","background-type":"","background-media":"","overlay-type":"","overlay-color":"","overlay-opacity":"","overlay-gradient":""},"tablet":{"background-color":"","background-image":"","background-repeat":"repeat","background-position":"center center","background-size":"auto","background-attachment":"scroll","background-type":"","background-media":"","overlay-type":"","overlay-color":"","overlay-opacity":"","overlay-gradient":""},"mobile":{"background-color":"","background-image":"","background-repeat":"repeat","background-position":"center center","background-size":"auto","background-attachment":"scroll","background-type":"","background-media":"","overlay-type":"","overlay-color":"","overlay-opacity":"","overlay-gradient":""}},"ast-content-background-meta":{"desktop":{"background-color":"var(--ast-global-color-4)","background-image":"","background-repeat":"repeat","background-position":"center center","background-size":"auto","background-attachment":"scroll","background-type":"","background-media":"","overlay-type":"","overlay-color":"","overlay-opacity":"","overlay-gradient":""},"tablet":{"background-color":"var(--ast-global-color-4)","background-image":"","background-repeat":"repeat","background-position":"center center","background-size":"auto","background-attachment":"scroll","background-type":"","background-media":"","overlay-type":"","overlay-color":"","overlay-opacity":"","overlay-gradient":""},"mobile":{"background-color":"var(--ast-global-color-4)","background-image":"","background-repeat":"repeat","background-position":"center center","background-size":"auto","background-attachment":"scroll","background-type":"","background-media":"","overlay-type":"","overlay-color":"","overlay-opacity":"","overlay-gradient":""}},"footnotes":""},"class_list":["post-2226","page","type-page","status-publish","hentry"],"_links":{"self":[{"href":"https:\/\/craftjw.com\/pt\/wp-json\/wp\/v2\/pages\/2226","targetHints":{"allow":["GET"]}}],"collection":[{"href":"https:\/\/craftjw.com\/pt\/wp-json\/wp\/v2\/pages"}],"about":[{"href":"https:\/\/craftjw.com\/pt\/wp-json\/wp\/v2\/types\/page"}],"author":[{"embeddable":true,"href":"https:\/\/craftjw.com\/pt\/wp-json\/wp\/v2\/users\/4"}],"replies":[{"embeddable":true,"href":"https:\/\/craftjw.com\/pt\/wp-json\/wp\/v2\/comments?post=2226"}],"version-history":[{"count":1,"href":"https:\/\/craftjw.com\/pt\/wp-json\/wp\/v2\/pages\/2226\/revisions"}],"predecessor-version":[{"id":53041,"href":"https:\/\/craftjw.com\/pt\/wp-json\/wp\/v2\/pages\/2226\/revisions\/53041"}],"wp:attachment":[{"href":"https:\/\/craftjw.com\/pt\/wp-json\/wp\/v2\/media?parent=2226"}],"curies":[{"name":"wp","href":"https:\/\/api.w.org\/{rel}","templated":true}]}}