{"id":1675,"date":"2026-03-15T09:56:42","date_gmt":"2026-03-15T08:56:42","guid":{"rendered":"https:\/\/craftjw.com\/shop\/sin%20categor\u00eda\/chapas-pins-de-madera-personalizables-asamblea-internacional-2026-felices-para-siempre\/"},"modified":"2026-04-02T10:33:30","modified_gmt":"2026-04-02T08:33:30","slug":"personalizowane-drewniane-przypinki-miedzynarodowe-zgromadzenie-2026-na-zawsze-szczesliwie","status":"publish","type":"product","link":"https:\/\/craftjw.com\/pl\/shop\/asambleas-internacionales-2026\/chapas-pins-de-madera-personalizables-asamblea-internacional-2026-felices-para-siempre\/","title":{"rendered":"Personalizowane drewniane odznaki\/przypinki \u2013 Mi\u0119dzynarodowe Zgromadzenie 2026 \u201cSzcz\u0119\u015bliwi na zawsze\u201d"},"content":{"rendered":"<p>Te drewniane tabliczki zosta\u0142y stworzone jako specjalna pami\u0105tka <strong>Mi\u0119dzynarodowe Zgromadzenia \u015awiadk\u00f3w Jehowy 2026<\/strong>, kt\u00f3rego biblijny temat \u201c<strong>D\u0142ugo i szcz\u0119\u015bliwie<\/strong>\u201dZach\u0119ca nas do refleksji nad nadziej\u0105 i obietnic\u0105 przysz\u0142o\u015bci pe\u0142nej prawdziwego szcz\u0119\u015bcia\u201d.<\/p>\n<p>Jego prosty, harmonijny, okr\u0105g\u0142y kszta\u0142t zdobi logo oficjalnego zgromadzenia wydrukowane w pe\u0142nym kolorze na naturalnym drewnie, przekazuj\u0105ce przes\u0142anie pokoju, wiary i zaufania do obietnic Jehowy. Ka\u017cdy element zosta\u0142 zaprojektowany, aby towarzyszy\u0107 temu wa\u017cnemu wydarzeniu duchowemu i zachowa\u0107 jego pami\u0119\u0107 na wieki.<\/p>\n<p>Ponadto istnieje mo\u017cliwo\u015b\u0107 <strong>Spersonalizuj wiadomo\u015b\u0107 na dole<\/strong> Umo\u017cliwia ona nadanie ka\u017cdej odznace unikalnego charakteru, na przyk\u0142ad imienia, szczeg\u00f3lnej daty lub kr\u00f3tkiego wyra\u017cenia podkre\u015blaj\u0105cego duchowe znaczenie zgromadzenia.<\/p>\n<p><strong>Szczeg\u00f3\u0142y produktu:<\/strong><\/p>\n<p style=\"padding-left: 40px;\">\ud83e\udeb5 <strong>Wybrane drewno naturalne:<\/strong> Ciep\u0142y i trwa\u0142y materia\u0142 zapewniaj\u0105cy proste wyko\u0144czenie, nawi\u0105zuj\u0105ce do oryginalnego projektu.<br \/>\n\ud83c\udfa8 <strong>Wyra\u017any i trwa\u0142y nadruk:<\/strong> Zdefiniowane kolory, kt\u00f3re pozwalaj\u0105 zachowa\u0107 przejrzysto\u015b\u0107 logo i przekazu podczas codziennego u\u017cytkowania.<br \/>\n\ud83d\udee0\ufe0f <strong>R\u0119cznie robione:<\/strong> Ka\u017cdy arkusz jest wykonywany r\u0119cznie, z dba\u0142o\u015bci\u0105 o ka\u017cdy szczeg\u00f3\u0142 przy ci\u0119ciu i wyko\u0144czeniu.<br \/>\n\u270d\ufe0f <strong>Tekst, kt\u00f3ry mo\u017cna dostosowa\u0107:<\/strong> Miejsce przeznaczone na kr\u00f3tk\u0105 wiadomo\u015b\u0107 podkre\u015blaj\u0105c\u0105 duchow\u0105 i pami\u0105tkow\u0105 warto\u015b\u0107 artyku\u0142u.<br \/>\n\ud83d\udccf <strong>Dost\u0119pne rozmiary:<\/strong><br \/>\n\ud83d\udd39 5 cm (1,97 cala): Zr\u00f3wnowa\u017cony rozmiar, kt\u00f3ry pozwala doceni\u0107 ca\u0142y projekt.<br \/>\n\ud83d\udd39 4 cm (1,57 cala): Bardziej dyskretny i l\u017cejszy format.<br \/>\n\ud83d\udccc <strong>Bezpieczne zamkni\u0119cie:<\/strong> Wytrzyma\u0142e zapi\u0119cie zapewniaj\u0105ce wygod\u0119 i d\u0142ugie u\u017cytkowanie.<br \/>\n\ud83c\udf81 <strong>Wspomnienie o znaczeniu duchowym:<\/strong> Doskonale nadaj\u0105 si\u0119 do zachowania jako osobista pami\u0105tka lub do podarowania braciom i siostrom uczestnicz\u0105cym w zgromadzeniu.<\/p>\n<p>Te drewniane tabliczki nie s\u0105 jedynie dodatkiem, ale wizualnym przypomnieniem przes\u0142ania \u201c\u017byli d\u0142ugo i szcz\u0119\u015bliwie\u201d, pomagaj\u0105c podtrzymywa\u0107 nadziej\u0119 i rado\u015b\u0107, kt\u00f3re charakteryzuj\u0105 to mi\u0119dzynarodowe zgromadzenie.<\/p>\n<p>Proste, osobiste wspomnienie pe\u0142ne duchowego znaczenia.<\/p>","protected":false},"excerpt":{"rendered":"<p>Pami\u0105tkowa pami\u0105tka <strong>Mi\u0119dzynarodowe Zgromadzenie \u015awiadk\u00f3w Jehowy 2026<\/strong>, pod has\u0142em \u201c<strong>D\u0142ugo i szcz\u0119\u015bliwie<\/strong>\u201dTe r\u0119cznie wykonane drewniane tabliczki z oficjalnym logo wydrukowanym w pe\u0142nym kolorze na naturalnym drewnie pozwalaj\u0105 na dodanie spersonalizowanej wiadomo\u015bci. To prosty, ale wymowny szczeg\u00f3\u0142, kt\u00f3ry odzwierciedla nadziej\u0119, wiar\u0119 i rado\u015b\u0107, kt\u00f3rymi dzielili\u015bmy si\u0119 podczas tego wyj\u0105tkowego zgromadzenia.<\/p>","protected":false},"featured_media":1674,"template":"","meta":{"_seopress_robots_primary_cat":"none","_seopress_titles_title":"Chapas exclusivas para las Asambleas Especiales 2025 - Adoraci\u00f3n Pura","_seopress_titles_desc":"Haz memorable la Asamblea Especial 2025 \"Adoraci\u00f3n Pura\"  con chapas de madera personalizables con el logo de la asamblea. Dise\u00f1o circular y elegante.","_seopress_robots_index":"","site-sidebar-layout":"default","site-content-layout":"","ast-site-content-layout":"default","site-content-style":"default","site-sidebar-style":"default","ast-global-header-display":"","ast-banner-title-visibility":"","ast-main-header-display":"","ast-hfb-above-header-display":"","ast-hfb-below-header-display":"","ast-hfb-mobile-header-display":"","site-post-title":"","ast-breadcrumbs-content":"","ast-featured-img":"","footer-sml-layout":"","ast-disable-related-posts":"","theme-transparent-header-meta":"default","adv-header-id-meta":"","stick-header-meta":"default","header-above-stick-meta":"","header-main-stick-meta":"","header-below-stick-meta":"","astra-migrate-meta-layouts":"set","ast-page-background-enabled":"default","ast-page-background-meta":{"desktop":{"background-color":"var(--ast-global-color-5)","background-image":"","background-repeat":"repeat","background-position":"center center","background-size":"auto","background-attachment":"scroll","background-type":"","background-media":"","overlay-type":"","overlay-color":"","overlay-opacity":"","overlay-gradient":""},"tablet":{"background-color":"","background-image":"","background-repeat":"repeat","background-position":"center center","background-size":"auto","background-attachment":"scroll","background-type":"","background-media":"","overlay-type":"","overlay-color":"","overlay-opacity":"","overlay-gradient":""},"mobile":{"background-color":"","background-image":"","background-repeat":"repeat","background-position":"center center","background-size":"auto","background-attachment":"scroll","background-type":"","background-media":"","overlay-type":"","overlay-color":"","overlay-opacity":"","overlay-gradient":""}},"ast-content-background-meta":{"desktop":{"background-color":"var(--ast-global-color-4)","background-image":"","background-repeat":"repeat","background-position":"center center","background-size":"auto","background-attachment":"scroll","background-type":"","background-media":"","overlay-type":"","overlay-color":"","overlay-opacity":"","overlay-gradient":""},"tablet":{"background-color":"var(--ast-global-color-4)","background-image":"","background-repeat":"repeat","background-position":"center center","background-size":"auto","background-attachment":"scroll","background-type":"","background-media":"","overlay-type":"","overlay-color":"","overlay-opacity":"","overlay-gradient":""},"mobile":{"background-color":"var(--ast-global-color-4)","background-image":"","background-repeat":"repeat","background-position":"center center","background-size":"auto","background-attachment":"scroll","background-type":"","background-media":"","overlay-type":"","overlay-color":"","overlay-opacity":"","overlay-gradient":""}}},"product_brand":[46],"product_cat":[48,45],"product_tag":[],"class_list":{"0":"post-1675","1":"product","2":"type-product","3":"status-publish","4":"has-post-thumbnail","6":"product_brand-craft-jw","7":"product_cat-asambleas-internacionales-2026","8":"product_cat-llaveros","9":"desktop-align-center","10":"tablet-align-left","11":"mobile-align-left","12":"ast-product-gallery-layout-horizontal-slider","13":"ast-product-tabs-layout-horizontal","14":"tm-has-options","16":"first","17":"instock","18":"taxable","19":"shipping-taxable","20":"purchasable","21":"product-type-simple"},"_links":{"self":[{"href":"https:\/\/craftjw.com\/pl\/wp-json\/wp\/v2\/product\/1675","targetHints":{"allow":["GET"]}}],"collection":[{"href":"https:\/\/craftjw.com\/pl\/wp-json\/wp\/v2\/product"}],"about":[{"href":"https:\/\/craftjw.com\/pl\/wp-json\/wp\/v2\/types\/product"}],"version-history":[{"count":1,"href":"https:\/\/craftjw.com\/pl\/wp-json\/wp\/v2\/product\/1675\/revisions"}],"predecessor-version":[{"id":53083,"href":"https:\/\/craftjw.com\/pl\/wp-json\/wp\/v2\/product\/1675\/revisions\/53083"}],"wp:featuredmedia":[{"embeddable":true,"href":"https:\/\/craftjw.com\/pl\/wp-json\/wp\/v2\/media\/1674"}],"wp:attachment":[{"href":"https:\/\/craftjw.com\/pl\/wp-json\/wp\/v2\/media?parent=1675"}],"wp:term":[{"taxonomy":"product_brand","embeddable":true,"href":"https:\/\/craftjw.com\/pl\/wp-json\/wp\/v2\/product_brand?post=1675"},{"taxonomy":"product_cat","embeddable":true,"href":"https:\/\/craftjw.com\/pl\/wp-json\/wp\/v2\/product_cat?post=1675"},{"taxonomy":"product_tag","embeddable":true,"href":"https:\/\/craftjw.com\/pl\/wp-json\/wp\/v2\/product_tag?post=1675"}],"curies":[{"name":"wp","href":"https:\/\/api.w.org\/{rel}","templated":true}]}}