{"id":1630,"date":"2026-03-14T23:35:12","date_gmt":"2026-03-14T22:35:12","guid":{"rendered":"https:\/\/craftjw.com\/producto\/iman-de-nevera-de-madera-con-el-texto-del-ano-2026-a-color\/"},"modified":"2026-03-19T07:37:16","modified_gmt":"2026-03-19T06:37:16","slug":"drewniany-magnes-na-lodowke-z-kolorowym-rokiem-2026","status":"publish","type":"product","link":"https:\/\/craftjw.com\/pl\/shop\/imanes-de-nevera\/iman-de-nevera-de-madera-con-el-texto-del-ano-2026-a-color\/","title":{"rendered":"Drewniany magnes na lod\u00f3wk\u0119 z kolorowym rokiem 2026"},"content":{"rendered":"<p>Drewniany magnes z kolorowym nadrukiem wersetu biblijnego na rok 2026 to element dekoracyjny \u0142\u0105cz\u0105cy pi\u0119kno, duchowo\u015b\u0107 i kunszt wykonania. Ka\u017cdy magnes wykonany jest z naturalnego drewna i ozdobiony nadrukiem bezpo\u015brednim o wysokiej rozdzielczo\u015bci, kt\u00f3ry podkre\u015bla ciep\u0142e, naturalne odcienie materia\u0142u, zapewniaj\u0105c eleganckie i trwa\u0142e wyko\u0144czenie.<\/p>\n<p>Wz\u00f3r ten wyra\u017ca spok\u00f3j i wiar\u0119, jest idealny dla tych, kt\u00f3rzy chc\u0105 mie\u0107 w domu lub miejscu pracy widoczny, inspiruj\u0105cy symbol przypominaj\u0105cy o tym.<\/p>\n<p><em><strong>\ud83d\udcd6 Tekst biblijny na rok 2026:<\/strong><\/em><\/p>\n<p style=\"text-align: center;\">\ud83d\udc49 \u201cB\u0142ogos\u0142awieni ubodzy w duchu, albowiem do nich nale\u017cy kr\u00f3lestwo niebieskie\u201d \u2014 Ewangelia Mateusza 5:3<\/p>\n<p>Pozytywne przes\u0142anie, kt\u00f3re zach\u0119ca do refleksji i \u017cycia skupionego na warto\u015bciach duchowych.<\/p>\n<p><em><strong>\u2728 Szczeg\u00f3\u0142 pe\u0142en znaczenia<\/strong><\/em><\/p>\n<p>Dzi\u0119ki praktycznemu rozmiarowi mo\u017cna go \u0142atwo umie\u015bci\u0107 na lod\u00f3wce, metalowej tablicy lub innej magnetycznej powierzchni, staj\u0105c si\u0119 codziennym akcentem koloru i nadziei.<br \/>\nKa\u017cdy egzemplarz jest starannie zadrukowany, aby zachowa\u0107 szczeg\u00f3\u0142y projektu i zapewni\u0107 wyj\u0105tkowe wra\u017cenia wizualne. Doskonale nadaje si\u0119 zar\u00f3wno do u\u017cytku osobistego, jak i na prezent.<\/p>\n<p><em><strong>\ud83c\udf81 G\u0142\u00f3wne cechy:<\/strong><\/em><\/p>\n<ul>\n<li>\ud83c\udf08 Pe\u0142nokolorowy druk na wysokiej jako\u015bci naturalnym drewnie.<\/li>\n<li>\ud83e\udeb5 G\u0142adka powierzchnia o artystycznym i trwa\u0142ym wyko\u0144czeniu.<\/li>\n<li>\ud83d\udcd6 Zawiera tekst biblijny na rok 2026 (Ewangelia Mateusza 5:3).<\/li>\n<li>\ud83e\uddf2 Kompaktowy rozmiar idealny do lod\u00f3wek lub metalowych tablic.<\/li>\n<li>\ud83c\udf81 Inspiruj\u0105cy prezent dla rodze\u0144stwa, przyjaci\u00f3\u0142 i rodziny.<\/li>\n<li>\ud83d\udca1 Ekskluzywny design \u0142\u0105cz\u0105cy duchowo\u015b\u0107 i dekoracj\u0119.<\/li>\n<\/ul>\n<p><em><strong>\ud83d\udccf Wymiary:<\/strong><\/em><\/p>\n<ul>\n<li>Szeroko\u015b\u0107: 6,7 cm<\/li>\n<li>Wysoko\u015b\u0107: 6,4 cm<\/li>\n<li>Grubo\u015b\u0107: 0,3 cm<\/li>\n<\/ul>\n<p>Ten kolorowy, drewniany, dekoracyjny magnes to co\u015b wi\u0119cej ni\u017c tylko dodatek: to ma\u0142e, r\u0119cznie wykonane dzie\u0142o sztuki z g\u0142\u0119bokim, duchowym przes\u0142aniem. Codzienne przypomnienie o tek\u015bcie roku, kt\u00f3re wype\u0142ni ka\u017cd\u0105 przestrze\u0144 wiar\u0105 i optymizmem.<\/p>","protected":false},"excerpt":{"rendered":"<p>On <strong data-start=\"3\" data-end=\"74\">Drewniany magnes z kolorowym nadrukiem tekstu biblijnego na rok 2026<\/strong> \u0141\u0105czy elegancj\u0119 i duchowe znaczenie w jednym elemencie. Wykonany r\u0119cznie z naturalnego drewna, charakteryzuje si\u0119 nadrukiem o wysokiej rozdzielczo\u015bci, kt\u00f3ry podkre\u015bla kolory i detale wzoru. Kompaktowy rozmiar sprawia, \u017ce idealnie nadaje si\u0119 do dekoracji lod\u00f3wki lub dowolnej metalowej powierzchni. Inspiruj\u0105ca pami\u0105tka, idealna jako drobny upominek lub pami\u0105tka z przes\u0142aniem wiary.<\/p>","protected":false},"featured_media":1629,"template":"","meta":{"_seopress_robots_primary_cat":"none","_seopress_titles_title":"%%post_title%%","_seopress_titles_desc":"Im\u00e1n de madera artesanal con texto b\u00edblico 2026. Un recordatorio espiritual perfecto y decorativo para regalar o inspirar tu d\u00eda a d\u00eda.","_seopress_robots_index":"","site-sidebar-layout":"default","site-content-layout":"","ast-site-content-layout":"default","site-content-style":"default","site-sidebar-style":"default","ast-global-header-display":"","ast-banner-title-visibility":"","ast-main-header-display":"","ast-hfb-above-header-display":"","ast-hfb-below-header-display":"","ast-hfb-mobile-header-display":"","site-post-title":"","ast-breadcrumbs-content":"","ast-featured-img":"","footer-sml-layout":"","ast-disable-related-posts":"","theme-transparent-header-meta":"default","adv-header-id-meta":"","stick-header-meta":"default","header-above-stick-meta":"","header-main-stick-meta":"","header-below-stick-meta":"","astra-migrate-meta-layouts":"set","ast-page-background-enabled":"default","ast-page-background-meta":{"desktop":{"background-color":"var(--ast-global-color-5)","background-image":"","background-repeat":"repeat","background-position":"center center","background-size":"auto","background-attachment":"scroll","background-type":"","background-media":"","overlay-type":"","overlay-color":"","overlay-opacity":"","overlay-gradient":""},"tablet":{"background-color":"","background-image":"","background-repeat":"repeat","background-position":"center center","background-size":"auto","background-attachment":"scroll","background-type":"","background-media":"","overlay-type":"","overlay-color":"","overlay-opacity":"","overlay-gradient":""},"mobile":{"background-color":"","background-image":"","background-repeat":"repeat","background-position":"center center","background-size":"auto","background-attachment":"scroll","background-type":"","background-media":"","overlay-type":"","overlay-color":"","overlay-opacity":"","overlay-gradient":""}},"ast-content-background-meta":{"desktop":{"background-color":"var(--ast-global-color-4)","background-image":"","background-repeat":"repeat","background-position":"center center","background-size":"auto","background-attachment":"scroll","background-type":"","background-media":"","overlay-type":"","overlay-color":"","overlay-opacity":"","overlay-gradient":""},"tablet":{"background-color":"var(--ast-global-color-4)","background-image":"","background-repeat":"repeat","background-position":"center center","background-size":"auto","background-attachment":"scroll","background-type":"","background-media":"","overlay-type":"","overlay-color":"","overlay-opacity":"","overlay-gradient":""},"mobile":{"background-color":"var(--ast-global-color-4)","background-image":"","background-repeat":"repeat","background-position":"center center","background-size":"auto","background-attachment":"scroll","background-type":"","background-media":"","overlay-type":"","overlay-color":"","overlay-opacity":"","overlay-gradient":""}}},"product_brand":[46],"product_cat":[47],"product_tag":[],"class_list":{"0":"post-1630","1":"product","2":"type-product","3":"status-publish","4":"has-post-thumbnail","6":"product_brand-craft-jw","7":"product_cat-imanes-de-nevera","8":"desktop-align-center","9":"tablet-align-left","10":"mobile-align-left","11":"ast-product-gallery-layout-horizontal-slider","12":"ast-product-tabs-layout-horizontal","13":"tm-has-options","15":"first","16":"instock","17":"taxable","18":"shipping-taxable","19":"purchasable","20":"product-type-simple"},"_links":{"self":[{"href":"https:\/\/craftjw.com\/pl\/wp-json\/wp\/v2\/product\/1630","targetHints":{"allow":["GET"]}}],"collection":[{"href":"https:\/\/craftjw.com\/pl\/wp-json\/wp\/v2\/product"}],"about":[{"href":"https:\/\/craftjw.com\/pl\/wp-json\/wp\/v2\/types\/product"}],"version-history":[{"count":0,"href":"https:\/\/craftjw.com\/pl\/wp-json\/wp\/v2\/product\/1630\/revisions"}],"wp:featuredmedia":[{"embeddable":true,"href":"https:\/\/craftjw.com\/pl\/wp-json\/wp\/v2\/media\/1629"}],"wp:attachment":[{"href":"https:\/\/craftjw.com\/pl\/wp-json\/wp\/v2\/media?parent=1630"}],"wp:term":[{"taxonomy":"product_brand","embeddable":true,"href":"https:\/\/craftjw.com\/pl\/wp-json\/wp\/v2\/product_brand?post=1630"},{"taxonomy":"product_cat","embeddable":true,"href":"https:\/\/craftjw.com\/pl\/wp-json\/wp\/v2\/product_cat?post=1630"},{"taxonomy":"product_tag","embeddable":true,"href":"https:\/\/craftjw.com\/pl\/wp-json\/wp\/v2\/product_tag?post=1630"}],"curies":[{"name":"wp","href":"https:\/\/api.w.org\/{rel}","templated":true}]}}