{"id":1617,"date":"2026-03-14T23:34:42","date_gmt":"2026-03-14T22:34:42","guid":{"rendered":"https:\/\/craftjw.com\/producto\/iman-de-nevera-de-madera-con-el-texto-del-ano-2026-jw\/"},"modified":"2026-03-19T07:40:34","modified_gmt":"2026-03-19T06:40:34","slug":"drewniany-magnes-na-lodowke-z-napisem-2026-jw","status":"publish","type":"product","link":"https:\/\/craftjw.com\/pl\/shop\/imanes-de-nevera\/iman-de-nevera-de-madera-con-el-texto-del-ano-2026-jw\/","title":{"rendered":"Drewniany magnes na lod\u00f3wk\u0119 z napisem \u201e2026 JW\u201d"},"content":{"rendered":"<p>On <strong>Drewniany magnes na lod\u00f3wk\u0119 z tekstem biblijnym na rok 2026<\/strong> To dekoracyjny dodatek o g\u0142\u0119bokiej warto\u015bci duchowej. Wykonany r\u0119cznie z oddaniem i precyzj\u0105, \u0142\u0105czy ciep\u0142o naturalnego drewna z niezwykle precyzyjnym grawerunkiem laserowym, co gwarantuje elegancj\u0119 i trwa\u0142o\u015b\u0107.<\/p>\n<p>O wymiarach <strong>6,7 cm x 6,4 cm x 0,3 cm<\/strong>, Ten magnes ma idealny rozmiar, aby umie\u015bci\u0107 go na lod\u00f3wce, metalowej tablicy lub innej magnetycznej powierzchni w domu, staj\u0105c si\u0119 inspiruj\u0105cym przypomnieniem, kt\u00f3re b\u0119dziesz widzie\u0107 ka\u017cdego dnia.<\/p>\n<p>G\u0142\u00f3wnym elementem tego projektu jest tekst na rok 2026:<\/p>\n<p>\ud83d\udc49 \u201cB\u0142ogos\u0142awieni ubodzy w duchu, albowiem do nich nale\u017cy kr\u00f3lestwo niebieskie\u201d (Ewangelia Mateusza 5:3).<\/p>\n<p>Or\u0119dzie, kt\u00f3re wzmacnia wiar\u0119 i przypomina nam o tym, jak wa\u017cne jest zajmowanie si\u0119 przede wszystkim naszymi potrzebami duchowymi.<\/p>\n<p>Ten magnes to nie tylko osobisty akcent, to tak\u017ce <strong>Idealny prezent dla braci i si\u00f3str ze zboru, sta\u0142ych pionier\u00f3w, przyjaci\u00f3\u0142 lub cz\u0142onk\u00f3w rodziny<\/strong> Doceni\u0105 praktyczn\u0105 i ozdobn\u0105 pami\u0105tk\u0119 duchow\u0105. R\u0119cznie wykonane wyko\u0144czenie czyni go wyj\u0105tkowym i znacz\u0105cym przedmiotem, kt\u00f3ry na zawsze pozostanie cennym.<\/p>\n<p><strong>\ud83c\udf81 G\u0142\u00f3wne cechy:<\/strong><\/p>\n<ul>\n<li>\u2728 Wykonane z najwy\u017cszej jako\u015bci naturalnego drewna.<\/li>\n<li>\ud83e\udeb5 Grawerowane laserowo, z eleganckim i precyzyjnym wyko\u0144czeniem.<\/li>\n<li>\ud83d\udcd6 Zawiera tekst biblijny na rok 2026 (Ewangelia Mateusza 5:3).<\/li>\n<li>\ud83e\uddf2 Kompaktowy i praktyczny rozmiar do lod\u00f3wki lub innych powierzchni magnetycznych.<\/li>\n<li>\ud83c\udf81 Doskonale nadaje si\u0119 jako duchowy podarunek dla zgromadzenia lub bliskich.<\/li>\n<\/ul>\n<p>On <strong>magnes drewniany z napisem 2026<\/strong> \u0141\u0105czy funkcjonalno\u015b\u0107, pi\u0119kno i duchowo\u015b\u0107 w jednym. Prosty, a zarazem wyj\u0105tkowy spos\u00f3b, by ta motywuj\u0105ca my\u015bl biblijna zawsze by\u0142a obecna.<\/p>\n<p><strong>\ud83d\udccf Wymiary:<\/strong><\/p>\n<ul>\n<li>Szeroko\u015b\u0107: 6,7 cm<\/li>\n<li>Wysoko\u015b\u0107: 6,4 cm<\/li>\n<li>Grubo\u015b\u0107: 0,3 cm<\/li>\n<\/ul>","protected":false},"excerpt":{"rendered":"<p>On <strong>magnes drewniany z tekstem roku 2026<\/strong> Wersja wygrawerowana laserowo zawiera tekst biblijny: \u201cB\u0142ogos\u0142awieni ubodzy w duchu, albowiem do nich nale\u017cy kr\u00f3lestwo niebieskie\u201d (Ewangelia Mateusza 5:3).<br \/>\nWyj\u0105tkowe przypomnienie duchowe, idealne do umieszczenia na lod\u00f3wce i powierzchniach magnetycznych.<br \/>\nWykonany r\u0119cznie z wysokiej jako\u015bci drewna, jest tak\u017ce wyj\u0105tkowym prezentem dla braci i przyjaci\u00f3\u0142 zboru.<\/p>","protected":false},"featured_media":1616,"template":"","meta":{"_seopress_robots_primary_cat":"none","_seopress_titles_title":"%%post_title%%","_seopress_titles_desc":"Im\u00e1n de madera artesanal con texto b\u00edblico 2026. Un recordatorio espiritual perfecto y decorativo para regalar o inspirar tu d\u00eda a d\u00eda.","_seopress_robots_index":"","site-sidebar-layout":"default","site-content-layout":"","ast-site-content-layout":"default","site-content-style":"default","site-sidebar-style":"default","ast-global-header-display":"","ast-banner-title-visibility":"","ast-main-header-display":"","ast-hfb-above-header-display":"","ast-hfb-below-header-display":"","ast-hfb-mobile-header-display":"","site-post-title":"","ast-breadcrumbs-content":"","ast-featured-img":"","footer-sml-layout":"","ast-disable-related-posts":"","theme-transparent-header-meta":"default","adv-header-id-meta":"","stick-header-meta":"default","header-above-stick-meta":"","header-main-stick-meta":"","header-below-stick-meta":"","astra-migrate-meta-layouts":"set","ast-page-background-enabled":"default","ast-page-background-meta":{"desktop":{"background-color":"var(--ast-global-color-5)","background-image":"","background-repeat":"repeat","background-position":"center center","background-size":"auto","background-attachment":"scroll","background-type":"","background-media":"","overlay-type":"","overlay-color":"","overlay-opacity":"","overlay-gradient":""},"tablet":{"background-color":"","background-image":"","background-repeat":"repeat","background-position":"center center","background-size":"auto","background-attachment":"scroll","background-type":"","background-media":"","overlay-type":"","overlay-color":"","overlay-opacity":"","overlay-gradient":""},"mobile":{"background-color":"","background-image":"","background-repeat":"repeat","background-position":"center center","background-size":"auto","background-attachment":"scroll","background-type":"","background-media":"","overlay-type":"","overlay-color":"","overlay-opacity":"","overlay-gradient":""}},"ast-content-background-meta":{"desktop":{"background-color":"var(--ast-global-color-4)","background-image":"","background-repeat":"repeat","background-position":"center center","background-size":"auto","background-attachment":"scroll","background-type":"","background-media":"","overlay-type":"","overlay-color":"","overlay-opacity":"","overlay-gradient":""},"tablet":{"background-color":"var(--ast-global-color-4)","background-image":"","background-repeat":"repeat","background-position":"center center","background-size":"auto","background-attachment":"scroll","background-type":"","background-media":"","overlay-type":"","overlay-color":"","overlay-opacity":"","overlay-gradient":""},"mobile":{"background-color":"var(--ast-global-color-4)","background-image":"","background-repeat":"repeat","background-position":"center center","background-size":"auto","background-attachment":"scroll","background-type":"","background-media":"","overlay-type":"","overlay-color":"","overlay-opacity":"","overlay-gradient":""}}},"product_brand":[46],"product_cat":[47],"product_tag":[],"class_list":{"0":"post-1617","1":"product","2":"type-product","3":"status-publish","4":"has-post-thumbnail","6":"product_brand-craft-jw","7":"product_cat-imanes-de-nevera","8":"desktop-align-center","9":"tablet-align-left","10":"mobile-align-left","11":"ast-product-gallery-layout-horizontal-slider","12":"ast-product-tabs-layout-horizontal","13":"tm-has-options","15":"first","16":"instock","17":"taxable","18":"shipping-taxable","19":"purchasable","20":"product-type-simple"},"_links":{"self":[{"href":"https:\/\/craftjw.com\/pl\/wp-json\/wp\/v2\/product\/1617","targetHints":{"allow":["GET"]}}],"collection":[{"href":"https:\/\/craftjw.com\/pl\/wp-json\/wp\/v2\/product"}],"about":[{"href":"https:\/\/craftjw.com\/pl\/wp-json\/wp\/v2\/types\/product"}],"version-history":[{"count":0,"href":"https:\/\/craftjw.com\/pl\/wp-json\/wp\/v2\/product\/1617\/revisions"}],"wp:featuredmedia":[{"embeddable":true,"href":"https:\/\/craftjw.com\/pl\/wp-json\/wp\/v2\/media\/1616"}],"wp:attachment":[{"href":"https:\/\/craftjw.com\/pl\/wp-json\/wp\/v2\/media?parent=1617"}],"wp:term":[{"taxonomy":"product_brand","embeddable":true,"href":"https:\/\/craftjw.com\/pl\/wp-json\/wp\/v2\/product_brand?post=1617"},{"taxonomy":"product_cat","embeddable":true,"href":"https:\/\/craftjw.com\/pl\/wp-json\/wp\/v2\/product_cat?post=1617"},{"taxonomy":"product_tag","embeddable":true,"href":"https:\/\/craftjw.com\/pl\/wp-json\/wp\/v2\/product_tag?post=1617"}],"curies":[{"name":"wp","href":"https:\/\/api.w.org\/{rel}","templated":true}]}}