{"id":1598,"date":"2026-03-14T23:33:56","date_gmt":"2026-03-14T22:33:56","guid":{"rendered":"https:\/\/craftjw.com\/producto\/llavero-de-madera-personalizado-en-forma-de-pieza-de-puzzle-eres-una-pieza-importante-de-la-congregacion\/"},"modified":"2026-04-02T10:41:20","modified_gmt":"2026-04-02T08:41:20","slug":"spersonalizowany-drewniany-brelok-w-ksztalcie-puzzli-jestes-wazna-czescia-zgromadzenia","status":"publish","type":"product","link":"https:\/\/craftjw.com\/pl\/shop\/llaveros\/llavero-de-madera-personalizado-en-forma-de-pieza-de-puzzle-eres-una-pieza-importante-de-la-congregacion\/","title":{"rendered":"Spersonalizowany brelok z drewnianym elementem uk\u0142adanki \u2013 \u201cJeste\u015b wa\u017cn\u0105 cz\u0119\u015bci\u0105 zgromadzenia\u201d"},"content":{"rendered":"<p>Oka\u017c swoj\u0105 wdzi\u0119czno\u015b\u0107 i uczucie tym pi\u0119knym, wycinanym laserowo, grawerowanym, drewnianym brelokiem w kszta\u0142cie puzzli. Przes\u0142anie: \u201cJeste\u015b wa\u017cn\u0105 cz\u0119\u015bci\u0105 zgromadzenia\u201d podkre\u015bla warto\u015b\u0107 i wag\u0119 ka\u017cdej osoby w tej wielkiej wsp\u00f3lnocie.<\/p>\n<p><strong>Najwa\u017cniejsze cechy:<\/strong><br \/>\n\u2714 <strong>Projekt maj\u0105cy znaczenie:<\/strong> Kszta\u0142t puzzli symbolizuje jedno\u015b\u0107 i wzajemne wsparcie. Idealny jako prezent dla pionier\u00f3w, starszych, g\u0142osicieli, przyjaci\u00f3\u0142 lub ka\u017cdego brata lub siostry w zborze.<br \/>\n\u2714 <strong>Ca\u0142kowita personalizacja:<\/strong> Spersonalizuj prz\u00f3d i ty\u0142, umieszczaj\u0105c na nich imiona, daty lub specjalne wiadomo\u015bci, aby nada\u0107 im niepowtarzalny charakter.<br \/>\n\u2714 <strong>Najwy\u017csza jako\u015b\u0107:<\/strong> Wykonane z najwy\u017cszej jako\u015bci drewna, z precyzyjnym grawerunkiem i naturalnym wyko\u0144czeniem.<br \/>\n\u2714 <strong>Opcja dla par:<\/strong> Idealne na wesela lub spotkania z przyjaci\u00f3\u0142mi, pozwalaj\u0105 na tworzenie zestaw\u00f3w sk\u0142adaj\u0105cych si\u0119 z element\u00f3w, kt\u00f3re do siebie pasuj\u0105.<\/p>\n<p><strong>Dar maj\u0105cy znaczenie i warto\u015b\u0107<\/strong><br \/>\nZaskocz swoich bliskich prezentem pe\u0142nym symboliki i wdzi\u0119czno\u015bci. Ten brelok to co\u015b wi\u0119cej ni\u017c tylko dodatek: to nieustanne przypomnienie o warto\u015bci, jak\u0105 ka\u017cda osoba wnosi do Twojego \u017cycia.<\/p>\n<p><strong>Spersonalizuj go ju\u017c teraz i stw\u00f3rz niezapomniane wspomnienia. Zam\u00f3w ju\u017c dzi\u015b!<\/strong><\/p>","protected":false},"excerpt":{"rendered":"<p>Ten wycinany laserowo, grawerowany, drewniany brelok z puzzlami symbolizuje jedno\u015b\u0107 i indywidualn\u0105 warto\u015b\u0107 w duchowej wsp\u00f3lnocie. Spersonalizuj go po obu stronach, dodaj\u0105c imiona, daty lub specjalne wiadomo\u015bci. Jego unikatowy design sprawia, \u017ce idealnie nadaje si\u0119 na prezent dla pionier\u00f3w, starszych, braci i si\u00f3str oraz par ma\u0142\u017ce\u0144skich, tworz\u0105c idealnie do siebie pasuj\u0105ce elementy. Wykonany z wysokiej jako\u015bci drewna, charakteryzuje si\u0119 precyzyjnym grawerunkiem i naturalnym wyko\u0144czeniem. To znacz\u0105cy prezent, kt\u00f3ry wyra\u017ca wdzi\u0119czno\u015b\u0107 i tworzy trwa\u0142e wspomnienia.<\/p>","protected":false},"featured_media":1597,"template":"","meta":{"_seopress_robots_primary_cat":"none","_seopress_titles_title":"","_seopress_titles_desc":"Llavero puzzle de madera grabado. Regalo ideal para los hermanos de la congregaci\u00f3n. Personal\u00edzalo y crea un recuerdo inolvidable.","_seopress_robots_index":"","site-sidebar-layout":"default","site-content-layout":"","ast-site-content-layout":"default","site-content-style":"default","site-sidebar-style":"default","ast-global-header-display":"","ast-banner-title-visibility":"","ast-main-header-display":"","ast-hfb-above-header-display":"","ast-hfb-below-header-display":"","ast-hfb-mobile-header-display":"","site-post-title":"","ast-breadcrumbs-content":"","ast-featured-img":"","footer-sml-layout":"","ast-disable-related-posts":"","theme-transparent-header-meta":"default","adv-header-id-meta":"","stick-header-meta":"default","header-above-stick-meta":"","header-main-stick-meta":"","header-below-stick-meta":"","astra-migrate-meta-layouts":"set","ast-page-background-enabled":"default","ast-page-background-meta":{"desktop":{"background-color":"var(--ast-global-color-5)","background-image":"","background-repeat":"repeat","background-position":"center center","background-size":"auto","background-attachment":"scroll","background-type":"","background-media":"","overlay-type":"","overlay-color":"","overlay-opacity":"","overlay-gradient":""},"tablet":{"background-color":"","background-image":"","background-repeat":"repeat","background-position":"center center","background-size":"auto","background-attachment":"scroll","background-type":"","background-media":"","overlay-type":"","overlay-color":"","overlay-opacity":"","overlay-gradient":""},"mobile":{"background-color":"","background-image":"","background-repeat":"repeat","background-position":"center center","background-size":"auto","background-attachment":"scroll","background-type":"","background-media":"","overlay-type":"","overlay-color":"","overlay-opacity":"","overlay-gradient":""}},"ast-content-background-meta":{"desktop":{"background-color":"var(--ast-global-color-4)","background-image":"","background-repeat":"repeat","background-position":"center center","background-size":"auto","background-attachment":"scroll","background-type":"","background-media":"","overlay-type":"","overlay-color":"","overlay-opacity":"","overlay-gradient":""},"tablet":{"background-color":"var(--ast-global-color-4)","background-image":"","background-repeat":"repeat","background-position":"center center","background-size":"auto","background-attachment":"scroll","background-type":"","background-media":"","overlay-type":"","overlay-color":"","overlay-opacity":"","overlay-gradient":""},"mobile":{"background-color":"var(--ast-global-color-4)","background-image":"","background-repeat":"repeat","background-position":"center center","background-size":"auto","background-attachment":"scroll","background-type":"","background-media":"","overlay-type":"","overlay-color":"","overlay-opacity":"","overlay-gradient":""}}},"product_brand":[],"product_cat":[45],"product_tag":[],"class_list":{"0":"post-1598","1":"product","2":"type-product","3":"status-publish","4":"has-post-thumbnail","6":"product_cat-llaveros","7":"desktop-align-center","8":"tablet-align-left","9":"mobile-align-left","10":"ast-product-gallery-layout-horizontal-slider","11":"ast-product-tabs-layout-horizontal","12":"tm-has-options","14":"first","15":"instock","16":"taxable","17":"shipping-taxable","18":"purchasable","19":"product-type-simple"},"_links":{"self":[{"href":"https:\/\/craftjw.com\/pl\/wp-json\/wp\/v2\/product\/1598","targetHints":{"allow":["GET"]}}],"collection":[{"href":"https:\/\/craftjw.com\/pl\/wp-json\/wp\/v2\/product"}],"about":[{"href":"https:\/\/craftjw.com\/pl\/wp-json\/wp\/v2\/types\/product"}],"version-history":[{"count":1,"href":"https:\/\/craftjw.com\/pl\/wp-json\/wp\/v2\/product\/1598\/revisions"}],"predecessor-version":[{"id":53085,"href":"https:\/\/craftjw.com\/pl\/wp-json\/wp\/v2\/product\/1598\/revisions\/53085"}],"wp:featuredmedia":[{"embeddable":true,"href":"https:\/\/craftjw.com\/pl\/wp-json\/wp\/v2\/media\/1597"}],"wp:attachment":[{"href":"https:\/\/craftjw.com\/pl\/wp-json\/wp\/v2\/media?parent=1598"}],"wp:term":[{"taxonomy":"product_brand","embeddable":true,"href":"https:\/\/craftjw.com\/pl\/wp-json\/wp\/v2\/product_brand?post=1598"},{"taxonomy":"product_cat","embeddable":true,"href":"https:\/\/craftjw.com\/pl\/wp-json\/wp\/v2\/product_cat?post=1598"},{"taxonomy":"product_tag","embeddable":true,"href":"https:\/\/craftjw.com\/pl\/wp-json\/wp\/v2\/product_tag?post=1598"}],"curies":[{"name":"wp","href":"https:\/\/api.w.org\/{rel}","templated":true}]}}